{"id":4352,"date":"2021-12-20T12:27:03","date_gmt":"2021-12-20T11:27:03","guid":{"rendered":"http:\/\/temp.mondoagit.com\/agencia-de-traduccio-mondo-agit\/"},"modified":"2022-01-13T11:42:53","modified_gmt":"2022-01-13T10:42:53","slug":"agencia-de-traduccio-mondo-agit","status":"publish","type":"page","link":"https:\/\/mondoagit.com\/ca\/agencia-de-traduccio-mondo-agit\/","title":{"rendered":"Ag\u00e8ncia de traducci\u00f3 Mondo Agit"},"content":{"rendered":"<p>[et_pb_section fb_built=&#8221;1&#8243; admin_label=&#8221;Service Section&#8221; _builder_version=&#8221;4.6.3&#8243; custom_margin=&#8221;|||&#8221; custom_padding=&#8221;||39px||false|false&#8221; global_colors_info=&#8221;{}&#8221;][et_pb_row column_structure=&#8221;1_3,1_3,1_3&#8243; use_custom_gutter=&#8221;on&#8221; gutter_width=&#8221;2&#8243; make_equal=&#8221;on&#8221; admin_label=&#8221;Services&#8221; _builder_version=&#8221;3.25&#8243; max_width=&#8221;80%&#8221; custom_padding=&#8221;25px||25px|&#8221; use_custom_width=&#8221;on&#8221; width_unit=&#8221;off&#8221; global_colors_info=&#8221;{}&#8221;][et_pb_column type=&#8221;1_3&#8243; _builder_version=&#8221;3.25&#8243; custom_padding=&#8221;|||&#8221; global_colors_info=&#8221;{}&#8221; custom_padding__hover=&#8221;|||&#8221;][et_pb_blurb title=&#8221;Principis&#8221; url=&#8221;http:\/\/mondoagit.com\/ca\/agencia-de-traduccio-mondo-agit\/principis\/&#8221; use_icon=&#8221;on&#8221; font_icon=&#8221;&#xe078;||divi||400&#8243; image_icon_width=&#8221;60px&#8221; _builder_version=&#8221;4.14.0&#8243; header_font=&#8221;Montserrat|on|||&#8221; header_text_color=&#8221;#353740&#8243; header_font_size=&#8221;22px&#8221; header_line_height=&#8221;1.4em&#8221; body_font=&#8221;Montserrat||||&#8221; body_text_color=&#8221;#747d88&#8243; body_font_size=&#8221;16px&#8221; body_line_height=&#8221;1.8em&#8221; text_orientation=&#8221;center&#8221; custom_padding=&#8221;30px|30px|30px|30px&#8221; animation_style=&#8221;zoom&#8221; link_option_url=&#8221;http:\/\/mondoagit.com\/ca\/agencia-de-traduccio-mondo-agit\/principis\/&#8221; hover_enabled=&#8221;0&#8243; border_width_all=&#8221;0px&#8221; border_color_all=&#8221;#dddddd&#8221; border_style_all=&#8221;solid&#8221; use_border_color=&#8221;on&#8221; border_color=&#8221;#dddddd&#8221; icon_font_size=&#8221;60px&#8221; global_colors_info=&#8221;{}&#8221; sticky_enabled=&#8221;0&#8243;]<\/p>\n<p>A l&#8217;ag\u00e8ncia de traducci\u00f3 Mondo Agit tenim uns clars principis pels quals ens regim.<\/p>\n<p>[\/et_pb_blurb][\/et_pb_column][et_pb_column type=&#8221;1_3&#8243; _builder_version=&#8221;3.25&#8243; custom_padding=&#8221;|||&#8221; global_colors_info=&#8221;{}&#8221; custom_padding__hover=&#8221;|||&#8221;][et_pb_blurb title=&#8221;Opinions de clients&#8221; url=&#8221;http:\/\/mondoagit.com\/la-empresa\/opiniones-de-clientes\/&#8221; use_icon=&#8221;on&#8221; font_icon=&#8221;&#x77;||divi||400&#8243; image_icon_width=&#8221;60px&#8221; _builder_version=&#8221;4.13.0&#8243; header_font=&#8221;Montserrat|on|||&#8221; header_text_color=&#8221;#353740&#8243; header_font_size=&#8221;22px&#8221; header_line_height=&#8221;1.4em&#8221; body_font=&#8221;Montserrat||||&#8221; body_text_color=&#8221;#747d88&#8243; body_font_size=&#8221;16px&#8221; body_line_height=&#8221;1.8em&#8221; text_orientation=&#8221;center&#8221; custom_padding=&#8221;30px|30px|30px|30px&#8221; animation_style=&#8221;zoom&#8221; animation_delay=&#8221;100ms&#8221; link_option_url=&#8221;http:\/\/mondoagit.com\/la-empresa\/opiniones-de-clientes\/&#8221; border_width_all=&#8221;0px&#8221; border_color_all=&#8221;#dddddd&#8221; border_style_all=&#8221;solid&#8221; use_border_color=&#8221;on&#8221; border_color=&#8221;#dddddd&#8221; icon_font_size=&#8221;60px&#8221; global_colors_info=&#8221;{}&#8221;]<\/p>\n<p>Vol saber el que opinen de nosaltres? Aqu\u00ed trobar\u00e0 el que diuen els nostres clients.<\/p>\n<p>[\/et_pb_blurb][\/et_pb_column][et_pb_column type=&#8221;1_3&#8243; _builder_version=&#8221;3.25&#8243; custom_padding=&#8221;|||&#8221; global_colors_info=&#8221;{}&#8221; custom_padding__hover=&#8221;|||&#8221;][et_pb_blurb title=&#8221;Extracte de clients&#8221; url=&#8221;http:\/\/mondoagit.com\/ca\/agencia-de-traduccio-mondo-agit\/extracte-de-clients\/&#8221; use_icon=&#8221;on&#8221; font_icon=&#8221;&#xe026;||divi||400&#8243; image_icon_width=&#8221;60px&#8221; _builder_version=&#8221;4.14.0&#8243; header_font=&#8221;Montserrat|on|||&#8221; header_text_color=&#8221;#353740&#8243; header_font_size=&#8221;22px&#8221; header_line_height=&#8221;1.4em&#8221; body_font=&#8221;Montserrat||||&#8221; body_text_color=&#8221;#747d88&#8243; body_font_size=&#8221;16px&#8221; body_line_height=&#8221;1.8em&#8221; text_orientation=&#8221;center&#8221; custom_padding=&#8221;30px|30px|30px|30px&#8221; animation_style=&#8221;zoom&#8221; animation_delay=&#8221;200ms&#8221; link_option_url=&#8221;http:\/\/mondoagit.com\/ca\/agencia-de-traduccio-mondo-agit\/extracte-de-clients\/&#8221; hover_enabled=&#8221;0&#8243; border_width_all=&#8221;0px&#8221; border_color_all=&#8221;#dddddd&#8221; border_style_all=&#8221;solid&#8221; use_border_color=&#8221;on&#8221; border_color=&#8221;#dddddd&#8221; icon_font_size=&#8221;60px&#8221; global_colors_info=&#8221;{}&#8221; sticky_enabled=&#8221;0&#8243;]<\/p>\n<p>Vol saber amb qui treballem? Aqu\u00ed trobar\u00e0 un extracte de la nostra llista de clients.<\/p>\n<p>[\/et_pb_blurb][\/et_pb_column][\/et_pb_row][et_pb_row column_structure=&#8221;1_3,1_3,1_3&#8243; use_custom_gutter=&#8221;on&#8221; gutter_width=&#8221;2&#8243; make_equal=&#8221;on&#8221; admin_label=&#8221;Services&#8221; _builder_version=&#8221;3.25&#8243; max_width=&#8221;80%&#8221; custom_padding=&#8221;25px||25px|&#8221; use_custom_width=&#8221;on&#8221; width_unit=&#8221;off&#8221; global_colors_info=&#8221;{}&#8221;][et_pb_column type=&#8221;1_3&#8243; _builder_version=&#8221;3.25&#8243; custom_padding=&#8221;|||&#8221; global_colors_info=&#8221;{}&#8221; custom_padding__hover=&#8221;|||&#8221;][et_pb_blurb title=&#8221;Solidaris&#8221; url=&#8221;http:\/\/mondoagit.com\/ca\/agencia-de-traduccio-mondo-agit\/solidaris\/&#8221; use_icon=&#8221;on&#8221; font_icon=&#8221;&#xe0de;||divi||400&#8243; image_icon_width=&#8221;60px&#8221; _builder_version=&#8221;4.14.0&#8243; header_font=&#8221;Montserrat|on|||&#8221; header_text_color=&#8221;#353740&#8243; header_font_size=&#8221;22px&#8221; header_line_height=&#8221;1.4em&#8221; body_font=&#8221;Montserrat||||&#8221; body_text_color=&#8221;#747d88&#8243; body_font_size=&#8221;16px&#8221; body_line_height=&#8221;1.8em&#8221; text_orientation=&#8221;center&#8221; custom_padding=&#8221;30px|30px|30px|30px&#8221; animation_style=&#8221;zoom&#8221; link_option_url=&#8221;http:\/\/mondoagit.com\/ca\/agencia-de-traduccio-mondo-agit\/solidaris\/&#8221; hover_enabled=&#8221;0&#8243; border_width_all=&#8221;0px&#8221; border_color_all=&#8221;#dddddd&#8221; border_style_all=&#8221;solid&#8221; use_border_color=&#8221;on&#8221; border_color=&#8221;#dddddd&#8221; icon_font_size=&#8221;60px&#8221; global_colors_info=&#8221;{}&#8221; sticky_enabled=&#8221;0&#8243;]<\/p>\n<p>Mondo Agit ha creat PerMondo, una iniciativa de traduccions gratu\u00eftes per donar suport a associacions i projectes sense \u00e0nim de lucre.<\/p>\n<p>[\/et_pb_blurb][\/et_pb_column][et_pb_column type=&#8221;1_3&#8243; _builder_version=&#8221;3.25&#8243; custom_padding=&#8221;|||&#8221; global_colors_info=&#8221;{}&#8221; custom_padding__hover=&#8221;|||&#8221;][et_pb_blurb title=&#8221;Not\u00edcies&#8221; use_icon=&#8221;on&#8221; font_icon=&#8221;&#xe065;||divi||400&#8243; image_icon_width=&#8221;60px&#8221; _builder_version=&#8221;4.13.0&#8243; header_font=&#8221;Montserrat|on|||&#8221; header_text_color=&#8221;#353740&#8243; header_font_size=&#8221;22px&#8221; header_line_height=&#8221;1.4em&#8221; body_font=&#8221;Montserrat||||&#8221; body_text_color=&#8221;#747d88&#8243; body_font_size=&#8221;16px&#8221; body_line_height=&#8221;1.8em&#8221; text_orientation=&#8221;center&#8221; custom_padding=&#8221;30px|30px|30px|30px&#8221; animation_style=&#8221;zoom&#8221; animation_delay=&#8221;100ms&#8221; border_width_all=&#8221;0px&#8221; border_color_all=&#8221;#dddddd&#8221; border_style_all=&#8221;solid&#8221; use_border_color=&#8221;on&#8221; border_color=&#8221;#dddddd&#8221; icon_font_size=&#8221;60px&#8221; global_colors_info=&#8221;{}&#8221;]<\/p>\n<p>L&#8217;apartat de not\u00edcies i novetats en Mondo Agit. Informaci\u00f3 actual sobre la nostra empresa i el sector dels idiomes.<\/p>\n<p>[\/et_pb_blurb][\/et_pb_column][et_pb_column type=&#8221;1_3&#8243; _builder_version=&#8221;3.25&#8243; custom_padding=&#8221;|||&#8221; global_colors_info=&#8221;{}&#8221; custom_padding__hover=&#8221;|||&#8221;][et_pb_blurb title=&#8221;Ocupaci\u00f3&#8221; url=&#8221;http:\/\/mondoagit.com\/ca\/agencia-de-traduccio-mondo-agit\/ocupacio\/&#8221; use_icon=&#8221;on&#8221; font_icon=&#8221;&#xe021;||divi||400&#8243; image_icon_width=&#8221;60px&#8221; _builder_version=&#8221;4.14.0&#8243; header_font=&#8221;Montserrat|on|||&#8221; header_text_color=&#8221;#353740&#8243; header_font_size=&#8221;22px&#8221; header_line_height=&#8221;1.4em&#8221; body_font=&#8221;Montserrat||||&#8221; body_text_color=&#8221;#747d88&#8243; body_font_size=&#8221;16px&#8221; body_line_height=&#8221;1.8em&#8221; text_orientation=&#8221;center&#8221; custom_padding=&#8221;30px|30px|30px|30px&#8221; animation_style=&#8221;zoom&#8221; animation_delay=&#8221;200ms&#8221; link_option_url=&#8221;http:\/\/mondoagit.com\/ca\/agencia-de-traduccio-mondo-agit\/ocupacio\/&#8221; hover_enabled=&#8221;0&#8243; border_width_all=&#8221;0px&#8221; border_color_all=&#8221;#dddddd&#8221; border_style_all=&#8221;solid&#8221; use_border_color=&#8221;on&#8221; border_color=&#8221;#dddddd&#8221; icon_font_size=&#8221;60px&#8221; global_colors_info=&#8221;{}&#8221; sticky_enabled=&#8221;0&#8243;]<\/p>\n<p>Vols treballar amb nosaltres com a traductor o int\u00e8rpret? Aqu\u00ed trobareu m\u00e9s informaci\u00f3.<\/p>\n<p>[\/et_pb_blurb][\/et_pb_column][\/et_pb_row][et_pb_row column_structure=&#8221;1_3,1_3,1_3&#8243; use_custom_gutter=&#8221;on&#8221; gutter_width=&#8221;2&#8243; make_equal=&#8221;on&#8221; admin_label=&#8221;Services&#8221; _builder_version=&#8221;3.25&#8243; max_width=&#8221;80%&#8221; custom_padding=&#8221;25px||25px|&#8221; use_custom_width=&#8221;on&#8221; width_unit=&#8221;off&#8221; global_colors_info=&#8221;{}&#8221;][et_pb_column type=&#8221;1_3&#8243; _builder_version=&#8221;3.25&#8243; custom_padding=&#8221;|||&#8221; global_colors_info=&#8221;{}&#8221; custom_padding__hover=&#8221;|||&#8221;][et_pb_blurb title=&#8221;Oficines a Europa&#8221; url=&#8221;http:\/\/mondoagit.com\/ca\/agencia-de-traduccio-mondo-agit\/oficines-mondo-agit\/&#8221; use_icon=&#8221;on&#8221; font_icon=&#8221;&#xe074;||divi||400&#8243; image_icon_width=&#8221;60px&#8221; _builder_version=&#8221;4.14.0&#8243; header_font=&#8221;Montserrat|on|||&#8221; header_text_color=&#8221;#353740&#8243; header_font_size=&#8221;22px&#8221; header_line_height=&#8221;1.4em&#8221; body_font=&#8221;Montserrat||||&#8221; body_text_color=&#8221;#747d88&#8243; body_font_size=&#8221;16px&#8221; body_line_height=&#8221;1.8em&#8221; text_orientation=&#8221;center&#8221; custom_padding=&#8221;30px|30px|30px|30px&#8221; animation_style=&#8221;zoom&#8221; link_option_url=&#8221;http:\/\/mondoagit.com\/ca\/agencia-de-traduccio-mondo-agit\/oficines-mondo-agit\/&#8221; hover_enabled=&#8221;0&#8243; border_width_all=&#8221;0px&#8221; border_color_all=&#8221;#dddddd&#8221; border_style_all=&#8221;solid&#8221; use_border_color=&#8221;on&#8221; border_color=&#8221;#dddddd&#8221; icon_font_size=&#8221;60px&#8221; global_colors_info=&#8221;{}&#8221; sticky_enabled=&#8221;0&#8243;]<\/p>\n<p>Mondo Agit \u00e9s una empresa internacional amb oficines a tot Europa.<\/p>\n<p>[\/et_pb_blurb][\/et_pb_column][et_pb_column type=&#8221;1_3&#8243; _builder_version=&#8221;3.25&#8243; custom_padding=&#8221;|||&#8221; global_colors_info=&#8221;{}&#8221; custom_padding__hover=&#8221;|||&#8221;][et_pb_blurb title=&#8221;Contacte&#8221; url=&#8221;http:\/\/mondoagit.com\/ca\/agencia-de-traduccio-mondo-agit\/contacte\/&#8221; use_icon=&#8221;on&#8221; font_icon=&#8221;&#xe090;||divi||400&#8243; image_icon_width=&#8221;60px&#8221; _builder_version=&#8221;4.14.0&#8243; header_font=&#8221;Montserrat|on|||&#8221; header_text_color=&#8221;#353740&#8243; header_font_size=&#8221;22px&#8221; header_line_height=&#8221;1.4em&#8221; body_font=&#8221;Montserrat||||&#8221; body_text_color=&#8221;#747d88&#8243; body_font_size=&#8221;16px&#8221; body_line_height=&#8221;1.8em&#8221; text_orientation=&#8221;center&#8221; custom_padding=&#8221;30px|30px|30px|30px&#8221; animation_style=&#8221;zoom&#8221; animation_delay=&#8221;100ms&#8221; link_option_url=&#8221;http:\/\/mondoagit.com\/ca\/agencia-de-traduccio-mondo-agit\/contacte\/&#8221; hover_enabled=&#8221;0&#8243; border_width_all=&#8221;0px&#8221; border_color_all=&#8221;#dddddd&#8221; border_style_all=&#8221;solid&#8221; use_border_color=&#8221;on&#8221; border_color=&#8221;#dddddd&#8221; icon_font_size=&#8221;60px&#8221; global_colors_info=&#8221;{}&#8221; sticky_enabled=&#8221;0&#8243;]<\/p>\n<p>Cap dubte? Poseu-vos en contacte amb nosaltres.<\/p>\n<p>[\/et_pb_blurb][\/et_pb_column][et_pb_column type=&#8221;1_3&#8243; _builder_version=&#8221;3.25&#8243; custom_padding=&#8221;|||&#8221; global_colors_info=&#8221;{}&#8221; custom_padding__hover=&#8221;|||&#8221;][et_pb_blurb title=&#8221;Condicions de contractaci\u00f3&#8221; url=&#8221;http:\/\/mondoagit.com\/ca\/agencia-de-traduccio-mondo-agit\/condicions-de-contractacio\/&#8221; use_icon=&#8221;on&#8221; font_icon=&#8221;&#x68;||divi||400&#8243; image_icon_width=&#8221;60px&#8221; _builder_version=&#8221;4.14.0&#8243; header_font=&#8221;Montserrat|on|||&#8221; header_text_color=&#8221;#353740&#8243; header_font_size=&#8221;22px&#8221; header_line_height=&#8221;1.4em&#8221; body_font=&#8221;Montserrat||||&#8221; body_text_color=&#8221;#747d88&#8243; body_font_size=&#8221;16px&#8221; body_line_height=&#8221;1.8em&#8221; text_orientation=&#8221;center&#8221; custom_padding=&#8221;30px|30px|30px|30px&#8221; animation_style=&#8221;zoom&#8221; animation_delay=&#8221;200ms&#8221; link_option_url=&#8221;http:\/\/mondoagit.com\/ca\/agencia-de-traduccio-mondo-agit\/condicions-de-contractacio\/&#8221; hover_enabled=&#8221;0&#8243; border_width_all=&#8221;0px&#8221; border_color_all=&#8221;#dddddd&#8221; border_style_all=&#8221;solid&#8221; use_border_color=&#8221;on&#8221; border_color=&#8221;#dddddd&#8221; icon_font_size=&#8221;60px&#8221; global_colors_info=&#8221;{}&#8221; sticky_enabled=&#8221;0&#8243;]<\/p>\n<p>Aquestes s\u00f3n les condicions que serveixen de base per a la relaci\u00f3 entre clients i ag\u00e8ncia.<\/p>\n<p>[\/et_pb_blurb][\/et_pb_column][\/et_pb_row][\/et_pb_section][et_pb_section fb_built=&#8221;1&#8243; admin_label=&#8221;Feature Section&#8221; _builder_version=&#8221;4.6.3&#8243; custom_margin=&#8221;|||&#8221; custom_padding=&#8221;44px||43px|||&#8221; locked=&#8221;off&#8221; global_colors_info=&#8221;{}&#8221;][et_pb_row _builder_version=&#8221;4.6.3&#8243; _module_preset=&#8221;default&#8221; custom_padding=&#8221;0px|||||&#8221; global_colors_info=&#8221;{}&#8221;][et_pb_column type=&#8221;4_4&#8243; _builder_version=&#8221;4.6.3&#8243; _module_preset=&#8221;default&#8221; global_colors_info=&#8221;{}&#8221;][et_pb_text admin_label=&#8221;Subtitle&#8221; _builder_version=&#8221;4.6.3&#8243; text_font=&#8221;Montserrat||||&#8221; text_text_color=&#8221;#747d88&#8243; text_font_size=&#8221;16px&#8221; text_line_height=&#8221;1.8em&#8221; header_font=&#8221;||||||||&#8221; module_alignment=&#8221;left&#8221; custom_margin=&#8221;|||&#8221; custom_padding=&#8221;||||false|false&#8221; animation_style=&#8221;slide&#8221; animation_direction=&#8221;bottom&#8221; animation_delay=&#8221;100ms&#8221; animation_intensity_slide=&#8221;4%&#8221; locked=&#8221;off&#8221; global_colors_info=&#8221;{}&#8221;]<\/p>\n<p>Tota feina realitzada a Mondo Agit es regeix pels nostres <a href=\"http:\/\/mondoagit.com\/ca\/agencia-de-traduccio-mondo-agit\/principis\/\">principis<\/a> que constitueixen l\u2019ess\u00e8ncia de la nostra ag\u00e8ncia i que, per aquest motiu, se segueixen estrictament: qualitat i professionalitat, servei, rapidesa i fiabilitat, flexibilitat.<\/p>\n<p>Els nostres traductors i int\u00e8rprets <strong>nadius<\/strong> -professionals avalats per una \u00e0mplia experi\u00e8ncia- tradueixen \u00fanicament a la seva llengua materna, la qual cosa garanteix sempre els millors resultats.<\/p>\n<p>Deixeu que us ajudem amb el nostre servei de disseny i traducci\u00f3 a construir el pont que us unir\u00e0 a nous mercats i us ajudar\u00e0 a expandir la vostra empresa. Convertim junts els l\u00edmits en oportunitats.<\/p>\n<p>A Mondo Agit estem segurs que ens podem convertir en un <strong>soci<\/strong> imprescindible per a vosaltres. Som empresaris, som traductors i som dissenyadors que tracten d\u2019oferir constantment perfecci\u00f3 al millor preu possible en cadascuna de les feines.<\/p>\n<p>Dades de Mondo Agit, S.L.<\/p>\n<p>[\/et_pb_text][\/et_pb_column][\/et_pb_row][\/et_pb_section][et_pb_section fb_built=&#8221;1&#8243; admin_label=&#8221;Contact Form Section&#8221; _builder_version=&#8221;4.6.3&#8243; background_color=&#8221;rgba(0,0,0,0)&#8221; background_image=&#8221;http:\/\/mondoagit.com\/wp-content\/uploads\/2021\/06\/bench.jpg&#8221; custom_padding=&#8221;110px||100px||false|false&#8221; animation_style=&#8221;zoom&#8221; animation_direction=&#8221;bottom&#8221; animation_intensity_zoom=&#8221;10%&#8221; saved_tabs=&#8221;all&#8221; global_colors_info=&#8221;{}&#8221;][et_pb_row admin_label=&#8221;Service Section Title&#8221; _builder_version=&#8221;4.6.3&#8243; width=&#8221;90%&#8221; custom_margin=&#8221;||40px|&#8221; animation_style=&#8221;fade&#8221; locked=&#8221;off&#8221; global_colors_info=&#8221;{}&#8221;][et_pb_column type=&#8221;4_4&#8243; _builder_version=&#8221;3.25&#8243; custom_padding=&#8221;|||&#8221; global_colors_info=&#8221;{}&#8221; custom_padding__hover=&#8221;|||&#8221;][et_pb_text admin_label=&#8221;Title&#8221; _builder_version=&#8221;4.6.3&#8243; text_font=&#8221;Montserrat||||||||&#8221; text_text_color=&#8221;#747d88&#8243; text_font_size=&#8221;16px&#8221; text_line_height=&#8221;1.9em&#8221; header_font=&#8221;||||||||&#8221; header_2_font=&#8221;Montserrat|700||on|||||&#8221; header_2_font_size=&#8221;42px&#8221; header_2_line_height=&#8221;1.3em&#8221; background_size=&#8221;initial&#8221; background_position=&#8221;top_left&#8221; background_repeat=&#8221;repeat&#8221; text_orientation=&#8221;center&#8221; max_width=&#8221;800px&#8221; module_alignment=&#8221;center&#8221; animation_style=&#8221;slide&#8221; animation_direction=&#8221;bottom&#8221; animation_intensity_slide=&#8221;4%&#8221; global_colors_info=&#8221;{}&#8221;]<\/p>\n<h2><span style=\"color: #fff;\">Oficines a tot Europa,<br \/>serveis en tots els idiomes<\/span><\/h2>\n<p>[\/et_pb_text][et_pb_button button_url=&#8221;http:\/\/mondoagit.com\/ca\/agencia-de-traduccio-mondo-agit\/oficines-mondo-agit\/&#8221; button_text=&#8221;Les nostres oficines&#8221; button_alignment=&#8221;center&#8221; _builder_version=&#8221;4.14.0&#8243; _module_preset=&#8221;default&#8221; custom_button=&#8221;on&#8221; button_text_color=&#8221;#ffffff&#8221; hover_enabled=&#8221;0&#8243; global_colors_info=&#8221;{}&#8221; sticky_enabled=&#8221;0&#8243;][\/et_pb_button][\/et_pb_column][\/et_pb_row][\/et_pb_section][et_pb_section fb_built=&#8221;1&#8243; _builder_version=&#8221;4.6.3&#8243; _module_preset=&#8221;default&#8221; locked=&#8221;off&#8221; global_colors_info=&#8221;{}&#8221;][et_pb_row use_custom_gutter=&#8221;on&#8221; _builder_version=&#8221;4.6.3&#8243; _module_preset=&#8221;default&#8221; width=&#8221;100%&#8221; max_width=&#8221;1200px&#8221; module_alignment=&#8221;center&#8221; global_colors_info=&#8221;{}&#8221;][et_pb_column type=&#8221;4_4&#8243; _builder_version=&#8221;4.6.3&#8243; _module_preset=&#8221;default&#8221; global_colors_info=&#8221;{}&#8221;][et_pb_text admin_label=&#8221;Title&#8221; _builder_version=&#8221;4.6.3&#8243; text_font=&#8221;Montserrat||||||||&#8221; text_text_color=&#8221;#747d88&#8243; text_font_size=&#8221;16px&#8221; text_line_height=&#8221;1.9em&#8221; header_font=&#8221;||||||||&#8221; header_text_align=&#8221;left&#8221; header_2_font=&#8221;Montserrat|700||on|||||&#8221; header_2_font_size=&#8221;42px&#8221; header_2_line_height=&#8221;1.3em&#8221; text_orientation=&#8221;center&#8221; max_width=&#8221;1400px&#8221; module_alignment=&#8221;center&#8221; animation_style=&#8221;slide&#8221; animation_direction=&#8221;bottom&#8221; animation_intensity_slide=&#8221;4%&#8221; locked=&#8221;off&#8221; global_colors_info=&#8221;{}&#8221;]<\/p>\n<h2 style=\"text-align: center;\">Alguns clients satisfets:<\/h2>\n<p>[\/et_pb_text][et_pb_gallery gallery_ids=&#8221;2581,2575,2578,2587&#8243; gallery_orderby=&#8221;rand&#8221; orientation=&#8221;portrait&#8221; show_title_and_caption=&#8221;off&#8221; show_pagination=&#8221;off&#8221; _builder_version=&#8221;4.6.3&#8243; _module_preset=&#8221;default&#8221; width=&#8221;100%&#8221; max_width=&#8221;80%&#8221; module_alignment=&#8221;center&#8221; global_colors_info=&#8221;{}&#8221;][\/et_pb_gallery][et_pb_gallery gallery_ids=&#8221;2590,2599,2602,2605&#8243; gallery_orderby=&#8221;rand&#8221; orientation=&#8221;portrait&#8221; show_title_and_caption=&#8221;off&#8221; show_pagination=&#8221;off&#8221; _builder_version=&#8221;4.6.3&#8243; _module_preset=&#8221;default&#8221; width=&#8221;100%&#8221; max_width=&#8221;80%&#8221; module_alignment=&#8221;center&#8221; global_colors_info=&#8221;{}&#8221;][\/et_pb_gallery][\/et_pb_column][\/et_pb_row][\/et_pb_section]<\/p>\n","protected":false},"excerpt":{"rendered":"<p>A l&#8217;ag\u00e8ncia de traducci\u00f3 Mondo Agit tenim uns clars principis pels quals ens regim.Vol saber el que opinen de nosaltres? Aqu\u00ed trobar\u00e0 el que diuen els nostres clients.Vol saber amb qui treballem? Aqu\u00ed trobar\u00e0 un extracte de la nostra llista de clients.Mondo Agit ha creat PerMondo, una iniciativa de traduccions gratu\u00eftes per donar suport a [&hellip;]<\/p>\n","protected":false},"author":1,"featured_media":0,"parent":0,"menu_order":0,"comment_status":"closed","ping_status":"closed","template":"","meta":{"_et_pb_use_builder":"on","_et_pb_old_content":"","_et_gb_content_width":"","om_disable_all_campaigns":false,"_monsterinsights_skip_tracking":false,"_monsterinsights_sitenote_active":false,"_monsterinsights_sitenote_note":"","_monsterinsights_sitenote_category":0,"footnotes":""},"class_list":["post-4352","page","type-page","status-publish","hentry"],"aioseo_notices":[],"_links":{"self":[{"href":"https:\/\/mondoagit.com\/ca\/wp-json\/wp\/v2\/pages\/4352","targetHints":{"allow":["GET"]}}],"collection":[{"href":"https:\/\/mondoagit.com\/ca\/wp-json\/wp\/v2\/pages"}],"about":[{"href":"https:\/\/mondoagit.com\/ca\/wp-json\/wp\/v2\/types\/page"}],"author":[{"embeddable":true,"href":"https:\/\/mondoagit.com\/ca\/wp-json\/wp\/v2\/users\/1"}],"replies":[{"embeddable":true,"href":"https:\/\/mondoagit.com\/ca\/wp-json\/wp\/v2\/comments?post=4352"}],"version-history":[{"count":7,"href":"https:\/\/mondoagit.com\/ca\/wp-json\/wp\/v2\/pages\/4352\/revisions"}],"predecessor-version":[{"id":5795,"href":"https:\/\/mondoagit.com\/ca\/wp-json\/wp\/v2\/pages\/4352\/revisions\/5795"}],"wp:attachment":[{"href":"https:\/\/mondoagit.com\/ca\/wp-json\/wp\/v2\/media?parent=4352"}],"curies":[{"name":"wp","href":"https:\/\/api.w.org\/{rel}","templated":true}]}}