{"id":4362,"date":"2021-12-20T12:52:06","date_gmt":"2021-12-20T11:52:06","guid":{"rendered":"http:\/\/temp.mondoagit.com\/agencia-de-traduccio-mondo-agit\/principis\/"},"modified":"2022-01-10T11:47:02","modified_gmt":"2022-01-10T10:47:02","slug":"principis","status":"publish","type":"page","link":"https:\/\/mondoagit.com\/ca\/agencia-de-traduccio-mondo-agit\/principis\/","title":{"rendered":"Principis"},"content":{"rendered":"<p>[et_pb_section fb_built=&#8221;1&#8243; admin_label=&#8221;Fun Fact Section&#8221; _builder_version=&#8221;4.6.3&#8243; background_color=&#8221;#ffb141&#8243; min_height=&#8221;200px&#8221; custom_margin=&#8221;|||&#8221; custom_padding=&#8221;||||false|false&#8221; global_colors_info=&#8221;{}&#8221;][et_pb_row _builder_version=&#8221;4.6.3&#8243; _module_preset=&#8221;default&#8221; global_colors_info=&#8221;{}&#8221;][et_pb_column type=&#8221;4_4&#8243; _builder_version=&#8221;4.6.3&#8243; _module_preset=&#8221;default&#8221; global_colors_info=&#8221;{}&#8221;][et_pb_text _builder_version=&#8221;4.6.3&#8243; _module_preset=&#8221;default&#8221; text_text_color=&#8221;#ffffff&#8221; header_text_color=&#8221;#ffffff&#8221; header_2_text_color=&#8221;#ffffff&#8221; header_3_text_color=&#8221;#ffffff&#8221; text_orientation=&#8221;center&#8221; global_colors_info=&#8221;{}&#8221;]<\/p>\n<h2 class=\"call-to-action-1-text\"><strong>Necessita un pressupost gratu\u00eft i sense comprom\u00eds?<\/strong><\/h2>\n<p><strong><\/strong><\/p>\n<p>[\/et_pb_text][et_pb_button button_url=&#8221;http:\/\/mondoagit.com\/ca\/agencia-de-traduccio-mondo-agit\/contacte\/&#8221; button_text=&#8221;sol\u00b7liciti pressupost&#8221; button_alignment=&#8221;center&#8221; _builder_version=&#8221;4.14.0&#8243; _module_preset=&#8221;default&#8221; custom_button=&#8221;on&#8221; button_text_color=&#8221;#ffffff&#8221; hover_enabled=&#8221;0&#8243; global_colors_info=&#8221;{}&#8221; sticky_enabled=&#8221;0&#8243;][\/et_pb_button][\/et_pb_column][\/et_pb_row][\/et_pb_section][et_pb_section fb_built=&#8221;1&#8243; admin_label=&#8221;Feature Section&#8221; _builder_version=&#8221;4.6.3&#8243; custom_margin=&#8221;|||&#8221; custom_padding=&#8221;109px||2px|||&#8221; locked=&#8221;off&#8221; global_colors_info=&#8221;{}&#8221;][et_pb_row _builder_version=&#8221;4.6.3&#8243; _module_preset=&#8221;default&#8221; custom_padding=&#8221;0px|||||&#8221; global_colors_info=&#8221;{}&#8221;][et_pb_column type=&#8221;4_4&#8243; _builder_version=&#8221;4.6.3&#8243; _module_preset=&#8221;default&#8221; global_colors_info=&#8221;{}&#8221;][et_pb_text admin_label=&#8221;Subtitle&#8221; _builder_version=&#8221;4.11.1&#8243; text_font=&#8221;Montserrat||||&#8221; text_text_color=&#8221;#747d88&#8243; text_font_size=&#8221;16px&#8221; text_line_height=&#8221;1.8em&#8221; header_font=&#8221;||||||||&#8221; module_alignment=&#8221;left&#8221; custom_margin=&#8221;|||&#8221; custom_padding=&#8221;||||false|false&#8221; animation_style=&#8221;slide&#8221; animation_direction=&#8221;bottom&#8221; animation_delay=&#8221;100ms&#8221; animation_intensity_slide=&#8221;4%&#8221; locked=&#8221;off&#8221; global_colors_info=&#8221;{}&#8221;]<\/p>\n<h2>Principis<\/h2>\n<p>[\/et_pb_text][\/et_pb_column][\/et_pb_row][et_pb_row _builder_version=&#8221;4.6.3&#8243; _module_preset=&#8221;default&#8221; custom_padding=&#8221;0px|||||&#8221; global_colors_info=&#8221;{}&#8221;][et_pb_column type=&#8221;4_4&#8243; _builder_version=&#8221;4.6.3&#8243; _module_preset=&#8221;default&#8221; global_colors_info=&#8221;{}&#8221;][et_pb_text admin_label=&#8221;Subtitle&#8221; _builder_version=&#8221;4.11.1&#8243; text_font=&#8221;Montserrat||||&#8221; text_text_color=&#8221;#747d88&#8243; text_font_size=&#8221;16px&#8221; text_line_height=&#8221;1.8em&#8221; header_font=&#8221;||||||||&#8221; module_alignment=&#8221;left&#8221; custom_margin=&#8221;|||&#8221; custom_padding=&#8221;||0px||false|false&#8221; animation_style=&#8221;slide&#8221; animation_direction=&#8221;bottom&#8221; animation_delay=&#8221;100ms&#8221; animation_intensity_slide=&#8221;4%&#8221; locked=&#8221;off&#8221; global_colors_info=&#8221;{}&#8221;]<\/p>\n<p>A l\u2019ag\u00e8ncia de traducci\u00f3 <strong>Mondo Agit<\/strong> treballem regint-nos pels seg\u00fcents principis:<\/p>\n<ul>\n<li><strong>Qualitat i professionalitat<\/strong><\/li>\n<li><strong>Servei<\/strong><\/li>\n<li><strong>Rapidesa i fiabilitat<br \/><\/strong><\/li>\n<li><strong>Flexibilitat<\/strong><\/li>\n<\/ul>\n<p>La nostra aposta per una <strong>qualitat i professionalitat<\/strong> m\u00e9s grans respon a la voluntat dels promotors, una aposta per l\u2019\u00fanica manera de fer b\u00e9 les coses, a m\u00e9s d\u2019una tend\u00e8ncia cada cop m\u00e9s generalitzada a cercar un producte de m\u00e9s consist\u00e8ncia, solidesa superior i millor condici\u00f3. Ens hem envoltat dels millors experts per oferir un servei capa\u00e7 de satisfer fins i tot als m\u00e9s minuciosos i perfeccionistes, entre els quals ens trobem nosaltres mateixos.<\/p>\n<p>La nostra aposta per un millor <strong>servei<\/strong>. Entenem el bon servei no com un afegit, sin\u00f3 com a la base imprescindible de totes les nostres relacions comercials, perqu\u00e8, a m\u00e9s d\u2019incloure l\u2019aspecte de comoditat, tamb\u00e9 significa estalvi, economitzaci\u00f3 de recursos, de forces i, en definitiva, de temps.<\/p>\n<p>La nostra aposta per una <strong>rapidesa i fiabilitat<\/strong> m\u00e9s grans \u00e9s una altra resposta a la f\u00f3rmula universal de temps = diners. Hem pogut experimentar que, generalment, les companyies sempre tenen un calendari molt atape\u00eft per als seus projectes, i qualsevol retard sempre surt car, molt m\u00e9s car que, per exemple, una traducci\u00f3 professional realitzada r\u00e0pidament i respectant els terminis de lliurament, una traducci\u00f3 que estalviar\u00e0 diners al client i us ajudar\u00e0 a arribar als vostres objectius.<\/p>\n<p>La nostra aposta per la <strong>flexibilitat<\/strong> \u00e9s la nostra aposta per la vida, la nostra aposta per un creixement al costat dels nostres clients. Una empresa flexible als desigs dels seus clients, oberta a les idees dels seus socis i treballadors prosperar\u00e0, creixer\u00e0 i, en definitiva, evolucionar\u00e0.<\/p>\n<p>[\/et_pb_text][\/et_pb_column][\/et_pb_row][\/et_pb_section]<\/p>\n","protected":false},"excerpt":{"rendered":"<p>Necessita un pressupost gratu\u00eft i sense comprom\u00eds? PrincipisA l\u2019ag\u00e8ncia de traducci\u00f3 Mondo Agit treballem regint-nos pels seg\u00fcents principis: Qualitat i professionalitat Servei Rapidesa i fiabilitat Flexibilitat La nostra aposta per una qualitat i professionalitat m\u00e9s grans respon a la voluntat dels promotors, una aposta per l\u2019\u00fanica manera de fer b\u00e9 les coses, a m\u00e9s d\u2019una [&hellip;]<\/p>\n","protected":false},"author":6,"featured_media":0,"parent":4352,"menu_order":0,"comment_status":"closed","ping_status":"closed","template":"","meta":{"_et_pb_use_builder":"on","_et_pb_old_content":"","_et_gb_content_width":"","om_disable_all_campaigns":false,"_monsterinsights_skip_tracking":false,"_monsterinsights_sitenote_active":false,"_monsterinsights_sitenote_note":"","_monsterinsights_sitenote_category":0,"footnotes":""},"class_list":["post-4362","page","type-page","status-publish","hentry"],"aioseo_notices":[],"_links":{"self":[{"href":"https:\/\/mondoagit.com\/ca\/wp-json\/wp\/v2\/pages\/4362","targetHints":{"allow":["GET"]}}],"collection":[{"href":"https:\/\/mondoagit.com\/ca\/wp-json\/wp\/v2\/pages"}],"about":[{"href":"https:\/\/mondoagit.com\/ca\/wp-json\/wp\/v2\/types\/page"}],"author":[{"embeddable":true,"href":"https:\/\/mondoagit.com\/ca\/wp-json\/wp\/v2\/users\/6"}],"replies":[{"embeddable":true,"href":"https:\/\/mondoagit.com\/ca\/wp-json\/wp\/v2\/comments?post=4362"}],"version-history":[{"count":3,"href":"https:\/\/mondoagit.com\/ca\/wp-json\/wp\/v2\/pages\/4362\/revisions"}],"predecessor-version":[{"id":5403,"href":"https:\/\/mondoagit.com\/ca\/wp-json\/wp\/v2\/pages\/4362\/revisions\/5403"}],"up":[{"embeddable":true,"href":"https:\/\/mondoagit.com\/ca\/wp-json\/wp\/v2\/pages\/4352"}],"wp:attachment":[{"href":"https:\/\/mondoagit.com\/ca\/wp-json\/wp\/v2\/media?parent=4362"}],"curies":[{"name":"wp","href":"https:\/\/api.w.org\/{rel}","templated":true}]}}