{"id":4365,"date":"2021-12-20T12:54:04","date_gmt":"2021-12-20T11:54:04","guid":{"rendered":"http:\/\/temp.mondoagit.com\/agencia-de-traduccio-mondo-agit\/asseguranca-rc\/"},"modified":"2021-12-20T12:54:04","modified_gmt":"2021-12-20T11:54:04","slug":"asseguranca-rc","status":"publish","type":"page","link":"https:\/\/mondoagit.com\/ca\/agencia-de-traduccio-mondo-agit\/asseguranca-rc\/","title":{"rendered":"asseguranca-rc"},"content":{"rendered":"<p>[et_pb_section fb_built=&#8221;1&#8243; admin_label=&#8221;Feature Section&#8221; _builder_version=&#8221;4.6.3&#8243; custom_margin=&#8221;|||&#8221; custom_padding=&#8221;109px||2px|||&#8221; locked=&#8221;off&#8221; global_colors_info=&#8221;{}&#8221;][et_pb_row _builder_version=&#8221;4.6.3&#8243; _module_preset=&#8221;default&#8221; custom_padding=&#8221;0px|||||&#8221; hover_enabled=&#8221;0&#8243; global_colors_info=&#8221;{}&#8221; sticky_enabled=&#8221;0&#8243;][et_pb_column type=&#8221;4_4&#8243; _builder_version=&#8221;4.6.3&#8243; _module_preset=&#8221;default&#8221; global_colors_info=&#8221;{}&#8221;][et_pb_text admin_label=&#8221;Subtitle&#8221; _builder_version=&#8221;4.11.1&#8243; text_font=&#8221;Montserrat||||&#8221; text_text_color=&#8221;#747d88&#8243; text_font_size=&#8221;16px&#8221; text_line_height=&#8221;1.8em&#8221; header_font=&#8221;||||||||&#8221; module_alignment=&#8221;left&#8221; custom_margin=&#8221;|||&#8221; custom_padding=&#8221;||||false|false&#8221; animation_style=&#8221;slide&#8221; animation_direction=&#8221;bottom&#8221; animation_delay=&#8221;100ms&#8221; animation_intensity_slide=&#8221;4%&#8221; hover_enabled=&#8221;0&#8243; locked=&#8221;off&#8221; global_colors_info=&#8221;{}&#8221; sticky_enabled=&#8221;0&#8243;]<\/p>\n<h2>Asseguran\u00e7a de responsabilitat civil professional<\/h2>\n<p>[\/et_pb_text][\/et_pb_column][\/et_pb_row][et_pb_row _builder_version=&#8221;4.6.3&#8243; _module_preset=&#8221;default&#8221; custom_padding=&#8221;0px|||||&#8221; global_colors_info=&#8221;{}&#8221;][et_pb_column type=&#8221;4_4&#8243; _builder_version=&#8221;4.6.3&#8243; _module_preset=&#8221;default&#8221; global_colors_info=&#8221;{}&#8221;][et_pb_text admin_label=&#8221;Subtitle&#8221; _builder_version=&#8221;4.11.1&#8243; text_font=&#8221;Montserrat||||&#8221; text_text_color=&#8221;#747d88&#8243; text_font_size=&#8221;16px&#8221; text_line_height=&#8221;1.8em&#8221; header_font=&#8221;||||||||&#8221; module_alignment=&#8221;left&#8221; custom_margin=&#8221;|||&#8221; custom_padding=&#8221;||0px||false|false&#8221; animation_style=&#8221;slide&#8221; animation_direction=&#8221;bottom&#8221; animation_delay=&#8221;100ms&#8221; animation_intensity_slide=&#8221;4%&#8221; hover_enabled=&#8221;0&#8243; locked=&#8221;off&#8221; global_colors_info=&#8221;{}&#8221; sticky_enabled=&#8221;0&#8243;]Mondo Agit t\u00e9 contractada una asseguran\u00e7a de responsabilitat civil professional que abasta la responsabilitat civil subsidi\u00e0ria de subcontractistes, patronal i d&#8217;explotaci\u00f3, cobrint aix\u00ed totes les possibles conting\u00e8ncies i imprevistos en els serveis ling\u00fc\u00edstics oferts per l&#8217;ag\u00e8ncia.<\/p>\n<p>La p\u00f2lissa, n\u00fam 80657101, signada amb la companyia Axa, compta amb un l\u00edmit d&#8217;indemnitzaci\u00f3 de 300.000 euros, 151.000 euros per v\u00edctima per a casos de responsabilitat civil professional.<\/p>\n<p>Aix\u00f2 representa un comprom\u00eds de professionalitat per part de l&#8217;ag\u00e8ncia, aix\u00ed com una garantia addicional per a tots els nostres clients. Aquesta asseguran\u00e7a cobreix a l&#8217;ag\u00e8ncia (i indirectament al client) davant de possibles danys derivats d&#8217;efectes negatius imprevistos durant la realitzaci\u00f3 oa causa del servei.[\/et_pb_text][\/et_pb_column][\/et_pb_row][\/et_pb_section]<\/p>\n","protected":false},"excerpt":{"rendered":"<p>Asseguran\u00e7a de responsabilitat civil professionalMondo Agit t\u00e9 contractada una asseguran\u00e7a de responsabilitat civil professional que abasta la responsabilitat civil subsidi\u00e0ria de subcontractistes, patronal i d&#8217;explotaci\u00f3, cobrint aix\u00ed totes les possibles conting\u00e8ncies i imprevistos en els serveis ling\u00fc\u00edstics oferts per l&#8217;ag\u00e8ncia. La p\u00f2lissa, n\u00fam 80657101, signada amb la companyia Axa, compta amb un l\u00edmit d&#8217;indemnitzaci\u00f3 de [&hellip;]<\/p>\n","protected":false},"author":1,"featured_media":0,"parent":4352,"menu_order":0,"comment_status":"closed","ping_status":"closed","template":"","meta":{"_et_pb_use_builder":"on","_et_pb_old_content":"","_et_gb_content_width":"","om_disable_all_campaigns":false,"_monsterinsights_skip_tracking":false,"_monsterinsights_sitenote_active":false,"_monsterinsights_sitenote_note":"","_monsterinsights_sitenote_category":0,"footnotes":""},"class_list":["post-4365","page","type-page","status-publish","hentry"],"aioseo_notices":[],"_links":{"self":[{"href":"https:\/\/mondoagit.com\/ca\/wp-json\/wp\/v2\/pages\/4365","targetHints":{"allow":["GET"]}}],"collection":[{"href":"https:\/\/mondoagit.com\/ca\/wp-json\/wp\/v2\/pages"}],"about":[{"href":"https:\/\/mondoagit.com\/ca\/wp-json\/wp\/v2\/types\/page"}],"author":[{"embeddable":true,"href":"https:\/\/mondoagit.com\/ca\/wp-json\/wp\/v2\/users\/1"}],"replies":[{"embeddable":true,"href":"https:\/\/mondoagit.com\/ca\/wp-json\/wp\/v2\/comments?post=4365"}],"version-history":[{"count":2,"href":"https:\/\/mondoagit.com\/ca\/wp-json\/wp\/v2\/pages\/4365\/revisions"}],"predecessor-version":[{"id":4367,"href":"https:\/\/mondoagit.com\/ca\/wp-json\/wp\/v2\/pages\/4365\/revisions\/4367"}],"up":[{"embeddable":true,"href":"https:\/\/mondoagit.com\/ca\/wp-json\/wp\/v2\/pages\/4352"}],"wp:attachment":[{"href":"https:\/\/mondoagit.com\/ca\/wp-json\/wp\/v2\/media?parent=4365"}],"curies":[{"name":"wp","href":"https:\/\/api.w.org\/{rel}","templated":true}]}}