{"id":4396,"date":"2021-12-20T13:21:05","date_gmt":"2021-12-20T12:21:05","guid":{"rendered":"http:\/\/temp.mondoagit.com\/mes-serveis\/legalitzacio-de-documents\/legalitzacio-de-documents-portugues\/"},"modified":"2022-01-18T11:41:47","modified_gmt":"2022-01-18T10:41:47","slug":"legalitzacio-de-documents-portugues","status":"publish","type":"page","link":"https:\/\/mondoagit.com\/ca\/mes-serveis\/legalitzacio-de-documents\/legalitzacio-de-documents-portugues\/","title":{"rendered":"Legalitzaci\u00f3 de documents portugu\u00e8s"},"content":{"rendered":"<p>[et_pb_section fb_built=&#8221;1&#8243; admin_label=&#8221;Fun Fact Section&#8221; _builder_version=&#8221;4.6.3&#8243; background_color=&#8221;#ffb141&#8243; min_height=&#8221;200px&#8221; custom_margin=&#8221;|||&#8221; custom_padding=&#8221;||||false|false&#8221; global_colors_info=&#8221;{}&#8221;][et_pb_row _builder_version=&#8221;4.6.3&#8243; _module_preset=&#8221;default&#8221; global_colors_info=&#8221;{}&#8221;][et_pb_column type=&#8221;4_4&#8243; _builder_version=&#8221;4.6.3&#8243; _module_preset=&#8221;default&#8221; global_colors_info=&#8221;{}&#8221;][et_pb_text _builder_version=&#8221;4.6.3&#8243; _module_preset=&#8221;default&#8221; text_text_color=&#8221;#ffffff&#8221; header_text_color=&#8221;#ffffff&#8221; header_2_text_color=&#8221;#ffffff&#8221; header_3_text_color=&#8221;#ffffff&#8221; text_orientation=&#8221;center&#8221; global_colors_info=&#8221;{}&#8221;]<\/p>\n<h2 class=\"call-to-action-1-text\"><strong>Necessita un pressupost gratu\u00eft i sense comprom\u00eds?<\/strong><\/h2>\n<p>&nbsp;[\/et_pb_text][et_pb_button button_url=&#8221;http:\/\/mondoagit.com\/ca\/agencia-de-traduccio-mondo-agit\/contacte\/&#8221; button_text=&#8221;sol\u00b7liciti pressupost&#8221; button_alignment=&#8221;center&#8221; _builder_version=&#8221;4.14.0&#8243; _module_preset=&#8221;default&#8221; custom_button=&#8221;on&#8221; button_text_color=&#8221;#ffffff&#8221; global_colors_info=&#8221;{}&#8221;][\/et_pb_button][\/et_pb_column][\/et_pb_row][\/et_pb_section][et_pb_section fb_built=&#8221;1&#8243; admin_label=&#8221;Service Section&#8221; _builder_version=&#8221;3.22&#8243; custom_margin=&#8221;|||&#8221; custom_padding=&#8221;74px||52px|||&#8221; global_colors_info=&#8221;{}&#8221;][et_pb_row _builder_version=&#8221;4.11.1&#8243; _module_preset=&#8221;default&#8221; global_colors_info=&#8221;{}&#8221;][et_pb_column type=&#8221;4_4&#8243; _builder_version=&#8221;4.11.1&#8243; _module_preset=&#8221;default&#8221; global_colors_info=&#8221;{}&#8221;][et_pb_text admin_label=&#8221;Subtitle&#8221; _builder_version=&#8221;4.11.1&#8243; text_font=&#8221;Montserrat||||&#8221; text_text_color=&#8221;#747d88&#8243; text_font_size=&#8221;16px&#8221; text_line_height=&#8221;1.8em&#8221; header_font=&#8221;||||||||&#8221; module_alignment=&#8221;left&#8221; custom_margin=&#8221;|||&#8221; custom_padding=&#8221;||||false|false&#8221; animation_style=&#8221;slide&#8221; animation_direction=&#8221;bottom&#8221; animation_delay=&#8221;100ms&#8221; animation_intensity_slide=&#8221;4%&#8221; locked=&#8221;off&#8221; global_colors_info=&#8221;{}&#8221;]<\/p>\n<h1>Legalitzaci\u00f3 de documents en portugu\u00e8s<\/h1>\n<p>[\/et_pb_text][et_pb_text admin_label=&#8221;Subtitle&#8221; _builder_version=&#8221;4.11.1&#8243; text_font=&#8221;Montserrat||||&#8221; text_text_color=&#8221;#747d88&#8243; text_font_size=&#8221;16px&#8221; text_line_height=&#8221;1.8em&#8221; header_font=&#8221;||||||||&#8221; module_alignment=&#8221;left&#8221; custom_margin=&#8221;|||&#8221; custom_padding=&#8221;||||false|false&#8221; animation_style=&#8221;slide&#8221; animation_direction=&#8221;bottom&#8221; animation_delay=&#8221;100ms&#8221; animation_intensity_slide=&#8221;4%&#8221; locked=&#8221;off&#8221; global_colors_info=&#8221;{}&#8221;]<\/p>\n<p><img loading=\"lazy\" decoding=\"async\" class=\"wp-image-2698 alignright size-full\" src=\"http:\/\/mondoagit.com\/wp-content\/uploads\/2021\/10\/MAEC.jpg\" alt=\"\" width=\"400\" height=\"266\" \/><\/p>\n<p>Mondo Agit ofereix als seus clients la possibilitat de contractar, de manera addicional a la <a href=\"http:\/\/mondoagit.com\/ca\/traductor-serveis-de-traduccio\/traductor-jurat\/traductor-jurat-portugues\/\">traducci\u00f3 jurada de portugu\u00e8s<\/a>, el servei de legalitzaci\u00f3 de documents en portugu\u00e8s.<\/p>\n<p>Si desitja contractar aquest servei addicional, haur\u00e0 d&#8217;avisar d&#8217;aix\u00f2 durant la fase de petici\u00f3 de pressupost (via email, tel\u00e8fon o al formulari de <a href=\"http:\/\/mondoagit.com\/ca\/agencia-de-traduccio-mondo-agit\/contacte\/\">pressupost per a traduccions<\/a>).<\/p>\n<p><strong>Passos a seguir<\/strong> en la tramitaci\u00f3 de les seves <strong>traduccions jurades<\/strong> i la seva posterior <strong>legalitzaci\u00f3<\/strong>:<\/p>\n<p>1. El primer pas \u00e9s informar a consci\u00e8ncia en l&#8217;administraci\u00f3 davant la qual hem de presentar el document en q\u00fcesti\u00f3. En cas de dubte, tamb\u00e9 podr\u00e0 consultar-nos a nosaltres via telef\u00f2nica o per e-mail. Estarem encantats de donar-li una guia que li faciliti el cam\u00ed, de vegades certament complicat. Col\u00b7laborem en la legalitzaci\u00f3 de documents en portugu\u00e8s amb una gestoria administrativa a la qual podr\u00e0 dirigir-se a trav\u00e9s de la nostra ag\u00e8ncia o directament, si aix\u00ed ho prefereix.<\/p>\n<p>2. Haur\u00e0 de fer-nos arribar tota la documentaci\u00f3 original que necessiti traduir de forma jurada per a la posterior legalitzaci\u00f3. Podr\u00e0 remetre&#8217;ns la documentaci\u00f3 per missatgeria o lliurar-la directament a les nostres oficines dins del nostre horari d&#8217;atenci\u00f3 al p\u00fablic.<\/p>\n<p>3. Un cop confirmat el pressupost, procedirem a realitzar la traducci\u00f3 jurada per un traductor jurat nomenat pel MAEC. Aquest proc\u00e9s tindr\u00e0 generalment un termini m\u00ednim de 2 a 3 dies laborables.<\/p>\n<p>4. Mentre realitzem la traducci\u00f3 jurada en portugu\u00e8s, demanarem cita pr\u00e8via al MAEC, per a aix\u00f2 necessitarem que ens faciliti:<br \/>&#8211; Nom i cognoms del titular del document.<br \/>&#8211; Data d&#8217;expedici\u00f3 del document.<\/p>\n<p>De mitjana el termini actual per tramitar la legalitzaci\u00f3 d&#8217;un document en portugu\u00e8s pel MAEC sol ser de 2 a 3 dies laborables. Aquesta espera es deu a l&#8217;obtenci\u00f3 de la cita pr\u00e8via m\u00e9s que a la legalitzaci\u00f3 en ella mateixa.<\/p>\n<p>5. Finalitzada la traducci\u00f3 jurada, portarem aquesta al costat de l&#8217;original del document per procedir amb la seva legalitzaci\u00f3 en el MAEC.<\/p>\n<p>6. A partir d&#8217;aquest moment podr\u00e0 recollir els seus documents tradu\u00efts i degudament legalitzats directament a les nostres oficines, o si ho prefereix, procedirem a enviar-li els seus documents (original, traducci\u00f3 jurada i legalitzada) per missatgeria a qualsevol lloc d&#8217;Espanya.<\/p>\n<p>[\/et_pb_text][\/et_pb_column][\/et_pb_row][\/et_pb_section][et_pb_section fb_built=&#8221;1&#8243; admin_label=&#8221;Contact Form Section&#8221; _builder_version=&#8221;4.6.3&#8243; background_color=&#8221;rgba(0,0,0,0)&#8221; background_image=&#8221;http:\/\/mondoagit.com\/wp-content\/uploads\/2021\/06\/bench.jpg&#8221; custom_padding=&#8221;37px||8px||false|false&#8221; animation_style=&#8221;zoom&#8221; animation_direction=&#8221;bottom&#8221; animation_intensity_zoom=&#8221;10%&#8221; saved_tabs=&#8221;all&#8221; global_colors_info=&#8221;{}&#8221;][et_pb_row admin_label=&#8221;Service Section Title&#8221; _builder_version=&#8221;4.6.3&#8243; width=&#8221;90%&#8221; custom_margin=&#8221;||40px|&#8221; animation_style=&#8221;fade&#8221; locked=&#8221;off&#8221; global_colors_info=&#8221;{}&#8221;][et_pb_column type=&#8221;4_4&#8243; _builder_version=&#8221;3.25&#8243; custom_padding=&#8221;|||&#8221; global_colors_info=&#8221;{}&#8221; custom_padding__hover=&#8221;|||&#8221;][et_pb_text admin_label=&#8221;Title&#8221; _builder_version=&#8221;4.6.3&#8243; text_font=&#8221;Montserrat||||||||&#8221; text_text_color=&#8221;#747d88&#8243; text_font_size=&#8221;16px&#8221; text_line_height=&#8221;1.9em&#8221; header_font=&#8221;||||||||&#8221; header_2_font=&#8221;Montserrat|700||on|||||&#8221; header_2_font_size=&#8221;42px&#8221; header_2_line_height=&#8221;1.3em&#8221; background_size=&#8221;initial&#8221; background_position=&#8221;top_left&#8221; background_repeat=&#8221;repeat&#8221; text_orientation=&#8221;center&#8221; max_width=&#8221;800px&#8221; module_alignment=&#8221;center&#8221; animation_style=&#8221;slide&#8221; animation_direction=&#8221;bottom&#8221; animation_intensity_slide=&#8221;4%&#8221; global_colors_info=&#8221;{}&#8221;]<\/p>\n<h2><span style=\"color: #fff;\">Disponibles en tots els idiomes,<br \/>\na tot arreu<\/span><\/h2>\n<p>[\/et_pb_text][et_pb_button button_url=&#8221;http:\/\/mondoagit.com\/ca\/agencia-de-traduccio-mondo-agit\/contacte\/&#8221; button_text=&#8221;Contacti&#8217;ns&#8221; button_alignment=&#8221;center&#8221; _builder_version=&#8221;4.14.0&#8243; _module_preset=&#8221;default&#8221; custom_button=&#8221;on&#8221; button_text_color=&#8221;#ffffff&#8221; hover_enabled=&#8221;0&#8243; global_colors_info=&#8221;{}&#8221; sticky_enabled=&#8221;0&#8243;][\/et_pb_button][\/et_pb_column][\/et_pb_row][\/et_pb_section][et_pb_section fb_built=&#8221;1&#8243; _builder_version=&#8221;4.6.3&#8243; _module_preset=&#8221;default&#8221; locked=&#8221;off&#8221; global_colors_info=&#8221;{}&#8221;][et_pb_row use_custom_gutter=&#8221;on&#8221; _builder_version=&#8221;4.6.3&#8243; _module_preset=&#8221;default&#8221; width=&#8221;100%&#8221; max_width=&#8221;1200px&#8221; module_alignment=&#8221;center&#8221; global_colors_info=&#8221;{}&#8221;][et_pb_column type=&#8221;4_4&#8243; _builder_version=&#8221;4.6.3&#8243; _module_preset=&#8221;default&#8221; global_colors_info=&#8221;{}&#8221;][et_pb_text admin_label=&#8221;Title&#8221; _builder_version=&#8221;4.6.3&#8243; text_font=&#8221;Montserrat||||||||&#8221; text_text_color=&#8221;#747d88&#8243; text_font_size=&#8221;16px&#8221; text_line_height=&#8221;1.9em&#8221; header_font=&#8221;||||||||&#8221; header_text_align=&#8221;left&#8221; header_2_font=&#8221;Montserrat|700||on|||||&#8221; header_2_font_size=&#8221;42px&#8221; header_2_line_height=&#8221;1.3em&#8221; text_orientation=&#8221;center&#8221; max_width=&#8221;1400px&#8221; module_alignment=&#8221;center&#8221; animation_style=&#8221;slide&#8221; animation_direction=&#8221;bottom&#8221; animation_intensity_slide=&#8221;4%&#8221; locked=&#8221;off&#8221; global_colors_info=&#8221;{}&#8221;]<\/p>\n<h2 style=\"text-align: center;\">Alguns clients satisfets:<\/h2>\n<p>[\/et_pb_text][et_pb_gallery gallery_ids=&#8221;2581,2575,2578,2587&#8243; gallery_orderby=&#8221;rand&#8221; orientation=&#8221;portrait&#8221; show_title_and_caption=&#8221;off&#8221; show_pagination=&#8221;off&#8221; _builder_version=&#8221;4.6.3&#8243; _module_preset=&#8221;default&#8221; width=&#8221;100%&#8221; max_width=&#8221;80%&#8221; module_alignment=&#8221;center&#8221; global_colors_info=&#8221;{}&#8221;][\/et_pb_gallery][et_pb_gallery gallery_ids=&#8221;2590,2599,2602,2605&#8243; gallery_orderby=&#8221;rand&#8221; orientation=&#8221;portrait&#8221; show_title_and_caption=&#8221;off&#8221; show_pagination=&#8221;off&#8221; _builder_version=&#8221;4.6.3&#8243; _module_preset=&#8221;default&#8221; width=&#8221;100%&#8221; max_width=&#8221;80%&#8221; module_alignment=&#8221;center&#8221; global_colors_info=&#8221;{}&#8221;][\/et_pb_gallery][\/et_pb_column][\/et_pb_row][\/et_pb_section]<\/p>\n","protected":false},"excerpt":{"rendered":"<p>Necessita un pressupost gratu\u00eft i sense comprom\u00eds? &nbsp;Legalitzaci\u00f3 de documents en portugu\u00e8s Mondo Agit ofereix als seus clients la possibilitat de contractar, de manera addicional a la traducci\u00f3 jurada de portugu\u00e8s, el servei de legalitzaci\u00f3 de documents en portugu\u00e8s. Si desitja contractar aquest servei addicional, haur\u00e0 d&#8217;avisar d&#8217;aix\u00f2 durant la fase de petici\u00f3 de pressupost [&hellip;]<\/p>\n","protected":false},"author":6,"featured_media":0,"parent":4372,"menu_order":0,"comment_status":"closed","ping_status":"closed","template":"","meta":{"_et_pb_use_builder":"on","_et_pb_old_content":"","_et_gb_content_width":"","om_disable_all_campaigns":false,"_monsterinsights_skip_tracking":false,"_monsterinsights_sitenote_active":false,"_monsterinsights_sitenote_note":"","_monsterinsights_sitenote_category":0,"footnotes":""},"class_list":["post-4396","page","type-page","status-publish","hentry"],"aioseo_notices":[],"_links":{"self":[{"href":"https:\/\/mondoagit.com\/ca\/wp-json\/wp\/v2\/pages\/4396","targetHints":{"allow":["GET"]}}],"collection":[{"href":"https:\/\/mondoagit.com\/ca\/wp-json\/wp\/v2\/pages"}],"about":[{"href":"https:\/\/mondoagit.com\/ca\/wp-json\/wp\/v2\/types\/page"}],"author":[{"embeddable":true,"href":"https:\/\/mondoagit.com\/ca\/wp-json\/wp\/v2\/users\/6"}],"replies":[{"embeddable":true,"href":"https:\/\/mondoagit.com\/ca\/wp-json\/wp\/v2\/comments?post=4396"}],"version-history":[{"count":5,"href":"https:\/\/mondoagit.com\/ca\/wp-json\/wp\/v2\/pages\/4396\/revisions"}],"predecessor-version":[{"id":6077,"href":"https:\/\/mondoagit.com\/ca\/wp-json\/wp\/v2\/pages\/4396\/revisions\/6077"}],"up":[{"embeddable":true,"href":"https:\/\/mondoagit.com\/ca\/wp-json\/wp\/v2\/pages\/4372"}],"wp:attachment":[{"href":"https:\/\/mondoagit.com\/ca\/wp-json\/wp\/v2\/media?parent=4396"}],"curies":[{"name":"wp","href":"https:\/\/api.w.org\/{rel}","templated":true}]}}