{"id":4408,"date":"2021-12-20T13:36:03","date_gmt":"2021-12-20T12:36:03","guid":{"rendered":"http:\/\/temp.mondoagit.com\/mes-serveis\/servei-de-subtitulacio\/"},"modified":"2022-01-18T11:07:45","modified_gmt":"2022-01-18T10:07:45","slug":"servei-de-subtitulacio","status":"publish","type":"page","link":"https:\/\/mondoagit.com\/ca\/mes-serveis\/servei-de-subtitulacio\/","title":{"rendered":"Servei de subtitulaci\u00f3"},"content":{"rendered":"<p>[et_pb_section fb_built=&#8221;1&#8243; admin_label=&#8221;Fun Fact Section&#8221; _builder_version=&#8221;4.6.3&#8243; background_color=&#8221;#ffb141&#8243; min_height=&#8221;200px&#8221; custom_margin=&#8221;|||&#8221; custom_padding=&#8221;||||false|false&#8221; global_colors_info=&#8221;{}&#8221;][et_pb_row _builder_version=&#8221;4.6.3&#8243; _module_preset=&#8221;default&#8221; global_colors_info=&#8221;{}&#8221;][et_pb_column type=&#8221;4_4&#8243; _builder_version=&#8221;4.6.3&#8243; _module_preset=&#8221;default&#8221; global_colors_info=&#8221;{}&#8221;][et_pb_text _builder_version=&#8221;4.6.3&#8243; _module_preset=&#8221;default&#8221; text_text_color=&#8221;#ffffff&#8221; header_text_color=&#8221;#ffffff&#8221; header_2_text_color=&#8221;#ffffff&#8221; header_3_text_color=&#8221;#ffffff&#8221; text_orientation=&#8221;center&#8221; global_colors_info=&#8221;{}&#8221;]<\/p>\n<h2 class=\"call-to-action-1-text\"><strong>Necessita un pressupost gratu\u00eft i sense comprom\u00eds?<\/strong><\/h2>\n<p><strong><\/strong><\/p>\n<p>[\/et_pb_text][et_pb_button button_url=&#8221;http:\/\/mondoagit.com\/ca\/agencia-de-traduccio-mondo-agit\/contacte\/&#8221; button_text=&#8221;sol\u00b7liciti pressupost&#8221; button_alignment=&#8221;center&#8221; _builder_version=&#8221;4.14.0&#8243; _module_preset=&#8221;default&#8221; custom_button=&#8221;on&#8221; button_text_color=&#8221;#ffffff&#8221; global_colors_info=&#8221;{}&#8221;][\/et_pb_button][\/et_pb_column][\/et_pb_row][\/et_pb_section][et_pb_section fb_built=&#8221;1&#8243; admin_label=&#8221;Service Section&#8221; _builder_version=&#8221;3.22&#8243; custom_margin=&#8221;|||&#8221; custom_padding=&#8221;74px||52px|||&#8221; global_colors_info=&#8221;{}&#8221;][et_pb_row column_structure=&#8221;1_2,1_2&#8243; _builder_version=&#8221;4.11.1&#8243; _module_preset=&#8221;default&#8221; global_colors_info=&#8221;{}&#8221;][et_pb_column type=&#8221;1_2&#8243; _builder_version=&#8221;4.11.1&#8243; _module_preset=&#8221;default&#8221; global_colors_info=&#8221;{}&#8221;][et_pb_text admin_label=&#8221;Subtitle&#8221; _builder_version=&#8221;4.11.1&#8243; text_font=&#8221;Montserrat||||&#8221; text_text_color=&#8221;#747d88&#8243; text_font_size=&#8221;16px&#8221; text_line_height=&#8221;1.8em&#8221; header_font=&#8221;||||||||&#8221; module_alignment=&#8221;left&#8221; custom_margin=&#8221;|||&#8221; custom_padding=&#8221;||||false|false&#8221; animation_style=&#8221;slide&#8221; animation_direction=&#8221;bottom&#8221; animation_delay=&#8221;100ms&#8221; animation_intensity_slide=&#8221;4%&#8221; locked=&#8221;off&#8221; global_colors_info=&#8221;{}&#8221;]<\/p>\n<h1>Servei de subtitulat<\/h1>\n<p>[\/et_pb_text][et_pb_text admin_label=&#8221;Subtitle&#8221; _builder_version=&#8221;4.11.1&#8243; text_font=&#8221;Montserrat||||&#8221; text_text_color=&#8221;#747d88&#8243; text_font_size=&#8221;16px&#8221; text_line_height=&#8221;1.8em&#8221; header_font=&#8221;||||||||&#8221; module_alignment=&#8221;left&#8221; custom_margin=&#8221;|||&#8221; custom_padding=&#8221;||||false|false&#8221; animation_style=&#8221;slide&#8221; animation_direction=&#8221;bottom&#8221; animation_delay=&#8221;100ms&#8221; animation_intensity_slide=&#8221;4%&#8221; locked=&#8221;off&#8221; global_colors_info=&#8221;{}&#8221;]<\/p>\n<p>L&#8217;ag\u00e8ncia MondoAgit ofereix els seus serveis de subtitulaci\u00f3 o subtitulat per a tot tipus de v\u00eddeos i presentacions d&#8217;empresa des de o als idiomes que requereixi, com ara l&#8217;angl\u00e8s, l&#8217;alemany, el franc\u00e8s, l&#8217;itali\u00e0 o l&#8217;espanyol.<\/p>\n<p>Se sol utilitzar la t\u00e8cnica del subtitulat quan el v\u00eddeo est\u00e0 en un idioma que el p\u00fablic o una part del p\u00fablic (b\u00e9 perqu\u00e8 desconeix l&#8217;idioma, b\u00e9 per necessitats especials) no ent\u00e9n i quan per q\u00fcestions d&#8217;estil o preu no es vol doblar un v\u00eddeo.<\/p>\n<p>Funcionament:<\/p>\n<ul>\n<li>Si la seva empresa vol contractar el servei de subtitulaci\u00f3, nom\u00e9s haur\u00e0 d&#8217;enviar per internet o per missatger el v\u00eddeo sobre el qual s&#8217;hagi de treballar de manera que puguem elaborar un pressupost.<\/li>\n<li>Un cop acceptat el pressupost, els nostres traductors professionals especialitzats en la subtitulaci\u00f3 s&#8217;encarregaran de traduir i escur\u00e7ar els textos segons les regles i t\u00e8cniques de la subtitulaci\u00f3. Per descomptat, treballem sempre amb traductors i revisors nadius.<\/li>\n<li>Finalment, quan els nostres t\u00e8cnics hagin incl\u00f2s els subt\u00edtols al v\u00eddeo de la forma adequada i el traductor o corrector hagi revisat la feina, li farem arribar els arxius per internet o mitjan\u00e7ant un servei de missatgeria.<\/li>\n<\/ul>\n<p>[\/et_pb_text][\/et_pb_column][et_pb_column type=&#8221;1_2&#8243; _builder_version=&#8221;4.11.1&#8243; _module_preset=&#8221;default&#8221; global_colors_info=&#8221;{}&#8221;][et_pb_text admin_label=&#8221;Subtitle&#8221; _builder_version=&#8221;4.11.1&#8243; text_font=&#8221;Montserrat||||&#8221; text_text_color=&#8221;#747d88&#8243; text_font_size=&#8221;16px&#8221; text_line_height=&#8221;1.8em&#8221; header_font=&#8221;||||||||&#8221; module_alignment=&#8221;left&#8221; custom_margin=&#8221;|||&#8221; custom_padding=&#8221;||||false|false&#8221; animation_style=&#8221;slide&#8221; animation_direction=&#8221;bottom&#8221; animation_delay=&#8221;100ms&#8221; animation_intensity_slide=&#8221;4%&#8221; locked=&#8221;off&#8221; global_colors_info=&#8221;{}&#8221;]<\/p>\n<p><img loading=\"lazy\" decoding=\"async\" src=\"http:\/\/mondoagit.com\/wp-content\/uploads\/2021\/10\/subtitulado_2.jpg\" alt=\"\" class=\"wp-image-1341 aligncenter size-full\" width=\"500\" height=\"375\" srcset=\"http:\/\/mondoagit.com\/wp-content\/uploads\/2021\/10\/subtitulado_2.jpg 500w, http:\/\/mondoagit.com\/wp-content\/uploads\/2021\/10\/subtitulado_2-480x360.jpg 480w\" sizes=\"(min-width: 0px) and (max-width: 480px) 480px, (min-width: 481px) 500px, 100vw\" \/><\/p>\n<p>Oferim els nostres serveis de subtitulat en tots els idiomes comuns.<\/p>\n<p><a href=\"http:\/\/mondoagit.com\/ca\/tarifes\/idiomes\/\">Idiomes de treball<\/a> a MondoAgit.<\/p>\n<p>[\/et_pb_text][\/et_pb_column][\/et_pb_row][et_pb_row column_structure=&#8221;1_3,1_3,1_3&#8243; _builder_version=&#8221;4.11.1&#8243; _module_preset=&#8221;default&#8221; global_colors_info=&#8221;{}&#8221;][et_pb_column type=&#8221;1_3&#8243; _builder_version=&#8221;4.11.1&#8243; _module_preset=&#8221;default&#8221; global_colors_info=&#8221;{}&#8221;][et_pb_text admin_label=&#8221;Subtitle&#8221; _builder_version=&#8221;4.11.1&#8243; text_font=&#8221;Montserrat||||&#8221; text_text_color=&#8221;#747d88&#8243; text_font_size=&#8221;16px&#8221; text_line_height=&#8221;1.8em&#8221; header_font=&#8221;||||||||&#8221; module_alignment=&#8221;left&#8221; custom_margin=&#8221;|||&#8221; custom_padding=&#8221;||||false|false&#8221; animation_style=&#8221;slide&#8221; animation_direction=&#8221;bottom&#8221; animation_delay=&#8221;100ms&#8221; animation_intensity_slide=&#8221;4%&#8221; locked=&#8221;off&#8221; global_colors_info=&#8221;{}&#8221;]<\/p>\n<h2>Informaci\u00f3 general sobre el subtitulat<\/h2>\n<p>[\/et_pb_text][et_pb_text admin_label=&#8221;Subtitle&#8221; _builder_version=&#8221;4.11.1&#8243; text_font=&#8221;Montserrat||||&#8221; text_text_color=&#8221;#747d88&#8243; text_font_size=&#8221;16px&#8221; text_line_height=&#8221;1.8em&#8221; header_font=&#8221;||||||||&#8221; module_alignment=&#8221;left&#8221; custom_margin=&#8221;|||&#8221; custom_padding=&#8221;||||false|false&#8221; animation_style=&#8221;slide&#8221; animation_direction=&#8221;bottom&#8221; animation_delay=&#8221;100ms&#8221; animation_intensity_slide=&#8221;4%&#8221; locked=&#8221;off&#8221; global_colors_info=&#8221;{}&#8221;]<\/p>\n<p>Un subt\u00edtol \u00e9s un text que apareix a la part inferior d&#8217;una imatge, aportant informaci\u00f3 addicional sobre la mateixa o traduint una narraci\u00f3 o di\u00e0leg condu\u00eft en un idioma estranger.<\/p>\n<p>Hi ha una eterna pol\u00e8mica sobre que \u00e9s millor i que \u00e9s pitjor, si el doblatge o la subtitulaci\u00f3. B\u00e9, aqu\u00ed pensem que dep\u00e8n de cada cas espec\u00edfic, de com vulguem transmetre la informaci\u00f3.<\/p>\n<p>A favor dels subt\u00edtols es troba el fet que aix\u00ed es respecta la locuci\u00f3 original de l&#8217;actor \/ orador i es permet que tamb\u00e9 les persones amb discapacitat auditiva tinguin acc\u00e9s a tota la informaci\u00f3. En contra, evidentment, la invasi\u00f3 de l&#8217;espai gr\u00e0fic en pantalla i la conseq\u00fcent desviaci\u00f3 de l&#8217;atenci\u00f3 prestada a les imatges.<\/p>\n<p>Subtitular un v\u00eddeo no consisteix simplement en la traducci\u00f3 del mateix. El traductor ha de sintetitzar, adaptar o suprimir molts elements ret\u00f2rics connaturals a la parla: marcadors de discurs, titubejos, accents de tipus regional o social, localismes i dialectalismes o ironia pr\u00f2pies d&#8217;un personatge, circumlocucions intencionades, el\u00b7lipsi, omissions, etc\u00e8tera.<\/p>\n<p>[\/et_pb_text][\/et_pb_column][et_pb_column type=&#8221;1_3&#8243; _builder_version=&#8221;4.11.1&#8243; _module_preset=&#8221;default&#8221; global_colors_info=&#8221;{}&#8221;][et_pb_text admin_label=&#8221;Subtitle&#8221; _builder_version=&#8221;4.11.1&#8243; text_font=&#8221;Montserrat||||&#8221; text_text_color=&#8221;#747d88&#8243; text_font_size=&#8221;16px&#8221; text_line_height=&#8221;1.8em&#8221; header_font=&#8221;||||||||&#8221; module_alignment=&#8221;left&#8221; custom_margin=&#8221;|||&#8221; custom_padding=&#8221;||||false|false&#8221; animation_style=&#8221;slide&#8221; animation_direction=&#8221;bottom&#8221; animation_delay=&#8221;100ms&#8221; animation_intensity_slide=&#8221;4%&#8221; locked=&#8221;off&#8221; global_colors_info=&#8221;{}&#8221;]<img loading=\"lazy\" decoding=\"async\" src=\"http:\/\/mondoagit.com\/wp-content\/uploads\/2021\/10\/Subtitles_German.jpg\" alt=\"\" class=\"wp-image-1342 aligncenter size-full\" width=\"500\" height=\"281\" srcset=\"http:\/\/mondoagit.com\/wp-content\/uploads\/2021\/10\/Subtitles_German.jpg 500w, http:\/\/mondoagit.com\/wp-content\/uploads\/2021\/10\/Subtitles_German-480x270.jpg 480w\" sizes=\"(min-width: 0px) and (max-width: 480px) 480px, (min-width: 481px) 500px, 100vw\" \/><\/p>\n<p>En funci\u00f3 de la pel\u00b7l\u00edcula i l&#8217;abund\u00e0ncia del text, la minva en el subtitulat pot arribar a ser de fins a un 75% de les paraules, que no del missatge. Precisament en aix\u00f2 consisteix la tasca principal de l&#8217;expert en la subtitulaci\u00f3, aconseguir transmetre el missatge reduint notablement les paraules necess\u00e0ries per expressar-lo.<\/p>\n<p>Encara que no tots els professionals del subtitulat treballin de la mateixa manera, l&#8217;habitual \u00e9s fer una traducci\u00f3 natural del text i, despr\u00e9s d&#8217;una lectura anal\u00edtica, es comen\u00e7a a sintetitzar suprimint aquells elements que permetin adequar la traducci\u00f3 fins encaixar-la en el nombre de car\u00e0cters \u00f2ptim.[\/et_pb_text][\/et_pb_column][et_pb_column type=&#8221;1_3&#8243; _builder_version=&#8221;4.11.1&#8243; _module_preset=&#8221;default&#8221; global_colors_info=&#8221;{}&#8221;][et_pb_text admin_label=&#8221;Subtitle&#8221; _builder_version=&#8221;4.11.1&#8243; text_font=&#8221;Montserrat||||&#8221; text_text_color=&#8221;#747d88&#8243; text_font_size=&#8221;16px&#8221; text_line_height=&#8221;1.8em&#8221; header_font=&#8221;||||||||&#8221; module_alignment=&#8221;left&#8221; custom_margin=&#8221;|||&#8221; custom_padding=&#8221;||||false|false&#8221; animation_style=&#8221;slide&#8221; animation_direction=&#8221;bottom&#8221; animation_delay=&#8221;100ms&#8221; animation_intensity_slide=&#8221;4%&#8221; locked=&#8221;off&#8221; global_colors_info=&#8221;{}&#8221;]<\/p>\n<h2>M\u00e8tode del subtitulat<\/h2>\n<p>[\/et_pb_text][et_pb_text admin_label=&#8221;Subtitle&#8221; _builder_version=&#8221;4.11.1&#8243; text_font=&#8221;Montserrat||||&#8221; text_text_color=&#8221;#747d88&#8243; text_font_size=&#8221;16px&#8221; text_line_height=&#8221;1.8em&#8221; header_font=&#8221;||||||||&#8221; module_alignment=&#8221;left&#8221; custom_margin=&#8221;|||&#8221; custom_padding=&#8221;||||false|false&#8221; animation_style=&#8221;slide&#8221; animation_direction=&#8221;bottom&#8221; animation_delay=&#8221;100ms&#8221; animation_intensity_slide=&#8221;4%&#8221; locked=&#8221;off&#8221; global_colors_info=&#8221;{}&#8221;]<\/p>\n<p>El m\u00e8tode per a subtitular podria dividir-se en tres parts:<\/p>\n<ul>\n<li>En primer lloc s&#8217;eliminen pleonasmes, redund\u00e0ncies, titubejos, interjeccions i tot tipus d&#8217;elements superflus que no modifiquin en absolut el sentit del missatge; en tot cas la seva eliminaci\u00f3 pot minvar parcialment el mat\u00eds del missatge (el seu car\u00e0cter emf\u00e0tic, ir\u00f2nic, col\u00b7loquial &#8230;).<\/li>\n<li>En segon lloc, se suprimeixen i s&#8217;abreugen parts de les oracions que es puguin sobreentendre perqu\u00e8 l&#8217;espectador disposa d&#8217;una informaci\u00f3 visual o contextual que supleix aquesta car\u00e8ncia.<\/li>\n<li>Finalment, i en \u00faltim extrem, s&#8217;incideix en el nucli mateix de l&#8217;oraci\u00f3: aqu\u00ed pot ser necessari variar la conjugaci\u00f3 verbal i ubicaci\u00f3 del verb, la sintaxi de la frase, incloure vocables m\u00e9s breus amb el mateix significat o similar, i ometre predicats o subjectes per a ser substitu\u00efts per breus refer\u00e8ncies directes en tercera persona a conceptes o persones que apareixen en pantalla, entre d&#8217;altres.<\/li>\n<\/ul>\n<p>[\/et_pb_text][\/et_pb_column][\/et_pb_row][\/et_pb_section][et_pb_section fb_built=&#8221;1&#8243; admin_label=&#8221;Contact Form Section&#8221; _builder_version=&#8221;4.6.3&#8243; background_color=&#8221;rgba(0,0,0,0)&#8221; background_image=&#8221;http:\/\/mondoagit.com\/wp-content\/uploads\/2021\/06\/bench.jpg&#8221; custom_padding=&#8221;37px||8px||false|false&#8221; animation_style=&#8221;zoom&#8221; animation_direction=&#8221;bottom&#8221; animation_intensity_zoom=&#8221;10%&#8221; saved_tabs=&#8221;all&#8221; global_colors_info=&#8221;{}&#8221;][et_pb_row admin_label=&#8221;Service Section Title&#8221; _builder_version=&#8221;4.6.3&#8243; width=&#8221;90%&#8221; custom_margin=&#8221;||40px|&#8221; animation_style=&#8221;fade&#8221; locked=&#8221;off&#8221; global_colors_info=&#8221;{}&#8221;][et_pb_column type=&#8221;4_4&#8243; _builder_version=&#8221;3.25&#8243; custom_padding=&#8221;|||&#8221; global_colors_info=&#8221;{}&#8221; custom_padding__hover=&#8221;|||&#8221;][et_pb_text admin_label=&#8221;Title&#8221; _builder_version=&#8221;4.6.3&#8243; text_font=&#8221;Montserrat||||||||&#8221; text_text_color=&#8221;#747d88&#8243; text_font_size=&#8221;16px&#8221; text_line_height=&#8221;1.9em&#8221; header_font=&#8221;||||||||&#8221; header_2_font=&#8221;Montserrat|700||on|||||&#8221; header_2_font_size=&#8221;42px&#8221; header_2_line_height=&#8221;1.3em&#8221; background_size=&#8221;initial&#8221; background_position=&#8221;top_left&#8221; background_repeat=&#8221;repeat&#8221; text_orientation=&#8221;center&#8221; max_width=&#8221;800px&#8221; module_alignment=&#8221;center&#8221; animation_style=&#8221;slide&#8221; animation_direction=&#8221;bottom&#8221; animation_intensity_slide=&#8221;4%&#8221; global_colors_info=&#8221;{}&#8221;]<\/p>\n<h2><span style=\"color: #fff;\">Disponibles en tots els idiomes,<br \/>\na tot arreu<\/span><\/h2>\n<p>[\/et_pb_text][et_pb_button button_url=&#8221;http:\/\/mondoagit.com\/ca\/agencia-de-traduccio-mondo-agit\/contacte\/&#8221; button_text=&#8221;Contacti&#8217;ns&#8221; button_alignment=&#8221;center&#8221; _builder_version=&#8221;4.14.0&#8243; _module_preset=&#8221;default&#8221; custom_button=&#8221;on&#8221; button_text_color=&#8221;#ffffff&#8221; hover_enabled=&#8221;0&#8243; global_colors_info=&#8221;{}&#8221; sticky_enabled=&#8221;0&#8243;][\/et_pb_button][\/et_pb_column][\/et_pb_row][\/et_pb_section][et_pb_section fb_built=&#8221;1&#8243; _builder_version=&#8221;4.6.3&#8243; _module_preset=&#8221;default&#8221; locked=&#8221;off&#8221; global_colors_info=&#8221;{}&#8221;][et_pb_row use_custom_gutter=&#8221;on&#8221; _builder_version=&#8221;4.6.3&#8243; _module_preset=&#8221;default&#8221; width=&#8221;100%&#8221; max_width=&#8221;1200px&#8221; module_alignment=&#8221;center&#8221; global_colors_info=&#8221;{}&#8221;][et_pb_column type=&#8221;4_4&#8243; _builder_version=&#8221;4.6.3&#8243; _module_preset=&#8221;default&#8221; global_colors_info=&#8221;{}&#8221;][et_pb_text admin_label=&#8221;Title&#8221; _builder_version=&#8221;4.6.3&#8243; text_font=&#8221;Montserrat||||||||&#8221; text_text_color=&#8221;#747d88&#8243; text_font_size=&#8221;16px&#8221; text_line_height=&#8221;1.9em&#8221; header_font=&#8221;||||||||&#8221; header_text_align=&#8221;left&#8221; header_2_font=&#8221;Montserrat|700||on|||||&#8221; header_2_font_size=&#8221;42px&#8221; header_2_line_height=&#8221;1.3em&#8221; text_orientation=&#8221;center&#8221; max_width=&#8221;1400px&#8221; module_alignment=&#8221;center&#8221; animation_style=&#8221;slide&#8221; animation_direction=&#8221;bottom&#8221; animation_intensity_slide=&#8221;4%&#8221; locked=&#8221;off&#8221; global_colors_info=&#8221;{}&#8221;]<\/p>\n<h2 style=\"text-align: center;\">Alguns clients satisfets:<\/h2>\n<p>[\/et_pb_text][et_pb_gallery gallery_ids=&#8221;2581,2575,2578,2587&#8243; gallery_orderby=&#8221;rand&#8221; orientation=&#8221;portrait&#8221; show_title_and_caption=&#8221;off&#8221; show_pagination=&#8221;off&#8221; _builder_version=&#8221;4.6.3&#8243; _module_preset=&#8221;default&#8221; width=&#8221;100%&#8221; max_width=&#8221;80%&#8221; module_alignment=&#8221;center&#8221; global_colors_info=&#8221;{}&#8221;][\/et_pb_gallery][et_pb_gallery gallery_ids=&#8221;2590,2599,2602,2605&#8243; gallery_orderby=&#8221;rand&#8221; orientation=&#8221;portrait&#8221; show_title_and_caption=&#8221;off&#8221; show_pagination=&#8221;off&#8221; _builder_version=&#8221;4.6.3&#8243; _module_preset=&#8221;default&#8221; width=&#8221;100%&#8221; max_width=&#8221;80%&#8221; module_alignment=&#8221;center&#8221; global_colors_info=&#8221;{}&#8221;][\/et_pb_gallery][\/et_pb_column][\/et_pb_row][\/et_pb_section]<\/p>\n","protected":false},"excerpt":{"rendered":"<p>Necessita un pressupost gratu\u00eft i sense comprom\u00eds? Servei de subtitulatL&#8217;ag\u00e8ncia MondoAgit ofereix els seus serveis de subtitulaci\u00f3 o subtitulat per a tot tipus de v\u00eddeos i presentacions d&#8217;empresa des de o als idiomes que requereixi, com ara l&#8217;angl\u00e8s, l&#8217;alemany, el franc\u00e8s, l&#8217;itali\u00e0 o l&#8217;espanyol. Se sol utilitzar la t\u00e8cnica del subtitulat quan el v\u00eddeo est\u00e0 [&hellip;]<\/p>\n","protected":false},"author":1,"featured_media":0,"parent":4368,"menu_order":0,"comment_status":"closed","ping_status":"closed","template":"","meta":{"_et_pb_use_builder":"on","_et_pb_old_content":"","_et_gb_content_width":"","om_disable_all_campaigns":false,"_monsterinsights_skip_tracking":false,"_monsterinsights_sitenote_active":false,"_monsterinsights_sitenote_note":"","_monsterinsights_sitenote_category":0,"footnotes":""},"class_list":["post-4408","page","type-page","status-publish","hentry"],"aioseo_notices":[],"_links":{"self":[{"href":"https:\/\/mondoagit.com\/ca\/wp-json\/wp\/v2\/pages\/4408","targetHints":{"allow":["GET"]}}],"collection":[{"href":"https:\/\/mondoagit.com\/ca\/wp-json\/wp\/v2\/pages"}],"about":[{"href":"https:\/\/mondoagit.com\/ca\/wp-json\/wp\/v2\/types\/page"}],"author":[{"embeddable":true,"href":"https:\/\/mondoagit.com\/ca\/wp-json\/wp\/v2\/users\/1"}],"replies":[{"embeddable":true,"href":"https:\/\/mondoagit.com\/ca\/wp-json\/wp\/v2\/comments?post=4408"}],"version-history":[{"count":7,"href":"https:\/\/mondoagit.com\/ca\/wp-json\/wp\/v2\/pages\/4408\/revisions"}],"predecessor-version":[{"id":6060,"href":"https:\/\/mondoagit.com\/ca\/wp-json\/wp\/v2\/pages\/4408\/revisions\/6060"}],"up":[{"embeddable":true,"href":"https:\/\/mondoagit.com\/ca\/wp-json\/wp\/v2\/pages\/4368"}],"wp:attachment":[{"href":"https:\/\/mondoagit.com\/ca\/wp-json\/wp\/v2\/media?parent=4408"}],"curies":[{"name":"wp","href":"https:\/\/api.w.org\/{rel}","templated":true}]}}