{"id":4422,"date":"2021-12-20T13:53:36","date_gmt":"2021-12-20T12:53:36","guid":{"rendered":"http:\/\/temp.mondoagit.com\/tarifes\/formes-de-pagament\/"},"modified":"2022-01-18T12:42:28","modified_gmt":"2022-01-18T11:42:28","slug":"formes-de-pagament","status":"publish","type":"page","link":"https:\/\/mondoagit.com\/ca\/tarifes\/formes-de-pagament\/","title":{"rendered":"Formes de pagament"},"content":{"rendered":"<p>[et_pb_section fb_built=&#8221;1&#8243; admin_label=&#8221;Fun Fact Section&#8221; _builder_version=&#8221;4.6.3&#8243; background_color=&#8221;#ffb141&#8243; min_height=&#8221;200px&#8221; custom_margin=&#8221;|||&#8221; custom_padding=&#8221;||||false|false&#8221; global_colors_info=&#8221;{}&#8221;][et_pb_row _builder_version=&#8221;4.6.3&#8243; _module_preset=&#8221;default&#8221; global_colors_info=&#8221;{}&#8221;][et_pb_column type=&#8221;4_4&#8243; _builder_version=&#8221;4.6.3&#8243; _module_preset=&#8221;default&#8221; global_colors_info=&#8221;{}&#8221;][et_pb_text _builder_version=&#8221;4.6.3&#8243; _module_preset=&#8221;default&#8221; text_text_color=&#8221;#ffffff&#8221; header_text_color=&#8221;#ffffff&#8221; header_2_text_color=&#8221;#ffffff&#8221; header_3_text_color=&#8221;#ffffff&#8221; text_orientation=&#8221;center&#8221; global_colors_info=&#8221;{}&#8221;]<\/p>\n<h2 class=\"call-to-action-1-text\"><strong>Necessita un pressupost gratu\u00eft i sense comprom\u00eds?<\/strong><\/h2>\n<p><strong><\/strong><\/p>\n<p>[\/et_pb_text][et_pb_button button_url=&#8221;http:\/\/mondoagit.com\/ca\/agencia-de-traduccio-mondo-agit\/contacte\/&#8221; button_text=&#8221;sol\u00b7liciti pressupost&#8221; button_alignment=&#8221;center&#8221; _builder_version=&#8221;4.14.0&#8243; _module_preset=&#8221;default&#8221; custom_button=&#8221;on&#8221; button_text_color=&#8221;#ffffff&#8221; hover_enabled=&#8221;0&#8243; global_colors_info=&#8221;{}&#8221; sticky_enabled=&#8221;0&#8243;][\/et_pb_button][\/et_pb_column][\/et_pb_row][\/et_pb_section][et_pb_section fb_built=&#8221;1&#8243; admin_label=&#8221;Feature Section&#8221; _builder_version=&#8221;4.6.3&#8243; custom_margin=&#8221;|||&#8221; custom_padding=&#8221;109px||2px|||&#8221; locked=&#8221;off&#8221; global_colors_info=&#8221;{}&#8221;][et_pb_row _builder_version=&#8221;4.6.3&#8243; _module_preset=&#8221;default&#8221; custom_padding=&#8221;0px|||||&#8221; global_colors_info=&#8221;{}&#8221;][et_pb_column type=&#8221;4_4&#8243; _builder_version=&#8221;4.6.3&#8243; _module_preset=&#8221;default&#8221; global_colors_info=&#8221;{}&#8221;][et_pb_text admin_label=&#8221;Subtitle&#8221; _builder_version=&#8221;4.11.1&#8243; text_font=&#8221;Montserrat||||&#8221; text_text_color=&#8221;#747d88&#8243; text_font_size=&#8221;16px&#8221; text_line_height=&#8221;1.8em&#8221; header_font=&#8221;||||||||&#8221; module_alignment=&#8221;left&#8221; custom_margin=&#8221;|||&#8221; custom_padding=&#8221;||||false|false&#8221; animation_style=&#8221;slide&#8221; animation_direction=&#8221;bottom&#8221; animation_delay=&#8221;100ms&#8221; animation_intensity_slide=&#8221;4%&#8221; locked=&#8221;off&#8221; global_colors_info=&#8221;{}&#8221;]<\/p>\n<h2>Contractar serveis de traducci\u00f3 o interpretaci\u00f3<\/h2>\n<p>[\/et_pb_text][\/et_pb_column][\/et_pb_row][et_pb_row _builder_version=&#8221;4.6.3&#8243; _module_preset=&#8221;default&#8221; custom_padding=&#8221;0px|||||&#8221; global_colors_info=&#8221;{}&#8221;][et_pb_column type=&#8221;4_4&#8243; _builder_version=&#8221;4.6.3&#8243; _module_preset=&#8221;default&#8221; global_colors_info=&#8221;{}&#8221;][et_pb_text admin_label=&#8221;Subtitle&#8221; _builder_version=&#8221;4.11.1&#8243; text_font=&#8221;Montserrat||||&#8221; text_text_color=&#8221;#747d88&#8243; text_font_size=&#8221;16px&#8221; text_line_height=&#8221;1.8em&#8221; header_font=&#8221;||||||||&#8221; module_alignment=&#8221;left&#8221; custom_margin=&#8221;|||&#8221; custom_padding=&#8221;||0px||false|false&#8221; animation_style=&#8221;slide&#8221; animation_direction=&#8221;bottom&#8221; animation_delay=&#8221;100ms&#8221; animation_intensity_slide=&#8221;4%&#8221; locked=&#8221;off&#8221; global_colors_info=&#8221;{}&#8221;]<\/p>\n<p><img loading=\"lazy\" decoding=\"async\" src=\"http:\/\/mondoagit.com\/wp-content\/uploads\/2021\/10\/Verified_Visa.jpg\" alt=\"\" class=\"wp-image-2896 aligncenter size-full\" style=\"float: right;\" width=\"265\" height=\"122\" \/>Podr\u00e0 contractar els serveis de traducci\u00f3 o interpretaci\u00f3 requerits mitjan\u00e7ant qualsevol de les seg\u00fcents alternatives:<\/p>\n<p><strong>1. Per transfer\u00e8ncia banc\u00e0ria.<\/strong><\/p>\n<p><strong>2. Mitjan\u00e7ant targeta de cr\u00e8dit o d\u00e8bit.<\/strong><\/p>\n<p>La modalitat de pagament per TPV Virtual de MongoAgit li permetr\u00e0 realitzar pagaments amb targetes Visa, Visa electr\u00f3n, MasterCard, Maestro, Euro6000 i China Union Pay.<\/p>\n<p>Si voleu pagar amb targeta de cr\u00e8dit o d\u00e8bit, cal que ho comuniqui quan faci la petici\u00f3 de pressupost i rebr\u00e0 un enlla\u00e7 per realitzar el pagament.<\/p>\n<p>Si desea pagar mediante tarjeta de cr\u00e9dito o d\u00e9bito, comun\u00edquenoslo al realizar la petici\u00f3n de presupuesto y recibir\u00e1 un enlace para realizar el pago.<\/p>\n<p><strong>3. En efectiu.<\/strong><\/p>\n<p>Per a aix\u00f2 haur\u00e0 d&#8217;acudir a qualsevol de <a href=\"http:\/\/mondoagit.com\/ca\/agencia-de-traduccio-mondo-agit\/contacte\/\">les nostres oficines<\/a> dins del nostre <a href=\"http:\/\/mondoagit.com\/ca\/agencia-de-traduccio-mondo-agit\/horari-dobertura\/\">horari d&#8217;atenci\u00f3 al client<\/a>.<\/p>\n<p>[\/et_pb_text][\/et_pb_column][\/et_pb_row][\/et_pb_section]<\/p>\n","protected":false},"excerpt":{"rendered":"<p>Necessita un pressupost gratu\u00eft i sense comprom\u00eds? Contractar serveis de traducci\u00f3 o interpretaci\u00f3Podr\u00e0 contractar els serveis de traducci\u00f3 o interpretaci\u00f3 requerits mitjan\u00e7ant qualsevol de les seg\u00fcents alternatives: 1. Per transfer\u00e8ncia banc\u00e0ria. 2. Mitjan\u00e7ant targeta de cr\u00e8dit o d\u00e8bit. La modalitat de pagament per TPV Virtual de MongoAgit li permetr\u00e0 realitzar pagaments amb targetes Visa, Visa [&hellip;]<\/p>\n","protected":false},"author":1,"featured_media":0,"parent":4416,"menu_order":0,"comment_status":"closed","ping_status":"closed","template":"","meta":{"_et_pb_use_builder":"on","_et_pb_old_content":"","_et_gb_content_width":"","om_disable_all_campaigns":false,"_monsterinsights_skip_tracking":false,"_monsterinsights_sitenote_active":false,"_monsterinsights_sitenote_note":"","_monsterinsights_sitenote_category":0,"footnotes":""},"class_list":["post-4422","page","type-page","status-publish","hentry"],"aioseo_notices":[],"_links":{"self":[{"href":"https:\/\/mondoagit.com\/ca\/wp-json\/wp\/v2\/pages\/4422","targetHints":{"allow":["GET"]}}],"collection":[{"href":"https:\/\/mondoagit.com\/ca\/wp-json\/wp\/v2\/pages"}],"about":[{"href":"https:\/\/mondoagit.com\/ca\/wp-json\/wp\/v2\/types\/page"}],"author":[{"embeddable":true,"href":"https:\/\/mondoagit.com\/ca\/wp-json\/wp\/v2\/users\/1"}],"replies":[{"embeddable":true,"href":"https:\/\/mondoagit.com\/ca\/wp-json\/wp\/v2\/comments?post=4422"}],"version-history":[{"count":3,"href":"https:\/\/mondoagit.com\/ca\/wp-json\/wp\/v2\/pages\/4422\/revisions"}],"predecessor-version":[{"id":6092,"href":"https:\/\/mondoagit.com\/ca\/wp-json\/wp\/v2\/pages\/4422\/revisions\/6092"}],"up":[{"embeddable":true,"href":"https:\/\/mondoagit.com\/ca\/wp-json\/wp\/v2\/pages\/4416"}],"wp:attachment":[{"href":"https:\/\/mondoagit.com\/ca\/wp-json\/wp\/v2\/media?parent=4422"}],"curies":[{"name":"wp","href":"https:\/\/api.w.org\/{rel}","templated":true}]}}