{"id":4453,"date":"2021-12-21T12:51:35","date_gmt":"2021-12-21T11:51:35","guid":{"rendered":"http:\/\/temp.mondoagit.com\/traductor-serveis-de-traduccio\/traduccio-especialitzada\/"},"modified":"2022-01-20T12:34:24","modified_gmt":"2022-01-20T11:34:24","slug":"traduccio-especialitzada","status":"publish","type":"page","link":"https:\/\/mondoagit.com\/ca\/traductor-serveis-de-traduccio\/traduccio-especialitzada\/","title":{"rendered":"Traducci\u00f3 especialitzada"},"content":{"rendered":"<p>[et_pb_section fb_built=&#8221;1&#8243; admin_label=&#8221;Fun Fact Section&#8221; _builder_version=&#8221;4.6.3&#8243; background_color=&#8221;#ffb141&#8243; min_height=&#8221;200px&#8221; custom_margin=&#8221;|||&#8221; custom_padding=&#8221;||||false|false&#8221; global_colors_info=&#8221;{}&#8221;][et_pb_row _builder_version=&#8221;4.6.3&#8243; _module_preset=&#8221;default&#8221; global_colors_info=&#8221;{}&#8221;][et_pb_column type=&#8221;4_4&#8243; _builder_version=&#8221;4.6.3&#8243; _module_preset=&#8221;default&#8221; global_colors_info=&#8221;{}&#8221;][et_pb_text _builder_version=&#8221;4.6.3&#8243; _module_preset=&#8221;default&#8221; text_text_color=&#8221;#ffffff&#8221; header_text_color=&#8221;#ffffff&#8221; header_2_text_color=&#8221;#ffffff&#8221; header_3_text_color=&#8221;#ffffff&#8221; text_orientation=&#8221;center&#8221; global_colors_info=&#8221;{}&#8221;]<\/p>\n<h2 class=\"call-to-action-1-text\"><strong>Necessita un pressupost gratu\u00eft i sense comprom\u00eds?<\/strong><\/h2>\n<p>&nbsp;[\/et_pb_text][et_pb_button button_url=&#8221;http:\/\/mondoagit.com\/ca\/agencia-de-traduccio-mondo-agit\/contacte\/&#8221; button_text=&#8221;sol\u00b7liciti pressupost&#8221; button_alignment=&#8221;center&#8221; _builder_version=&#8221;4.14.0&#8243; _module_preset=&#8221;default&#8221; custom_button=&#8221;on&#8221; button_text_color=&#8221;#ffffff&#8221; hover_enabled=&#8221;0&#8243; global_colors_info=&#8221;{}&#8221; sticky_enabled=&#8221;0&#8243;][\/et_pb_button][\/et_pb_column][\/et_pb_row][\/et_pb_section][et_pb_section fb_built=&#8221;1&#8243; admin_label=&#8221;Feature Section&#8221; _builder_version=&#8221;4.6.3&#8243; custom_margin=&#8221;|||&#8221; custom_padding=&#8221;109px||2px|||&#8221; locked=&#8221;off&#8221; global_colors_info=&#8221;{}&#8221;][et_pb_row _builder_version=&#8221;4.6.3&#8243; _module_preset=&#8221;default&#8221; custom_padding=&#8221;0px|||||&#8221; global_colors_info=&#8221;{}&#8221;][et_pb_column type=&#8221;4_4&#8243; _builder_version=&#8221;4.6.3&#8243; _module_preset=&#8221;default&#8221; global_colors_info=&#8221;{}&#8221;][et_pb_text admin_label=&#8221;Subtitle&#8221; _builder_version=&#8221;4.11.1&#8243; text_font=&#8221;Montserrat||||&#8221; text_text_color=&#8221;#747d88&#8243; text_font_size=&#8221;16px&#8221; text_line_height=&#8221;1.8em&#8221; header_font=&#8221;||||||||&#8221; module_alignment=&#8221;left&#8221; custom_margin=&#8221;|||&#8221; custom_padding=&#8221;||||false|false&#8221; animation_style=&#8221;slide&#8221; animation_direction=&#8221;bottom&#8221; animation_delay=&#8221;100ms&#8221; animation_intensity_slide=&#8221;4%&#8221; locked=&#8221;off&#8221; global_colors_info=&#8221;{}&#8221;]<\/p>\n<h2>A la nostra ag\u00e8ncia de traducci\u00f3 realitzem diferents tipus de traducci\u00f3 especialitzada.<\/h2>\n<p>[\/et_pb_text][\/et_pb_column][\/et_pb_row][et_pb_row column_structure=&#8221;3_5,2_5&#8243; _builder_version=&#8221;4.6.3&#8243; _module_preset=&#8221;default&#8221; global_colors_info=&#8221;{}&#8221;][et_pb_column type=&#8221;3_5&#8243; _builder_version=&#8221;4.6.3&#8243; _module_preset=&#8221;default&#8221; global_colors_info=&#8221;{}&#8221;][et_pb_text admin_label=&#8221;Subtitle&#8221; _builder_version=&#8221;4.11.1&#8243; text_font=&#8221;Montserrat||||&#8221; text_text_color=&#8221;#747d88&#8243; text_font_size=&#8221;16px&#8221; text_line_height=&#8221;1.8em&#8221; header_font=&#8221;||||||||&#8221; max_width=&#8221;700px&#8221; module_alignment=&#8221;left&#8221; custom_margin=&#8221;|||&#8221; custom_padding=&#8221;||20px|&#8221; animation_style=&#8221;slide&#8221; animation_direction=&#8221;bottom&#8221; animation_delay=&#8221;100ms&#8221; animation_intensity_slide=&#8221;4%&#8221; locked=&#8221;off&#8221; global_colors_info=&#8221;{}&#8221;]<\/p>\n<p>Tem\u00e0tica:<\/p>\n<ol>\n<li><a href=\"http:\/\/mondoagit.com\/ca\/traductor-serveis-de-traduccio\/traduccio-especialitzada\/traduccio-cientifica\/\">Textos cient\u00edfics<\/a><\/li>\n<li><a href=\"http:\/\/mondoagit.com\/ca\/traductor-serveis-de-traduccio\/traduccio-especialitzada\/traduccio-financera\/\">Textos financers<\/a><\/li>\n<li><a href=\"http:\/\/mondoagit.com\/ca\/traductor-serveis-de-traduccio\/traduccio-especialitzada\/traduccio-juridica\/\">Textos jur\u00eddics<\/a><\/li>\n<li><a href=\"http:\/\/mondoagit.com\/ca\/traductor-serveis-de-traduccio\/traduccio-especialitzada\/traduccio-tecnica\/\">Textos t\u00e8cnics<\/a><\/li>\n<li>Altres temes<\/li>\n<\/ol>\n<p>1. Biologia, ecologia, farmac\u00e8utica, f\u00edsica, gen\u00e8tica, geografia, arqueologia, medicina, nutrici\u00f3, \u00f2ptica, qu\u00edmica, psicologia, veterin\u00e0ria\u2026<\/p>\n<p class=\"bodytext\">2. Comptabilitat, comer\u00e7, banca, balan\u00e7os, borsa, economia general, empresa, finances, inversions, management, m\u00e0rqueting, mem\u00f2ries, publicitat, recursos humans, relacions p\u00fabliques, assegurances, vendes&#8230;<\/p>\n<p class=\"bodytext\">3. Certificats, contractes, copyright, dret civil, dret general, dret mercantil, dret p\u00fablic, dret de societats, diplomes, estatuts, impostos, marques, patents, poders&#8230;<\/p>\n<p class=\"bodytext\">4. Agronomia, aeron\u00e0utica, arquitectura, automobil\u00edstica, camins, construcci\u00f3, electr\u00f2nica, electricitat, energies renovables, maquinari, impremta, ind\u00fastria aeroespacial, ind\u00fastria energ\u00e8tica, ind\u00fastria metal\u2022l\u00fargica, multim\u00e8dia, ind\u00fastria naval, ind\u00fastria petroqu\u00edmica, inform\u00e0tica general, Internet, mec\u00e0nica, mines, programaci\u00f3, SAP, xarxes, rob\u00f2tica, sistemes, programari, telecomunicacions&#8230;<\/p>\n<p class=\"bodytext\"><span style=\"font-size: 16px;\">5. Art, cosm\u00e8tica, divulgaci\u00f3, educaci\u00f3, filosofia, gastronomia, hist\u00f2ria, literatura, m\u00fasica, not\u00edcies, pedagogia, periodisme, publicitat, religi\u00f3, sociologia, turisme, videojocs&#8230;<\/span><\/p>\n<p>[\/et_pb_text][\/et_pb_column][et_pb_column type=&#8221;2_5&#8243; _builder_version=&#8221;4.6.3&#8243; _module_preset=&#8221;default&#8221; global_colors_info=&#8221;{}&#8221;][et_pb_text admin_label=&#8221;Subtitle&#8221; _builder_version=&#8221;4.11.1&#8243; text_font=&#8221;Montserrat||||&#8221; text_text_color=&#8221;#747d88&#8243; text_font_size=&#8221;16px&#8221; text_line_height=&#8221;1.8em&#8221; header_font=&#8221;||||||||&#8221; max_width=&#8221;700px&#8221; module_alignment=&#8221;left&#8221; custom_margin=&#8221;|||&#8221; custom_padding=&#8221;||20px|&#8221; animation_style=&#8221;slide&#8221; animation_direction=&#8221;bottom&#8221; animation_delay=&#8221;100ms&#8221; animation_intensity_slide=&#8221;4%&#8221; locked=&#8221;off&#8221; global_colors_info=&#8221;{}&#8221;]<\/p>\n<p>Tipus de documents:<\/p>\n<ul>\n<li><a href=\"http:\/\/mondoagit.com\/ca\/traductor-serveis-de-traduccio\/traduccio-especialitzada\/traduccio-cientifica\/\">Traducci\u00f3 cient\u00edfica<\/a><\/li>\n<li><a href=\"http:\/\/mondoagit.com\/ca\/traductor-serveis-de-traduccio\/traduccio-especialitzada\/traduccio-de-balanc\/\">Traducci\u00f3 de balan\u00e7<\/a><\/li>\n<li><a href=\"http:\/\/mondoagit.com\/ca\/traductor-serveis-de-traduccio\/traduccio-especialitzada\/traduccio-de-contractes\/\">Traducci\u00f3 de contractes<\/a><\/li>\n<li><a href=\"http:\/\/mondoagit.com\/ca\/traductor-serveis-de-traduccio\/traduccio-especialitzada\/traduccio-de-documents\/\">Traducci\u00f3 de documents<\/a><\/li>\n<li><a href=\"http:\/\/mondoagit.com\/ca\/traductor-serveis-de-traduccio\/traduccio-especialitzada\/traduccio-de-documents-oficials\/\">Traducci\u00f3 de documents oficials<\/a><\/li>\n<li><a href=\"http:\/\/mondoagit.com\/ca\/traductor-serveis-de-traduccio\/traduccio-especialitzada\/traduccio-de-manuals\/\">Traducci\u00f3 de manuals<\/a><\/li>\n<li><a href=\"http:\/\/mondoagit.com\/ca\/traductor-serveis-de-traduccio\/traduccio-especialitzada\/traduccio-de-patents\/\">Traducci\u00f3 de patents<\/a><\/li>\n<li><a href=\"http:\/\/mondoagit.com\/ca\/traductor-serveis-de-traduccio\/traduccio-especialitzada\/traduccio-financera\/\">Traducci\u00f3 financera<\/a><\/li>\n<li><a href=\"http:\/\/mondoagit.com\/ca\/traductor-serveis-de-traduccio\/traduccio-especialitzada\/traduccio-juridica\/\">Traducci\u00f3 jur\u00eddica<\/a><\/li>\n<li><a href=\"http:\/\/mondoagit.com\/ca\/traductor-serveis-de-traduccio\/traduccio-especialitzada\/traduccio-medica\/\">Traducci\u00f3 m\u00e8dica<\/a><\/li>\n<li><a href=\"http:\/\/mondoagit.com\/ca\/traductor-serveis-de-traduccio\/traduccio-especialitzada\/traduccio-de-textos-publicitaris\/\">Traducci\u00f3 de textos publicitaris<\/a><\/li>\n<li><a href=\"http:\/\/mondoagit.com\/ca\/traductor-serveis-de-traduccio\/traduccio-especialitzada\/traduccio-tecnica\/\">Traducci\u00f3 t\u00e8cnica<\/a><\/li>\n<\/ul>\n<p>[\/et_pb_text][\/et_pb_column][\/et_pb_row][et_pb_row _builder_version=&#8221;4.6.3&#8243; _module_preset=&#8221;default&#8221; custom_padding=&#8221;0px|||||&#8221; global_colors_info=&#8221;{}&#8221;][et_pb_column type=&#8221;4_4&#8243; _builder_version=&#8221;4.6.3&#8243; _module_preset=&#8221;default&#8221; global_colors_info=&#8221;{}&#8221;][et_pb_text admin_label=&#8221;Subtitle&#8221; _builder_version=&#8221;4.11.1&#8243; text_font=&#8221;Montserrat||||&#8221; text_text_color=&#8221;#747d88&#8243; text_font_size=&#8221;16px&#8221; text_line_height=&#8221;1.8em&#8221; header_font=&#8221;||||||||&#8221; module_alignment=&#8221;left&#8221; custom_margin=&#8221;|||&#8221; custom_padding=&#8221;||0px||false|false&#8221; animation_style=&#8221;slide&#8221; animation_direction=&#8221;bottom&#8221; animation_delay=&#8221;100ms&#8221; animation_intensity_slide=&#8221;4%&#8221; locked=&#8221;off&#8221; global_colors_info=&#8221;{}&#8221;]<\/p>\n<p>Aquest servei de traducci\u00f3 especialitzada l\u2019oferim tant en traducci\u00f3 <a href=\"http:\/\/mondoagit.com\/ca\/traductor-serveis-de-traduccio\/traduccio-urgent\/\">urgent<\/a> com en <a href=\"http:\/\/mondoagit.com\/ca\/traductor-serveis-de-traduccio\/traductor-jurat\/\">traducci\u00f3 jurada<\/a> i <a href=\"http:\/\/mondoagit.com\/ca\/traductor-serveis-de-traduccio\/traduccio-de-textos\/\">no jurada<\/a> en la majoria dels idiomes m\u00e9s estesos.<\/p>\n<p>[\/et_pb_text][\/et_pb_column][\/et_pb_row][\/et_pb_section]<\/p>\n","protected":false},"excerpt":{"rendered":"<p>Necessita un pressupost gratu\u00eft i sense comprom\u00eds? &nbsp;A la nostra ag\u00e8ncia de traducci\u00f3 realitzem diferents tipus de traducci\u00f3 especialitzada.Tem\u00e0tica: Textos cient\u00edfics Textos financers Textos jur\u00eddics Textos t\u00e8cnics Altres temes 1. Biologia, ecologia, farmac\u00e8utica, f\u00edsica, gen\u00e8tica, geografia, arqueologia, medicina, nutrici\u00f3, \u00f2ptica, qu\u00edmica, psicologia, veterin\u00e0ria\u2026 2. Comptabilitat, comer\u00e7, banca, balan\u00e7os, borsa, economia general, empresa, finances, inversions, management, [&hellip;]<\/p>\n","protected":false},"author":6,"featured_media":0,"parent":4437,"menu_order":0,"comment_status":"closed","ping_status":"closed","template":"","meta":{"_et_pb_use_builder":"on","_et_pb_old_content":"","_et_gb_content_width":"","om_disable_all_campaigns":false,"_monsterinsights_skip_tracking":false,"_monsterinsights_sitenote_active":false,"_monsterinsights_sitenote_note":"","_monsterinsights_sitenote_category":0,"footnotes":""},"class_list":["post-4453","page","type-page","status-publish","hentry"],"aioseo_notices":[],"_links":{"self":[{"href":"https:\/\/mondoagit.com\/ca\/wp-json\/wp\/v2\/pages\/4453","targetHints":{"allow":["GET"]}}],"collection":[{"href":"https:\/\/mondoagit.com\/ca\/wp-json\/wp\/v2\/pages"}],"about":[{"href":"https:\/\/mondoagit.com\/ca\/wp-json\/wp\/v2\/types\/page"}],"author":[{"embeddable":true,"href":"https:\/\/mondoagit.com\/ca\/wp-json\/wp\/v2\/users\/6"}],"replies":[{"embeddable":true,"href":"https:\/\/mondoagit.com\/ca\/wp-json\/wp\/v2\/comments?post=4453"}],"version-history":[{"count":3,"href":"https:\/\/mondoagit.com\/ca\/wp-json\/wp\/v2\/pages\/4453\/revisions"}],"predecessor-version":[{"id":6332,"href":"https:\/\/mondoagit.com\/ca\/wp-json\/wp\/v2\/pages\/4453\/revisions\/6332"}],"up":[{"embeddable":true,"href":"https:\/\/mondoagit.com\/ca\/wp-json\/wp\/v2\/pages\/4437"}],"wp:attachment":[{"href":"https:\/\/mondoagit.com\/ca\/wp-json\/wp\/v2\/media?parent=4453"}],"curies":[{"name":"wp","href":"https:\/\/api.w.org\/{rel}","templated":true}]}}