{"id":4807,"date":"2021-12-25T13:13:21","date_gmt":"2021-12-25T12:13:21","guid":{"rendered":"http:\/\/temp.mondoagit.com\/interpretacio-en-llengua-de-signes\/"},"modified":"2022-01-03T14:10:21","modified_gmt":"2022-01-03T13:10:21","slug":"interpretacio-en-llengua-de-signes","status":"publish","type":"page","link":"https:\/\/mondoagit.com\/ca\/interpret\/interpretacio-en-llengua-de-signes\/","title":{"rendered":"Interpretaci\u00f3 en llengua de signes"},"content":{"rendered":"<p>[et_pb_section fb_built=&#8221;1&#8243; admin_label=&#8221;Fun Fact Section&#8221; _builder_version=&#8221;4.6.3&#8243; background_color=&#8221;#ffb141&#8243; min_height=&#8221;200px&#8221; custom_margin=&#8221;|||&#8221; custom_padding=&#8221;||||false|false&#8221; global_colors_info=&#8221;{}&#8221;][et_pb_row _builder_version=&#8221;4.6.3&#8243; _module_preset=&#8221;default&#8221; global_colors_info=&#8221;{}&#8221;][et_pb_column type=&#8221;4_4&#8243; _builder_version=&#8221;4.6.3&#8243; _module_preset=&#8221;default&#8221; global_colors_info=&#8221;{}&#8221;][et_pb_text _builder_version=&#8221;4.6.3&#8243; _module_preset=&#8221;default&#8221; text_text_color=&#8221;#ffffff&#8221; header_text_color=&#8221;#ffffff&#8221; header_2_text_color=&#8221;#ffffff&#8221; header_3_text_color=&#8221;#ffffff&#8221; text_orientation=&#8221;center&#8221; global_colors_info=&#8221;{}&#8221;]<\/p>\n<h2 class=\"call-to-action-1-text\"><strong>Necessita un pressupost gratu\u00eft i sense comprom\u00eds?<\/strong><\/h2>\n<p>&nbsp;[\/et_pb_text][et_pb_button button_url=&#8221;http:\/\/mondoagit.com\/ca\/agencia-de-traduccio-mondo-agit\/contacte\/&#8221; button_text=&#8221;sol\u00b7liciti pressupost&#8221; button_alignment=&#8221;center&#8221; _builder_version=&#8221;4.14.0&#8243; _module_preset=&#8221;default&#8221; custom_button=&#8221;on&#8221; button_text_color=&#8221;#ffffff&#8221; hover_enabled=&#8221;0&#8243; global_colors_info=&#8221;{}&#8221; sticky_enabled=&#8221;0&#8243;][\/et_pb_button][\/et_pb_column][\/et_pb_row][\/et_pb_section][et_pb_section fb_built=&#8221;1&#8243; admin_label=&#8221;Feature Section&#8221; _builder_version=&#8221;4.6.3&#8243; custom_margin=&#8221;|||&#8221; custom_padding=&#8221;46px||19px|||&#8221; global_colors_info=&#8221;{}&#8221;][et_pb_row _builder_version=&#8221;4.6.3&#8243; _module_preset=&#8221;default&#8221; custom_padding=&#8221;0px|||||&#8221; global_colors_info=&#8221;{}&#8221;][et_pb_column type=&#8221;4_4&#8243; _builder_version=&#8221;4.6.3&#8243; _module_preset=&#8221;default&#8221; global_colors_info=&#8221;{}&#8221;][et_pb_text admin_label=&#8221;Subtitle&#8221; _builder_version=&#8221;4.11.1&#8243; text_font=&#8221;Montserrat||||&#8221; text_text_color=&#8221;#747d88&#8243; text_font_size=&#8221;16px&#8221; text_line_height=&#8221;1.8em&#8221; header_font=&#8221;||||||||&#8221; module_alignment=&#8221;left&#8221; custom_margin=&#8221;|||&#8221; custom_padding=&#8221;||||false|false&#8221; animation_style=&#8221;slide&#8221; animation_direction=&#8221;bottom&#8221; animation_delay=&#8221;100ms&#8221; animation_intensity_slide=&#8221;4%&#8221; locked=&#8221;off&#8221; global_colors_info=&#8221;{}&#8221;]<\/p>\n<h1>Interpretaci\u00f3 en llengua de signes<\/h1>\n<p>[\/et_pb_text][et_pb_text admin_label=&#8221;Subtitle&#8221; _builder_version=&#8221;4.11.1&#8243; text_font=&#8221;Montserrat||||&#8221; text_text_color=&#8221;#747d88&#8243; text_font_size=&#8221;16px&#8221; text_line_height=&#8221;1.8em&#8221; header_font=&#8221;||||||||&#8221; module_alignment=&#8221;left&#8221; custom_margin=&#8221;|||&#8221; custom_padding=&#8221;||||false|false&#8221; animation_style=&#8221;slide&#8221; animation_direction=&#8221;bottom&#8221; animation_delay=&#8221;100ms&#8221; animation_intensity_slide=&#8221;4%&#8221; locked=&#8221;off&#8221; global_colors_info=&#8221;{}&#8221;]<\/p>\n<p class=\"bodytext\">Arreu del m\u00f3n trobem no nom\u00e9s diferents lleng\u00fces orals, sin\u00f3 diferents lleng\u00fces de signes. Cada any es reconeixen m\u00e9s lleng\u00fces de signes i m\u00e9s comunitats signants. A Espanya, la LSE (llengua de signes espanyola) i la LSC (llengua de signes catalana) s\u00f3n lleng\u00fces reconegudes.<\/p>\n<p>El servei d\u2019interpretaci\u00f3 en llengua de signes permet accedir al discurs, sigui d\u2019una confer\u00e8ncia o una reuni\u00f3 privada, a les persones sordes signants. En aquest cas oferim la interpretaci\u00f3 de la llengua oral catalana a la llengua de signes catalanai la interpretaci\u00f3 de la llengua castellana a la llengua de signes castellana.<\/p>\n<p>Les nostres int\u00e8rprets s\u00f3n persones amb la formaci\u00f3 oficial que permet aquesta feina i amb llarga experi\u00e8ncia en la interpretaci\u00f3 per a persones sordes. Aquest tipus de servei resulta fonamental per a actes institucionals, empreses amb comprom\u00eds social o partits pol\u00edtics i en general aquelles institucions que vetllen per la integraci\u00f3 i l\u2019accessibilitat universal.<\/p>\n<p>[\/et_pb_text][\/et_pb_column][\/et_pb_row][\/et_pb_section][et_pb_section fb_built=&#8221;1&#8243; admin_label=&#8221;Contact Form Section&#8221; _builder_version=&#8221;4.6.3&#8243; background_color=&#8221;rgba(0,0,0,0)&#8221; background_image=&#8221;http:\/\/mondoagit.com\/wp-content\/uploads\/2021\/06\/bench.jpg&#8221; custom_padding=&#8221;110px||100px||false|false&#8221; animation_style=&#8221;zoom&#8221; animation_direction=&#8221;bottom&#8221; animation_intensity_zoom=&#8221;10%&#8221; saved_tabs=&#8221;all&#8221; global_colors_info=&#8221;{}&#8221;][et_pb_row admin_label=&#8221;Service Section Title&#8221; _builder_version=&#8221;4.6.3&#8243; width=&#8221;90%&#8221; custom_margin=&#8221;||40px|&#8221; animation_style=&#8221;fade&#8221; locked=&#8221;off&#8221; global_colors_info=&#8221;{}&#8221;][et_pb_column type=&#8221;4_4&#8243; _builder_version=&#8221;3.25&#8243; custom_padding=&#8221;|||&#8221; global_colors_info=&#8221;{}&#8221; custom_padding__hover=&#8221;|||&#8221;][et_pb_text admin_label=&#8221;Title&#8221; _builder_version=&#8221;4.6.3&#8243; text_font=&#8221;Montserrat||||||||&#8221; text_text_color=&#8221;#747d88&#8243; text_font_size=&#8221;16px&#8221; text_line_height=&#8221;1.9em&#8221; header_font=&#8221;||||||||&#8221; header_2_font=&#8221;Montserrat|700||on|||||&#8221; header_2_font_size=&#8221;42px&#8221; header_2_line_height=&#8221;1.3em&#8221; background_size=&#8221;initial&#8221; background_position=&#8221;top_left&#8221; background_repeat=&#8221;repeat&#8221; text_orientation=&#8221;center&#8221; max_width=&#8221;800px&#8221; module_alignment=&#8221;center&#8221; animation_style=&#8221;slide&#8221; animation_direction=&#8221;bottom&#8221; animation_intensity_slide=&#8221;4%&#8221; global_colors_info=&#8221;{}&#8221;]<\/p>\n<h2><span style=\"color: #fff;\">Oficines a tot Europa,<br \/>\nserveis en tots els idiomes<\/span><\/h2>\n<p>[\/et_pb_text][et_pb_button button_url=&#8221;http:\/\/mondoagit.com\/ca\/agencia-de-traduccio-mondo-agit\/oficines-mondo-agit\/&#8221; button_text=&#8221;Les nostres oficines&#8221; button_alignment=&#8221;center&#8221; _builder_version=&#8221;4.14.0&#8243; _module_preset=&#8221;default&#8221; custom_button=&#8221;on&#8221; button_text_color=&#8221;#ffffff&#8221; hover_enabled=&#8221;0&#8243; global_colors_info=&#8221;{}&#8221; sticky_enabled=&#8221;0&#8243;][\/et_pb_button][\/et_pb_column][\/et_pb_row][\/et_pb_section][et_pb_section fb_built=&#8221;1&#8243; _builder_version=&#8221;4.6.3&#8243; _module_preset=&#8221;default&#8221; locked=&#8221;off&#8221; global_colors_info=&#8221;{}&#8221;][et_pb_row use_custom_gutter=&#8221;on&#8221; _builder_version=&#8221;4.6.3&#8243; _module_preset=&#8221;default&#8221; width=&#8221;100%&#8221; max_width=&#8221;1200px&#8221; module_alignment=&#8221;center&#8221; global_colors_info=&#8221;{}&#8221;][et_pb_column type=&#8221;4_4&#8243; _builder_version=&#8221;4.6.3&#8243; _module_preset=&#8221;default&#8221; global_colors_info=&#8221;{}&#8221;][et_pb_text admin_label=&#8221;Title&#8221; _builder_version=&#8221;4.6.3&#8243; text_font=&#8221;Montserrat||||||||&#8221; text_text_color=&#8221;#747d88&#8243; text_font_size=&#8221;16px&#8221; text_line_height=&#8221;1.9em&#8221; header_font=&#8221;||||||||&#8221; header_text_align=&#8221;left&#8221; header_2_font=&#8221;Montserrat|700||on|||||&#8221; header_2_font_size=&#8221;42px&#8221; header_2_line_height=&#8221;1.3em&#8221; text_orientation=&#8221;center&#8221; max_width=&#8221;1400px&#8221; module_alignment=&#8221;center&#8221; animation_style=&#8221;slide&#8221; animation_direction=&#8221;bottom&#8221; animation_intensity_slide=&#8221;4%&#8221; locked=&#8221;off&#8221; global_colors_info=&#8221;{}&#8221;]<\/p>\n<h2 style=\"text-align: center;\">Alguns clients satisfets:<\/h2>\n<p>[\/et_pb_text][et_pb_gallery gallery_ids=&#8221;2581,2575,2578,2587&#8243; gallery_orderby=&#8221;rand&#8221; orientation=&#8221;portrait&#8221; show_title_and_caption=&#8221;off&#8221; show_pagination=&#8221;off&#8221; _builder_version=&#8221;4.6.3&#8243; _module_preset=&#8221;default&#8221; width=&#8221;100%&#8221; max_width=&#8221;80%&#8221; module_alignment=&#8221;center&#8221; global_colors_info=&#8221;{}&#8221;][\/et_pb_gallery][et_pb_gallery gallery_ids=&#8221;2590,2599,2602,2605&#8243; gallery_orderby=&#8221;rand&#8221; orientation=&#8221;portrait&#8221; show_title_and_caption=&#8221;off&#8221; show_pagination=&#8221;off&#8221; _builder_version=&#8221;4.6.3&#8243; _module_preset=&#8221;default&#8221; width=&#8221;100%&#8221; max_width=&#8221;80%&#8221; module_alignment=&#8221;center&#8221; global_colors_info=&#8221;{}&#8221;][\/et_pb_gallery][\/et_pb_column][\/et_pb_row][\/et_pb_section]<\/p>\n","protected":false},"excerpt":{"rendered":"<p>Necessita un pressupost gratu\u00eft i sense comprom\u00eds? &nbsp;Interpretaci\u00f3 en llengua de signesArreu del m\u00f3n trobem no nom\u00e9s diferents lleng\u00fces orals, sin\u00f3 diferents lleng\u00fces de signes. Cada any es reconeixen m\u00e9s lleng\u00fces de signes i m\u00e9s comunitats signants. A Espanya, la LSE (llengua de signes espanyola) i la LSC (llengua de signes catalana) s\u00f3n lleng\u00fces reconegudes. [&hellip;]<\/p>\n","protected":false},"author":1,"featured_media":0,"parent":4858,"menu_order":0,"comment_status":"closed","ping_status":"closed","template":"","meta":{"_et_pb_use_builder":"on","_et_pb_old_content":"","_et_gb_content_width":"","om_disable_all_campaigns":false,"_monsterinsights_skip_tracking":false,"_monsterinsights_sitenote_active":false,"_monsterinsights_sitenote_note":"","_monsterinsights_sitenote_category":0,"footnotes":""},"class_list":["post-4807","page","type-page","status-publish","hentry"],"aioseo_notices":[],"_links":{"self":[{"href":"https:\/\/mondoagit.com\/ca\/wp-json\/wp\/v2\/pages\/4807","targetHints":{"allow":["GET"]}}],"collection":[{"href":"https:\/\/mondoagit.com\/ca\/wp-json\/wp\/v2\/pages"}],"about":[{"href":"https:\/\/mondoagit.com\/ca\/wp-json\/wp\/v2\/types\/page"}],"author":[{"embeddable":true,"href":"https:\/\/mondoagit.com\/ca\/wp-json\/wp\/v2\/users\/1"}],"replies":[{"embeddable":true,"href":"https:\/\/mondoagit.com\/ca\/wp-json\/wp\/v2\/comments?post=4807"}],"version-history":[{"count":5,"href":"https:\/\/mondoagit.com\/ca\/wp-json\/wp\/v2\/pages\/4807\/revisions"}],"predecessor-version":[{"id":5046,"href":"https:\/\/mondoagit.com\/ca\/wp-json\/wp\/v2\/pages\/4807\/revisions\/5046"}],"up":[{"embeddable":true,"href":"https:\/\/mondoagit.com\/ca\/wp-json\/wp\/v2\/pages\/4858"}],"wp:attachment":[{"href":"https:\/\/mondoagit.com\/ca\/wp-json\/wp\/v2\/media?parent=4807"}],"curies":[{"name":"wp","href":"https:\/\/api.w.org\/{rel}","templated":true}]}}