{"id":5168,"date":"2022-01-05T11:53:32","date_gmt":"2022-01-05T10:53:32","guid":{"rendered":"http:\/\/temp.mondoagit.com\/interpret\/interprets-per-ciutats\/interprets-a-espanya\/traductor-a-zaragiza\/"},"modified":"2022-01-06T00:12:35","modified_gmt":"2022-01-05T23:12:35","slug":"traductor-a-zaragiza","status":"publish","type":"page","link":"https:\/\/mondoagit.com\/ca\/interpret\/interprets-per-ciutats\/interprets-a-espanya\/traductor-a-zaragiza\/","title":{"rendered":"Traductor a Zaragiza"},"content":{"rendered":"<p>[et_pb_section fb_built=&#8221;1&#8243; admin_label=&#8221;Fun Fact Section&#8221; _builder_version=&#8221;4.6.3&#8243; background_color=&#8221;#ffb141&#8243; min_height=&#8221;200px&#8221; custom_margin=&#8221;|||&#8221; custom_padding=&#8221;||||false|false&#8221; global_colors_info=&#8221;{}&#8221;][et_pb_row _builder_version=&#8221;4.6.3&#8243; _module_preset=&#8221;default&#8221; global_colors_info=&#8221;{}&#8221;][et_pb_column type=&#8221;4_4&#8243; _builder_version=&#8221;4.6.3&#8243; _module_preset=&#8221;default&#8221; global_colors_info=&#8221;{}&#8221;][et_pb_text _builder_version=&#8221;4.6.3&#8243; _module_preset=&#8221;default&#8221; text_text_color=&#8221;#ffffff&#8221; header_text_color=&#8221;#ffffff&#8221; header_2_text_color=&#8221;#ffffff&#8221; header_3_text_color=&#8221;#ffffff&#8221; text_orientation=&#8221;center&#8221; global_colors_info=&#8221;{}&#8221;]<\/p>\n<h2 class=\"call-to-action-1-text\"><strong>Necessita un pressupost gratu\u00eft i sense comprom\u00eds?<\/strong><\/h2>\n<p>&nbsp;<br \/>\n[\/et_pb_text][et_pb_button button_url=&#8221;http:\/\/mondoagit.com\/ca\/agencia-de-traduccio-mondo-agit\/contacte\/&#8221; button_text=&#8221;sol\u00b7liciti pressupost&#8221; button_alignment=&#8221;center&#8221; _builder_version=&#8221;4.14.0&#8243; _module_preset=&#8221;default&#8221; custom_button=&#8221;on&#8221; button_text_color=&#8221;#ffffff&#8221; hover_enabled=&#8221;0&#8243; global_colors_info=&#8221;{}&#8221; sticky_enabled=&#8221;0&#8243;][\/et_pb_button][\/et_pb_column][\/et_pb_row][\/et_pb_section][et_pb_section fb_built=&#8221;1&#8243; admin_label=&#8221;Feature Section&#8221; _builder_version=&#8221;4.6.3&#8243; custom_margin=&#8221;|||&#8221; custom_padding=&#8221;65px||34px|||&#8221; global_colors_info=&#8221;{}&#8221;][et_pb_row _builder_version=&#8221;4.11.1&#8243; _module_preset=&#8221;default&#8221; custom_padding=&#8221;0px|||||&#8221; global_colors_info=&#8221;{}&#8221;][et_pb_column type=&#8221;4_4&#8243; _builder_version=&#8221;4.11.1&#8243; _module_preset=&#8221;default&#8221; global_colors_info=&#8221;{}&#8221;][et_pb_text admin_label=&#8221;Subtitle&#8221; _builder_version=&#8221;4.11.1&#8243; text_font=&#8221;Montserrat||||&#8221; text_text_color=&#8221;#747d88&#8243; text_font_size=&#8221;16px&#8221; text_line_height=&#8221;1.8em&#8221; header_font=&#8221;||||||||&#8221; module_alignment=&#8221;left&#8221; custom_margin=&#8221;|||&#8221; custom_padding=&#8221;||||false|false&#8221; animation_style=&#8221;slide&#8221; animation_direction=&#8221;bottom&#8221; animation_delay=&#8221;100ms&#8221; animation_intensity_slide=&#8221;4%&#8221; locked=&#8221;off&#8221; global_colors_info=&#8221;{}&#8221;]<\/p>\n<h1>Traductor a Zaragiza<\/h1>\n<p>[\/et_pb_text][et_pb_text admin_label=&#8221;Subtitle&#8221; _builder_version=&#8221;4.11.1&#8243; text_font=&#8221;Montserrat||||&#8221; text_text_color=&#8221;#747d88&#8243; text_font_size=&#8221;16px&#8221; text_line_height=&#8221;1.8em&#8221; header_font=&#8221;||||||||&#8221; module_alignment=&#8221;left&#8221; custom_margin=&#8221;|||&#8221; custom_padding=&#8221;||||false|false&#8221; animation_style=&#8221;slide&#8221; animation_direction=&#8221;bottom&#8221; animation_delay=&#8221;100ms&#8221; animation_intensity_slide=&#8221;4%&#8221; locked=&#8221;off&#8221; global_colors_info=&#8221;{}&#8221;]<\/p>\n<p><img loading=\"lazy\" decoding=\"async\" class=\"wp-image-2872 alignnone size-full\" style=\"float: right;\" src=\"http:\/\/mondoagit.com\/wp-content\/uploads\/2021\/10\/translator_Zaragoza_2.jpg\" alt=\"\" width=\"391\" height=\"293\" \/>En el cas que necessiti un <strong>int\u00e8rpret a Zaragiza<\/strong>, la nostra ag\u00e8ncia de traducci\u00f3 posa a la seva disposici\u00f3 un equip d&#8217;int\u00e8rprets professionals.<\/p>\n<p>Gr\u00e0cies a la nostra \u00e0mplia xarxa de professionals, podem oferir-li aquest servei d&#8217;interpretaci\u00f3 en una gran quantitat d&#8217;idiomes, com ara l&#8217;alemany, espanyol, angl\u00e8s, franc\u00e8s, itali\u00e0&#8230;<\/p>\n<p>Des de les nostres oficines en diferents ciutats d&#8217;Europa (veure <a href=\"http:\/\/mondoagit.com\/ca\/agencia-de-traduccio-mondo-agit\/oficines-mondo-agit\/\">oficines europees<\/a>) oferim diversos tipus d&#8217;<strong>interpretaci\u00f3 a Zaragiza<\/strong>, entre elles la <a href=\"http:\/\/mondoagit.com\/ca\/interpret\/interpretacio-simultania\/\">simult\u00e0nia<\/a>, <a href=\"http:\/\/mondoagit.com\/ca\/interpret\/interpretacio-denllac\/\">d&#8217;enlla\u00e7<\/a>, <a href=\"http:\/\/mondoagit.com\/ca\/interpret\/interpretacio-xiuxiueig\/\">xiuxiuejada<\/a> i <a href=\"http:\/\/mondoagit.com\/ca\/interpret\/interpretacio-consecutiva\/\">consecutiva<\/a>.<\/p>\n<p>Els nostres int\u00e8rprets a Zaragiza que treballendes de i a l&#8217;<strong>espanyol<\/strong> s\u00f3n professionals avalats per una \u00e0mplia experi\u00e8ncia i especialitzats en les seves respectives \u00e0rees que treballaran sobre la documentaci\u00f3 obtinguda i, si cal, prepararan amb el client, per contacte telef\u00f2nic o en persona, la trobada.<\/p>\n<p>Aconsellem enviar la <strong>documentaci\u00f3<\/strong> amb una setmana o almenys dos dies d&#8217;antelaci\u00f3, ja que d&#8217;altra manera no es podr\u00e0 assegurar la qualitat del servei d&#8217;interpretaci\u00f3, doncs de la mateixa manera que no \u00e9s possible preparar una reuni\u00f3 o presentaci\u00f3 sense temps, tampoc ho \u00e9s preparar una interpretaci\u00f3.<\/p>\n<p>A MondoAgit ens regim pels nostres <a href=\"http:\/\/mondoagit.com\/ca\/agencia-de-traduccio-mondo-agit\/principis\/\">principis<\/a>. La nostra qualitat i preus, altament competitius, ens converteixen en la seva millor opci\u00f3. Faci la prova, si busca un traductor a Zaragiza, truqui&#8217;ns.<\/p>\n<p>Per a m\u00e9s informaci\u00f3 poseu-vos en <a href=\"http:\/\/mondoagit.com\/ca\/agencia-de-traduccio-mondo-agit\/contacte\/\">contacte<\/a> amb nosaltres o envieu-nos una petici\u00f3 de <a href=\"http:\/\/mondoagit.com\/ca\/agencia-de-traduccio-mondo-agit\/contacte\/\">pressupost<\/a>.<\/p>\n<p><em>Nota: Tot document enviat a la nostra ag\u00e8ncia de traducci\u00f3 ser\u00e0 tractat confidencialment i romandr\u00e0 propietat del seu amo ja des del moment de la sol\u2022licitud del pressupost per al servei d&#8217;interpretaci\u00f3 a Zaragiza.<\/em><\/p>\n<p>[\/et_pb_text][\/et_pb_column][\/et_pb_row][\/et_pb_section][et_pb_section fb_built=&#8221;1&#8243; _builder_version=&#8221;4.6.3&#8243; _module_preset=&#8221;default&#8221; locked=&#8221;off&#8221; global_colors_info=&#8221;{}&#8221;][et_pb_row use_custom_gutter=&#8221;on&#8221; _builder_version=&#8221;4.6.3&#8243; _module_preset=&#8221;default&#8221; width=&#8221;100%&#8221; max_width=&#8221;1200px&#8221; module_alignment=&#8221;center&#8221; global_colors_info=&#8221;{}&#8221;][et_pb_column type=&#8221;4_4&#8243; _builder_version=&#8221;4.6.3&#8243; _module_preset=&#8221;default&#8221; global_colors_info=&#8221;{}&#8221;][et_pb_text admin_label=&#8221;Title&#8221; _builder_version=&#8221;4.6.3&#8243; text_font=&#8221;Montserrat||||||||&#8221; text_text_color=&#8221;#747d88&#8243; text_font_size=&#8221;16px&#8221; text_line_height=&#8221;1.9em&#8221; header_font=&#8221;||||||||&#8221; header_text_align=&#8221;left&#8221; header_2_font=&#8221;Montserrat|700||on|||||&#8221; header_2_font_size=&#8221;42px&#8221; header_2_line_height=&#8221;1.3em&#8221; text_orientation=&#8221;center&#8221; max_width=&#8221;1400px&#8221; module_alignment=&#8221;center&#8221; animation_style=&#8221;slide&#8221; animation_direction=&#8221;bottom&#8221; animation_intensity_slide=&#8221;4%&#8221; locked=&#8221;off&#8221; global_colors_info=&#8221;{}&#8221;]<\/p>\n<h2 style=\"text-align: center;\">Alguns clients satisfets:<\/h2>\n<p>[\/et_pb_text][et_pb_gallery gallery_ids=&#8221;2581,2575,2578,2587&#8243; gallery_orderby=&#8221;rand&#8221; orientation=&#8221;portrait&#8221; show_title_and_caption=&#8221;off&#8221; show_pagination=&#8221;off&#8221; _builder_version=&#8221;4.6.3&#8243; _module_preset=&#8221;default&#8221; width=&#8221;100%&#8221; max_width=&#8221;80%&#8221; module_alignment=&#8221;center&#8221; global_colors_info=&#8221;{}&#8221;][\/et_pb_gallery][et_pb_gallery gallery_ids=&#8221;2590,2599,2602,2605&#8243; gallery_orderby=&#8221;rand&#8221; orientation=&#8221;portrait&#8221; show_title_and_caption=&#8221;off&#8221; show_pagination=&#8221;off&#8221; _builder_version=&#8221;4.6.3&#8243; _module_preset=&#8221;default&#8221; width=&#8221;100%&#8221; max_width=&#8221;80%&#8221; module_alignment=&#8221;center&#8221; global_colors_info=&#8221;{}&#8221;][\/et_pb_gallery][\/et_pb_column][\/et_pb_row][\/et_pb_section]<\/p>\n","protected":false},"excerpt":{"rendered":"<p>Necessita un pressupost gratu\u00eft i sense comprom\u00eds? &nbsp; Traductor a ZaragizaEn el cas que necessiti un int\u00e8rpret a Zaragiza, la nostra ag\u00e8ncia de traducci\u00f3 posa a la seva disposici\u00f3 un equip d&#8217;int\u00e8rprets professionals. Gr\u00e0cies a la nostra \u00e0mplia xarxa de professionals, podem oferir-li aquest servei d&#8217;interpretaci\u00f3 en una gran quantitat d&#8217;idiomes, com ara l&#8217;alemany, espanyol, [&hellip;]<\/p>\n","protected":false},"author":6,"featured_media":0,"parent":4344,"menu_order":0,"comment_status":"closed","ping_status":"closed","template":"","meta":{"_et_pb_use_builder":"on","_et_pb_old_content":"","_et_gb_content_width":"","om_disable_all_campaigns":false,"_monsterinsights_skip_tracking":false,"_monsterinsights_sitenote_active":false,"_monsterinsights_sitenote_note":"","_monsterinsights_sitenote_category":0,"footnotes":""},"class_list":["post-5168","page","type-page","status-publish","hentry"],"aioseo_notices":[],"_links":{"self":[{"href":"https:\/\/mondoagit.com\/ca\/wp-json\/wp\/v2\/pages\/5168","targetHints":{"allow":["GET"]}}],"collection":[{"href":"https:\/\/mondoagit.com\/ca\/wp-json\/wp\/v2\/pages"}],"about":[{"href":"https:\/\/mondoagit.com\/ca\/wp-json\/wp\/v2\/types\/page"}],"author":[{"embeddable":true,"href":"https:\/\/mondoagit.com\/ca\/wp-json\/wp\/v2\/users\/6"}],"replies":[{"embeddable":true,"href":"https:\/\/mondoagit.com\/ca\/wp-json\/wp\/v2\/comments?post=5168"}],"version-history":[{"count":4,"href":"https:\/\/mondoagit.com\/ca\/wp-json\/wp\/v2\/pages\/5168\/revisions"}],"predecessor-version":[{"id":5228,"href":"https:\/\/mondoagit.com\/ca\/wp-json\/wp\/v2\/pages\/5168\/revisions\/5228"}],"up":[{"embeddable":true,"href":"https:\/\/mondoagit.com\/ca\/wp-json\/wp\/v2\/pages\/4344"}],"wp:attachment":[{"href":"https:\/\/mondoagit.com\/ca\/wp-json\/wp\/v2\/media?parent=5168"}],"curies":[{"name":"wp","href":"https:\/\/api.w.org\/{rel}","templated":true}]}}