{"id":5433,"date":"2022-01-10T16:52:47","date_gmt":"2022-01-10T15:52:47","guid":{"rendered":"http:\/\/temp.mondoagit.com\/mes-serveis\/transcripcio\/"},"modified":"2022-01-18T11:01:57","modified_gmt":"2022-01-18T10:01:57","slug":"transcripcio","status":"publish","type":"page","link":"https:\/\/mondoagit.com\/ca\/mes-serveis\/transcripcio\/","title":{"rendered":"Transcripci\u00f3"},"content":{"rendered":"<p>[et_pb_section fb_built=&#8221;1&#8243; admin_label=&#8221;Fun Fact Section&#8221; _builder_version=&#8221;4.6.3&#8243; background_color=&#8221;#ffb141&#8243; min_height=&#8221;200px&#8221; custom_margin=&#8221;|||&#8221; custom_padding=&#8221;||||false|false&#8221; global_colors_info=&#8221;{}&#8221;][et_pb_row _builder_version=&#8221;4.6.3&#8243; _module_preset=&#8221;default&#8221; global_colors_info=&#8221;{}&#8221;][et_pb_column type=&#8221;4_4&#8243; _builder_version=&#8221;4.6.3&#8243; _module_preset=&#8221;default&#8221; global_colors_info=&#8221;{}&#8221;][et_pb_text _builder_version=&#8221;4.6.3&#8243; _module_preset=&#8221;default&#8221; text_text_color=&#8221;#ffffff&#8221; header_text_color=&#8221;#ffffff&#8221; header_2_text_color=&#8221;#ffffff&#8221; header_3_text_color=&#8221;#ffffff&#8221; text_orientation=&#8221;center&#8221; global_colors_info=&#8221;{}&#8221;]<\/p>\n<h2 class=\"call-to-action-1-text\"><strong>Necessita un pressupost gratu\u00eft i sense comprom\u00eds?<\/strong><\/h2>\n<p>[\/et_pb_text][et_pb_button button_url=&#8221;http:\/\/mondoagit.com\/ca\/agencia-de-traduccio-mondo-agit\/contacte\/&#8221; button_text=&#8221;sol\u00b7liciti pressupost&#8221; button_alignment=&#8221;center&#8221; _builder_version=&#8221;4.14.0&#8243; _module_preset=&#8221;default&#8221; custom_button=&#8221;on&#8221; button_text_color=&#8221;#ffffff&#8221; hover_enabled=&#8221;0&#8243; global_colors_info=&#8221;{}&#8221; sticky_enabled=&#8221;0&#8243;][\/et_pb_button][\/et_pb_column][\/et_pb_row][\/et_pb_section][et_pb_section fb_built=&#8221;1&#8243; admin_label=&#8221;Service Section&#8221; _builder_version=&#8221;3.22&#8243; custom_margin=&#8221;|||&#8221; custom_padding=&#8221;74px||52px|||&#8221; global_colors_info=&#8221;{}&#8221;][et_pb_row _builder_version=&#8221;4.11.1&#8243; _module_preset=&#8221;default&#8221; global_colors_info=&#8221;{}&#8221;][et_pb_column type=&#8221;4_4&#8243; _builder_version=&#8221;4.11.1&#8243; _module_preset=&#8221;default&#8221; global_colors_info=&#8221;{}&#8221;][et_pb_text admin_label=&#8221;Subtitle&#8221; _builder_version=&#8221;4.11.1&#8243; text_font=&#8221;Montserrat||||&#8221; text_text_color=&#8221;#747d88&#8243; text_font_size=&#8221;16px&#8221; text_line_height=&#8221;1.8em&#8221; header_font=&#8221;||||||||&#8221; module_alignment=&#8221;left&#8221; custom_margin=&#8221;|||&#8221; custom_padding=&#8221;||||false|false&#8221; animation_style=&#8221;slide&#8221; animation_direction=&#8221;bottom&#8221; animation_delay=&#8221;100ms&#8221; animation_intensity_slide=&#8221;4%&#8221; locked=&#8221;off&#8221; global_colors_info=&#8221;{}&#8221;]<\/p>\n<h1>Servei de transcripci\u00f3 d&#8217;\u00e0udio o v\u00eddeo<\/h1>\n<p>[\/et_pb_text][et_pb_text admin_label=&#8221;Subtitle&#8221; _builder_version=&#8221;4.11.1&#8243; text_font=&#8221;Montserrat||||&#8221; text_text_color=&#8221;#747d88&#8243; text_font_size=&#8221;16px&#8221; text_line_height=&#8221;1.8em&#8221; header_font=&#8221;||||||||&#8221; module_alignment=&#8221;left&#8221; custom_margin=&#8221;|||&#8221; custom_padding=&#8221;||||false|false&#8221; animation_style=&#8221;slide&#8221; animation_direction=&#8221;bottom&#8221; animation_delay=&#8221;100ms&#8221; animation_intensity_slide=&#8221;4%&#8221; locked=&#8221;off&#8221; global_colors_info=&#8221;{}&#8221;]<\/p>\n<p><img loading=\"lazy\" decoding=\"async\" class=\"wp-image-1321 aligncenter size-full\" style=\"float: right;\" src=\"http:\/\/mondoagit.com\/wp-content\/uploads\/2021\/10\/audio.jpg\" alt=\"\" width=\"500\" height=\"387\" srcset=\"http:\/\/mondoagit.com\/wp-content\/uploads\/2021\/10\/audio.jpg 500w, http:\/\/mondoagit.com\/wp-content\/uploads\/2021\/10\/audio-480x372.jpg 480w\" sizes=\"(min-width: 0px) and (max-width: 480px) 480px, (min-width: 481px) 500px, 100vw\" \/>Mitjan\u00e7ant el nostre servei de transcripci\u00f3 podr\u00e0 registrar per escrit qualsevol informaci\u00f3 que es trobi en format \u00e0udio o v\u00eddeo, tant si el v\u00eddeo o \u00e0udio es troba en format digital o no. Treballem amb cintes d&#8217;\u00e0udio, DVD, CD, cintes en VHS i tot tipus de formats digitals (mp3, wav, mov, avi, mpeg, etc). El nostre servei de transcripci\u00f3 \u00e9s r\u00e0pid i exacte i pot combinar-se amb el servei de <a href=\"http:\/\/mondoagit.com\/ca\/mes-serveis\/servei-de-subtitulacio\/\">subtitulat<\/a> o amb el de <a href=\"http:\/\/mondoagit.com\/ca\/traductor-serveis-de-traduccio\/traduccio-de-textos\/\">traducci\u00f3<\/a>.<\/p>\n<p>Per a la transcripci\u00f3 d&#8217;\u00e0udio o v\u00eddeo nom\u00e9s haur\u00e0 d&#8217;enviar per missatger o per internet (via FTP, per exemple) la cinta o fitxer que vol transcriure. Quan haguem rebut el v\u00eddeo o \u00e0udio podrem pressupostar i fer-li arribar la nostra oferta. En cas que accepti el pressupost, realitzarem la transcripci\u00f3 dels arxius o cintes i li enviarem el m\u00e9s r\u00e0pidament possible.<\/p>\n<p>El lliurament de la transcripci\u00f3 es pot fer en CD, DVD, per internet (pdf, doc(x), .txt, etc.) o impr\u00e8s en paper, segons les prefer\u00e8ncies del client.<\/p>\n<p>Si el que desitja \u00e9s transcriure un v\u00eddeo o \u00e0udio des d&#8217;un altre idioma a l&#8217;espanyol, comptem amb professionals capa\u00e7os de transcriure en poc temps els seus arxius. Tamb\u00e9 podem transcriure l&#8217;espanyol a un oa diversos idiomes estrangers. En aquests casos un nadiu de l&#8217;idioma original transcriu primer el text ia continuaci\u00f3 un traductor nadiu de l&#8217;idioma al qual es vol traduir la transcripci\u00f3 tradueix el text.<\/p>\n<p><em>Tota informaci\u00f3 o arxiu rebut per elaborar el pressupost i per a la posterior execuci\u00f3 del treball ser\u00e0 tractat confidencialment i continuar\u00e0 sent propietat del seu amo.<\/em><\/p>\n<p>[\/et_pb_text][\/et_pb_column][\/et_pb_row][\/et_pb_section][et_pb_section fb_built=&#8221;1&#8243; admin_label=&#8221;Contact Form Section&#8221; _builder_version=&#8221;4.6.3&#8243; background_color=&#8221;rgba(0,0,0,0)&#8221; background_image=&#8221;http:\/\/mondoagit.com\/wp-content\/uploads\/2021\/06\/bench.jpg&#8221; custom_padding=&#8221;37px||8px||false|false&#8221; animation_style=&#8221;zoom&#8221; animation_direction=&#8221;bottom&#8221; animation_intensity_zoom=&#8221;10%&#8221; saved_tabs=&#8221;all&#8221; global_colors_info=&#8221;{}&#8221;][et_pb_row admin_label=&#8221;Service Section Title&#8221; _builder_version=&#8221;4.6.3&#8243; width=&#8221;90%&#8221; custom_margin=&#8221;||40px|&#8221; animation_style=&#8221;fade&#8221; locked=&#8221;off&#8221; global_colors_info=&#8221;{}&#8221;][et_pb_column type=&#8221;4_4&#8243; _builder_version=&#8221;3.25&#8243; custom_padding=&#8221;|||&#8221; global_colors_info=&#8221;{}&#8221; custom_padding__hover=&#8221;|||&#8221;][et_pb_text admin_label=&#8221;Title&#8221; _builder_version=&#8221;4.6.3&#8243; text_font=&#8221;Montserrat||||||||&#8221; text_text_color=&#8221;#747d88&#8243; text_font_size=&#8221;16px&#8221; text_line_height=&#8221;1.9em&#8221; header_font=&#8221;||||||||&#8221; header_2_font=&#8221;Montserrat|700||on|||||&#8221; header_2_font_size=&#8221;42px&#8221; header_2_line_height=&#8221;1.3em&#8221; background_size=&#8221;initial&#8221; background_position=&#8221;top_left&#8221; background_repeat=&#8221;repeat&#8221; text_orientation=&#8221;center&#8221; max_width=&#8221;800px&#8221; module_alignment=&#8221;center&#8221; animation_style=&#8221;slide&#8221; animation_direction=&#8221;bottom&#8221; animation_intensity_slide=&#8221;4%&#8221; global_colors_info=&#8221;{}&#8221;]<\/p>\n<h2><span style=\"color: #fff;\">Disponibles en tots els idiomes,<br \/>\na tot arreu<\/span><\/h2>\n<p>[\/et_pb_text][et_pb_button button_url=&#8221;http:\/\/mondoagit.com\/ca\/agencia-de-traduccio-mondo-agit\/contacte\/&#8221; button_text=&#8221;Contacti&#8217;ns&#8221; button_alignment=&#8221;center&#8221; _builder_version=&#8221;4.14.0&#8243; _module_preset=&#8221;default&#8221; custom_button=&#8221;on&#8221; button_text_color=&#8221;#ffffff&#8221; hover_enabled=&#8221;0&#8243; global_colors_info=&#8221;{}&#8221; sticky_enabled=&#8221;0&#8243;][\/et_pb_button][\/et_pb_column][\/et_pb_row][\/et_pb_section][et_pb_section fb_built=&#8221;1&#8243; _builder_version=&#8221;4.6.3&#8243; _module_preset=&#8221;default&#8221; locked=&#8221;off&#8221; global_colors_info=&#8221;{}&#8221;][et_pb_row use_custom_gutter=&#8221;on&#8221; _builder_version=&#8221;4.6.3&#8243; _module_preset=&#8221;default&#8221; width=&#8221;100%&#8221; max_width=&#8221;1200px&#8221; module_alignment=&#8221;center&#8221; global_colors_info=&#8221;{}&#8221;][et_pb_column type=&#8221;4_4&#8243; _builder_version=&#8221;4.6.3&#8243; _module_preset=&#8221;default&#8221; global_colors_info=&#8221;{}&#8221;][et_pb_text admin_label=&#8221;Title&#8221; _builder_version=&#8221;4.6.3&#8243; text_font=&#8221;Montserrat||||||||&#8221; text_text_color=&#8221;#747d88&#8243; text_font_size=&#8221;16px&#8221; text_line_height=&#8221;1.9em&#8221; header_font=&#8221;||||||||&#8221; header_text_align=&#8221;left&#8221; header_2_font=&#8221;Montserrat|700||on|||||&#8221; header_2_font_size=&#8221;42px&#8221; header_2_line_height=&#8221;1.3em&#8221; text_orientation=&#8221;center&#8221; max_width=&#8221;1400px&#8221; module_alignment=&#8221;center&#8221; animation_style=&#8221;slide&#8221; animation_direction=&#8221;bottom&#8221; animation_intensity_slide=&#8221;4%&#8221; locked=&#8221;off&#8221; global_colors_info=&#8221;{}&#8221;]<\/p>\n<h2 style=\"text-align: center;\">Alguns clients satisfets:<\/h2>\n<p>[\/et_pb_text][et_pb_gallery gallery_ids=&#8221;2581,2575,2578,2587&#8243; gallery_orderby=&#8221;rand&#8221; orientation=&#8221;portrait&#8221; show_title_and_caption=&#8221;off&#8221; show_pagination=&#8221;off&#8221; _builder_version=&#8221;4.6.3&#8243; _module_preset=&#8221;default&#8221; width=&#8221;100%&#8221; max_width=&#8221;80%&#8221; module_alignment=&#8221;center&#8221; global_colors_info=&#8221;{}&#8221;][\/et_pb_gallery][et_pb_gallery gallery_ids=&#8221;2590,2599,2602,2605&#8243; gallery_orderby=&#8221;rand&#8221; orientation=&#8221;portrait&#8221; show_title_and_caption=&#8221;off&#8221; show_pagination=&#8221;off&#8221; _builder_version=&#8221;4.6.3&#8243; _module_preset=&#8221;default&#8221; width=&#8221;100%&#8221; max_width=&#8221;80%&#8221; module_alignment=&#8221;center&#8221; global_colors_info=&#8221;{}&#8221;][\/et_pb_gallery][\/et_pb_column][\/et_pb_row][\/et_pb_section]<\/p>\n","protected":false},"excerpt":{"rendered":"<p>Necessita un pressupost gratu\u00eft i sense comprom\u00eds?Servei de transcripci\u00f3 d&#8217;\u00e0udio o v\u00eddeoMitjan\u00e7ant el nostre servei de transcripci\u00f3 podr\u00e0 registrar per escrit qualsevol informaci\u00f3 que es trobi en format \u00e0udio o v\u00eddeo, tant si el v\u00eddeo o \u00e0udio es troba en format digital o no. Treballem amb cintes d&#8217;\u00e0udio, DVD, CD, cintes en VHS i tot [&hellip;]<\/p>\n","protected":false},"author":1,"featured_media":0,"parent":4368,"menu_order":0,"comment_status":"closed","ping_status":"closed","template":"","meta":{"_et_pb_use_builder":"on","_et_pb_old_content":"","_et_gb_content_width":"","om_disable_all_campaigns":false,"_monsterinsights_skip_tracking":false,"_monsterinsights_sitenote_active":false,"_monsterinsights_sitenote_note":"","_monsterinsights_sitenote_category":0,"footnotes":""},"class_list":["post-5433","page","type-page","status-publish","hentry"],"aioseo_notices":[],"_links":{"self":[{"href":"https:\/\/mondoagit.com\/ca\/wp-json\/wp\/v2\/pages\/5433","targetHints":{"allow":["GET"]}}],"collection":[{"href":"https:\/\/mondoagit.com\/ca\/wp-json\/wp\/v2\/pages"}],"about":[{"href":"https:\/\/mondoagit.com\/ca\/wp-json\/wp\/v2\/types\/page"}],"author":[{"embeddable":true,"href":"https:\/\/mondoagit.com\/ca\/wp-json\/wp\/v2\/users\/1"}],"replies":[{"embeddable":true,"href":"https:\/\/mondoagit.com\/ca\/wp-json\/wp\/v2\/comments?post=5433"}],"version-history":[{"count":4,"href":"https:\/\/mondoagit.com\/ca\/wp-json\/wp\/v2\/pages\/5433\/revisions"}],"predecessor-version":[{"id":6057,"href":"https:\/\/mondoagit.com\/ca\/wp-json\/wp\/v2\/pages\/5433\/revisions\/6057"}],"up":[{"embeddable":true,"href":"https:\/\/mondoagit.com\/ca\/wp-json\/wp\/v2\/pages\/4368"}],"wp:attachment":[{"href":"https:\/\/mondoagit.com\/ca\/wp-json\/wp\/v2\/media?parent=5433"}],"curies":[{"name":"wp","href":"https:\/\/api.w.org\/{rel}","templated":true}]}}