{"id":5941,"date":"2022-01-14T12:57:48","date_gmt":"2022-01-14T11:57:48","guid":{"rendered":"http:\/\/temp.mondoagit.com\/agencia-de-traduccio-mondo-agit\/oficines-mondo-agit\/agencia-de-traduccio-a-londres\/"},"modified":"2022-01-17T11:46:34","modified_gmt":"2022-01-17T10:46:34","slug":"agencia-de-traduccio-a-londres","status":"publish","type":"page","link":"https:\/\/mondoagit.com\/ca\/agencia-de-traduccio-mondo-agit\/oficines-mondo-agit\/agencia-de-traduccio-a-londres\/","title":{"rendered":"Ag\u00e8ncia de traducci\u00f3 a Londres"},"content":{"rendered":"<p>[et_pb_section fb_built=&#8221;1&#8243; admin_label=&#8221;Fun Fact Section&#8221; _builder_version=&#8221;4.6.3&#8243; background_color=&#8221;#ffb141&#8243; min_height=&#8221;200px&#8221; custom_margin=&#8221;|||&#8221; custom_padding=&#8221;||||false|false&#8221; global_colors_info=&#8221;{}&#8221;][et_pb_row _builder_version=&#8221;4.6.3&#8243; _module_preset=&#8221;default&#8221; global_colors_info=&#8221;{}&#8221;][et_pb_column type=&#8221;4_4&#8243; _builder_version=&#8221;4.6.3&#8243; _module_preset=&#8221;default&#8221; global_colors_info=&#8221;{}&#8221;][et_pb_text _builder_version=&#8221;4.6.3&#8243; _module_preset=&#8221;default&#8221; text_text_color=&#8221;#ffffff&#8221; header_text_color=&#8221;#ffffff&#8221; header_2_text_color=&#8221;#ffffff&#8221; header_3_text_color=&#8221;#ffffff&#8221; text_orientation=&#8221;center&#8221; global_colors_info=&#8221;{}&#8221;]<\/p>\n<h2 class=\"call-to-action-1-text\"><strong>Necessita un pressupost gratu\u00eft i sense comprom\u00eds?<\/strong><\/h2>\n<p><strong><\/strong><\/p>\n<p>[\/et_pb_text][et_pb_button button_url=&#8221;http:\/\/mondoagit.com\/ca\/agencia-de-traduccio-mondo-agit\/contacte\/&#8221; button_text=&#8221;sol\u00b7liciti pressupost&#8221; button_alignment=&#8221;center&#8221; _builder_version=&#8221;4.11.1&#8243; _module_preset=&#8221;default&#8221; custom_button=&#8221;on&#8221; button_text_color=&#8221;#ffffff&#8221; global_colors_info=&#8221;{}&#8221;][\/et_pb_button][\/et_pb_column][\/et_pb_row][\/et_pb_section][et_pb_section fb_built=&#8221;1&#8243; admin_label=&#8221;Feature Section&#8221; _builder_version=&#8221;4.6.3&#8243; custom_margin=&#8221;|||&#8221; custom_padding=&#8221;||||false|false&#8221; locked=&#8221;off&#8221; global_colors_info=&#8221;{}&#8221;][et_pb_row _builder_version=&#8221;4.6.3&#8243; _module_preset=&#8221;default&#8221; custom_padding=&#8221;0px|||||&#8221; global_colors_info=&#8221;{}&#8221;][et_pb_column type=&#8221;4_4&#8243; _builder_version=&#8221;4.6.3&#8243; _module_preset=&#8221;default&#8221; global_colors_info=&#8221;{}&#8221;][et_pb_text admin_label=&#8221;Subtitle&#8221; _builder_version=&#8221;4.14.0&#8243; text_font=&#8221;Montserrat||||&#8221; text_text_color=&#8221;#747d88&#8243; text_font_size=&#8221;16px&#8221; text_line_height=&#8221;1.8em&#8221; header_font=&#8221;||||||||&#8221; module_alignment=&#8221;left&#8221; custom_margin=&#8221;|||&#8221; custom_padding=&#8221;||||false|false&#8221; animation_style=&#8221;slide&#8221; animation_direction=&#8221;bottom&#8221; animation_delay=&#8221;100ms&#8221; animation_intensity_slide=&#8221;4%&#8221; locked=&#8221;off&#8221; global_colors_info=&#8221;{}&#8221;]<\/p>\n<h2>Ag\u00e8ncia de traducci\u00f3 a Londres<\/h2>\n<p>[\/et_pb_text][et_pb_text admin_label=&#8221;Subtitle&#8221; _builder_version=&#8221;4.14.0&#8243; text_font=&#8221;Montserrat||||&#8221; text_text_color=&#8221;#747d88&#8243; text_font_size=&#8221;16px&#8221; text_line_height=&#8221;1.8em&#8221; header_font=&#8221;||||||||&#8221; module_alignment=&#8221;left&#8221; custom_margin=&#8221;|||&#8221; custom_padding=&#8221;||||false|false&#8221; animation_style=&#8221;slide&#8221; animation_direction=&#8221;bottom&#8221; animation_delay=&#8221;100ms&#8221; animation_intensity_slide=&#8221;4%&#8221; locked=&#8221;off&#8221; global_colors_info=&#8221;{}&#8221;]<\/p>\n<p>Si busca una empresa de traducci\u00f3 a Londres, trobar\u00e0 a Mondo Agit un equip de ling\u00fcistes dedicats i professionals.<\/p>\n<p>Gr\u00e0cies a la nostra \u00e0mplia xarxa de professionals, podem oferir els nostres serveis en una gran quantitat d&#8217;idiomes i especialitats.<br \/>Des de la nostra ag\u00e8ncia de traducci\u00f3 a Londres oferim diferents serveis ling\u00fc\u00edstics, entre els quals destaquen els seg\u00fcents:<\/p>\n<ul>\n<li><a href=\"http:\/\/mondoagit.com\/ca\/traductor-serveis-de-traduccio\/traduccio-de-textos\/\">Traducci\u00f3<\/a><\/li>\n<li><a href=\"http:\/\/mondoagit.com\/ca\/interpret\/\">Interpretaci\u00f3<\/a><\/li>\n<li><a href=\"http:\/\/mondoagit.com\/ca\/mes-serveis\/revisio-i-correccio\/\">Revisi\u00f3 i correcci\u00f3 de textos<\/a><\/li>\n<li><a href=\"http:\/\/mondoagit.com\/ca\/traductor-serveis-de-traduccio\/traduccio-web\/\">Traducci\u00f3 de p\u00e0gines web (localitzaci\u00f3)<\/a><\/li>\n<li><a href=\"http:\/\/mondoagit.com\/ca\/mes-serveis\/servei-de-subtitulacio\/\">Subtitulaci\u00f3<\/a><\/li>\n<li><a href=\"http:\/\/mondoagit.com\/ca\/mes-serveis\/transcripcio\/\">Transcripci\u00f3<\/a><\/li>\n<\/ul>\n<p>Tambi\u00e9n ofrecemos servicios de <a href=\"http:\/\/mondoagit.com\/ca\/traductor-serveis-de-traduccio\/traductor-jurat\/\">traducci\u00f3n jurada<\/a> en diversos idiomas y para diferentes pa\u00edses.<\/p>\n<p>Tamb\u00e9 oferim serveis de <a href=\"http:\/\/mondoagit.com\/ca\/traductor-serveis-de-traduccio\/traductor-jurat\/\">traducci\u00f3 jurada<\/a> en diversos idiomes i per a diferents pa\u00efsos.<\/p>\n<p>Els nostres int\u00e8rprets i traductors s\u00f3n professionals avalats per una \u00e0mplia experi\u00e8ncia i especialitzats en les seves respectives \u00e0rees que treballaran sobre la documentaci\u00f3 obtinguda i, si cal, prepararan amb el client, per contacte telef\u00f2nic o en persona, la trobada o treball.<\/p>\n<p>A Mondo Agit seguim rigorosament els nostres <a href=\"http:\/\/mondoagit.com\/ca\/agencia-de-traduccio-mondo-agit\/principis\/\">principis<\/a>, qualitat a preus altament competitius, ens converteixen en la millor opci\u00f3.<\/p>\n<p><em>Tot document enviat a la nostra ag\u00e8ncia de traducci\u00f3 a Londres ser\u00e0 tractat confidencialment i romandr\u00e0 en tot moment propietat del seu amo.<\/em><\/p>\n<p>[\/et_pb_text][\/et_pb_column][\/et_pb_row][\/et_pb_section]<\/p>\n","protected":false},"excerpt":{"rendered":"<p>Necessita un pressupost gratu\u00eft i sense comprom\u00eds? Ag\u00e8ncia de traducci\u00f3 a LondresSi busca una empresa de traducci\u00f3 a Londres, trobar\u00e0 a Mondo Agit un equip de ling\u00fcistes dedicats i professionals. Gr\u00e0cies a la nostra \u00e0mplia xarxa de professionals, podem oferir els nostres serveis en una gran quantitat d&#8217;idiomes i especialitats.Des de la nostra ag\u00e8ncia de [&hellip;]<\/p>\n","protected":false},"author":6,"featured_media":0,"parent":4889,"menu_order":0,"comment_status":"closed","ping_status":"closed","template":"","meta":{"_et_pb_use_builder":"on","_et_pb_old_content":"","_et_gb_content_width":"","om_disable_all_campaigns":false,"_monsterinsights_skip_tracking":false,"_monsterinsights_sitenote_active":false,"_monsterinsights_sitenote_note":"","_monsterinsights_sitenote_category":0,"footnotes":""},"class_list":["post-5941","page","type-page","status-publish","hentry"],"aioseo_notices":[],"_links":{"self":[{"href":"https:\/\/mondoagit.com\/ca\/wp-json\/wp\/v2\/pages\/5941","targetHints":{"allow":["GET"]}}],"collection":[{"href":"https:\/\/mondoagit.com\/ca\/wp-json\/wp\/v2\/pages"}],"about":[{"href":"https:\/\/mondoagit.com\/ca\/wp-json\/wp\/v2\/types\/page"}],"author":[{"embeddable":true,"href":"https:\/\/mondoagit.com\/ca\/wp-json\/wp\/v2\/users\/6"}],"replies":[{"embeddable":true,"href":"https:\/\/mondoagit.com\/ca\/wp-json\/wp\/v2\/comments?post=5941"}],"version-history":[{"count":3,"href":"https:\/\/mondoagit.com\/ca\/wp-json\/wp\/v2\/pages\/5941\/revisions"}],"predecessor-version":[{"id":6005,"href":"https:\/\/mondoagit.com\/ca\/wp-json\/wp\/v2\/pages\/5941\/revisions\/6005"}],"up":[{"embeddable":true,"href":"https:\/\/mondoagit.com\/ca\/wp-json\/wp\/v2\/pages\/4889"}],"wp:attachment":[{"href":"https:\/\/mondoagit.com\/ca\/wp-json\/wp\/v2\/media?parent=5941"}],"curies":[{"name":"wp","href":"https:\/\/api.w.org\/{rel}","templated":true}]}}