{"id":6208,"date":"2022-01-19T11:11:32","date_gmt":"2022-01-19T10:11:32","guid":{"rendered":"http:\/\/temp.mondoagit.com\/traductor-serveis-de-traduccio\/traduccio-de-textos\/traductor-angles\/"},"modified":"2022-01-19T11:11:35","modified_gmt":"2022-01-19T10:11:35","slug":"traductor-angles","status":"publish","type":"page","link":"https:\/\/mondoagit.com\/ca\/traductor-serveis-de-traduccio\/traduccio-de-textos\/traductor-angles\/","title":{"rendered":"Traductor angl\u00e8s"},"content":{"rendered":"<p>[et_pb_section fb_built=&#8221;1&#8243; admin_label=&#8221;Fun Fact Section&#8221; _builder_version=&#8221;4.6.3&#8243; background_color=&#8221;#ffb141&#8243; min_height=&#8221;200px&#8221; custom_margin=&#8221;|||&#8221; custom_padding=&#8221;||||false|false&#8221; global_colors_info=&#8221;{}&#8221;][et_pb_row _builder_version=&#8221;4.6.3&#8243; _module_preset=&#8221;default&#8221; global_colors_info=&#8221;{}&#8221;][et_pb_column type=&#8221;4_4&#8243; _builder_version=&#8221;4.6.3&#8243; _module_preset=&#8221;default&#8221; global_colors_info=&#8221;{}&#8221;][et_pb_text _builder_version=&#8221;4.6.3&#8243; _module_preset=&#8221;default&#8221; text_text_color=&#8221;#ffffff&#8221; header_text_color=&#8221;#ffffff&#8221; header_2_text_color=&#8221;#ffffff&#8221; header_3_text_color=&#8221;#ffffff&#8221; text_orientation=&#8221;center&#8221; global_colors_info=&#8221;{}&#8221;]<\/p>\n<h2 class=\"call-to-action-1-text\"><strong>Necessita un pressupost gratu\u00eft i sense comprom\u00eds?<\/strong><\/h2>\n<p><strong><\/strong><\/p>\n<p>[\/et_pb_text][et_pb_button button_url=&#8221;http:\/\/mondoagit.com\/la-empresa\/contacto\/&#8221; button_text=&#8221;sol\u00b7liciti pressupost&#8221; button_alignment=&#8221;center&#8221; _builder_version=&#8221;4.11.1&#8243; _module_preset=&#8221;default&#8221; custom_button=&#8221;on&#8221; button_text_color=&#8221;#ffffff&#8221; global_colors_info=&#8221;{}&#8221;][\/et_pb_button][\/et_pb_column][\/et_pb_row][\/et_pb_section][et_pb_section fb_built=&#8221;1&#8243; admin_label=&#8221;Feature Section&#8221; _builder_version=&#8221;4.6.3&#8243; min_height=&#8221;298px&#8221; custom_margin=&#8221;|||&#8221; custom_padding=&#8221;||54px||false|false&#8221; locked=&#8221;off&#8221; global_colors_info=&#8221;{}&#8221;][et_pb_row _builder_version=&#8221;4.6.3&#8243; _module_preset=&#8221;default&#8221; custom_padding=&#8221;0px|||||&#8221; global_colors_info=&#8221;{}&#8221;][et_pb_column type=&#8221;4_4&#8243; _builder_version=&#8221;4.6.3&#8243; _module_preset=&#8221;default&#8221; global_colors_info=&#8221;{}&#8221;][et_pb_text admin_label=&#8221;Subtitle&#8221; _builder_version=&#8221;4.11.1&#8243; text_font=&#8221;Montserrat||||&#8221; text_text_color=&#8221;#747d88&#8243; text_font_size=&#8221;16px&#8221; text_line_height=&#8221;1.8em&#8221; header_font=&#8221;||||||||&#8221; module_alignment=&#8221;left&#8221; custom_margin=&#8221;|||&#8221; custom_padding=&#8221;0px||||false|false&#8221; animation_style=&#8221;slide&#8221; animation_direction=&#8221;bottom&#8221; animation_delay=&#8221;100ms&#8221; animation_intensity_slide=&#8221;4%&#8221; locked=&#8221;off&#8221; global_colors_info=&#8221;{}&#8221;]<\/p>\n<h2>Traductor angl\u00e8s<\/h2>\n<p>[\/et_pb_text][\/et_pb_column][\/et_pb_row][et_pb_row _builder_version=&#8221;4.6.3&#8243; _module_preset=&#8221;default&#8221; custom_padding=&#8221;0px|||||&#8221; global_colors_info=&#8221;{}&#8221;][et_pb_column type=&#8221;4_4&#8243; _builder_version=&#8221;4.6.3&#8243; _module_preset=&#8221;default&#8221; global_colors_info=&#8221;{}&#8221;][et_pb_text admin_label=&#8221;Subtitle&#8221; _builder_version=&#8221;4.11.1&#8243; text_font=&#8221;Montserrat||||&#8221; text_text_color=&#8221;#747d88&#8243; text_font_size=&#8221;16px&#8221; text_line_height=&#8221;1.8em&#8221; header_font=&#8221;||||||||&#8221; module_alignment=&#8221;left&#8221; custom_margin=&#8221;|||&#8221; custom_padding=&#8221;1px||0px||false|false&#8221; animation_style=&#8221;slide&#8221; animation_direction=&#8221;bottom&#8221; animation_delay=&#8221;100ms&#8221; animation_intensity_slide=&#8221;4%&#8221; locked=&#8221;off&#8221; global_colors_info=&#8221;{}&#8221;]La traducci\u00f3 <strong>angl\u00e8s &#8211; catal\u00e0<\/strong> i <strong>catal\u00e0 &#8211; angl\u00e8s<\/strong> \u00e9s un dels molts serveis que oferim a la nostra ag\u00e8ncia de traducci\u00f3.<\/p>\n<p>Estem especialitzats en la traducci\u00f3 i en la traducci\u00f3 jurada al i de l\u2019angl\u00e8s de tot tipus de textos cient\u00edfics, financers, jur\u00eddic i t\u00e8cnics (\u00e0rees d\u2019especialitzaci\u00f3). Gr\u00e0cies al nostre servei de traducci\u00f3 jurada en angl\u00e8s podreu certificar davant qualsevol entitat que la traducci\u00f3 presentada es correspon amb l\u2019original.[\/et_pb_text][\/et_pb_column][\/et_pb_row][\/et_pb_section][et_pb_section fb_built=&#8221;1&#8243; admin_label=&#8221;Feature Section&#8221; _builder_version=&#8221;4.6.3&#8243; custom_margin=&#8221;|||&#8221; custom_padding=&#8221;||||false|false&#8221; locked=&#8221;off&#8221; global_colors_info=&#8221;{}&#8221;][et_pb_row _builder_version=&#8221;4.6.3&#8243; _module_preset=&#8221;default&#8221; custom_padding=&#8221;0px|||||&#8221; global_colors_info=&#8221;{}&#8221;][et_pb_column type=&#8221;4_4&#8243; _builder_version=&#8221;4.6.3&#8243; _module_preset=&#8221;default&#8221; global_colors_info=&#8221;{}&#8221;][et_pb_text admin_label=&#8221;Subtitle&#8221; _builder_version=&#8221;4.11.1&#8243; text_font=&#8221;Montserrat||||&#8221; text_text_color=&#8221;#747d88&#8243; text_font_size=&#8221;16px&#8221; text_line_height=&#8221;1.8em&#8221; header_font=&#8221;||||||||&#8221; module_alignment=&#8221;left&#8221; custom_margin=&#8221;|||&#8221; custom_padding=&#8221;||||false|false&#8221; animation_style=&#8221;slide&#8221; animation_direction=&#8221;bottom&#8221; animation_delay=&#8221;100ms&#8221; animation_intensity_slide=&#8221;4%&#8221; locked=&#8221;off&#8221; global_colors_info=&#8221;{}&#8221;]<\/p>\n<p>Les traduccions angl\u00e8s-catal\u00e0 i catal\u00e0-angl\u00e8s passen per les dues fases essencials en tot tipus de traducci\u00f3:<\/p>\n<p><img loading=\"lazy\" decoding=\"async\" src=\"http:\/\/mondoagit.com\/wp-content\/uploads\/2021\/06\/english.png\" width=\"500\" height=\"220\" alt=\"\" class=\"wp-image-2614 alignnone size-full\" style=\"float: right;\" srcset=\"http:\/\/mondoagit.com\/wp-content\/uploads\/2021\/06\/english.png 500w, http:\/\/mondoagit.com\/wp-content\/uploads\/2021\/06\/english-480x211.png 480w\" sizes=\"(min-width: 0px) and (max-width: 480px) 480px, (min-width: 481px) 500px, 100vw\" \/><\/p>\n<p>I. Traducci\u00f3<br \/>\nEls nostres traductors d\u2019angl\u00e8s i catal\u00e0 nadius, professionals avalats per una \u00e0mplia experi\u00e8ncia, amb una \u00e0mplia formaci\u00f3 acad\u00e8mica, tradueixen \u00fanicament a la seva llengua materna i nom\u00e9s textos en els quals estan especialitzats. Tot aix\u00f2 es du a terme amb l\u2019ajuda de les darreres tecnologies en la traducci\u00f3 d\u2019angl\u00e8s, la qual cosa garanteix sempre els millors resultats.<\/p>\n<p>II. Correcci\u00f3 i revisi\u00f3<br \/>\nPer assegurar una total flu\u00efdesa i la perfecci\u00f3 ling\u00fc\u00edstica m\u00e9s gran possible, els treballs s\u00f3n revisats per la nostra ag\u00e8ncia. Per una tarifa addicional (generalment un ter\u00e7 del preu de la traducci\u00f3) tamb\u00e9 oferim l\u2019opci\u00f3 d\u2019una revisi\u00f3 i  correcci\u00f3 addicional realitzada per traductors o revisors nadius especialitzats en l\u2019\u00e0rea en q\u00fcesti\u00f3. Oferim servei de resum biling\u00fce per a textos en angl\u00e8s i catal\u00e0 dels quals no necessiteu una traducci\u00f3 completa.<\/p>\n<p>[\/et_pb_text][\/et_pb_column][\/et_pb_row][et_pb_row _builder_version=&#8221;4.6.3&#8243; _module_preset=&#8221;default&#8221; custom_padding=&#8221;0px|||||&#8221; global_colors_info=&#8221;{}&#8221;][et_pb_column type=&#8221;4_4&#8243; _builder_version=&#8221;4.6.3&#8243; _module_preset=&#8221;default&#8221; global_colors_info=&#8221;{}&#8221;][et_pb_text admin_label=&#8221;Subtitle&#8221; _builder_version=&#8221;4.6.3&#8243; text_font=&#8221;Montserrat||||&#8221; text_text_color=&#8221;#747d88&#8243; text_font_size=&#8221;16px&#8221; text_line_height=&#8221;1.8em&#8221; header_font=&#8221;||||||||&#8221; module_alignment=&#8221;left&#8221; custom_margin=&#8221;|||&#8221; custom_padding=&#8221;||||false|false&#8221; animation_style=&#8221;slide&#8221; animation_direction=&#8221;bottom&#8221; animation_delay=&#8221;100ms&#8221; animation_intensity_slide=&#8221;4%&#8221; locked=&#8221;off&#8221; global_colors_info=&#8221;{}&#8221;]<\/p>\n<p>A Mondo Agit, una empresa internacional amb oficines a tot Europa, la nostra feina es regeix sempre pels nostres principis. Els nostres terminis de lliurament i els nostres preus, altament competitius, ens converteixen en la vostra millor opci\u00f3. Feu la prova, si busqueu un traductor d\u2019angl\u00e8s, poseu-vos en contacte amb nosaltres.<\/p>\n<p>Per obtenir m\u00e9s informaci\u00f3, poseu-vos en contacte amb nosaltres o envieu-nos per e-mail una sol\u2022licitud de pressupost.<\/p>\n<p>[\/et_pb_text][\/et_pb_column][\/et_pb_row][et_pb_row _builder_version=&#8221;4.6.3&#8243; _module_preset=&#8221;default&#8221; custom_padding=&#8221;0px|||||&#8221; global_colors_info=&#8221;{}&#8221;][et_pb_column type=&#8221;4_4&#8243; _builder_version=&#8221;4.6.3&#8243; _module_preset=&#8221;default&#8221; global_colors_info=&#8221;{}&#8221;][et_pb_accordion _builder_version=&#8221;4.11.1&#8243; _module_preset=&#8221;default&#8221; global_colors_info=&#8221;{}&#8221;][et_pb_accordion_item title=&#8221;-&#8221; open=&#8221;off&#8221; _builder_version=&#8221;4.6.3&#8243; _module_preset=&#8221;default&#8221; custom_css_main_element=&#8221;display: none; &#8221; global_colors_info=&#8221;{}&#8221;]<\/p>\n<p>&nbsp;<\/p>\n<p>[\/et_pb_accordion_item][et_pb_accordion_item title=&#8221;Breve introducci\u00f3n al ingl\u00e9s (expandir)&#8221; _builder_version=&#8221;4.11.1&#8243; _module_preset=&#8221;default&#8221; global_colors_info=&#8221;{}&#8221; open=&#8221;on&#8221;]<\/p>\n<p>El ingl\u00e9s es un idioma con or\u00edgenes germ\u00e1nicos que fue difundido por las islas brit\u00e1nicas y en la mayor parte de las colonias de ultramar que pose\u00eda. El idioma ingl\u00e9s es descendiente del idioma de las tribus germ\u00e1nicas que emigraron a lo que hoy en d\u00eda se conoce como Inglaterra. Una conjunci\u00f3n de dialectos dio lugar a lo que es conocido como ingl\u00e9s antiguo, que guarda gran parecido con el fris\u00f3n moderno.<\/p>\n<p>Actualmente, es el segundo idioma m\u00e1s hablado de todo el mundo, por detr\u00e1s del chino mandar\u00edn. Es el tercer idioma con m\u00e1s hablantes nativos, alrededor de 341 millones de personas. El ingl\u00e9s es lengua oficial en los Estados Unidos de Am\u00e9rica, Reino Unido y en 103 pa\u00edses m\u00e1s, la mayor\u00eda de ellos pertenecientes a la Mancomunidad Brit\u00e1nica de Naciones.<\/p>\n<p>El ingl\u00e9s se ha convertido en el idioma m\u00e1s usado para comunicarse fuera del propio pa\u00eds debido a la antigua expansi\u00f3n colonial de Inglaterra y, en la actualidad, al estatus de potencia mundial tanto en lo econ\u00f3mico como cient\u00edfico y t\u00e9cnico que alcanz\u00f3 Estados Unidos despu\u00e9s de la Guerra Mundial.<\/p>\n<p>En cuanto a su gram\u00e1tica, en ingl\u00e9s existen cuatro tiempos verbales fundamentales: presente, pasado, futuro y condicional. Dentro de estos cuatro tiempos, podemos distinguir los tiempos simples, compuestos y continuos.<br \/>Respecto a los pronombres personales, es necesaria la colocaci\u00f3n de un pronombre siempre, a diferencia del espa\u00f1ol, que permite en multitud de ocasiones su omisi\u00f3n.<\/p>\n<p>Aproximadamente en el siglo XV, se fij\u00f3 la ortograf\u00eda del ingl\u00e9s, aunque se han producido importantes cambios desde entonces. Especialmente, las vocales han sufrido estos cambios y, como consecuencia, la pronunciaci\u00f3n de las mismas resulta muy complicada. As\u00ed existen secuencias de vocales que tienen hasta cinco pronunciaciones distintas.<\/p>\n<p>[\/et_pb_accordion_item][\/et_pb_accordion][\/et_pb_column][\/et_pb_row][\/et_pb_section][et_pb_section fb_built=&#8221;1&#8243; _builder_version=&#8221;4.6.3&#8243; _module_preset=&#8221;default&#8221; locked=&#8221;off&#8221; global_colors_info=&#8221;{}&#8221;][et_pb_row use_custom_gutter=&#8221;on&#8221; _builder_version=&#8221;4.6.3&#8243; _module_preset=&#8221;default&#8221; width=&#8221;100%&#8221; max_width=&#8221;1200px&#8221; module_alignment=&#8221;center&#8221; global_colors_info=&#8221;{}&#8221;][et_pb_column type=&#8221;4_4&#8243; _builder_version=&#8221;4.6.3&#8243; _module_preset=&#8221;default&#8221; global_colors_info=&#8221;{}&#8221;][et_pb_text admin_label=&#8221;Title&#8221; _builder_version=&#8221;4.6.3&#8243; text_font=&#8221;Montserrat||||||||&#8221; text_text_color=&#8221;#747d88&#8243; text_font_size=&#8221;16px&#8221; text_line_height=&#8221;1.9em&#8221; header_font=&#8221;||||||||&#8221; header_text_align=&#8221;left&#8221; header_2_font=&#8221;Montserrat|700||on|||||&#8221; header_2_font_size=&#8221;42px&#8221; header_2_line_height=&#8221;1.3em&#8221; text_orientation=&#8221;center&#8221; max_width=&#8221;1400px&#8221; module_alignment=&#8221;center&#8221; animation_style=&#8221;slide&#8221; animation_direction=&#8221;bottom&#8221; animation_intensity_slide=&#8221;4%&#8221; locked=&#8221;off&#8221; global_colors_info=&#8221;{}&#8221;]<\/p>\n<h2 style=\"text-align: center;\">Alguns clients satisfets:<\/h2>\n<p>[\/et_pb_text][et_pb_gallery gallery_ids=&#8221;2581,2575,2578,2587&#8243; gallery_orderby=&#8221;rand&#8221; orientation=&#8221;portrait&#8221; show_title_and_caption=&#8221;off&#8221; show_pagination=&#8221;off&#8221; _builder_version=&#8221;4.6.3&#8243; _module_preset=&#8221;default&#8221; width=&#8221;100%&#8221; max_width=&#8221;80%&#8221; module_alignment=&#8221;center&#8221; global_colors_info=&#8221;{}&#8221;][\/et_pb_gallery][et_pb_gallery gallery_ids=&#8221;2590,2599,2602,2605&#8243; gallery_orderby=&#8221;rand&#8221; orientation=&#8221;portrait&#8221; show_title_and_caption=&#8221;off&#8221; show_pagination=&#8221;off&#8221; _builder_version=&#8221;4.6.3&#8243; _module_preset=&#8221;default&#8221; width=&#8221;100%&#8221; max_width=&#8221;80%&#8221; module_alignment=&#8221;center&#8221; global_colors_info=&#8221;{}&#8221;][\/et_pb_gallery][\/et_pb_column][\/et_pb_row][\/et_pb_section]<\/p>\n","protected":false},"excerpt":{"rendered":"<p>Necessita un pressupost gratu\u00eft i sense comprom\u00eds? Traductor angl\u00e8sLa traducci\u00f3 angl\u00e8s &#8211; catal\u00e0 i catal\u00e0 &#8211; angl\u00e8s \u00e9s un dels molts serveis que oferim a la nostra ag\u00e8ncia de traducci\u00f3. Estem especialitzats en la traducci\u00f3 i en la traducci\u00f3 jurada al i de l\u2019angl\u00e8s de tot tipus de textos cient\u00edfics, financers, jur\u00eddic i t\u00e8cnics (\u00e0rees [&hellip;]<\/p>\n","protected":false},"author":6,"featured_media":0,"parent":4445,"menu_order":0,"comment_status":"closed","ping_status":"closed","template":"","meta":{"_et_pb_use_builder":"on","_et_pb_old_content":"","_et_gb_content_width":"","om_disable_all_campaigns":false,"_monsterinsights_skip_tracking":false,"_monsterinsights_sitenote_active":false,"_monsterinsights_sitenote_note":"","_monsterinsights_sitenote_category":0,"footnotes":""},"class_list":["post-6208","page","type-page","status-publish","hentry"],"aioseo_notices":[],"_links":{"self":[{"href":"https:\/\/mondoagit.com\/ca\/wp-json\/wp\/v2\/pages\/6208","targetHints":{"allow":["GET"]}}],"collection":[{"href":"https:\/\/mondoagit.com\/ca\/wp-json\/wp\/v2\/pages"}],"about":[{"href":"https:\/\/mondoagit.com\/ca\/wp-json\/wp\/v2\/types\/page"}],"author":[{"embeddable":true,"href":"https:\/\/mondoagit.com\/ca\/wp-json\/wp\/v2\/users\/6"}],"replies":[{"embeddable":true,"href":"https:\/\/mondoagit.com\/ca\/wp-json\/wp\/v2\/comments?post=6208"}],"version-history":[{"count":3,"href":"https:\/\/mondoagit.com\/ca\/wp-json\/wp\/v2\/pages\/6208\/revisions"}],"predecessor-version":[{"id":6211,"href":"https:\/\/mondoagit.com\/ca\/wp-json\/wp\/v2\/pages\/6208\/revisions\/6211"}],"up":[{"embeddable":true,"href":"https:\/\/mondoagit.com\/ca\/wp-json\/wp\/v2\/pages\/4445"}],"wp:attachment":[{"href":"https:\/\/mondoagit.com\/ca\/wp-json\/wp\/v2\/media?parent=6208"}],"curies":[{"name":"wp","href":"https:\/\/api.w.org\/{rel}","templated":true}]}}