{"id":3817,"date":"2021-12-10T12:20:35","date_gmt":"2021-12-10T11:20:35","guid":{"rendered":"http:\/\/temp.mondoagit.com\/staedte\/dolmetscher-in-deutschland\/dolmetscher-in-dresden\/"},"modified":"2022-01-04T11:35:27","modified_gmt":"2022-01-04T10:35:27","slug":"dolmetscher-in-dresden","status":"publish","type":"page","link":"https:\/\/mondoagit.com\/de\/dolmetscher\/staedte\/dolmetscher-in-deutschland\/dolmetscher-in-dresden\/","title":{"rendered":"Dolmetscher in Dresden"},"content":{"rendered":"<p>[et_pb_section fb_built=&#8220;1&#8243; admin_label=&#8220;Fun Fact Section&#8220; _builder_version=&#8220;4.6.3&#8243; background_color=&#8220;#ffb141&#8243; min_height=&#8220;200px&#8220; custom_margin=&#8220;|||&#8220; custom_padding=&#8220;||||false|false&#8220; global_colors_info=&#8220;{}&#8220;][et_pb_row _builder_version=&#8220;4.6.3&#8243; _module_preset=&#8220;default&#8220; global_colors_info=&#8220;{}&#8220;][et_pb_column type=&#8220;4_4&#8243; _builder_version=&#8220;4.6.3&#8243; _module_preset=&#8220;default&#8220; global_colors_info=&#8220;{}&#8220;][et_pb_text _builder_version=&#8220;4.6.3&#8243; _module_preset=&#8220;default&#8220; text_text_color=&#8220;#ffffff&#8220; header_text_color=&#8220;#ffffff&#8220; header_2_text_color=&#8220;#ffffff&#8220; header_3_text_color=&#8220;#ffffff&#8220; text_orientation=&#8220;center&#8220; global_colors_info=&#8220;{}&#8220;]<\/p>\n<h2 class=\"call-to-action-1-text\"><strong>Sie w\u00fcnschen einen unverbindlichen Kostenvoranschlag?<\/strong><\/h2>\n<p>&nbsp;<br \/>\n[\/et_pb_text][et_pb_button button_url=&#8220; http:\/\/mondoagit.com\/de\/ueber-uns\/kontakt\/&#8220; button_text=&#8220;Jetzt kostenlos anfordern&#8220; button_alignment=&#8220;center&#8220; _builder_version=&#8220;4.14.0&#8243; _module_preset=&#8220;default&#8220; custom_button=&#8220;on&#8220; button_text_color=&#8220;#ffffff&#8220; hover_enabled=&#8220;0&#8243; global_colors_info=&#8220;{}&#8220; sticky_enabled=&#8220;0&#8243;][\/et_pb_button][\/et_pb_column][\/et_pb_row][\/et_pb_section][et_pb_section fb_built=&#8220;1&#8243; admin_label=&#8220;Feature Section&#8220; _builder_version=&#8220;4.6.3&#8243; custom_margin=&#8220;|||&#8220; custom_padding=&#8220;65px||34px|||&#8220; global_colors_info=&#8220;{}&#8220;][et_pb_row _builder_version=&#8220;4.6.3&#8243; _module_preset=&#8220;default&#8220; custom_padding=&#8220;0px|||||&#8220; global_colors_info=&#8220;{}&#8220;][et_pb_column type=&#8220;4_4&#8243; _builder_version=&#8220;4.6.3&#8243; _module_preset=&#8220;default&#8220; global_colors_info=&#8220;{}&#8220;][et_pb_text admin_label=&#8220;Subtitle&#8220; _builder_version=&#8220;4.11.1&#8243; text_font=&#8220;Montserrat||||&#8220; text_text_color=&#8220;#747d88&#8243; text_font_size=&#8220;16px&#8220; text_line_height=&#8220;1.8em&#8220; header_font=&#8220;||||||||&#8220; module_alignment=&#8220;left&#8220; custom_margin=&#8220;|||&#8220; custom_padding=&#8220;||||false|false&#8220; animation_style=&#8220;slide&#8220; animation_direction=&#8220;bottom&#8220; animation_delay=&#8220;100ms&#8220; animation_intensity_slide=&#8220;4%&#8220; locked=&#8220;off&#8220; global_colors_info=&#8220;{}&#8220;]<\/p>\n<h1>Dolmetscher in Dresden<\/h1>\n<p>[\/et_pb_text][et_pb_text admin_label=&#8220;Subtitle&#8220; _builder_version=&#8220;4.11.1&#8243; text_font=&#8220;Montserrat||||&#8220; text_text_color=&#8220;#747d88&#8243; text_font_size=&#8220;16px&#8220; text_line_height=&#8220;1.8em&#8220; header_font=&#8220;||||||||&#8220; module_alignment=&#8220;left&#8220; custom_margin=&#8220;|||&#8220; custom_padding=&#8220;||||false|false&#8220; animation_style=&#8220;slide&#8220; animation_direction=&#8220;bottom&#8220; animation_delay=&#8220;100ms&#8220; animation_intensity_slide=&#8220;4%&#8220; locked=&#8220;off&#8220; global_colors_info=&#8220;{}&#8220;]<\/p>\n<p><img loading=\"lazy\" decoding=\"async\" class=\"wp-image-2831 alignnone size-full\" style=\"float: right;\" src=\"http:\/\/mondoagit.com\/wp-content\/uploads\/2021\/10\/translator_dresden.jpg\" alt=\"\" width=\"382\" height=\"286\" \/>Sie suchen einen <strong>Dolmetscher in Dresden<\/strong>? Hier bietet Ihnen Mondo Agit, genauso wie in anderen wichtigen St\u00e4dten Europas, die Dienste eines professionellen Dolmetscherteams vor Ort an.<\/p>\n<p>Mondo Agit verf\u00fcgt \u00fcber ein stetig wachsendes Netzwerk von Dolmetschern mit vielseitigen Profilen. Dadurch sind wir in der Lage, Dolmetscher in den g\u00e4ngigsten Sprachen wie Chinesisch, Deutsch, Englisch, Franz\u00f6sisch, Italienisch, Portugiesisch, Spanisch und anderen zu vermitteln.<\/p>\n<p>Von unseren Dienststellen aus (siehe <a href=\"http:\/\/mondoagit.com\/de\/ueber-uns\/niederlassungen-in-europa\/\">Niederlassungen<\/a>) vermitteln wir Ihnen verschiedene <strong>Dolmetscherdienste in Dresden<\/strong>, darunter <a href=\"http:\/\/mondoagit.com\/de\/dolmetscher\/verhandlungsdolmetschen\/\">Verhandlungs<\/a>-, <a href=\"http:\/\/mondoagit.com\/de\/dolmetscher\/konsekutivdolmetschen\/\">Konsekutiv<\/a>-, <a href=\"http:\/\/mondoagit.com\/de\/dolmetscher\/fluesterdolmetschen\/\">Fl\u00fcster<\/a>&#8211; und <a href=\"http:\/\/mondoagit.com\/de\/dolmetscher\/simultandolmetschen\/\">Simultandolmetschen<\/a>.<\/p>\n<p>Alle Dolmetscher, die mit uns arbeiten, dolmetschen <strong>aus<\/strong> und <strong>ins Deutsche<\/strong> und sind spezialisierte, bestens ausgebildete und erfahrene Profis auf ihren jeweiligen Fachgebieten. Viele unserer Dolmetscher in Dresden sind drei- oder gar viersprachig, somit sind sie in der Lage, aus mehreren Sprachen zu dolmetschen. In den meisten F\u00e4llen z\u00e4hlt auch <strong>Englisch<\/strong> dazu.<\/p>\n<p>Es empfiehlt sich, die vorhandenen <strong>Unterlagen<\/strong> und so viele Ausk\u00fcnfte wie m\u00f6glich \u00fcber das Treffen, f\u00fcr das Sie einen Dolmetscher buchen, eine Woche (sp\u00e4testens jedoch zwei Tage) vor dem Termin an uns zu senden. Mithilfe der von Ihnen gelieferten Informationen k\u00f6nnen sich unsere Dolmetscher optimal auf das Treffen vorbereiten.<\/p>\n<p>Wir arbeiten stets nach unseren <a href=\"http:\/\/mondoagit.com\/de\/ueber-uns\/prinzipien\/\">Prinzipien<\/a>. Hohe Qualit\u00e4t zu guten Preisen macht Mondo Agit zu Ihrer besten Wahl. \u00dcberzeugen Sie sich selbst! Wenn Sie einen Dolmetscher in Dresden brauchen, melden Sie sich einfach bei uns.<\/p>\n<p>Sollten Sie weitere Informationen w\u00fcnschen, setzen Sie sich mit uns in <a href=\"http:\/\/mondoagit.com\/de\/ueber-uns\/kontakt\/\">Kontakt<\/a> oder fordern Sie einen kostenlosen und unverbindlichen <a href=\"http:\/\/mondoagit.com\/de\/ueber-uns\/kontakt\/\">Kostenvoranschlag<\/a> an.<\/p>\n<p><em>Anmerkung: Alle uns f\u00fcr den Dolmetscherdienst in Dresden zugesendeten Dokumente werden vertraulich behandelt und bleiben Eigentum ihrer jeweiligen Besitzer.<\/em><\/p>\n<p>[\/et_pb_text][\/et_pb_column][\/et_pb_row][et_pb_row _builder_version=&#8220;4.6.3&#8243; _module_preset=&#8220;default&#8220; custom_padding=&#8220;0px|||||&#8220; locked=&#8220;off&#8220; global_colors_info=&#8220;{}&#8220;][et_pb_column type=&#8220;4_4&#8243; _builder_version=&#8220;4.6.3&#8243; _module_preset=&#8220;default&#8220; global_colors_info=&#8220;{}&#8220;][et_pb_accordion _builder_version=&#8220;4.11.1&#8243; _module_preset=&#8220;default&#8220; global_colors_info=&#8220;{}&#8220;][et_pb_accordion_item title=&#8220;-&#8220; _builder_version=&#8220;4.6.3&#8243; _module_preset=&#8220;default&#8220; custom_css_main_element=&#8220;display: none; &#8220; global_colors_info=&#8220;{}&#8220; open=&#8220;on&#8220;]&nbsp;<br \/>\n[\/et_pb_accordion_item][et_pb_accordion_item title=&#8220;Kurze Beschreibung der Stadt (weiterlesen)&#8220; open=&#8220;off&#8220; _builder_version=&#8220;4.11.1&#8243; _module_preset=&#8220;default&#8220; global_colors_info=&#8220;{}&#8220;]<strong>Kurze Beschreibung der Stadt<\/strong><br \/>\nDie kreisfreie Stadt Dresden ist die Landeshauptstadt und zugleich das politische Zentrum des Freistaates Sachsen. Erstmals erw\u00e4hnt wurde die Stadt Dresden, die sich zur kurf\u00fcrstlichen und k\u00f6niglichen Residenz entwickelte, im Jahre 1206. Die Kreisgrabanlage Dresden-Nickern aus dem 5. Jahrtausend v. Chr. ist das Zeugnis der ersten Monumentalbauten im heutigen Stadtgebiet.<\/p>\n<p>Dresden liegt zum Gro\u00dfteil in der Dresdner Elbtalerweiterung, eingebettet zwischen dem Osterzgebirge, der Lausitzer Granitplatte und dem Elbsandsteingebirge. Dresden ist nach Berlin, Hamburg und K\u00f6ln fl\u00e4chenm\u00e4\u00dfig die viertgr\u00f6\u00dfte Stadt Deutschlands.<\/p>\n<p>Die Dresdner Bev\u00f6lkerung ist besonders stolz auf den Spitznamen &#8222;Elbflorenz&#8220; ihrer Stadt, der unter anderem auf die privilegierte Lage an der Elbe sowie die beeindruckende barocke und mediterrane Architektur zur\u00fcckzuf\u00fchren ist.<\/p>\n<p>Durch die Luftangriffe der englischen und U.S. amerikanischen Alliierten zum Ende des Zweiten Weltkriegs wurde ein Gro\u00dfteil der Stadt zerst\u00f6rt. W\u00e4hrend des Sozialismus wurden viele Geb\u00e4ude und historische Monumentalbauwerke wieder aufgebaut oder vollkommen rekonstruiert. Die historische Wohnbebauung wurde zum Gro\u00dfteil abgetragen oder gesprengt.<\/p>\n<p><strong>Was gibt es in Dresden zu erleben?<\/strong><\/p>\n<p>Dresden ist heutzutage eine international angesehene Kunst- und Kulturstadt und zugleich Weltkulturerbest\u00e4tte. Es gibt zahlreiche kostbare Kunstsammlungen und bedeutende Bauwerke verschiedener Epochen zu besichtigen.<\/p>\n<p>&#8211; Als Wahrzeichen der Stadt gilt die ber\u00fchmte Frauenkirche, die im Zweiten Weltkrieg fast vollkommen zerst\u00f6rt wurde und zwischenzeitlich als Mahnmal des Krieges galt. 2005 wurde sie wieder aufgebaut und seitdem ist sie eine der beliebtesten Besucherattraktionen Dresdens.<\/p>\n<p>&#8211; Besichtigen Sie beispielsweise die ber\u00fchmte Semperoper auf dem Theaterplatz, die 1841 gegr\u00fcndet und im Laufe der Geschichte zweimal zerst\u00f6rt wurde. Hier befindet sich ebenfalls der Zwinger, der weitgehend in seinem originalen barocken Baustil erhalten ist. Er wurde von1711 bis 1719 als Ort f\u00fcr die k\u00f6niglichen Feste errichtet. Erst im Jahr 1728 wurden die letzten Bauarbeiten abgeschlossen.<\/p>\n<p>&#8211; Auch das Residenzschloss, das einst den s\u00e4chsischen Kurf\u00fcrsten und sp\u00e4ter den K\u00f6nigen als Wohnsitz diente, ist zweifellos eine Besichtigung wert. Es vereint verschiedene Baustile in den verschiedenen Fl\u00fcgeln, da es im Laufe der Geschichte h\u00e4ufig erweitert und ver\u00e4ndert wurde. Der Georgenbau geh\u00f6rt zu den wenigen Renaissancebauten, die in Dresden noch erhalten geblieben sind.<\/p>\n<p>&#8211; Kunstliebhabern ist ein Besuch der &#8222;Gem\u00e4ldegalerie Alte Meister&#8220; im Semperbau des Zwingers sehr zu empfehlen. Hier werden unter anderem Werke ber\u00fchmter K\u00fcnstler wie Rembrandt, Rubens und Canaletto ausgestellt. Das ber\u00fchmteste Exponat ist zweifellos die Sixtinische Madonna von Raffael.<\/p>\n<p>&#8211; Bewundern Sie auch die Werke in dem Museum &#8222;Das Gr\u00fcne Gew\u00f6lbe&#8220;, welches den Schatz des ehemaligen s\u00e4chsischen K\u00f6nigs beherbergt. Hier handelt es sich um eine Sammlung europ\u00e4ischer Goldschmiedekunst und des Feinhandwerks in Form von Schmuck und repr\u00e4sentativen Ausstellungsst\u00fccken.<\/p>\n<p>&#8211; Derjenige, der sich f\u00fcr die Geschichte Dresdens interessiert, sollte sich das &#8222;Stadtmuseum Dresden&#8220; im Landhaus am Pirnaischen Platz nicht entgehen lassen, in dem Ausstellungen zur Stadtentwicklung gezeigt werden.<\/p>\n<p>&#8211; Auch in Bezug auf Gastronomie bietet Dresden seinen Besuchern ein weitgef\u00e4chertes Angebot. Speisen Sie im Brauhaus Waldschl\u00f6sschen, in dem typische Gerichte wie Schnitzel oder Schweinshaxe angeboten werden. Nat\u00fcrlich gibt es auch internationale Spezialit\u00e4ten wie beispielsweise im Restaurant Ayers Rock, in dem australische Spezialit\u00e4ten angeboten werden und in dem regelm\u00e4\u00dfig Livemusik gespielt wird.<\/p>\n<p>&#8211; Des Nachts haben Sie in Dresden eine Vielzahl verschiedener Kneipen, Bars, Lounges, Klubs und Diskotheken zur Auswahl. Genie\u00dfen Sie einen Cocktail in der Bar Paradox, die sich in der Luisenstra\u00dfe, im Szeneviertel der Stadt befindet.[\/et_pb_accordion_item][\/et_pb_accordion][\/et_pb_column][\/et_pb_row][\/et_pb_section][et_pb_section fb_built=&#8220;1&#8243; _builder_version=&#8220;4.6.3&#8243; _module_preset=&#8220;default&#8220; locked=&#8220;off&#8220; global_colors_info=&#8220;{}&#8220;][et_pb_row use_custom_gutter=&#8220;on&#8220; _builder_version=&#8220;4.6.3&#8243; _module_preset=&#8220;default&#8220; width=&#8220;100%&#8220; max_width=&#8220;1200px&#8220; module_alignment=&#8220;center&#8220; global_colors_info=&#8220;{}&#8220;][et_pb_column type=&#8220;4_4&#8243; _builder_version=&#8220;4.6.3&#8243; _module_preset=&#8220;default&#8220; global_colors_info=&#8220;{}&#8220;][et_pb_text admin_label=&#8220;Title&#8220; _builder_version=&#8220;4.6.3&#8243; text_font=&#8220;Montserrat||||||||&#8220; text_text_color=&#8220;#747d88&#8243; text_font_size=&#8220;16px&#8220; text_line_height=&#8220;1.9em&#8220; header_font=&#8220;||||||||&#8220; header_text_align=&#8220;left&#8220; header_2_font=&#8220;Montserrat|700||on|||||&#8220; header_2_font_size=&#8220;42px&#8220; header_2_line_height=&#8220;1.3em&#8220; text_orientation=&#8220;center&#8220; max_width=&#8220;1400px&#8220; module_alignment=&#8220;center&#8220; animation_style=&#8220;slide&#8220; animation_direction=&#8220;bottom&#8220; animation_intensity_slide=&#8220;4%&#8220; locked=&#8220;off&#8220; global_colors_info=&#8220;{}&#8220;]<\/p>\n<h2 style=\"text-align: center;\">Unsere zufriedenen Kunden:<\/h2>\n<p>[\/et_pb_text][et_pb_gallery gallery_ids=&#8220;2582,2576,2579,2588&#8243; gallery_orderby=&#8220;rand&#8220; orientation=&#8220;portrait&#8220; show_title_and_caption=&#8220;off&#8220; show_pagination=&#8220;off&#8220; _builder_version=&#8220;4.6.3&#8243; _module_preset=&#8220;default&#8220; width=&#8220;100%&#8220; max_width=&#8220;80%&#8220; module_alignment=&#8220;center&#8220; global_colors_info=&#8220;{}&#8220;][\/et_pb_gallery][et_pb_gallery gallery_ids=&#8220;2591,2600,2603,2606&#8243; gallery_orderby=&#8220;rand&#8220; orientation=&#8220;portrait&#8220; show_title_and_caption=&#8220;off&#8220; show_pagination=&#8220;off&#8220; _builder_version=&#8220;4.6.3&#8243; _module_preset=&#8220;default&#8220; width=&#8220;100%&#8220; max_width=&#8220;80%&#8220; module_alignment=&#8220;center&#8220; global_colors_info=&#8220;{}&#8220;][\/et_pb_gallery][\/et_pb_column][\/et_pb_row][\/et_pb_section]<\/p>\n","protected":false},"excerpt":{"rendered":"<p>Sie w\u00fcnschen einen unverbindlichen Kostenvoranschlag? &nbsp; Dolmetscher in DresdenSie suchen einen Dolmetscher in Dresden? Hier bietet Ihnen Mondo Agit, genauso wie in anderen wichtigen St\u00e4dten Europas, die Dienste eines professionellen Dolmetscherteams vor Ort an. Mondo Agit verf\u00fcgt \u00fcber ein stetig wachsendes Netzwerk von Dolmetschern mit vielseitigen Profilen. Dadurch sind wir in der Lage, Dolmetscher in [&hellip;]<\/p>\n","protected":false},"author":6,"featured_media":0,"parent":3801,"menu_order":0,"comment_status":"closed","ping_status":"closed","template":"","meta":{"_et_pb_use_builder":"on","_et_pb_old_content":"","_et_gb_content_width":"","om_disable_all_campaigns":false,"_monsterinsights_skip_tracking":false,"_monsterinsights_sitenote_active":false,"_monsterinsights_sitenote_note":"","_monsterinsights_sitenote_category":0,"footnotes":""},"class_list":["post-3817","page","type-page","status-publish","hentry"],"aioseo_notices":[],"_links":{"self":[{"href":"https:\/\/mondoagit.com\/de\/wp-json\/wp\/v2\/pages\/3817","targetHints":{"allow":["GET"]}}],"collection":[{"href":"https:\/\/mondoagit.com\/de\/wp-json\/wp\/v2\/pages"}],"about":[{"href":"https:\/\/mondoagit.com\/de\/wp-json\/wp\/v2\/types\/page"}],"author":[{"embeddable":true,"href":"https:\/\/mondoagit.com\/de\/wp-json\/wp\/v2\/users\/6"}],"replies":[{"embeddable":true,"href":"https:\/\/mondoagit.com\/de\/wp-json\/wp\/v2\/comments?post=3817"}],"version-history":[{"count":4,"href":"https:\/\/mondoagit.com\/de\/wp-json\/wp\/v2\/pages\/3817\/revisions"}],"predecessor-version":[{"id":5080,"href":"https:\/\/mondoagit.com\/de\/wp-json\/wp\/v2\/pages\/3817\/revisions\/5080"}],"up":[{"embeddable":true,"href":"https:\/\/mondoagit.com\/de\/wp-json\/wp\/v2\/pages\/3801"}],"wp:attachment":[{"href":"https:\/\/mondoagit.com\/de\/wp-json\/wp\/v2\/media?parent=3817"}],"curies":[{"name":"wp","href":"https:\/\/api.w.org\/{rel}","templated":true}]}}