{"id":3841,"date":"2021-12-10T12:59:51","date_gmt":"2021-12-10T11:59:51","guid":{"rendered":"http:\/\/temp.mondoagit.com\/staedte\/dolmetscher-in-deutschland\/dolmetscher-in-leipzig\/"},"modified":"2022-01-04T12:50:08","modified_gmt":"2022-01-04T11:50:08","slug":"dolmetscher-in-leipzig","status":"publish","type":"page","link":"https:\/\/mondoagit.com\/de\/dolmetscher\/staedte\/dolmetscher-in-deutschland\/dolmetscher-in-leipzig\/","title":{"rendered":"Dolmetscher in Leipzig"},"content":{"rendered":"<p>[et_pb_section fb_built=&#8220;1&#8243; admin_label=&#8220;Fun Fact Section&#8220; _builder_version=&#8220;4.6.3&#8243; background_color=&#8220;#ffb141&#8243; min_height=&#8220;200px&#8220; custom_margin=&#8220;|||&#8220; custom_padding=&#8220;||||false|false&#8220; global_colors_info=&#8220;{}&#8220;][et_pb_row _builder_version=&#8220;4.6.3&#8243; _module_preset=&#8220;default&#8220; global_colors_info=&#8220;{}&#8220;][et_pb_column type=&#8220;4_4&#8243; _builder_version=&#8220;4.6.3&#8243; _module_preset=&#8220;default&#8220; global_colors_info=&#8220;{}&#8220;][et_pb_text _builder_version=&#8220;4.6.3&#8243; _module_preset=&#8220;default&#8220; text_text_color=&#8220;#ffffff&#8220; header_text_color=&#8220;#ffffff&#8220; header_2_text_color=&#8220;#ffffff&#8220; header_3_text_color=&#8220;#ffffff&#8220; text_orientation=&#8220;center&#8220; global_colors_info=&#8220;{}&#8220;]<\/p>\n<h2 class=\"call-to-action-1-text\"><strong>Sie w\u00fcnschen einen unverbindlichen Kostenvoranschlag?<\/strong><\/h2>\n<p>&nbsp;<br \/>\n[\/et_pb_text][et_pb_button button_url=&#8220;http:\/\/mondoagit.com\/de\/ueber-uns\/kontakt\/&#8220; button_text=&#8220;Jetzt kostenlos anfordern&#8220; button_alignment=&#8220;center&#8220; _builder_version=&#8220;4.14.0&#8243; _module_preset=&#8220;default&#8220; custom_button=&#8220;on&#8220; button_text_color=&#8220;#ffffff&#8220; hover_enabled=&#8220;0&#8243; global_colors_info=&#8220;{}&#8220; sticky_enabled=&#8220;0&#8243;][\/et_pb_button][\/et_pb_column][\/et_pb_row][\/et_pb_section][et_pb_section fb_built=&#8220;1&#8243; admin_label=&#8220;Feature Section&#8220; _builder_version=&#8220;4.6.3&#8243; custom_margin=&#8220;|||&#8220; custom_padding=&#8220;65px||34px|||&#8220; global_colors_info=&#8220;{}&#8220;][et_pb_row _builder_version=&#8220;4.6.3&#8243; _module_preset=&#8220;default&#8220; custom_padding=&#8220;0px|||||&#8220; global_colors_info=&#8220;{}&#8220;][et_pb_column type=&#8220;4_4&#8243; _builder_version=&#8220;4.6.3&#8243; _module_preset=&#8220;default&#8220; global_colors_info=&#8220;{}&#8220;][et_pb_text admin_label=&#8220;Subtitle&#8220; _builder_version=&#8220;4.11.1&#8243; text_font=&#8220;Montserrat||||&#8220; text_text_color=&#8220;#747d88&#8243; text_font_size=&#8220;16px&#8220; text_line_height=&#8220;1.8em&#8220; header_font=&#8220;||||||||&#8220; module_alignment=&#8220;left&#8220; custom_margin=&#8220;|||&#8220; custom_padding=&#8220;||||false|false&#8220; animation_style=&#8220;slide&#8220; animation_direction=&#8220;bottom&#8220; animation_delay=&#8220;100ms&#8220; animation_intensity_slide=&#8220;4%&#8220; locked=&#8220;off&#8220; global_colors_info=&#8220;{}&#8220;]<\/p>\n<h1>Dolmetscher in Leipzig<\/h1>\n<p>[\/et_pb_text][et_pb_text admin_label=&#8220;Subtitle&#8220; _builder_version=&#8220;4.11.1&#8243; text_font=&#8220;Montserrat||||&#8220; text_text_color=&#8220;#747d88&#8243; text_font_size=&#8220;16px&#8220; text_line_height=&#8220;1.8em&#8220; header_font=&#8220;||||||||&#8220; module_alignment=&#8220;left&#8220; custom_margin=&#8220;|||&#8220; custom_padding=&#8220;||||false|false&#8220; animation_style=&#8220;slide&#8220; animation_direction=&#8220;bottom&#8220; animation_delay=&#8220;100ms&#8220; animation_intensity_slide=&#8220;4%&#8220; locked=&#8220;off&#8220; global_colors_info=&#8220;{}&#8220;]<\/p>\n<p>Sie suchen einen <strong>Dolmetscher in Leipzig<\/strong>? Hier bietet Ihnen Mondo Agit, genauso wie in anderen wichtigen St\u00e4dten Europas, die Dienste eines professionellen Dolmetscherteams vor Ort an.<\/p>\n<p>Mondo Agit verf\u00fcgt \u00fcber ein stetig wachsendes Netzwerk von Dolmetschern mit vielseitigen Profilen. Dadurch sind wir in der Lage, Dolmetscher in den g\u00e4ngigsten Sprachen wie Chinesisch, Deutsch, Englisch, Franz\u00f6sisch, Italienisch, Portugiesisch, Spanisch und anderen zu vermitteln.<\/p>\n<p>Von unseren Dienststellen aus (siehe <a href=\"http:\/\/mondoagit.com\/de\/ueber-uns\/niederlassungen-in-europa\/\">Niederlassungen<\/a>) vermitteln wir Ihnen verschiedene <strong>Dolmetscherdienste in Leipzig<\/strong>, darunter <a href=\"http:\/\/mondoagit.com\/de\/dolmetscher\/verhandlungsdolmetschen\/\">Verhandlungs<\/a>-, <a href=\"http:\/\/mondoagit.com\/de\/dolmetscher\/konsekutivdolmetschen\/\">Konsekutiv<\/a>-, <a href=\"http:\/\/mondoagit.com\/de\/dolmetscher\/fluesterdolmetschen\/\">Fl\u00fcster<\/a>&#8211; und <a href=\"http:\/\/mondoagit.com\/de\/dolmetscher\/simultandolmetschen\/\">Simultandolmetschen<\/a>.<\/p>\n<p>Alle Dolmetscher, die mit uns arbeiten, dolmetschen <strong>aus<\/strong> und <strong>ins Deutsche<\/strong> und sind spezialisierte, bestens ausgebildete und erfahrene Profis auf ihren jeweiligen Fachgebieten. Viele unserer Dolmetscher in Leipzig sind drei- oder gar viersprachig, somit sind sie in der Lage, aus mehreren Sprachen zu dolmetschen. In den meisten F\u00e4llen z\u00e4hlt auch <strong>Englisch<\/strong> dazu.<\/p>\n<p>Es empfiehlt sich, die vorhandenen <strong>Unterlagen<\/strong> und so viele Ausk\u00fcnfte wie m\u00f6glich \u00fcber das Treffen, f\u00fcr das Sie einen Dolmetscher buchen, eine Woche (sp\u00e4testens jedoch zwei Tage) vor dem Termin an uns zu senden. Mithilfe der von Ihnen gelieferten Informationen k\u00f6nnen sich unsere Dolmetscher optimal auf das Treffen vorbereiten.<\/p>\n<p>Wir arbeiten stets nach unseren <a href=\"http:\/\/mondoagit.com\/de\/ueber-uns\/prinzipien\/\">Prinzipien<\/a>. Hohe Qualit\u00e4t zu guten Preisen macht Mondo Agit zu Ihrer besten Wahl. \u00dcberzeugen Sie sich selbst! Wenn Sie einen Dolmetscher in Leipzig brauchen, melden Sie sich einfach bei uns.<\/p>\n<p>Sollten Sie weitere Informationen w\u00fcnschen, setzen Sie sich mit uns in <a href=\"http:\/\/mondoagit.com\/de\/ueber-uns\/kontakt\/\">Kontakt<\/a> oder fordern Sie einen kostenlosen und unverbindlichen <a href=\"http:\/\/mondoagit.com\/de\/ueber-uns\/kontakt\/\">Kostenvoranschlag<\/a> an.<\/p>\n<p><em>Anmerkung: Alle uns f\u00fcr den Dolmetscherdienst in Leipzig zugesendeten Dokumente werden vertraulich behandelt und bleiben Eigentum ihrer jeweiligen Besitzer.<\/em><\/p>\n<p>[\/et_pb_text][\/et_pb_column][\/et_pb_row][et_pb_row _builder_version=&#8220;4.6.3&#8243; _module_preset=&#8220;default&#8220; custom_padding=&#8220;0px|||||&#8220; locked=&#8220;off&#8220; global_colors_info=&#8220;{}&#8220;][et_pb_column type=&#8220;4_4&#8243; _builder_version=&#8220;4.6.3&#8243; _module_preset=&#8220;default&#8220; global_colors_info=&#8220;{}&#8220;][et_pb_accordion _builder_version=&#8220;4.11.1&#8243; _module_preset=&#8220;default&#8220; global_colors_info=&#8220;{}&#8220;][et_pb_accordion_item title=&#8220;-&#8220; _builder_version=&#8220;4.6.3&#8243; _module_preset=&#8220;default&#8220; custom_css_main_element=&#8220;display: none; &#8220; global_colors_info=&#8220;{}&#8220; open=&#8220;on&#8220;]&nbsp;<br \/>\n[\/et_pb_accordion_item][et_pb_accordion_item title=&#8220;Kurze Beschreibung der Stadt (weiterlesen)&#8220; open=&#8220;off&#8220; _builder_version=&#8220;4.11.1&#8243; _module_preset=&#8220;default&#8220; global_colors_info=&#8220;{}&#8220;]Leipzig ist die gr\u00f6\u00dfte Stadt in den f\u00fcnf neuen Bundesl\u00e4ndern und befindet sich in Sachsen.<\/p>\n<p>In Leipzig leben \u00fcber 500.000 Einwohner. Neben dem Hochdeutsch wird hier auch das Leipziger S\u00e4chsisch gesprochen.<br \/>\nJohann Sebastian Bach und Felix Mendelssohn Bartholdy haben in Leipzig gelebt und Konzerte gegeben, dadurch kann die Stadt auf eine gro\u00dfe musikalische Tradition zur\u00fcckblicken.<\/p>\n<p><strong>Was kann man in Leipzig erleben?<\/strong><\/p>\n<p>&#8211; Ein Wahrzeichen der Stadt ist das 1913 errichtete V\u00f6lkerschlachtdenkmal, das gr\u00f6\u00dfte Denkmal in Europa, welches an die 1813 bei Leipzig stattgefundene V\u00f6lkerschlacht erinnern soll, in der Napoleon die entscheidende Niederlage gegen die verb\u00fcndeten Truppen von \u00d6sterreich, Preu\u00dfen, Russischem Kaiserreich und Schweden erlitt.<\/p>\n<p>&#8211; Kulturinteressierte k\u00f6nnen dem Museum der Bildenden K\u00fcnste einen Besuch abstatten. Es beherbergt eine der bedeutendsten b\u00fcrgerlichen Kunstsammlungen Deutschlands, u. a. mit Werken von Max Klinger. In der Innenstadt finden Sie viele Galerien, wie beispielsweise die Galerie f\u00fcr zeitgen\u00f6ssische Kunst (GfZK), die wechselnde Ausstellungen moderner und zeitgen\u00f6ssischer Kunst zeigt.<\/p>\n<p>&#8211; Im Leipziger Kabarett oder dem Musiktheater Frosch-Caf\u00e9 kommen Sie bez\u00fcglich des Unterhaltungsfaktors voll auf Ihre Kosten, nicht umsonst wird Leipzig auch als Kabaretthauptstadt Deutschlands bezeichnet.<\/p>\n<p>&#8211; Der Zoologische Garten Leipzig ist einer der artenreichsten und \u00e4ltesten Zoos der Welt. Hier befindet sich die weltgr\u00f6\u00dfte Menschenaffenlage, das Pongoland.<\/p>\n<p>&#8211; Auf der Gottschedestra\u00dfe befinden sich die meisten und beliebtesten Caf\u00e9s, Kneipen, Bars und Restaurants der Stadt. Probieren Sie das Gosebier, mit einer \u00fcber 250 Jahre alten Tradition. Mit dem Leipziger Allasch (K\u00fcmmellik\u00f6r) gemischt, entsteht das Getr\u00e4nk &#8222;Regenschirm&#8220;. Also wundern Sie sich nicht wenn ein Gast in einer Bar nach einem Regenschirm verlangt. Ein beliebtes Traditionsgericht ist das &#8222;Leipziger Allerlei&#8220; (Gem\u00fcsegericht) und das M\u00fcrbeteiggeb\u00e4ck &#8222;Leipziger Lerche&#8220;.<\/p>\n<p>&#8211; Entspannen k\u00f6nnen Sie sich mit einer Gondelfahrt auf Leipzigs Kan\u00e4len. Sie werden staunen, wie intensiv Sie venezianisches Flair sp\u00fcren werden.<\/p>\n<p>&#8211; Wenn Sie sich ins Nachtleben st\u00fcrzten m\u00f6chten, bleiben Sie einfach in der Gottschedestra\u00dfe. Diese Weggehmeile bietet etwas f\u00fcr jeden Musikgeschmack oder besuchen Sie die Alte Hauptpost am Augustusplatz. Das Motto der bebenden Diskothek lautet &#8222;Retro meets modern Lifestye&#8220; und ist sehr empfehlenswert.[\/et_pb_accordion_item][\/et_pb_accordion][\/et_pb_column][\/et_pb_row][\/et_pb_section][et_pb_section fb_built=&#8220;1&#8243; _builder_version=&#8220;4.6.3&#8243; _module_preset=&#8220;default&#8220; locked=&#8220;off&#8220; global_colors_info=&#8220;{}&#8220;][et_pb_row use_custom_gutter=&#8220;on&#8220; _builder_version=&#8220;4.6.3&#8243; _module_preset=&#8220;default&#8220; width=&#8220;100%&#8220; max_width=&#8220;1200px&#8220; module_alignment=&#8220;center&#8220; global_colors_info=&#8220;{}&#8220;][et_pb_column type=&#8220;4_4&#8243; _builder_version=&#8220;4.6.3&#8243; _module_preset=&#8220;default&#8220; global_colors_info=&#8220;{}&#8220;][et_pb_text admin_label=&#8220;Title&#8220; _builder_version=&#8220;4.6.3&#8243; text_font=&#8220;Montserrat||||||||&#8220; text_text_color=&#8220;#747d88&#8243; text_font_size=&#8220;16px&#8220; text_line_height=&#8220;1.9em&#8220; header_font=&#8220;||||||||&#8220; header_text_align=&#8220;left&#8220; header_2_font=&#8220;Montserrat|700||on|||||&#8220; header_2_font_size=&#8220;42px&#8220; header_2_line_height=&#8220;1.3em&#8220; text_orientation=&#8220;center&#8220; max_width=&#8220;1400px&#8220; module_alignment=&#8220;center&#8220; animation_style=&#8220;slide&#8220; animation_direction=&#8220;bottom&#8220; animation_intensity_slide=&#8220;4%&#8220; locked=&#8220;off&#8220; global_colors_info=&#8220;{}&#8220;]<\/p>\n<h2 style=\"text-align: center;\">Unsere zufriedenen Kunden:<\/h2>\n<p>[\/et_pb_text][et_pb_gallery gallery_ids=&#8220;2582,2576,2579,2588&#8243; gallery_orderby=&#8220;rand&#8220; orientation=&#8220;portrait&#8220; show_title_and_caption=&#8220;off&#8220; show_pagination=&#8220;off&#8220; _builder_version=&#8220;4.6.3&#8243; _module_preset=&#8220;default&#8220; width=&#8220;100%&#8220; max_width=&#8220;80%&#8220; module_alignment=&#8220;center&#8220; global_colors_info=&#8220;{}&#8220;][\/et_pb_gallery][et_pb_gallery gallery_ids=&#8220;2591,2600,2603,2606&#8243; gallery_orderby=&#8220;rand&#8220; orientation=&#8220;portrait&#8220; show_title_and_caption=&#8220;off&#8220; show_pagination=&#8220;off&#8220; _builder_version=&#8220;4.6.3&#8243; _module_preset=&#8220;default&#8220; width=&#8220;100%&#8220; max_width=&#8220;80%&#8220; module_alignment=&#8220;center&#8220; global_colors_info=&#8220;{}&#8220;][\/et_pb_gallery][\/et_pb_column][\/et_pb_row][\/et_pb_section]<\/p>\n","protected":false},"excerpt":{"rendered":"<p>Sie w\u00fcnschen einen unverbindlichen Kostenvoranschlag? &nbsp; Dolmetscher in LeipzigSie suchen einen Dolmetscher in Leipzig? Hier bietet Ihnen Mondo Agit, genauso wie in anderen wichtigen St\u00e4dten Europas, die Dienste eines professionellen Dolmetscherteams vor Ort an. Mondo Agit verf\u00fcgt \u00fcber ein stetig wachsendes Netzwerk von Dolmetschern mit vielseitigen Profilen. Dadurch sind wir in der Lage, Dolmetscher in [&hellip;]<\/p>\n","protected":false},"author":6,"featured_media":0,"parent":3801,"menu_order":0,"comment_status":"closed","ping_status":"closed","template":"","meta":{"_et_pb_use_builder":"on","_et_pb_old_content":"","_et_gb_content_width":"","om_disable_all_campaigns":false,"_monsterinsights_skip_tracking":false,"_monsterinsights_sitenote_active":false,"_monsterinsights_sitenote_note":"","_monsterinsights_sitenote_category":0,"footnotes":""},"class_list":["post-3841","page","type-page","status-publish","hentry"],"aioseo_notices":[],"_links":{"self":[{"href":"https:\/\/mondoagit.com\/de\/wp-json\/wp\/v2\/pages\/3841","targetHints":{"allow":["GET"]}}],"collection":[{"href":"https:\/\/mondoagit.com\/de\/wp-json\/wp\/v2\/pages"}],"about":[{"href":"https:\/\/mondoagit.com\/de\/wp-json\/wp\/v2\/types\/page"}],"author":[{"embeddable":true,"href":"https:\/\/mondoagit.com\/de\/wp-json\/wp\/v2\/users\/6"}],"replies":[{"embeddable":true,"href":"https:\/\/mondoagit.com\/de\/wp-json\/wp\/v2\/comments?post=3841"}],"version-history":[{"count":4,"href":"https:\/\/mondoagit.com\/de\/wp-json\/wp\/v2\/pages\/3841\/revisions"}],"predecessor-version":[{"id":5102,"href":"https:\/\/mondoagit.com\/de\/wp-json\/wp\/v2\/pages\/3841\/revisions\/5102"}],"up":[{"embeddable":true,"href":"https:\/\/mondoagit.com\/de\/wp-json\/wp\/v2\/pages\/3801"}],"wp:attachment":[{"href":"https:\/\/mondoagit.com\/de\/wp-json\/wp\/v2\/media?parent=3841"}],"curies":[{"name":"wp","href":"https:\/\/api.w.org\/{rel}","templated":true}]}}