{"id":3845,"date":"2021-12-10T13:03:48","date_gmt":"2021-12-10T12:03:48","guid":{"rendered":"http:\/\/temp.mondoagit.com\/staedte\/dolmetscher-in-deutschland\/dolmetscher-in-muenchen\/"},"modified":"2022-01-04T13:01:25","modified_gmt":"2022-01-04T12:01:25","slug":"dolmetscher-in-muenchen","status":"publish","type":"page","link":"https:\/\/mondoagit.com\/de\/dolmetscher\/staedte\/dolmetscher-in-deutschland\/dolmetscher-in-muenchen\/","title":{"rendered":"Dolmetscher in M\u00fcnchen"},"content":{"rendered":"<p>[et_pb_section fb_built=&#8220;1&#8243; admin_label=&#8220;Fun Fact Section&#8220; _builder_version=&#8220;4.6.3&#8243; background_color=&#8220;#ffb141&#8243; min_height=&#8220;200px&#8220; custom_margin=&#8220;|||&#8220; custom_padding=&#8220;||||false|false&#8220; global_colors_info=&#8220;{}&#8220;][et_pb_row _builder_version=&#8220;4.6.3&#8243; _module_preset=&#8220;default&#8220; global_colors_info=&#8220;{}&#8220;][et_pb_column type=&#8220;4_4&#8243; _builder_version=&#8220;4.6.3&#8243; _module_preset=&#8220;default&#8220; global_colors_info=&#8220;{}&#8220;][et_pb_text _builder_version=&#8220;4.6.3&#8243; _module_preset=&#8220;default&#8220; text_text_color=&#8220;#ffffff&#8220; header_text_color=&#8220;#ffffff&#8220; header_2_text_color=&#8220;#ffffff&#8220; header_3_text_color=&#8220;#ffffff&#8220; text_orientation=&#8220;center&#8220; global_colors_info=&#8220;{}&#8220;]<\/p>\n<h2 class=\"call-to-action-1-text\"><strong>Sie w\u00fcnschen einen unverbindlichen Kostenvoranschlag?<\/strong><\/h2>\n<p>&nbsp;<br \/>\n[\/et_pb_text][et_pb_button button_url=&#8220;http:\/\/mondoagit.com\/de\/ueber-uns\/kontakt\/&#8220; button_text=&#8220;Jetzt kostenlos anfordern&#8220; button_alignment=&#8220;center&#8220; _builder_version=&#8220;4.14.0&#8243; _module_preset=&#8220;default&#8220; custom_button=&#8220;on&#8220; button_text_color=&#8220;#ffffff&#8220; hover_enabled=&#8220;0&#8243; global_colors_info=&#8220;{}&#8220; sticky_enabled=&#8220;0&#8243;][\/et_pb_button][\/et_pb_column][\/et_pb_row][\/et_pb_section][et_pb_section fb_built=&#8220;1&#8243; admin_label=&#8220;Feature Section&#8220; _builder_version=&#8220;4.6.3&#8243; custom_margin=&#8220;|||&#8220; custom_padding=&#8220;65px||34px|||&#8220; global_colors_info=&#8220;{}&#8220;][et_pb_row _builder_version=&#8220;4.6.3&#8243; _module_preset=&#8220;default&#8220; custom_padding=&#8220;0px|||||&#8220; global_colors_info=&#8220;{}&#8220;][et_pb_column type=&#8220;4_4&#8243; _builder_version=&#8220;4.6.3&#8243; _module_preset=&#8220;default&#8220; global_colors_info=&#8220;{}&#8220;][et_pb_text admin_label=&#8220;Subtitle&#8220; _builder_version=&#8220;4.11.1&#8243; text_font=&#8220;Montserrat||||&#8220; text_text_color=&#8220;#747d88&#8243; text_font_size=&#8220;16px&#8220; text_line_height=&#8220;1.8em&#8220; header_font=&#8220;||||||||&#8220; module_alignment=&#8220;left&#8220; custom_margin=&#8220;|||&#8220; custom_padding=&#8220;||||false|false&#8220; animation_style=&#8220;slide&#8220; animation_direction=&#8220;bottom&#8220; animation_delay=&#8220;100ms&#8220; animation_intensity_slide=&#8220;4%&#8220; locked=&#8220;off&#8220; global_colors_info=&#8220;{}&#8220;]<\/p>\n<h1>Dolmetscher in M\u00fcnchen<\/h1>\n<p>[\/et_pb_text][et_pb_text admin_label=&#8220;Subtitle&#8220; _builder_version=&#8220;4.11.1&#8243; text_font=&#8220;Montserrat||||&#8220; text_text_color=&#8220;#747d88&#8243; text_font_size=&#8220;16px&#8220; text_line_height=&#8220;1.8em&#8220; header_font=&#8220;||||||||&#8220; module_alignment=&#8220;left&#8220; custom_margin=&#8220;|||&#8220; custom_padding=&#8220;||||false|false&#8220; animation_style=&#8220;slide&#8220; animation_direction=&#8220;bottom&#8220; animation_delay=&#8220;100ms&#8220; animation_intensity_slide=&#8220;4%&#8220; locked=&#8220;off&#8220; global_colors_info=&#8220;{}&#8220;]<\/p>\n<p><img loading=\"lazy\" decoding=\"async\" class=\"wp-image-1596 alignnone size-full\" style=\"float: right;\" src=\"http:\/\/mondoagit.com\/wp-content\/uploads\/2021\/10\/munich.jpg\" alt=\"\" width=\"387\" height=\"290\" \/>Sie suchen einen <strong>Dolmetscher in M\u00fcnchen<\/strong>? Hier bietet Ihnen Mondo Agit, genauso wie in anderen wichtigen St\u00e4dten Europas, die Dienste eines professionellen Dolmetscherteams vor Ort an.<\/p>\n<p>Mondo Agit verf\u00fcgt \u00fcber ein stetig wachsendes Netzwerk von Dolmetschern mit vielseitigen Profilen. Dadurch sind wir in der Lage, Dolmetscher in den g\u00e4ngigsten Sprachen wie Chinesisch, Deutsch, Englisch, Franz\u00f6sisch, Italienisch, Portugiesisch, Spanisch und anderen zu vermitteln.<\/p>\n<p>Von unseren Dienststellen aus (siehe <a href=\"http:\/\/mondoagit.com\/de\/ueber-uns\/niederlassungen-in-europa\/\">Niederlassungen<\/a>) vermitteln wir Ihnen verschiedene <strong>Dolmetscherdienste in M\u00fcnchen<\/strong>, darunter <a href=\"http:\/\/mondoagit.com\/de\/dolmetscher\/verhandlungsdolmetschen\/\">Verhandlungs<\/a>-, <a href=\"http:\/\/mondoagit.com\/de\/dolmetscher\/konsekutivdolmetschen\/\">Konsekutiv<\/a>-, <a href=\"http:\/\/mondoagit.com\/de\/dolmetscher\/fluesterdolmetschen\/\">Fl\u00fcster<\/a>&#8211; und <a href=\"http:\/\/mondoagit.com\/de\/dolmetscher\/simultandolmetschen\/\">Simultandolmetschen<\/a>.<\/p>\n<p>Alle Dolmetscher, die mit uns arbeiten, dolmetschen <strong>aus<\/strong> und <strong>ins Deutsche<\/strong> und sind spezialisierte, bestens ausgebildete und erfahrene Profis auf ihren jeweiligen Fachgebieten. Viele unserer Dolmetscher in M\u00fcnchen sind drei- oder gar viersprachig, somit sind sie in der Lage, aus mehreren Sprachen zu dolmetschen. In den meisten F\u00e4llen z\u00e4hlt auch <strong>Englisch<\/strong> dazu.<\/p>\n<p>Es empfiehlt sich, die vorhandenen <strong>Unterlagen<\/strong> und so viele Ausk\u00fcnfte wie m\u00f6glich \u00fcber das Treffen, f\u00fcr das Sie einen Dolmetscher buchen, eine Woche (sp\u00e4testens jedoch zwei Tage) vor dem Termin an uns zu senden. Mithilfe der von Ihnen gelieferten Informationen k\u00f6nnen sich unsere Dolmetscher optimal auf das Treffen vorbereiten.<\/p>\n<p>Wir arbeiten stets nach unseren <a href=\"http:\/\/mondoagit.com\/de\/ueber-uns\/prinzipien\/\">Prinzipien<\/a>. Hohe Qualit\u00e4t zu guten Preisen macht Mondo Agit zu Ihrer besten Wahl. \u00dcberzeugen Sie sich selbst! Wenn Sie einen Dolmetscher in M\u00fcnchen brauchen, melden Sie sich einfach bei uns.<\/p>\n<p>Sollten Sie weitere Informationen w\u00fcnschen, setzen Sie sich mit uns in <a href=\"http:\/\/mondoagit.com\/de\/ueber-uns\/kontakt\/\">Kontakt<\/a> oder fordern Sie einen kostenlosen und unverbindlichen <a href=\"http:\/\/mondoagit.com\/de\/ueber-uns\/kontakt\/\">Kostenvoranschlag<\/a> an.<\/p>\n<p><em>Anmerkung: Alle uns f\u00fcr den Dolmetscherdienst in M\u00fcnchen zugesendeten Dokumente werden vertraulich behandelt und bleiben Eigentum ihrer jeweiligen Besitzer.<\/em><\/p>\n<p>[\/et_pb_text][\/et_pb_column][\/et_pb_row][et_pb_row _builder_version=&#8220;4.6.3&#8243; _module_preset=&#8220;default&#8220; custom_padding=&#8220;0px|||||&#8220; locked=&#8220;off&#8220; global_colors_info=&#8220;{}&#8220;][et_pb_column type=&#8220;4_4&#8243; _builder_version=&#8220;4.6.3&#8243; _module_preset=&#8220;default&#8220; global_colors_info=&#8220;{}&#8220;][et_pb_accordion _builder_version=&#8220;4.11.1&#8243; _module_preset=&#8220;default&#8220; global_colors_info=&#8220;{}&#8220;][et_pb_accordion_item title=&#8220;-&#8220; _builder_version=&#8220;4.6.3&#8243; _module_preset=&#8220;default&#8220; custom_css_main_element=&#8220;display: none; &#8220; global_colors_info=&#8220;{}&#8220; open=&#8220;on&#8220;]&nbsp;<br \/>\n[\/et_pb_accordion_item][et_pb_accordion_item title=&#8220;Kurze Beschreibung der Stadt (weiterlesen)&#8220; open=&#8220;off&#8220; _builder_version=&#8220;4.11.1&#8243; _module_preset=&#8220;default&#8220; global_colors_info=&#8220;{}&#8220;]M\u00fcnchen ist die Hauptstadt des erfolgreichen Bayern und gilt im Ausland als Repr\u00e4sentant Deutschlands. Sie ist nach Berlin und Hamburg die drittgr\u00f6\u00dfte Stadt des Landes und verdankt ihren Namen einem Kloster, welches am Ufer der Isar liegt, ganz in der N\u00e4he der Br\u00fccke, die der einstige K\u00f6nig Heinrich der L\u00f6we wegen des Salzhandels errichten lie\u00df. Hier begann, Mitte des 12. Jahrhunderts, die Gr\u00fcndung der Stadt M\u00fcnchen.<\/p>\n<p>Heutzutage geh\u00f6rt die Stadt zu den reichsten der ganzen Welt und ber\u00fchmte Firmen wie BMW oder Siemens haben hier ihren Sitz.<\/p>\n<p><strong>Was kann man in M\u00fcnchen erleben?<\/strong><\/p>\n<p>&#8211; Schlendern Sie durch die Altstadt, in der man den Marienplatz, die Peterskirche, die Frauenkirche (von deren Turm aus man eine wundersch\u00f6ne Sicht \u00fcber die Stadt genie\u00dfen kann) und den Viktualienmarkt (mit Lebensmitteln und Blumen) findet. Das Zentrum ist umgeben von den Toren der alten Stadtmauer, dem Isartor, dem Sendlinger Tor und dem Karlstor.<\/p>\n<p>&#8211; Spazieren Sie durch den riesigen Englischen Garten, der sich praktisch im Zentrum der Stadt befindet. Auf dem Weg durch den Englischen Garten k\u00f6nnen Sie die Residenz M\u00fcnchen, ein enormer Palast, in dem einst die bayrischen K\u00f6nige und F\u00fcrsten lebten, besichtigen.<\/p>\n<p>&#8211; Des Weiteren empfiehlt sich ein Besuch des Schloss Nymphenburg, dem k\u00f6niglichen Palast der Stadt, der den bayerischen Monarchen als Sommerresidenz diente.<\/p>\n<p>&#8211; Kunstinteressierten bietet M\u00fcnchen gro\u00dfartige Museen. Die Alte Pinakothek, mit Kunst vom Mittelalter bis zum 19. Jahrhundert; die Neue Pinakothek, mit Kunst aus dem 17. bis 19. Jahrhundert und die Pinakothek der Moderne, mit malerischen und bildhauerischen Werken vom 20. Jahrhundert bis heute. Auch das Museum Lenbachhaus ist ohne Zweifel einen Besuch wert.<\/p>\n<p>&#8211; Trinken Sie ein k\u00fchles Bier in dem klassischen Hofbr\u00e4uhaus, das aufgrund seiner langen Esstafeln und des belebten Ambientes mit bayerischer Livemusik in der ganzen Welt bekannt ist.<\/p>\n<p>&#8211; Besuchen Sie den Olympiapark und steigen Sie auf den nahe gelegenen Fernsehturm.<\/p>\n<p>&#8211; Genie\u00dfen Sie die freundlichen Bars und Restaurants mit studentischer Atmosph\u00e4re nahe der Universit\u00e4t.<\/p>\n<p>&#8211; Speisen Sie auf die bayerische Art in einem der Bierg\u00e4rten im Zentrum der Stadt, in denen beispielsweise die Biere L\u00f6wenbr\u00e4u, Paulaner oder Augustiner angeboten werden.[\/et_pb_accordion_item][\/et_pb_accordion][\/et_pb_column][\/et_pb_row][\/et_pb_section][et_pb_section fb_built=&#8220;1&#8243; _builder_version=&#8220;4.6.3&#8243; _module_preset=&#8220;default&#8220; locked=&#8220;off&#8220; global_colors_info=&#8220;{}&#8220;][et_pb_row use_custom_gutter=&#8220;on&#8220; _builder_version=&#8220;4.6.3&#8243; _module_preset=&#8220;default&#8220; width=&#8220;100%&#8220; max_width=&#8220;1200px&#8220; module_alignment=&#8220;center&#8220; global_colors_info=&#8220;{}&#8220;][et_pb_column type=&#8220;4_4&#8243; _builder_version=&#8220;4.6.3&#8243; _module_preset=&#8220;default&#8220; global_colors_info=&#8220;{}&#8220;][et_pb_text admin_label=&#8220;Title&#8220; _builder_version=&#8220;4.6.3&#8243; text_font=&#8220;Montserrat||||||||&#8220; text_text_color=&#8220;#747d88&#8243; text_font_size=&#8220;16px&#8220; text_line_height=&#8220;1.9em&#8220; header_font=&#8220;||||||||&#8220; header_text_align=&#8220;left&#8220; header_2_font=&#8220;Montserrat|700||on|||||&#8220; header_2_font_size=&#8220;42px&#8220; header_2_line_height=&#8220;1.3em&#8220; text_orientation=&#8220;center&#8220; max_width=&#8220;1400px&#8220; module_alignment=&#8220;center&#8220; animation_style=&#8220;slide&#8220; animation_direction=&#8220;bottom&#8220; animation_intensity_slide=&#8220;4%&#8220; locked=&#8220;off&#8220; global_colors_info=&#8220;{}&#8220;]<\/p>\n<h2 style=\"text-align: center;\">Unsere zufriedenen Kunden:<\/h2>\n<p>[\/et_pb_text][et_pb_gallery gallery_ids=&#8220;2582,2576,2579,2588&#8243; gallery_orderby=&#8220;rand&#8220; orientation=&#8220;portrait&#8220; show_title_and_caption=&#8220;off&#8220; show_pagination=&#8220;off&#8220; _builder_version=&#8220;4.6.3&#8243; _module_preset=&#8220;default&#8220; width=&#8220;100%&#8220; max_width=&#8220;80%&#8220; module_alignment=&#8220;center&#8220; global_colors_info=&#8220;{}&#8220;][\/et_pb_gallery][et_pb_gallery gallery_ids=&#8220;2591,2600,2603,2606&#8243; gallery_orderby=&#8220;rand&#8220; orientation=&#8220;portrait&#8220; show_title_and_caption=&#8220;off&#8220; show_pagination=&#8220;off&#8220; _builder_version=&#8220;4.6.3&#8243; _module_preset=&#8220;default&#8220; width=&#8220;100%&#8220; max_width=&#8220;80%&#8220; module_alignment=&#8220;center&#8220; global_colors_info=&#8220;{}&#8220;][\/et_pb_gallery][\/et_pb_column][\/et_pb_row][\/et_pb_section]<\/p>\n","protected":false},"excerpt":{"rendered":"<p>Sie w\u00fcnschen einen unverbindlichen Kostenvoranschlag? &nbsp; Dolmetscher in M\u00fcnchenSie suchen einen Dolmetscher in M\u00fcnchen? Hier bietet Ihnen Mondo Agit, genauso wie in anderen wichtigen St\u00e4dten Europas, die Dienste eines professionellen Dolmetscherteams vor Ort an. Mondo Agit verf\u00fcgt \u00fcber ein stetig wachsendes Netzwerk von Dolmetschern mit vielseitigen Profilen. Dadurch sind wir in der Lage, Dolmetscher in [&hellip;]<\/p>\n","protected":false},"author":6,"featured_media":0,"parent":3801,"menu_order":0,"comment_status":"closed","ping_status":"closed","template":"","meta":{"_et_pb_use_builder":"on","_et_pb_old_content":"","_et_gb_content_width":"","om_disable_all_campaigns":false,"_monsterinsights_skip_tracking":false,"_monsterinsights_sitenote_active":false,"_monsterinsights_sitenote_note":"","_monsterinsights_sitenote_category":0,"footnotes":""},"class_list":["post-3845","page","type-page","status-publish","hentry"],"aioseo_notices":[],"_links":{"self":[{"href":"https:\/\/mondoagit.com\/de\/wp-json\/wp\/v2\/pages\/3845","targetHints":{"allow":["GET"]}}],"collection":[{"href":"https:\/\/mondoagit.com\/de\/wp-json\/wp\/v2\/pages"}],"about":[{"href":"https:\/\/mondoagit.com\/de\/wp-json\/wp\/v2\/types\/page"}],"author":[{"embeddable":true,"href":"https:\/\/mondoagit.com\/de\/wp-json\/wp\/v2\/users\/6"}],"replies":[{"embeddable":true,"href":"https:\/\/mondoagit.com\/de\/wp-json\/wp\/v2\/comments?post=3845"}],"version-history":[{"count":4,"href":"https:\/\/mondoagit.com\/de\/wp-json\/wp\/v2\/pages\/3845\/revisions"}],"predecessor-version":[{"id":5106,"href":"https:\/\/mondoagit.com\/de\/wp-json\/wp\/v2\/pages\/3845\/revisions\/5106"}],"up":[{"embeddable":true,"href":"https:\/\/mondoagit.com\/de\/wp-json\/wp\/v2\/pages\/3801"}],"wp:attachment":[{"href":"https:\/\/mondoagit.com\/de\/wp-json\/wp\/v2\/media?parent=3845"}],"curies":[{"name":"wp","href":"https:\/\/api.w.org\/{rel}","templated":true}]}}