{"id":3897,"date":"2021-12-13T10:43:51","date_gmt":"2021-12-13T09:43:51","guid":{"rendered":"http:\/\/temp.mondoagit.com\/staedte\/dolmetscher-in-spanien\/dolmetscher-in-saragossa\/"},"modified":"2022-01-05T14:27:28","modified_gmt":"2022-01-05T13:27:28","slug":"dolmetscher-in-saragossa","status":"publish","type":"page","link":"https:\/\/mondoagit.com\/de\/dolmetscher\/staedte\/dolmetscher-in-spanien\/dolmetscher-in-saragossa\/","title":{"rendered":"Dolmetscher in Saragossa"},"content":{"rendered":"<p>[et_pb_section fb_built=&#8220;1&#8243; admin_label=&#8220;Fun Fact Section&#8220; _builder_version=&#8220;4.6.3&#8243; background_color=&#8220;#ffb141&#8243; min_height=&#8220;200px&#8220; custom_margin=&#8220;|||&#8220; custom_padding=&#8220;||||false|false&#8220; global_colors_info=&#8220;{}&#8220;][et_pb_row _builder_version=&#8220;4.6.3&#8243; _module_preset=&#8220;default&#8220; global_colors_info=&#8220;{}&#8220;][et_pb_column type=&#8220;4_4&#8243; _builder_version=&#8220;4.6.3&#8243; _module_preset=&#8220;default&#8220; global_colors_info=&#8220;{}&#8220;][et_pb_text _builder_version=&#8220;4.6.3&#8243; _module_preset=&#8220;default&#8220; text_text_color=&#8220;#ffffff&#8220; header_text_color=&#8220;#ffffff&#8220; header_2_text_color=&#8220;#ffffff&#8220; header_3_text_color=&#8220;#ffffff&#8220; text_orientation=&#8220;center&#8220; global_colors_info=&#8220;{}&#8220;]<\/p>\n<h2 class=\"call-to-action-1-text\"><strong>Sie w\u00fcnschen einen unverbindlichen Kostenvoranschlag?<\/strong><\/h2>\n<p>&nbsp;<br \/>\n[\/et_pb_text][et_pb_button button_url=&#8220;http:\/\/mondoagit.com\/de\/ueber-uns\/kontakt\/&#8220; button_text=&#8220;Jetzt kostenlos anfordern&#8220; button_alignment=&#8220;center&#8220; _builder_version=&#8220;4.14.0&#8243; _module_preset=&#8220;default&#8220; custom_button=&#8220;on&#8220; button_text_color=&#8220;#ffffff&#8220; hover_enabled=&#8220;0&#8243; global_colors_info=&#8220;{}&#8220; sticky_enabled=&#8220;0&#8243;][\/et_pb_button][\/et_pb_column][\/et_pb_row][\/et_pb_section][et_pb_section fb_built=&#8220;1&#8243; admin_label=&#8220;Feature Section&#8220; _builder_version=&#8220;4.6.3&#8243; custom_margin=&#8220;|||&#8220; custom_padding=&#8220;65px||34px|||&#8220; global_colors_info=&#8220;{}&#8220;][et_pb_row _builder_version=&#8220;4.11.1&#8243; _module_preset=&#8220;default&#8220; custom_padding=&#8220;0px|||||&#8220; global_colors_info=&#8220;{}&#8220;][et_pb_column type=&#8220;4_4&#8243; _builder_version=&#8220;4.11.1&#8243; _module_preset=&#8220;default&#8220; global_colors_info=&#8220;{}&#8220;][et_pb_text admin_label=&#8220;Subtitle&#8220; _builder_version=&#8220;4.11.1&#8243; text_font=&#8220;Montserrat||||&#8220; text_text_color=&#8220;#747d88&#8243; text_font_size=&#8220;16px&#8220; text_line_height=&#8220;1.8em&#8220; header_font=&#8220;||||||||&#8220; module_alignment=&#8220;left&#8220; custom_margin=&#8220;|||&#8220; custom_padding=&#8220;||||false|false&#8220; animation_style=&#8220;slide&#8220; animation_direction=&#8220;bottom&#8220; animation_delay=&#8220;100ms&#8220; animation_intensity_slide=&#8220;4%&#8220; locked=&#8220;off&#8220; global_colors_info=&#8220;{}&#8220;]<\/p>\n<h1>Dolmetscher in Saragossa<\/h1>\n<p>[\/et_pb_text][et_pb_text admin_label=&#8220;Subtitle&#8220; _builder_version=&#8220;4.11.1&#8243; text_font=&#8220;Montserrat||||&#8220; text_text_color=&#8220;#747d88&#8243; text_font_size=&#8220;16px&#8220; text_line_height=&#8220;1.8em&#8220; header_font=&#8220;||||||||&#8220; module_alignment=&#8220;left&#8220; custom_margin=&#8220;|||&#8220; custom_padding=&#8220;||||false|false&#8220; animation_style=&#8220;slide&#8220; animation_direction=&#8220;bottom&#8220; animation_delay=&#8220;100ms&#8220; animation_intensity_slide=&#8220;4%&#8220; locked=&#8220;off&#8220; global_colors_info=&#8220;{}&#8220;]<\/p>\n<p><img loading=\"lazy\" decoding=\"async\" class=\"wp-image-2873 alignnone size-full\" style=\"float: right;\" src=\"http:\/\/mondoagit.com\/wp-content\/uploads\/2021\/10\/translator_Zaragoza_2.jpg\" alt=\"\" width=\"391\" height=\"293\" \/>Sie suchen einen <strong>Dolmetscher in Saragossa<\/strong>? Hier bietet Ihnen Mondo Agit, genauso wie in anderen wichtigen St\u00e4dten Europas, die Dienste eines professionellen Dolmetscherteams vor Ort an.<\/p>\n<p>Mondo Agit verf\u00fcgt \u00fcber ein stetig wachsendes Netzwerk von Dolmetschern mit vielseitigen Profilen. Dadurch sind wir in der Lage, Dolmetscher in den g\u00e4ngigsten Sprachen wie Chinesisch, Deutsch, Englisch, Franz\u00f6sisch, Italienisch, Portugiesisch, Spanisch und anderen zu vermitteln.<\/p>\n<p>Von unseren Dienststellen aus (siehe <a href=\"http:\/\/mondoagit.com\/de\/ueber-uns\/niederlassungen-in-europa\/\">Niederlassungen<\/a>) vermitteln wir Ihnen verschiedene <strong>Dolmetscherdienste in Saragossa<\/strong>, darunter <a href=\"http:\/\/mondoagit.com\/de\/dolmetscher\/verhandlungsdolmetschen\/\">Verhandlungs<\/a>-, <a href=\"http:\/\/mondoagit.com\/de\/dolmetscher\/konsekutivdolmetschen\/\">Konsekutiv<\/a>-, <a href=\"http:\/\/mondoagit.com\/de\/dolmetscher\/fluesterdolmetschen\/\">Fl\u00fcster<\/a>&#8211; und <a href=\"http:\/\/mondoagit.com\/de\/dolmetscher\/simultandolmetschen\/\">Simultandolmetschen<\/a>.<\/p>\n<p>Alle Dolmetscher, die mit uns arbeiten, dolmetschen <strong>aus<\/strong> und <strong>ins Spanische<\/strong> und sind spezialisierte, bestens ausgebildete und erfahrene Profis auf ihren jeweiligen Fachgebieten. Viele unserer Dolmetscher in Saragossa sind drei- oder gar viersprachig, somit sind sie in der Lage, aus mehreren Sprachen zu dolmetschen. In den meisten F\u00e4llen z\u00e4hlt auch <strong>Englisch<\/strong> dazu.<\/p>\n<p>Es empfiehlt sich, die vorhandenen <strong>Unterlagen<\/strong> und so viele Ausk\u00fcnfte wie m\u00f6glich \u00fcber das Treffen, f\u00fcr das Sie einen Dolmetscher buchen, eine Woche (sp\u00e4testens jedoch zwei Tage) vor dem Termin an uns zu senden. Mithilfe der von Ihnen gelieferten Informationen k\u00f6nnen sich unsere Dolmetscher optimal auf das Treffen vorbereiten.<\/p>\n<p>Wir arbeiten stets nach unseren <a href=\"http:\/\/mondoagit.com\/de\/ueber-uns\/prinzipien\/\">Prinzipien<\/a>. Hohe Qualit\u00e4t zu guten Preisen macht Mondo Agit zu Ihrer besten Wahl. \u00dcberzeugen Sie sich selbst! Wenn Sie einen Dolmetscher in Saragossa brauchen, melden Sie sich einfach bei uns.<\/p>\n<p>Sollten Sie weitere Informationen w\u00fcnschen, setzen Sie sich mit uns in <a href=\"http:\/\/mondoagit.com\/de\/ueber-uns\/kontakt\/\">Kontakt<\/a> oder fordern Sie einen kostenlosen und unverbindlichen <a href=\"http:\/\/mondoagit.com\/de\/ueber-uns\/kontakt\/\">Kostenvoranschlag<\/a> an.<\/p>\n<p><em>Anmerkung: Alle uns f\u00fcr den Dolmetscherdienst in Saragossa zugesendeten Dokumente werden vertraulich behandelt und bleiben Eigentum ihrer jeweiligen Besitzer.<\/em><\/p>\n<p>[\/et_pb_text][\/et_pb_column][\/et_pb_row][et_pb_row _builder_version=&#8220;4.6.3&#8243; _module_preset=&#8220;default&#8220; custom_padding=&#8220;0px|||||&#8220; locked=&#8220;off&#8220; global_colors_info=&#8220;{}&#8220;][et_pb_column type=&#8220;4_4&#8243; _builder_version=&#8220;4.6.3&#8243; _module_preset=&#8220;default&#8220; global_colors_info=&#8220;{}&#8220;][et_pb_accordion _builder_version=&#8220;4.11.1&#8243; _module_preset=&#8220;default&#8220; global_colors_info=&#8220;{}&#8220;][et_pb_accordion_item title=&#8220;-&#8220; _builder_version=&#8220;4.6.3&#8243; _module_preset=&#8220;default&#8220; custom_css_main_element=&#8220;display: none; &#8220; global_colors_info=&#8220;{}&#8220; open=&#8220;off&#8220;]&nbsp;<br \/>\n[\/et_pb_accordion_item][et_pb_accordion_item title=&#8220;Kurze Beschreibung der Stadt (weiterlesen)&#8220; open=&#8220;on&#8220; _builder_version=&#8220;4.11.1&#8243; _module_preset=&#8220;default&#8220; global_colors_info=&#8220;{}&#8220;]<strong>Die Stadt<\/strong><\/p>\n<p>Saragossa, die aragonesische Hauptstadt, wurde von den R\u00f6mern gegr\u00fcndet, von denen sie einst ihren urspr\u00fcnglichen Namen &#8222;Caesaraugusta&#8220; erhielt. Heutzutage befindet sich diese im Ebrotal gelegene Stadt in einer priveligierten Lage auf der Strecke zwischen Madrid und Barcelona.<\/p>\n<p>Nahe des Flusses Ebro befindet sich die &#8222;Basilica del Pilar&#8220;, das Wahrzeichen der Stadt. Sie ist die gr\u00f6\u00dfte barocke Kirche Spaniens und beherbergt zahlreiche Werke des bedeutenden aragonesischen Malers Francisco de Goya.<br \/>\nAuf der &#8222;Plaza del Pilar&#8220; befindet sich neben dieser Kirche au\u00dferdem ein weiteres Schmuckst\u00fcck der Stadt, die &#8222;Catedral del Salvador&#8220;, bekannter als &#8222;La Seo&#8220;.<\/p>\n<p>In dieser im Nordosten Spaniens gelegenen Stadt k\u00f6nnen Sie aragonesische Spezialit\u00e4ten wie den &#8222;Jam\u00f3n de Teruel&#8220; (Schinken) oder einen erlesenen &#8222;Ternasco&#8220; (Lamm) und dazu einen guten Wein aus den Weinkellern Somontanos genie\u00dfen.<\/p>\n<p><strong>Was kann man in Saragossa erleben?<\/strong><\/p>\n<p>&#8211; Sollten Sie Lust haben, die Stadt zu Fu\u00df zu entdecken, spazieren Sie \u00fcber die &#8222;Plaza del Pilar&#8220; und besichtigen Sie die &#8222;Bas\u00edlica del Pilar&#8220; und &#8222;La Seo&#8220;.<\/p>\n<p>&#8211; Besuchen Sie den &#8222;Palacio de la Alfarer\u00eda&#8220;, aktueller Sitz der Regierung Aragons; ein wundersch\u00f6ner Palast, der die letzte hier erhaltene Konstruktion islamischer Architektur darstellt.<\/p>\n<p>&#8211; Genie\u00dfen Sie die &#8222;La Lonja&#8220;, ein Geb\u00e4ude im Renaissance-Stil, in dem heutzutage Ausstellungen stattfinden.<\/p>\n<p>&#8211; Sollten Sie direkt zum kulinarischen Vergn\u00fcgen kommen wollen, empfiehlt sich eine &#8222;Tapas-Tour&#8220; durch das Viertel &#8222;El Tubo&#8220; oder in der Umgebung des Platzes &#8222;Santa Maria&#8220;.[\/et_pb_accordion_item][\/et_pb_accordion][\/et_pb_column][\/et_pb_row][\/et_pb_section][et_pb_section fb_built=&#8220;1&#8243; _builder_version=&#8220;4.6.3&#8243; _module_preset=&#8220;default&#8220; locked=&#8220;off&#8220; global_colors_info=&#8220;{}&#8220;][et_pb_row use_custom_gutter=&#8220;on&#8220; _builder_version=&#8220;4.6.3&#8243; _module_preset=&#8220;default&#8220; width=&#8220;100%&#8220; max_width=&#8220;1200px&#8220; module_alignment=&#8220;center&#8220; global_colors_info=&#8220;{}&#8220;][et_pb_column type=&#8220;4_4&#8243; _builder_version=&#8220;4.6.3&#8243; _module_preset=&#8220;default&#8220; global_colors_info=&#8220;{}&#8220;][et_pb_text admin_label=&#8220;Title&#8220; _builder_version=&#8220;4.6.3&#8243; text_font=&#8220;Montserrat||||||||&#8220; text_text_color=&#8220;#747d88&#8243; text_font_size=&#8220;16px&#8220; text_line_height=&#8220;1.9em&#8220; header_font=&#8220;||||||||&#8220; header_text_align=&#8220;left&#8220; header_2_font=&#8220;Montserrat|700||on|||||&#8220; header_2_font_size=&#8220;42px&#8220; header_2_line_height=&#8220;1.3em&#8220; text_orientation=&#8220;center&#8220; max_width=&#8220;1400px&#8220; module_alignment=&#8220;center&#8220; animation_style=&#8220;slide&#8220; animation_direction=&#8220;bottom&#8220; animation_intensity_slide=&#8220;4%&#8220; locked=&#8220;off&#8220; global_colors_info=&#8220;{}&#8220;]<\/p>\n<h2 style=\"text-align: center;\">Unsere zufriedenen Kunden:<\/h2>\n<p>[\/et_pb_text][et_pb_gallery gallery_ids=&#8220;2582,2576,2579,2588&#8243; gallery_orderby=&#8220;rand&#8220; orientation=&#8220;portrait&#8220; show_title_and_caption=&#8220;off&#8220; show_pagination=&#8220;off&#8220; _builder_version=&#8220;4.6.3&#8243; _module_preset=&#8220;default&#8220; width=&#8220;100%&#8220; max_width=&#8220;80%&#8220; module_alignment=&#8220;center&#8220; global_colors_info=&#8220;{}&#8220;][\/et_pb_gallery][et_pb_gallery gallery_ids=&#8220;2591,2600,2603,2606&#8243; gallery_orderby=&#8220;rand&#8220; orientation=&#8220;portrait&#8220; show_title_and_caption=&#8220;off&#8220; show_pagination=&#8220;off&#8220; _builder_version=&#8220;4.6.3&#8243; _module_preset=&#8220;default&#8220; width=&#8220;100%&#8220; max_width=&#8220;80%&#8220; module_alignment=&#8220;center&#8220; global_colors_info=&#8220;{}&#8220;][\/et_pb_gallery][\/et_pb_column][\/et_pb_row][\/et_pb_section]<\/p>\n","protected":false},"excerpt":{"rendered":"<p>Sie w\u00fcnschen einen unverbindlichen Kostenvoranschlag? &nbsp; Dolmetscher in SaragossaSie suchen einen Dolmetscher in Saragossa? Hier bietet Ihnen Mondo Agit, genauso wie in anderen wichtigen St\u00e4dten Europas, die Dienste eines professionellen Dolmetscherteams vor Ort an. Mondo Agit verf\u00fcgt \u00fcber ein stetig wachsendes Netzwerk von Dolmetschern mit vielseitigen Profilen. Dadurch sind wir in der Lage, Dolmetscher in [&hellip;]<\/p>\n","protected":false},"author":6,"featured_media":0,"parent":3861,"menu_order":0,"comment_status":"closed","ping_status":"closed","template":"","meta":{"_et_pb_use_builder":"on","_et_pb_old_content":"","_et_gb_content_width":"","om_disable_all_campaigns":false,"_monsterinsights_skip_tracking":false,"_monsterinsights_sitenote_active":false,"_monsterinsights_sitenote_note":"","_monsterinsights_sitenote_category":0,"footnotes":""},"class_list":["post-3897","page","type-page","status-publish","hentry"],"aioseo_notices":[],"_links":{"self":[{"href":"https:\/\/mondoagit.com\/de\/wp-json\/wp\/v2\/pages\/3897","targetHints":{"allow":["GET"]}}],"collection":[{"href":"https:\/\/mondoagit.com\/de\/wp-json\/wp\/v2\/pages"}],"about":[{"href":"https:\/\/mondoagit.com\/de\/wp-json\/wp\/v2\/types\/page"}],"author":[{"embeddable":true,"href":"https:\/\/mondoagit.com\/de\/wp-json\/wp\/v2\/users\/6"}],"replies":[{"embeddable":true,"href":"https:\/\/mondoagit.com\/de\/wp-json\/wp\/v2\/comments?post=3897"}],"version-history":[{"count":4,"href":"https:\/\/mondoagit.com\/de\/wp-json\/wp\/v2\/pages\/3897\/revisions"}],"predecessor-version":[{"id":5208,"href":"https:\/\/mondoagit.com\/de\/wp-json\/wp\/v2\/pages\/3897\/revisions\/5208"}],"up":[{"embeddable":true,"href":"https:\/\/mondoagit.com\/de\/wp-json\/wp\/v2\/pages\/3861"}],"wp:attachment":[{"href":"https:\/\/mondoagit.com\/de\/wp-json\/wp\/v2\/media?parent=3897"}],"curies":[{"name":"wp","href":"https:\/\/api.w.org\/{rel}","templated":true}]}}