{"id":3929,"date":"2021-12-13T12:42:17","date_gmt":"2021-12-13T11:42:17","guid":{"rendered":"http:\/\/temp.mondoagit.com\/staedte\/dolmetscher-in-frankreich\/dolmetscher-in-rennes\/"},"modified":"2022-01-07T10:58:13","modified_gmt":"2022-01-07T09:58:13","slug":"dolmetscher-in-rennes","status":"publish","type":"page","link":"https:\/\/mondoagit.com\/de\/dolmetscher\/staedte\/dolmetscher-in-frankreich\/dolmetscher-in-rennes\/","title":{"rendered":"Dolmetscher in Rennes"},"content":{"rendered":"<p>[et_pb_section fb_built=&#8220;1&#8243; admin_label=&#8220;Fun Fact Section&#8220; _builder_version=&#8220;4.6.3&#8243; background_color=&#8220;#ffb141&#8243; min_height=&#8220;200px&#8220; custom_margin=&#8220;|||&#8220; custom_padding=&#8220;||||false|false&#8220; global_colors_info=&#8220;{}&#8220;][et_pb_row _builder_version=&#8220;4.6.3&#8243; _module_preset=&#8220;default&#8220; global_colors_info=&#8220;{}&#8220;][et_pb_column type=&#8220;4_4&#8243; _builder_version=&#8220;4.6.3&#8243; _module_preset=&#8220;default&#8220; global_colors_info=&#8220;{}&#8220;][et_pb_text _builder_version=&#8220;4.6.3&#8243; _module_preset=&#8220;default&#8220; text_text_color=&#8220;#ffffff&#8220; header_text_color=&#8220;#ffffff&#8220; header_2_text_color=&#8220;#ffffff&#8220; header_3_text_color=&#8220;#ffffff&#8220; text_orientation=&#8220;center&#8220; global_colors_info=&#8220;{}&#8220;]<\/p>\n<h2 class=\"call-to-action-1-text\"><strong>Sie w\u00fcnschen einen unverbindlichen Kostenvoranschlag?<\/strong><\/h2>\n<p>&nbsp;<br \/>\n[\/et_pb_text][et_pb_button button_url=&#8220;http:\/\/mondoagit.com\/de\/ueber-uns\/kontakt\/&#8220; button_text=&#8220;Jetzt kostenlos anfordern&#8220; button_alignment=&#8220;center&#8220; _builder_version=&#8220;4.14.0&#8243; _module_preset=&#8220;default&#8220; custom_button=&#8220;on&#8220; button_text_color=&#8220;#ffffff&#8220; hover_enabled=&#8220;0&#8243; global_colors_info=&#8220;{}&#8220; sticky_enabled=&#8220;0&#8243;][\/et_pb_button][\/et_pb_column][\/et_pb_row][\/et_pb_section][et_pb_section fb_built=&#8220;1&#8243; admin_label=&#8220;Feature Section&#8220; _builder_version=&#8220;4.6.3&#8243; custom_margin=&#8220;|||&#8220; custom_padding=&#8220;65px||34px|||&#8220; global_colors_info=&#8220;{}&#8220;][et_pb_row _builder_version=&#8220;4.11.1&#8243; _module_preset=&#8220;default&#8220; custom_padding=&#8220;0px|||||&#8220; global_colors_info=&#8220;{}&#8220;][et_pb_column type=&#8220;4_4&#8243; _builder_version=&#8220;4.11.1&#8243; _module_preset=&#8220;default&#8220; global_colors_info=&#8220;{}&#8220;][et_pb_text admin_label=&#8220;Subtitle&#8220; _builder_version=&#8220;4.11.1&#8243; text_font=&#8220;Montserrat||||&#8220; text_text_color=&#8220;#747d88&#8243; text_font_size=&#8220;16px&#8220; text_line_height=&#8220;1.8em&#8220; header_font=&#8220;||||||||&#8220; module_alignment=&#8220;left&#8220; custom_margin=&#8220;|||&#8220; custom_padding=&#8220;||||false|false&#8220; animation_style=&#8220;slide&#8220; animation_direction=&#8220;bottom&#8220; animation_delay=&#8220;100ms&#8220; animation_intensity_slide=&#8220;4%&#8220; locked=&#8220;off&#8220; global_colors_info=&#8220;{}&#8220;]<\/p>\n<h1>Dolmetscher in Rennes<\/h1>\n<p>[\/et_pb_text][et_pb_text admin_label=&#8220;Subtitle&#8220; _builder_version=&#8220;4.11.1&#8243; text_font=&#8220;Montserrat||||&#8220; text_text_color=&#8220;#747d88&#8243; text_font_size=&#8220;16px&#8220; text_line_height=&#8220;1.8em&#8220; header_font=&#8220;||||||||&#8220; module_alignment=&#8220;left&#8220; custom_margin=&#8220;|||&#8220; custom_padding=&#8220;||||false|false&#8220; animation_style=&#8220;slide&#8220; animation_direction=&#8220;bottom&#8220; animation_delay=&#8220;100ms&#8220; animation_intensity_slide=&#8220;4%&#8220; locked=&#8220;off&#8220; global_colors_info=&#8220;{}&#8220;]<\/p>\n<p>Sie suchen einen <strong>Dolmetscher in Rennes<\/strong>? Hier bietet Ihnen Mondo Agit, genauso wie in anderen wichtigen St\u00e4dten Europas, die Dienste eines professionellen Dolmetscherteams vor Ort an.<\/p>\n<p>Mondo Agit verf\u00fcgt \u00fcber ein stetig wachsendes Netzwerk von Dolmetschern mit vielseitigen Profilen. Dadurch sind wir in der Lage, Dolmetscher in den g\u00e4ngigsten Sprachen wie Chinesisch, Deutsch, Englisch, Franz\u00f6sisch, Italienisch, Portugiesisch, Spanisch und anderen zu vermitteln.<\/p>\n<p>Von unseren Dienststellen aus (siehe <a href=\"http:\/\/mondoagit.com\/de\/ueber-uns\/niederlassungen-in-europa\/\">Niederlassungen<\/a>) vermitteln wir Ihnen verschiedene <strong>Dolmetscherdienste in Rennes<\/strong>, darunter <a href=\"http:\/\/mondoagit.com\/de\/dolmetscher\/verhandlungsdolmetschen\/\">Verhandlungs<\/a>-, <a href=\"http:\/\/mondoagit.com\/de\/dolmetscher\/konsekutivdolmetschen\/\">Konsekutiv<\/a>-, <a href=\"http:\/\/mondoagit.com\/de\/dolmetscher\/fluesterdolmetschen\/\">Fl\u00fcster<\/a>&#8211; und <a href=\"http:\/\/mondoagit.com\/de\/dolmetscher\/simultandolmetschen\/\">Simultandolmetschen<\/a>.<\/p>\n<p>Alle Dolmetscher, die mit uns arbeiten, dolmetschen <strong>aus<\/strong> und <strong>ins Franz\u00f6sische<\/strong> und sind spezialisierte, bestens ausgebildete und erfahrene Profis auf ihren jeweiligen Fachgebieten. Viele unserer Dolmetscher in Rennes sind drei- oder gar viersprachig, somit sind sie in der Lage, aus mehreren Sprachen zu dolmetschen. In den meisten F\u00e4llen z\u00e4hlt auch <strong>Englisch<\/strong> dazu.<\/p>\n<p>Es empfiehlt sich, die vorhandenen <strong>Unterlagen<\/strong> und so viele Ausk\u00fcnfte wie m\u00f6glich \u00fcber das Treffen, f\u00fcr das Sie einen Dolmetscher buchen, eine Woche (sp\u00e4testens jedoch zwei Tage) vor dem Termin an uns zu senden. Mithilfe der von Ihnen gelieferten Informationen k\u00f6nnen sich unsere Dolmetscher optimal auf das Treffen vorbereiten.<\/p>\n<p>Wir arbeiten stets nach unseren <a href=\"http:\/\/mondoagit.com\/de\/ueber-uns\/prinzipien\/\">Prinzipien<\/a>. Hohe Qualit\u00e4t zu guten Preisen macht Mondo Agit zu Ihrer besten Wahl. \u00dcberzeugen Sie sich selbst! Wenn Sie einen Dolmetscher in Rennes brauchen, melden Sie sich einfach bei uns.<\/p>\n<p>Sollten Sie weitere Informationen w\u00fcnschen, setzen Sie sich mit uns in <a href=\"http:\/\/mondoagit.com\/de\/ueber-uns\/kontakt\/\">Kontakt<\/a> oder fordern Sie einen kostenlosen und unverbindlichen <a href=\"http:\/\/mondoagit.com\/de\/ueber-uns\/kontakt\/\">Kostenvoranschlag<\/a> an.<\/p>\n<p><em>Anmerkung: Alle uns f\u00fcr den Dolmetscherdienst in Rennes zugesendeten Dokumente werden vertraulich behandelt und bleiben Eigentum ihrer jeweiligen Besitzer.<\/em><\/p>\n<p>[\/et_pb_text][\/et_pb_column][\/et_pb_row][et_pb_row _builder_version=&#8220;4.6.3&#8243; _module_preset=&#8220;default&#8220; custom_padding=&#8220;0px|||||&#8220; locked=&#8220;off&#8220; global_colors_info=&#8220;{}&#8220;][et_pb_column type=&#8220;4_4&#8243; _builder_version=&#8220;4.6.3&#8243; _module_preset=&#8220;default&#8220; global_colors_info=&#8220;{}&#8220;][et_pb_accordion _builder_version=&#8220;4.11.1&#8243; _module_preset=&#8220;default&#8220; global_colors_info=&#8220;{}&#8220;][et_pb_accordion_item title=&#8220;-&#8220; _builder_version=&#8220;4.6.3&#8243; _module_preset=&#8220;default&#8220; custom_css_main_element=&#8220;display: none; &#8220; global_colors_info=&#8220;{}&#8220; open=&#8220;off&#8220;]&nbsp;<br \/>\n[\/et_pb_accordion_item][et_pb_accordion_item title=&#8220;Kurze Beschreibung der Stadt (weiterlesen)&#8220; open=&#8220;on&#8220; _builder_version=&#8220;4.11.1&#8243; _module_preset=&#8220;default&#8220; global_colors_info=&#8220;{}&#8220;]<\/p>\n<p class=\"bodytext\"><b>Kurze Beschreibung der Stadt<\/b><\/p>\n<p class=\"bodytext\">Rennes ist die Hauptstadt der Bretagne und liegt im Nordwesten Frankreichs, ungef\u00e4hr 300 km westlich von Paris, wo die Ille und die Vilaine zusammenflie\u00dfen. Rennes ist sowohl eine k\u00fcnstlerische als auch eine historische Stadt, die auf jeden Fall einen Besuch wert ist.<\/p>\n<p class=\"bodytext\"><b>Unterwegs in Rennes<\/b><\/p>\n<p class=\"bodytext\">Rennes hat seinen Besuchern eine Menge zu bieten. Zu den Touristenattraktionen geh\u00f6ren Museen, Kunstgalerien, ein botanischer Garten, mehrere Parks, ein Markt, wundersch\u00f6ne Kirchen und ein eigener Fu\u00dfballverein.<\/p>\n<p class=\"bodytext\">Die Stadt hat eine U-Bahn und ein gut ausgebautes Busnetz, was die Fortbewegung in der Stadt sehr einfach macht.<br \/>\nEinen Besuch sind auch die Kathedrale\u00a0 St. Pierre sowie die nahe gelegenen Kirchen St. Sauveur und St. Germain wert.<\/p>\n<p class=\"bodytext\">Wenn Sie sich f\u00fcr Kunst interessieren, sollten Sie das\u00a0<i>Mus\u00e9e des Beaux Arts<\/i>\u00a0(Museum der sch\u00f6nen K\u00fcnste) besuchen, das eine gro\u00dfe Sammlung von der \u00c4gyptischen Antike bis zur Moderne umfasst. Das\u00a0<i>Mus\u00e9e de Bretagne<\/i>\u00a0widmet sich der Geschichte der Region.<\/p>\n<p class=\"bodytext\">Wenn Sie ein Musikgenie\u00dfer sind, d\u00fcrfen Sie einen Besuch der Oper nicht auslassen. Rennes hat aber auch den Ruf als &#8222;Rockstadt&#8220; von den 1980ern bis in die 1990er und hat viele bedeutende franz\u00f6sische K\u00fcnstler hervorgebracht.<\/p>\n<p class=\"bodytext\">Jeden Samstag findet in der Altstadt der\u00a0<i>March\u00e9 de Lices<\/i>\u00a0(Lices Markt) statt.\u00a0 Hier werden sowohl Lebensmittel als auch Blumen verkauft und das in einer riesigen Auswahl, da es der drittgr\u00f6\u00dfte Markt des Landes ist. In dieser Gegend gibt es auch einige bezaubernde Boutiquen, doch die meisten Gesch\u00e4fte finden Sie ausgehend von der\u00a0<i>Place de l&#8217;H\u00f4tel de Ville<\/i>. Daneben gibt es noch weitere zahlreiche Einkaufszentren, in denen Sie alles finden, was Sie brauchen.<\/p>\n<p class=\"bodytext\"><b>Kulinarisches<\/b><\/p>\n<p class=\"bodytext\">Rennes hat ungef\u00e4hr 400 Caf\u00e9s und Restaurants; darunter ist f\u00fcr jeden etwas zu finden, von Bistros zu\u00a0<i>Haute-Cuisine<\/i>, von internationaler zu regionaler K\u00fcche. Ein Muss sind nat\u00fcrlich die k\u00f6stlichen\u00a0<i>Crepes<\/i>\u00a0oder<i>Galettes<\/i>, wobei Sie zwischen herzhaften und s\u00fc\u00dfen Geschmacksrichtungen ausw\u00e4hlen k\u00f6nnen. Eine der lokalen Spezialit\u00e4ten ist die\u00a0<i>Galette Saucisse<\/i>, ein W\u00fcrstchen in einem Buchweizen-Pfannkuchen. Probieren Sie es mit Senf, K\u00e4se oder pur, es ist einfach k\u00f6stlich!<\/p>\n<p class=\"bodytext\"><b>Nachtleben<\/b><\/p>\n<p class=\"bodytext\">Rennes hat viele gute Bars zu bieten und die besten finden Sie in der Rue St. Michel (auch bekannt als\u00a0<i>Rue de la Soif<\/i>\u00a0\u2013 Durststra\u00dfe), die auch der beste Ort zum Ausgehen ist. Durch die vielen Studenten in Rennes ist das Nachtleben sehr animiert und am meisten ist donnerstags und samstags los.<\/p>\n<p>[\/et_pb_accordion_item][\/et_pb_accordion][\/et_pb_column][\/et_pb_row][\/et_pb_section][et_pb_section fb_built=&#8220;1&#8243; _builder_version=&#8220;4.6.3&#8243; _module_preset=&#8220;default&#8220; locked=&#8220;off&#8220; global_colors_info=&#8220;{}&#8220;][et_pb_row use_custom_gutter=&#8220;on&#8220; _builder_version=&#8220;4.6.3&#8243; _module_preset=&#8220;default&#8220; width=&#8220;100%&#8220; max_width=&#8220;1200px&#8220; module_alignment=&#8220;center&#8220; global_colors_info=&#8220;{}&#8220;][et_pb_column type=&#8220;4_4&#8243; _builder_version=&#8220;4.6.3&#8243; _module_preset=&#8220;default&#8220; global_colors_info=&#8220;{}&#8220;][et_pb_text admin_label=&#8220;Title&#8220; _builder_version=&#8220;4.6.3&#8243; text_font=&#8220;Montserrat||||||||&#8220; text_text_color=&#8220;#747d88&#8243; text_font_size=&#8220;16px&#8220; text_line_height=&#8220;1.9em&#8220; header_font=&#8220;||||||||&#8220; header_text_align=&#8220;left&#8220; header_2_font=&#8220;Montserrat|700||on|||||&#8220; header_2_font_size=&#8220;42px&#8220; header_2_line_height=&#8220;1.3em&#8220; text_orientation=&#8220;center&#8220; max_width=&#8220;1400px&#8220; module_alignment=&#8220;center&#8220; animation_style=&#8220;slide&#8220; animation_direction=&#8220;bottom&#8220; animation_intensity_slide=&#8220;4%&#8220; locked=&#8220;off&#8220; global_colors_info=&#8220;{}&#8220;]<\/p>\n<h2 style=\"text-align: center;\">Unsere zufriedenen Kunden:<\/h2>\n<p>[\/et_pb_text][et_pb_gallery gallery_ids=&#8220;2582,2576,2579,2588&#8243; gallery_orderby=&#8220;rand&#8220; orientation=&#8220;portrait&#8220; show_title_and_caption=&#8220;off&#8220; show_pagination=&#8220;off&#8220; _builder_version=&#8220;4.6.3&#8243; _module_preset=&#8220;default&#8220; width=&#8220;100%&#8220; max_width=&#8220;80%&#8220; module_alignment=&#8220;center&#8220; global_colors_info=&#8220;{}&#8220;][\/et_pb_gallery][et_pb_gallery gallery_ids=&#8220;2591,2600,2603,2606&#8243; gallery_orderby=&#8220;rand&#8220; orientation=&#8220;portrait&#8220; show_title_and_caption=&#8220;off&#8220; show_pagination=&#8220;off&#8220; _builder_version=&#8220;4.6.3&#8243; _module_preset=&#8220;default&#8220; width=&#8220;100%&#8220; max_width=&#8220;80%&#8220; module_alignment=&#8220;center&#8220; global_colors_info=&#8220;{}&#8220;][\/et_pb_gallery][\/et_pb_column][\/et_pb_row][\/et_pb_section]<\/p>\n","protected":false},"excerpt":{"rendered":"<p>Sie w\u00fcnschen einen unverbindlichen Kostenvoranschlag? &nbsp; Dolmetscher in RennesSie suchen einen Dolmetscher in Rennes? Hier bietet Ihnen Mondo Agit, genauso wie in anderen wichtigen St\u00e4dten Europas, die Dienste eines professionellen Dolmetscherteams vor Ort an. Mondo Agit verf\u00fcgt \u00fcber ein stetig wachsendes Netzwerk von Dolmetschern mit vielseitigen Profilen. Dadurch sind wir in der Lage, Dolmetscher in [&hellip;]<\/p>\n","protected":false},"author":6,"featured_media":0,"parent":3901,"menu_order":0,"comment_status":"closed","ping_status":"closed","template":"","meta":{"_et_pb_use_builder":"on","_et_pb_old_content":"","_et_gb_content_width":"","om_disable_all_campaigns":false,"_monsterinsights_skip_tracking":false,"_monsterinsights_sitenote_active":false,"_monsterinsights_sitenote_note":"","_monsterinsights_sitenote_category":0,"footnotes":""},"class_list":["post-3929","page","type-page","status-publish","hentry"],"aioseo_notices":[],"_links":{"self":[{"href":"https:\/\/mondoagit.com\/de\/wp-json\/wp\/v2\/pages\/3929","targetHints":{"allow":["GET"]}}],"collection":[{"href":"https:\/\/mondoagit.com\/de\/wp-json\/wp\/v2\/pages"}],"about":[{"href":"https:\/\/mondoagit.com\/de\/wp-json\/wp\/v2\/types\/page"}],"author":[{"embeddable":true,"href":"https:\/\/mondoagit.com\/de\/wp-json\/wp\/v2\/users\/6"}],"replies":[{"embeddable":true,"href":"https:\/\/mondoagit.com\/de\/wp-json\/wp\/v2\/comments?post=3929"}],"version-history":[{"count":4,"href":"https:\/\/mondoagit.com\/de\/wp-json\/wp\/v2\/pages\/3929\/revisions"}],"predecessor-version":[{"id":5259,"href":"https:\/\/mondoagit.com\/de\/wp-json\/wp\/v2\/pages\/3929\/revisions\/5259"}],"up":[{"embeddable":true,"href":"https:\/\/mondoagit.com\/de\/wp-json\/wp\/v2\/pages\/3901"}],"wp:attachment":[{"href":"https:\/\/mondoagit.com\/de\/wp-json\/wp\/v2\/media?parent=3929"}],"curies":[{"name":"wp","href":"https:\/\/api.w.org\/{rel}","templated":true}]}}