{"id":4016,"date":"2021-12-14T18:20:54","date_gmt":"2021-12-14T17:20:54","guid":{"rendered":"http:\/\/temp.mondoagit.com\/staedte\/dolmetscher-vereinigtes-koenigreich\/dolmetscher-in-glasgow\/"},"modified":"2022-01-09T23:22:19","modified_gmt":"2022-01-09T22:22:19","slug":"dolmetscher-in-glasgow","status":"publish","type":"page","link":"https:\/\/mondoagit.com\/de\/dolmetscher\/staedte\/dolmetscher-vereinigtes-koenigreich\/dolmetscher-in-glasgow\/","title":{"rendered":"Dolmetscher in Glasgow"},"content":{"rendered":"<p>[et_pb_section fb_built=&#8220;1&#8243; admin_label=&#8220;Fun Fact Section&#8220; _builder_version=&#8220;4.6.3&#8243; background_color=&#8220;#ffb141&#8243; min_height=&#8220;200px&#8220; custom_margin=&#8220;|||&#8220; custom_padding=&#8220;||||false|false&#8220; global_colors_info=&#8220;{}&#8220;][et_pb_row _builder_version=&#8220;4.6.3&#8243; _module_preset=&#8220;default&#8220; global_colors_info=&#8220;{}&#8220;][et_pb_column type=&#8220;4_4&#8243; _builder_version=&#8220;4.6.3&#8243; _module_preset=&#8220;default&#8220; global_colors_info=&#8220;{}&#8220;][et_pb_text _builder_version=&#8220;4.6.3&#8243; _module_preset=&#8220;default&#8220; text_text_color=&#8220;#ffffff&#8220; header_text_color=&#8220;#ffffff&#8220; header_2_text_color=&#8220;#ffffff&#8220; header_3_text_color=&#8220;#ffffff&#8220; text_orientation=&#8220;center&#8220; global_colors_info=&#8220;{}&#8220;]<\/p>\n<h2 class=\"call-to-action-1-text\"><strong>Sie w\u00fcnschen einen unverbindlichen Kostenvoranschlag?<\/strong><\/h2>\n<p>[\/et_pb_text][et_pb_button button_url=&#8220;http:\/\/mondoagit.com\/de\/ueber-uns\/kontakt\/&#8220; button_text=&#8220;Jetzt kostenlos anfordern&#8220; button_alignment=&#8220;center&#8220; _builder_version=&#8220;4.14.0&#8243; _module_preset=&#8220;default&#8220; custom_button=&#8220;on&#8220; button_text_color=&#8220;#ffffff&#8220; hover_enabled=&#8220;0&#8243; global_colors_info=&#8220;{}&#8220; sticky_enabled=&#8220;0&#8243;][\/et_pb_button][\/et_pb_column][\/et_pb_row][\/et_pb_section][et_pb_section fb_built=&#8220;1&#8243; admin_label=&#8220;Feature Section&#8220; _builder_version=&#8220;4.6.3&#8243; custom_margin=&#8220;|||&#8220; custom_padding=&#8220;65px||34px|||&#8220; global_colors_info=&#8220;{}&#8220;][et_pb_row _builder_version=&#8220;4.11.1&#8243; _module_preset=&#8220;default&#8220; custom_padding=&#8220;0px|||||&#8220; global_colors_info=&#8220;{}&#8220;][et_pb_column type=&#8220;4_4&#8243; _builder_version=&#8220;4.11.1&#8243; _module_preset=&#8220;default&#8220; global_colors_info=&#8220;{}&#8220;][et_pb_text admin_label=&#8220;Subtitle&#8220; _builder_version=&#8220;4.11.1&#8243; text_font=&#8220;Montserrat||||&#8220; text_text_color=&#8220;#747d88&#8243; text_font_size=&#8220;16px&#8220; text_line_height=&#8220;1.8em&#8220; header_font=&#8220;||||||||&#8220; module_alignment=&#8220;left&#8220; custom_margin=&#8220;|||&#8220; custom_padding=&#8220;||||false|false&#8220; animation_style=&#8220;slide&#8220; animation_direction=&#8220;bottom&#8220; animation_delay=&#8220;100ms&#8220; animation_intensity_slide=&#8220;4%&#8220; locked=&#8220;off&#8220; global_colors_info=&#8220;{}&#8220;]<\/p>\n<h1>Dolmetscher in Glasgow<\/h1>\n<p>[\/et_pb_text][et_pb_text admin_label=&#8220;Subtitle&#8220; _builder_version=&#8220;4.11.1&#8243; text_font=&#8220;Montserrat||||&#8220; text_text_color=&#8220;#747d88&#8243; text_font_size=&#8220;16px&#8220; text_line_height=&#8220;1.8em&#8220; header_font=&#8220;||||||||&#8220; module_alignment=&#8220;left&#8220; custom_margin=&#8220;|||&#8220; custom_padding=&#8220;||||false|false&#8220; animation_style=&#8220;slide&#8220; animation_direction=&#8220;bottom&#8220; animation_delay=&#8220;100ms&#8220; animation_intensity_slide=&#8220;4%&#8220; locked=&#8220;off&#8220; global_colors_info=&#8220;{}&#8220;]<\/p>\n<p>Sie suchen einen <strong>Dolmetscher in Glasgow<\/strong>? Hier bietet Ihnen Mondo Agit, genauso wie in anderen wichtigen St\u00e4dten Europas, die Dienste eines professionellen Dolmetscherteams vor Ort an.<\/p>\n<p>Mondo Agit verf\u00fcgt \u00fcber ein stetig wachsendes Netzwerk von Dolmetschern mit vielseitigen Profilen. Dadurch sind wir in der Lage, Dolmetscher in den g\u00e4ngigsten Sprachen wie Chinesisch, Deutsch, Englisch, Franz\u00f6sisch, Italienisch, Portugiesisch, Spanisch und anderen zu vermitteln.<\/p>\n<p>Von unseren Dienststellen aus (siehe <a href=\"http:\/\/mondoagit.com\/de\/ueber-uns\/niederlassungen-in-europa\/\">Niederlassungen<\/a>) vermitteln wir Ihnen verschiedene <strong>Dolmetscherdienste in Glasgow<\/strong>, darunter <a href=\"http:\/\/mondoagit.com\/de\/dolmetscher\/verhandlungsdolmetschen\/\">Verhandlungs<\/a>-, <a href=\"http:\/\/mondoagit.com\/de\/dolmetscher\/konsekutivdolmetschen\/\">Konsekutiv<\/a>-, <a href=\"http:\/\/mondoagit.com\/de\/dolmetscher\/fluesterdolmetschen\/\">Fl\u00fcster<\/a>&#8211; und <a href=\"http:\/\/mondoagit.com\/de\/dolmetscher\/simultandolmetschen\/\">Simultandolmetschen<\/a>.<\/p>\n<p>Alle Dolmetscher, die mit uns arbeiten, dolmetschen <strong>aus<\/strong> und <strong>ins Englische<\/strong> und sind spezialisierte, bestens ausgebildete und erfahrene Profis auf ihren jeweiligen Fachgebieten. Viele unserer Dolmetscher in Glasgow sind drei- oder gar viersprachig, somit sind sie in der Lage, aus mehreren Sprachen zu dolmetschen.<\/p>\n<p>Es empfiehlt sich, die vorhandenen <strong>Unterlagen<\/strong> und so viele Ausk\u00fcnfte wie m\u00f6glich \u00fcber das Treffen, f\u00fcr das Sie einen Dolmetscher buchen, eine Woche (sp\u00e4testens jedoch zwei Tage) vor dem Termin an uns zu senden. Mithilfe der von Ihnen gelieferten Informationen k\u00f6nnen sich unsere Dolmetscher optimal auf das Treffen vorbereiten.<\/p>\n<p>Wir arbeiten stets nach unseren <a href=\"http:\/\/mondoagit.com\/de\/ueber-uns\/prinzipien\/\">Prinzipien<\/a>. Hohe Qualit\u00e4t zu guten Preisen macht Mondo Agit zu Ihrer besten Wahl. \u00dcberzeugen Sie sich selbst! Wenn Sie einen Dolmetscher in Glasgow brauchen, melden Sie sich einfach bei uns.<\/p>\n<p>Sollten Sie weitere Informationen w\u00fcnschen, setzen Sie sich mit uns in <a href=\"http:\/\/mondoagit.com\/de\/ueber-uns\/kontakt\/\">Kontakt<\/a> oder fordern Sie einen kostenlosen und unverbindlichen <a href=\"http:\/\/mondoagit.com\/de\/ueber-uns\/kontakt\/\">Kostenvoranschlag<\/a> an.<\/p>\n<p><em>Anmerkung: Alle uns f\u00fcr den Dolmetscherdienst in Glasgow zugesendeten Dokumente werden vertraulich behandelt und bleiben Eigentum ihrer jeweiligen Besitzer.<\/em><\/p>\n<p>[\/et_pb_text][\/et_pb_column][\/et_pb_row][et_pb_row _builder_version=&#8220;4.6.3&#8243; _module_preset=&#8220;default&#8220; custom_padding=&#8220;0px|||||&#8220; locked=&#8220;off&#8220; global_colors_info=&#8220;{}&#8220;][et_pb_column type=&#8220;4_4&#8243; _builder_version=&#8220;4.6.3&#8243; _module_preset=&#8220;default&#8220; global_colors_info=&#8220;{}&#8220;][et_pb_accordion _builder_version=&#8220;4.11.1&#8243; _module_preset=&#8220;default&#8220; global_colors_info=&#8220;{}&#8220;][et_pb_accordion_item title=&#8220;-&#8220; _builder_version=&#8220;4.6.3&#8243; _module_preset=&#8220;default&#8220; custom_css_main_element=&#8220;display: none; &#8220; global_colors_info=&#8220;{}&#8220; open=&#8220;off&#8220;][\/et_pb_accordion_item][et_pb_accordion_item title=&#8220;Kurze Beschreibung der Stadt (weiterlesen)&#8220; open=&#8220;on&#8220; _builder_version=&#8220;4.11.1&#8243; _module_preset=&#8220;default&#8220; global_colors_info=&#8220;{}&#8220;]<strong>Die Stadt<\/strong><\/p>\n<p>Am Ufer des Flusses Clyde gelegen, ist Glasgow die gr\u00f6\u00dfte Stadt Schottlands und nach London und Birmingham die drittgr\u00f6\u00dfte Stadt des Vereinigten K\u00f6nigreichs. Glasgow geh\u00f6rt zu den zwanzig wichtigsten Finanzzentren und ist zugleich Verhandlungsort zahlreicher Gesch\u00e4fte in Schottland. Dies macht die Stadt zu einem bedeutenden Teil der britischen Wirtschaft.<\/p>\n<p>Die Geschichte der Stadt ist eng mit dem unternehmungslustigen und kommerziell orientierten Geist Glasgows verbunden. Das im 18. Jahrhundert durch den \u00dcberseehandel angeh\u00e4ufte Verm\u00f6gen erm\u00f6glichte den Bau prachtvoller Geb\u00e4ude im Jugendstil, welche heute als Wahrzeichen der Stadt gelten.<\/p>\n<p>Glasgow z\u00e4hlt mehr als 30 Museen und Galerien und bietet ein ausgedehntes Jahresprogramm an B\u00fchneninszenierungen sowie Festivals an. Jedes Jahr findet hier das &#8222;International Celtic Connections Festival&#8220; (das gr\u00f6\u00dfte Festival f\u00fcr keltische Musik und Kultur im Winter) statt.<br \/>\nIn dieser Stadt kann man die beeindruckendste viktorianische Architektur des gesamten Vereinigten K\u00f6nigreichs bewundern. Au\u00dferdem kann man sich von den weltber\u00fchmten Museen und Pinakotheken inspirieren lassen und in die f\u00fcr die Stadt charakteristische Atmosph\u00e4re eintauchen.<\/p>\n<p><strong>Was kann man in Glasgow erleben?<\/strong><\/p>\n<p>&#8211; Ein Spaziergang durch das &#8222;West End&#8220; von Glasgow, der modernen Zone der Stadt. Hier befinden sich die Universit\u00e4t von Glasgow, zahlreiche architektonisch bemerkenswert sch\u00f6ne Bauwerke, eine Vielzahl bedeutender Kirchen und Museen, reichlich Restaurants, botanische G\u00e4rten und der &#8222;Kelvingrove Park&#8220;.<\/p>\n<p>&#8211; Einen kulturellen Besuch in einem der zahlreichen Museen, die die Stadt zu bieten hat:<br \/>\nDas &#8222;Kelvingrove Museum &amp; Art Gallery&#8220; beherbergt eine der bedeutendsten Sammlungen ganz Europas und hat das ganze Jahr \u00fcber ge\u00f6ffnet.<br \/>\nDas &#8222;Glasgow Museum of Transport&#8220; stellt alle denkbaren Arten von Fahrzeugen aus.<br \/>\nDas &#8222;Museum of Comarative Religion&#8220;, welches die Aspekte der Weltreligionen erforscht. Hier kann man au\u00dferdem durch den wundersch\u00f6nen Zen-Garten spazieren.<\/p>\n<p>&#8211; In einem der vielen Pubs der Stadt (viele von ihnen mit einem angenehm traditionellen Ambiente) ein k\u00f6stliches Bier oder den typisch schottischen Whiskey genie\u00dfen. In j\u00fcngster Vergangenheit wurde vorrangig im Zentrum der Stadt und im &#8222;West End&#8220; eine Vielzahl von Bars, vornehmen Lokalen und Themenpubs er\u00f6ffnet.[\/et_pb_accordion_item][\/et_pb_accordion][\/et_pb_column][\/et_pb_row][\/et_pb_section][et_pb_section fb_built=&#8220;1&#8243; _builder_version=&#8220;4.6.3&#8243; _module_preset=&#8220;default&#8220; locked=&#8220;off&#8220; global_colors_info=&#8220;{}&#8220;][et_pb_row use_custom_gutter=&#8220;on&#8220; _builder_version=&#8220;4.6.3&#8243; _module_preset=&#8220;default&#8220; width=&#8220;100%&#8220; max_width=&#8220;1200px&#8220; module_alignment=&#8220;center&#8220; global_colors_info=&#8220;{}&#8220;][et_pb_column type=&#8220;4_4&#8243; _builder_version=&#8220;4.6.3&#8243; _module_preset=&#8220;default&#8220; global_colors_info=&#8220;{}&#8220;][et_pb_text admin_label=&#8220;Title&#8220; _builder_version=&#8220;4.6.3&#8243; text_font=&#8220;Montserrat||||||||&#8220; text_text_color=&#8220;#747d88&#8243; text_font_size=&#8220;16px&#8220; text_line_height=&#8220;1.9em&#8220; header_font=&#8220;||||||||&#8220; header_text_align=&#8220;left&#8220; header_2_font=&#8220;Montserrat|700||on|||||&#8220; header_2_font_size=&#8220;42px&#8220; header_2_line_height=&#8220;1.3em&#8220; text_orientation=&#8220;center&#8220; max_width=&#8220;1400px&#8220; module_alignment=&#8220;center&#8220; animation_style=&#8220;slide&#8220; animation_direction=&#8220;bottom&#8220; animation_intensity_slide=&#8220;4%&#8220; locked=&#8220;off&#8220; global_colors_info=&#8220;{}&#8220;]<\/p>\n<h2 style=\"text-align: center;\">Unsere zufriedenen Kunden:<\/h2>\n<p>[\/et_pb_text][et_pb_gallery gallery_ids=&#8220;2582,2576,2579,2588&#8243; gallery_orderby=&#8220;rand&#8220; orientation=&#8220;portrait&#8220; show_title_and_caption=&#8220;off&#8220; show_pagination=&#8220;off&#8220; _builder_version=&#8220;4.6.3&#8243; _module_preset=&#8220;default&#8220; width=&#8220;100%&#8220; max_width=&#8220;80%&#8220; module_alignment=&#8220;center&#8220; global_colors_info=&#8220;{}&#8220;][\/et_pb_gallery][et_pb_gallery gallery_ids=&#8220;2591,2600,2603,2606&#8243; gallery_orderby=&#8220;rand&#8220; orientation=&#8220;portrait&#8220; show_title_and_caption=&#8220;off&#8220; show_pagination=&#8220;off&#8220; _builder_version=&#8220;4.6.3&#8243; _module_preset=&#8220;default&#8220; width=&#8220;100%&#8220; max_width=&#8220;80%&#8220; module_alignment=&#8220;center&#8220; global_colors_info=&#8220;{}&#8220;][\/et_pb_gallery][\/et_pb_column][\/et_pb_row][\/et_pb_section]<\/p>\n","protected":false},"excerpt":{"rendered":"<p>Sie w\u00fcnschen einen unverbindlichen Kostenvoranschlag? Dolmetscher in GlasgowSie suchen einen Dolmetscher in Glasgow? Hier bietet Ihnen Mondo Agit, genauso wie in anderen wichtigen St\u00e4dten Europas, die Dienste eines professionellen Dolmetscherteams vor Ort an. Mondo Agit verf\u00fcgt \u00fcber ein stetig wachsendes Netzwerk von Dolmetschern mit vielseitigen Profilen. Dadurch sind wir in der Lage, Dolmetscher in den [&hellip;]<\/p>\n","protected":false},"author":6,"featured_media":0,"parent":3992,"menu_order":0,"comment_status":"closed","ping_status":"closed","template":"","meta":{"_et_pb_use_builder":"on","_et_pb_old_content":"","_et_gb_content_width":"","om_disable_all_campaigns":false,"_monsterinsights_skip_tracking":false,"_monsterinsights_sitenote_active":false,"_monsterinsights_sitenote_note":"","_monsterinsights_sitenote_category":0,"footnotes":""},"class_list":["post-4016","page","type-page","status-publish","hentry"],"aioseo_notices":[],"_links":{"self":[{"href":"https:\/\/mondoagit.com\/de\/wp-json\/wp\/v2\/pages\/4016","targetHints":{"allow":["GET"]}}],"collection":[{"href":"https:\/\/mondoagit.com\/de\/wp-json\/wp\/v2\/pages"}],"about":[{"href":"https:\/\/mondoagit.com\/de\/wp-json\/wp\/v2\/types\/page"}],"author":[{"embeddable":true,"href":"https:\/\/mondoagit.com\/de\/wp-json\/wp\/v2\/users\/6"}],"replies":[{"embeddable":true,"href":"https:\/\/mondoagit.com\/de\/wp-json\/wp\/v2\/comments?post=4016"}],"version-history":[{"count":4,"href":"https:\/\/mondoagit.com\/de\/wp-json\/wp\/v2\/pages\/4016\/revisions"}],"predecessor-version":[{"id":5358,"href":"https:\/\/mondoagit.com\/de\/wp-json\/wp\/v2\/pages\/4016\/revisions\/5358"}],"up":[{"embeddable":true,"href":"https:\/\/mondoagit.com\/de\/wp-json\/wp\/v2\/pages\/3992"}],"wp:attachment":[{"href":"https:\/\/mondoagit.com\/de\/wp-json\/wp\/v2\/media?parent=4016"}],"curies":[{"name":"wp","href":"https:\/\/api.w.org\/{rel}","templated":true}]}}