{"id":4040,"date":"2021-12-14T19:01:43","date_gmt":"2021-12-14T18:01:43","guid":{"rendered":"http:\/\/temp.mondoagit.com\/ueber-uns\/jubilaeum-prinzipien\/"},"modified":"2022-01-09T23:50:42","modified_gmt":"2022-01-09T22:50:42","slug":"jubilaeum-prinzipien","status":"publish","type":"page","link":"https:\/\/mondoagit.com\/de\/ueber-uns\/jubilaeum-prinzipien\/","title":{"rendered":"Jubil\u00e4um &#8211; Prinzipien"},"content":{"rendered":"<p>[et_pb_section fb_built=&#8220;1&#8243; admin_label=&#8220;Feature Section&#8220; _builder_version=&#8220;4.6.3&#8243; custom_margin=&#8220;|||&#8220; custom_padding=&#8220;109px||2px|||&#8220; locked=&#8220;off&#8220; global_colors_info=&#8220;{}&#8220;][et_pb_row _builder_version=&#8220;4.6.3&#8243; _module_preset=&#8220;default&#8220; custom_padding=&#8220;0px|||||&#8220; global_colors_info=&#8220;{}&#8220;][et_pb_column type=&#8220;4_4&#8243; _builder_version=&#8220;4.6.3&#8243; _module_preset=&#8220;default&#8220; global_colors_info=&#8220;{}&#8220;][et_pb_text admin_label=&#8220;Subtitle&#8220; _builder_version=&#8220;4.11.1&#8243; text_font=&#8220;Montserrat||||&#8220; text_text_color=&#8220;#747d88&#8243; text_font_size=&#8220;16px&#8220; text_line_height=&#8220;1.8em&#8220; header_font=&#8220;||||||||&#8220; module_alignment=&#8220;left&#8220; custom_margin=&#8220;|||&#8220; custom_padding=&#8220;||||false|false&#8220; animation_style=&#8220;slide&#8220; animation_direction=&#8220;bottom&#8220; animation_delay=&#8220;100ms&#8220; animation_intensity_slide=&#8220;4%&#8220; locked=&#8220;off&#8220; global_colors_info=&#8220;{}&#8220;]<\/p>\n<h2>Jubil\u00e4um &#8211; Prinzipien<\/h2>\n<p>[\/et_pb_text][\/et_pb_column][\/et_pb_row][et_pb_row _builder_version=&#8220;4.6.3&#8243; _module_preset=&#8220;default&#8220; custom_padding=&#8220;0px|||||&#8220; global_colors_info=&#8220;{}&#8220;][et_pb_column type=&#8220;4_4&#8243; _builder_version=&#8220;4.6.3&#8243; _module_preset=&#8220;default&#8220; global_colors_info=&#8220;{}&#8220;][et_pb_text admin_label=&#8220;Subtitle&#8220; _builder_version=&#8220;4.11.1&#8243; text_font=&#8220;Montserrat||||&#8220; text_text_color=&#8220;#747d88&#8243; text_font_size=&#8220;16px&#8220; text_line_height=&#8220;1.8em&#8220; header_font=&#8220;||||||||&#8220; module_alignment=&#8220;left&#8220; custom_margin=&#8220;|||&#8220; custom_padding=&#8220;||0px||false|false&#8220; animation_style=&#8220;slide&#8220; animation_direction=&#8220;bottom&#8220; animation_delay=&#8220;100ms&#8220; animation_intensity_slide=&#8220;4%&#8220; locked=&#8220;off&#8220; global_colors_info=&#8220;{}&#8220;]<\/p>\n<p><em><strong>7. Juni 2010<\/strong><\/em><\/p>\n<p>F\u00fcnf Jahre sind nun schon vergangen seit der Gr\u00fcndung von Mondo Agit. Seitdem die Firma im Juli 2005 ins Leben gerufen wurde, sind Jahre voller Erfahrungen vergangen: Jahre des Dazulernens, der Bekanntschaft mit verschiedensten Menschen, Jahre voller Schwierigkeiten und L\u00f6sungen, Jahre mit vielen guten und auch schwierigen Momente&#8230; Herzlich m\u00f6chten wir uns bei allen bedanken, die uns begleitet haben und diese Erfahrungen m\u00f6glich gemacht haben, und bei allen, die immer da waren und weiterhin da sein werden. Wir hoffen aufrichtig, dass dies noch lange so sein wird.<\/p>\n<p>Die \u00dcbersetzungsagentur Mondo Agit (ehemals Mondo Services) startete zun\u00e4chst damit, \u00dcbersetzungen anzubieten. Bald darauf konnten wir unsere Leistungen auf das Dolmetschen ausweiten; kurze Zeit sp\u00e4ter wurden auch Lokalisierungsdienste von Internetseiten und Software mit in das Angebot aufgenommen, und als Letztes wurden die Untertitelung und die Transkription angegliedert.<\/p>\n<p>Im R\u00fcckblick auf unser f\u00fcnfj\u00e4hriges Firmenbestehen und mit Blick in das sechste Jahr unseres &#8222;Geburtstagskindes&#8220; Mondo Agit haben wir beschlossen, unsere Prinzipien zu \u00fcberpr\u00fcfen. Nach intensiven \u00dcberlegungen, und indem wir uns die f\u00fcnf Jahre voller guter und zahlreicher Erfahrungen vor Augen halten, sind wir zu dem Schluss gekommen, dass wir diese Prinzipien, die uns so gut durch die ersten Gesch\u00e4ftsjahre gef\u00fchrt haben, weder aufgeben noch ver\u00e4ndern wollen. Vielmehr m\u00f6chten wir sie um einige \u00dcberlegungen erweitern und diese mit all unseren Kunden, Partnern und Freunden teilen.<\/p>\n<p><strong>Die \u00dcberlegungen<\/strong><\/p>\n<p>1. Was <strong>f\u00fcr den Kunden gut<\/strong> ist, ist auch f\u00fcr uns gut. Wir k\u00fcmmern uns darum, dem Kunden das zu geben, was er ben\u00f6tigt; nicht mehr und nicht weniger. Ohne Zweifel w\u00e4chst mit dem Kunden auch sein Zulieferer, und unter unseren Kunden gibt es verschiedene Beispiele, die dies best\u00e4tigen.<\/p>\n<p>2. <strong>Vertrauen<\/strong> und um dieses zu erreichen, das Bestreben, f\u00fcr Klarheit zu sorgen. Wir folgen klaren Gesch\u00e4ftsnormen, sondern folgen einigen klaren Normen, die es uns erlauben, von Anfang an das beste Angebot zu machen, ohne dass der Kunde darum feilschen muss. Trotzdem versuchen wir immer, uns an die Bed\u00fcrfnisse des Kunden anzupassen.<\/p>\n<p>3. <strong>Ausgewogenheit<\/strong> zwischen dem Auftrageber und dem Zulieferer. Wir glauben, dass weder Anbieter noch Kunde dem jeweils anderen \u00fcberlegen ist; weder darf die Anbieterfirma den Kunden in irgendeiner Form \u00fcbervorteilen noch darf sich der Kunde in einer Position befinden, die Agentur zu \u00fcbervorteilen.<\/p>\n<p>Wir machen unsere Arbeit gut und bleiben unseren Prinzipien treu. Ein best\u00e4tigendes Resultat davon ist, dass die Kunden sich auf uns verlassen und gerne unser Dienste in Anspruch nehmen. Wir pflegen eine freundliche Umgangsweise miteinander und bieten faire und klare Bedingungen an, so dass unsere Partner gerne mit uns zusammenarbeiten.<\/p>\n<p>Unser ethische Vorstellung von einer gerechten Zusammenarbeit in der freien Wirtschaft ist die \u00dcberzeugung, ein nachhaltiges, dauerhaftes und dadurch positives Verh\u00e4ltnis f\u00fcr alle Gesch\u00e4ftspartner, als gleichberechtigte Partner, aufzubauen.<\/p>\n<p>4. <strong>Transparenz<\/strong>, Klare Preise, klare Bedingungen. Es gibt bei Mondo Agit keine versteckte Bedingungen und kein Kleingedrucktes.<br \/>Sowohl unsere Kunden als auch unsere Partner und Konkurrenz k\u00f6nnen \u00fcber unsere Webseite auf alle Informationen ohne Probleme zugreifen.<br \/>Jede Ihrer Fragen wird von uns vollkommen offen und ehrlich beantwortet.<\/p>\n<p>5. <strong>Das Richtige tun<\/strong>, sich positiv engagieren. Wir suchen nach L\u00f6sungen, die uns allen zugute kommen. So ist beispielsweise unsere Initiative der kostenlosen \u00dcbersetzungen <a href=\"http:\/\/mondoagit.com\/de\/ueber-uns\/soziales-engagement\/\">PerMondo<\/a> entstanden. Es geht nicht darum zu Schenken, sondern darum, sich auszutauschen, ehrlich miteinander um zu gehen und ein ausgewogenes, gerechtes Gleichgewicht zu finden.<br \/>Zweifellos ist die beste Vereinbarung eine, bei dem alle Parteien Gewinn machen.<\/p>\n<p>Um zu unseren <strong>wesentlichen Prinzipien<\/strong> zur\u00fcckzukehren:<\/p>\n<p>Wir m\u00f6chten weiterhin beste <strong>professionelle Qualit\u00e4t<\/strong> bieten und dabei erreichen, dass uns der Kunde kennenlernt und Vertrauen in uns setzt.<\/p>\n<p>Wir m\u00f6chten den besten <strong>Service<\/strong> anbieten und daf\u00fcr den Kunden sehr gut kennen und ihn unterst\u00fctzen.<\/p>\n<p>Wir m\u00f6chten <strong>schnell und zuverl\u00e4ssig<\/strong> arbeiten, denn wir wissen, dass die kleinste Verz\u00f6gerung f\u00fcr unseren Kunden eine vers\u00e4umte Gelegenheit darstellen kann.<\/p>\n<p>Wir m\u00f6chten <strong>flexibel<\/strong> sein, um neue L\u00f6sungen zu entwickeln. Unser fortw\u00e4hrendes Ziel, zu den Besten unserer Branche zu z\u00e4hlten, erf\u00fcllen wir, indem wir jeder neuen Herausforderung mit bestm\u00f6glichen L\u00f6sungen antworten.<\/p>\n<p>Insgesamt betrachtet, steht f\u00fcr uns fest: Wir stehen voll und ganz hinter den <a href=\"http:\/\/mondoagit.com\/de\/ueber-uns\/prinzipien\/\">Prinzipien<\/a> von Mondo Agit. Wir wissen, dass ein Kunde, der einen Service von uns in Anspruch nimmt, uns vertraut. Wir haben ebensolches Vertrauen in unsere Kunden. Wir brauchen unsere Kunden, so wie sie uns brauchen. Auf dieser gleichberechtigten Ebene hat Mondo Agit f\u00fcnf erfolgreiche Gesch\u00e4ftsjahre erlebt und ebenso werden wir weiter machen.<\/p>\n<p>[\/et_pb_text][\/et_pb_column][\/et_pb_row][\/et_pb_section]<\/p>\n","protected":false},"excerpt":{"rendered":"<p>Jubil\u00e4um &#8211; Prinzipien7. Juni 2010 F\u00fcnf Jahre sind nun schon vergangen seit der Gr\u00fcndung von Mondo Agit. Seitdem die Firma im Juli 2005 ins Leben gerufen wurde, sind Jahre voller Erfahrungen vergangen: Jahre des Dazulernens, der Bekanntschaft mit verschiedensten Menschen, Jahre voller Schwierigkeiten und L\u00f6sungen, Jahre mit vielen guten und auch schwierigen Momente&#8230; Herzlich m\u00f6chten [&hellip;]<\/p>\n","protected":false},"author":1,"featured_media":0,"parent":4036,"menu_order":0,"comment_status":"closed","ping_status":"closed","template":"","meta":{"_et_pb_use_builder":"on","_et_pb_old_content":"","_et_gb_content_width":"","om_disable_all_campaigns":false,"_monsterinsights_skip_tracking":false,"_monsterinsights_sitenote_active":false,"_monsterinsights_sitenote_note":"","_monsterinsights_sitenote_category":0,"footnotes":""},"class_list":["post-4040","page","type-page","status-publish","hentry"],"aioseo_notices":[],"_links":{"self":[{"href":"https:\/\/mondoagit.com\/de\/wp-json\/wp\/v2\/pages\/4040","targetHints":{"allow":["GET"]}}],"collection":[{"href":"https:\/\/mondoagit.com\/de\/wp-json\/wp\/v2\/pages"}],"about":[{"href":"https:\/\/mondoagit.com\/de\/wp-json\/wp\/v2\/types\/page"}],"author":[{"embeddable":true,"href":"https:\/\/mondoagit.com\/de\/wp-json\/wp\/v2\/users\/1"}],"replies":[{"embeddable":true,"href":"https:\/\/mondoagit.com\/de\/wp-json\/wp\/v2\/comments?post=4040"}],"version-history":[{"count":3,"href":"https:\/\/mondoagit.com\/de\/wp-json\/wp\/v2\/pages\/4040\/revisions"}],"predecessor-version":[{"id":5369,"href":"https:\/\/mondoagit.com\/de\/wp-json\/wp\/v2\/pages\/4040\/revisions\/5369"}],"up":[{"embeddable":true,"href":"https:\/\/mondoagit.com\/de\/wp-json\/wp\/v2\/pages\/4036"}],"wp:attachment":[{"href":"https:\/\/mondoagit.com\/de\/wp-json\/wp\/v2\/media?parent=4040"}],"curies":[{"name":"wp","href":"https:\/\/api.w.org\/{rel}","templated":true}]}}