{"id":4118,"date":"2021-12-15T12:11:38","date_gmt":"2021-12-15T11:11:38","guid":{"rendered":"http:\/\/temp.mondoagit.com\/uebersetzer\/uebersetzung-von-webseiten\/websiteuebersetzung-ins-portugiesische\/"},"modified":"2022-01-18T20:47:10","modified_gmt":"2022-01-18T19:47:10","slug":"websiteuebersetzung-ins-portugiesische","status":"publish","type":"page","link":"https:\/\/mondoagit.com\/de\/uebersetzer\/uebersetzung-von-webseiten\/websiteuebersetzung-ins-portugiesische\/","title":{"rendered":"Website\u00fcbersetzung ins Portugiesische"},"content":{"rendered":"<p>[et_pb_section fb_built=&#8220;1&#8243; admin_label=&#8220;Fun Fact Section&#8220; _builder_version=&#8220;4.6.3&#8243; background_color=&#8220;#ffb141&#8243; min_height=&#8220;200px&#8220; custom_margin=&#8220;|||&#8220; custom_padding=&#8220;||||false|false&#8220; global_colors_info=&#8220;{}&#8220;][et_pb_row _builder_version=&#8220;4.6.3&#8243; _module_preset=&#8220;default&#8220; global_colors_info=&#8220;{}&#8220;][et_pb_column type=&#8220;4_4&#8243; _builder_version=&#8220;4.6.3&#8243; _module_preset=&#8220;default&#8220; global_colors_info=&#8220;{}&#8220;][et_pb_text _builder_version=&#8220;4.11.1&#8243; _module_preset=&#8220;default&#8220; text_text_color=&#8220;#ffffff&#8220; header_text_color=&#8220;#ffffff&#8220; header_2_text_color=&#8220;#ffffff&#8220; header_3_text_color=&#8220;#ffffff&#8220; text_orientation=&#8220;center&#8220; global_colors_info=&#8220;{}&#8220;]<\/p>\n<h2 class=\"call-to-action-1-text\"><strong>Sie w\u00fcnschen einen unverbindlichen Kostenvoranschlag?<\/strong>\u00a0<\/h2>\n<p>[\/et_pb_text][et_pb_button button_url=&#8220;http:\/\/mondoagit.com\/de\/ueber-uns\/kontakt\/&#8220; button_text=&#8220;Jetzt kostenlos anfordern&#8220; button_alignment=&#8220;center&#8220; _builder_version=&#8220;4.14.0&#8243; _module_preset=&#8220;default&#8220; custom_button=&#8220;on&#8220; button_text_color=&#8220;#ffffff&#8220; hover_enabled=&#8220;0&#8243; global_colors_info=&#8220;{}&#8220; sticky_enabled=&#8220;0&#8243;][\/et_pb_button][\/et_pb_column][\/et_pb_row][\/et_pb_section][et_pb_section fb_built=&#8220;1&#8243; admin_label=&#8220;Feature Section&#8220; _builder_version=&#8220;4.6.3&#8243; custom_margin=&#8220;|||&#8220; custom_padding=&#8220;109px||2px|||&#8220; locked=&#8220;off&#8220; global_colors_info=&#8220;{}&#8220;][et_pb_row _builder_version=&#8220;4.6.3&#8243; _module_preset=&#8220;default&#8220; custom_padding=&#8220;0px|||||&#8220; global_colors_info=&#8220;{}&#8220;][et_pb_column type=&#8220;4_4&#8243; _builder_version=&#8220;4.6.3&#8243; _module_preset=&#8220;default&#8220; global_colors_info=&#8220;{}&#8220;][et_pb_text admin_label=&#8220;Subtitle&#8220; _builder_version=&#8220;4.11.1&#8243; text_font=&#8220;Montserrat||||&#8220; text_text_color=&#8220;#747d88&#8243; text_font_size=&#8220;16px&#8220; text_line_height=&#8220;1.8em&#8220; header_font=&#8220;||||||||&#8220; module_alignment=&#8220;left&#8220; custom_margin=&#8220;|||&#8220; custom_padding=&#8220;||||false|false&#8220; animation_style=&#8220;slide&#8220; animation_direction=&#8220;bottom&#8220; animation_delay=&#8220;100ms&#8220; animation_intensity_slide=&#8220;4%&#8220; locked=&#8220;off&#8220; global_colors_info=&#8220;{}&#8220;]<\/p>\n<h2>Lokalisierung und \u00dcbersetzung von Websites ins Portugiesische<\/h2>\n<p>[\/et_pb_text][\/et_pb_column][\/et_pb_row][et_pb_row _builder_version=&#8220;4.6.3&#8243; _module_preset=&#8220;default&#8220; custom_padding=&#8220;0px|||||&#8220; global_colors_info=&#8220;{}&#8220;][et_pb_column type=&#8220;4_4&#8243; _builder_version=&#8220;4.6.3&#8243; _module_preset=&#8220;default&#8220; global_colors_info=&#8220;{}&#8220;][et_pb_text admin_label=&#8220;Subtitle&#8220; _builder_version=&#8220;4.11.1&#8243; text_font=&#8220;Montserrat||||&#8220; text_text_color=&#8220;#747d88&#8243; text_font_size=&#8220;16px&#8220; text_line_height=&#8220;1.8em&#8220; header_font=&#8220;||||||||&#8220; module_alignment=&#8220;left&#8220; custom_margin=&#8220;|||&#8220; custom_padding=&#8220;||0px||false|false&#8220; animation_style=&#8220;slide&#8220; animation_direction=&#8220;bottom&#8220; animation_delay=&#8220;100ms&#8220; animation_intensity_slide=&#8220;4%&#8220; locked=&#8220;off&#8220; global_colors_info=&#8220;{}&#8220;]<\/p>\n<p><img loading=\"lazy\" decoding=\"async\" class=\"wp-image-2708 aligncenter size-full\" src=\"http:\/\/mondoagit.com\/wp-content\/uploads\/2021\/10\/code.jpg\" alt=\"\" width=\"500\" height=\"271\" srcset=\"http:\/\/mondoagit.com\/wp-content\/uploads\/2021\/10\/code.jpg 500w, http:\/\/mondoagit.com\/wp-content\/uploads\/2021\/10\/code-480x260.jpg 480w\" sizes=\"(min-width: 0px) and (max-width: 480px) 480px, (min-width: 481px) 500px, 100vw\" \/><\/p>\n<p>Mondo Agit bietet professionelle Dienstleistungen f\u00fcr die Lokalisierung und <strong>\u00dcbersetzung von Websites<\/strong> ins Portugiesische an. Bereits seit der Gr\u00fcndung 2005 bietet unsere \u00dcbersetzungsagentur Mondo Agit Lokalisierungs- und \u00dcbersetzungsdienste f\u00fcr Internetseiten an. Wir haben bei der \u00dcbersetzung von dynamischen Webseiten ins Portugiesische geholfen, die mithilfe von CMS (<strong>Joomla!, WordPress, Typo3, Drupal, Prestashop<\/strong>) entwickelt wurden sowie bei solchen, die in <strong>php<\/strong> geschrieben sind. Auch haben wir nat\u00fcrlich statische Websites, die direkt in <strong>html<\/strong> geschrieben sind, international gestaltet.<\/p>\n<p>In unserer Agentur \u00fcbersetzen wir nicht nur Ihre Website ins Portugiesische, wir passen sie auch an das sprachliche und kulturelle Umfeld an, in dem sie gelesen werden soll. Dabei haben wir nat\u00fcrlich auch alle technischen Aspekte im Blick. Unsere Arbeit zielt nicht darauf ab, jedes Wort f\u00fcr sich zu \u00fcbersetzen, sondern vielmehr darauf, das zu \u00fcbermitteln, womit Ihr Produkt sp\u00e4ter in Verbindung gebracht werden soll (Eindr\u00fccke, Vorstellungen, Image etc.).<\/p>\n<p>Bei der Lokalisierung von Webseiten gibt es drei m\u00f6gliche Ansatzpunkte:<\/p>\n<ul>\n<li>Sie m\u00f6chten gerne Ihre einsprachige Webseite zu eine zwei- oder mehrsprachigen Website machen.<\/li>\n<li>Ihre Homepage wurde bereits in verschiedene Sprache \u00fcbersetzt und Sie m\u00f6chten sie noch in weitere Sprachen \u00fcbersetzen lassen.<\/li>\n<li>Sie m\u00f6chten gerne eine Website in verschiedenen Sprachen anbieten, haben aber noch keine Internetseite oder m\u00f6chten aus diversen Gr\u00fcnden Ihre bereits bestehende Website nicht weiter benutzten.<\/li>\n<\/ul>\n<p>Nach einer kurzen Auswertung Ihrer W\u00fcnsche sowie ein kurzen Bewertung Ihrer Internetseite geben wir Ihnen gerne hilfreiche Ratschl\u00e4ge dazu, wie Sie am besten weiter vorgehen sollten.<\/p>\n<p>Bei der Lokalisierung und \u00dcbersetzung von Websites ins Portugiesische achten wir speziell auf die folgenden besonderen Eigenschaften dieser Arbeit:<\/p>\n<ul>\n<li><strong>Ad\u00e4quatheit<\/strong> und <strong>Kontext<\/strong>. Wir \u00fcbersetzen nicht einfach ein Wort nach dem anderen, sondern w\u00e4hlen sie danach aus, wo und in welchem Kontext sie innerhalb der gesamten Website stehen und welche visuelle Wirkung sie dabei erzielen sollen.<\/li>\n<li><strong>Module, Erweiterungen, Plugins<\/strong>. Da wir uns sehr gut mit den am h\u00e4ufigsten verwendeten CMS (Joomla!, Typo3, WordPress&#8230;) auskennen, k\u00f6nnen wir Sie bei der Wahl der geeignetsten Erweiterungen und Plugins f\u00fcr die \u00dcbersetzung Ihrer Website ins Portugiesische oder in jede andere Sprache beraten.<\/li>\n<li><strong>SEO<\/strong> (Suchmaschinen Optimierung). Bei der Lokalisierung und der \u00dcbersetzung einer Internetseite in eine andere Sprache ist es vor allem wichtig, \u00e4hnliche Seiten f\u00fcr die MetaTags der verschiedenen Seiten zu finden, besonders f\u00fcr die Title und Description Tags, allerdings auch f\u00fcr die Bildunterschriften und die verschiedenen \u00dcberschriften auf der Seite.<\/li>\n<li><strong>Gr\u00f6\u00dfe<\/strong> und <strong>Form<\/strong>. Wir k\u00fcmmern uns auch darum, dass sich die Nachrichten und der Text im Allgemeinen an das Men\u00fc und die Leerstellen der Webseite anpassen. Dabei achten wir nat\u00fcrlich immer auf die r\u00e4umlichen Einschr\u00e4nkungen oder den Platzbedarf und selbstverst\u00e4ndlich auf die Konventionen, die in den jeweiligen L\u00e4ndern herrschen.<\/li>\n<li>Terminologische <strong>Konsistenz<\/strong>. Eine Website bedarf, wie auch jeder andere in sich geschlossene Text, einer konsistenten (eigenen) Terminologie.<\/li>\n<li><strong>Zielpublikum<\/strong>. F\u00fcr eine gelungene \u00dcbersetzung ist es selbstverst\u00e4ndlich unabdingbar, immer das entsprechende Zielpublikum der Webseite im Blick zu haben.<\/li>\n<li><strong>Flexibilit\u00e4t<\/strong>. Die IT-Branche befindet sich in st\u00e4ndigem Wandel, dies zwingt dazu, sich immer schnell an Neues anzupassen. Bei Mondo Agit kennen wir diese Notwendigkeit und handeln dementsprechend. Wir sind neuen Ideen gegen\u00fcber offen und bereit, uns an Ihre speziellen Bed\u00fcrfnisse anzupassen.<\/li>\n<li><strong>Schnelligkeit<\/strong> und <strong>Zuverl\u00e4ssigkeit<\/strong>. Zu unseren Grundprinzipien geh\u00f6ren Schnelligkeit und Zuverl\u00e4ssigkeit. Wir sind uns dar\u00fcber bewusst, dass Zeit Geld ist, und dass sich ein Projekt sehr leicht in die L\u00e4nge ziehen kann. Daher liegt es uns am Herzen, Ihnen schnellstm\u00f6glich eine \u00dcbersetzung liefern und uns mit Ihnen austauschen zu k\u00f6nnen, damit wir den Auftrag f\u00fcr Sie so schnell wie m\u00f6glich erledigen k\u00f6nnen.<\/li>\n<\/ul>\n<p>Bei Mondo Agit k\u00f6nnen wir uns f\u00fcr Sie um die Lokalisierung in allen Weltsprachen k\u00fcmmern (<a href=\"http:\/\/mondoagit.com\/de\/preise\/arbeitssprachen\/\">unsere Arbeitssprachen<\/a>).<\/p>\n<p>[\/et_pb_text][\/et_pb_column][\/et_pb_row][\/et_pb_section][et_pb_section fb_built=&#8220;1&#8243; _builder_version=&#8220;4.6.3&#8243; _module_preset=&#8220;default&#8220; locked=&#8220;off&#8220; global_colors_info=&#8220;{}&#8220;][et_pb_row use_custom_gutter=&#8220;on&#8220; _builder_version=&#8220;4.6.3&#8243; _module_preset=&#8220;default&#8220; width=&#8220;100%&#8220; max_width=&#8220;1200px&#8220; module_alignment=&#8220;center&#8220; global_colors_info=&#8220;{}&#8220;][et_pb_column type=&#8220;4_4&#8243; _builder_version=&#8220;4.6.3&#8243; _module_preset=&#8220;default&#8220; global_colors_info=&#8220;{}&#8220;][et_pb_text admin_label=&#8220;Title&#8220; _builder_version=&#8220;4.6.3&#8243; text_font=&#8220;Montserrat||||||||&#8220; text_text_color=&#8220;#747d88&#8243; text_font_size=&#8220;16px&#8220; text_line_height=&#8220;1.9em&#8220; header_font=&#8220;||||||||&#8220; header_text_align=&#8220;left&#8220; header_2_font=&#8220;Montserrat|700||on|||||&#8220; header_2_font_size=&#8220;42px&#8220; header_2_line_height=&#8220;1.3em&#8220; text_orientation=&#8220;center&#8220; max_width=&#8220;1400px&#8220; module_alignment=&#8220;center&#8220; animation_style=&#8220;slide&#8220; animation_direction=&#8220;bottom&#8220; animation_intensity_slide=&#8220;4%&#8220; locked=&#8220;off&#8220; global_colors_info=&#8220;{}&#8220;]<\/p>\n<h2 style=\"text-align: center;\">Unsere zufriedenen Kunden:<\/h2>\n<p>[\/et_pb_text][et_pb_gallery gallery_ids=&#8220;2582,2576,2579,2588&#8243; gallery_orderby=&#8220;rand&#8220; orientation=&#8220;portrait&#8220; show_title_and_caption=&#8220;off&#8220; show_pagination=&#8220;off&#8220; _builder_version=&#8220;4.6.3&#8243; _module_preset=&#8220;default&#8220; width=&#8220;100%&#8220; max_width=&#8220;80%&#8220; module_alignment=&#8220;center&#8220; global_colors_info=&#8220;{}&#8220;][\/et_pb_gallery][et_pb_gallery gallery_ids=&#8220;2591,2600,2603,2606&#8243; gallery_orderby=&#8220;rand&#8220; orientation=&#8220;portrait&#8220; show_title_and_caption=&#8220;off&#8220; show_pagination=&#8220;off&#8220; _builder_version=&#8220;4.6.3&#8243; _module_preset=&#8220;default&#8220; width=&#8220;100%&#8220; max_width=&#8220;80%&#8220; module_alignment=&#8220;center&#8220; global_colors_info=&#8220;{}&#8220;][\/et_pb_gallery][\/et_pb_column][\/et_pb_row][\/et_pb_section]<\/p>\n","protected":false},"excerpt":{"rendered":"<p>Sie w\u00fcnschen einen unverbindlichen Kostenvoranschlag?\u00a0Lokalisierung und \u00dcbersetzung von Websites ins Portugiesische Mondo Agit bietet professionelle Dienstleistungen f\u00fcr die Lokalisierung und \u00dcbersetzung von Websites ins Portugiesische an. Bereits seit der Gr\u00fcndung 2005 bietet unsere \u00dcbersetzungsagentur Mondo Agit Lokalisierungs- und \u00dcbersetzungsdienste f\u00fcr Internetseiten an. Wir haben bei der \u00dcbersetzung von dynamischen Webseiten ins Portugiesische geholfen, die mithilfe [&hellip;]<\/p>\n","protected":false},"author":6,"featured_media":0,"parent":4090,"menu_order":0,"comment_status":"closed","ping_status":"closed","template":"","meta":{"_et_pb_use_builder":"on","_et_pb_old_content":"","_et_gb_content_width":"","om_disable_all_campaigns":false,"_monsterinsights_skip_tracking":false,"_monsterinsights_sitenote_active":false,"_monsterinsights_sitenote_note":"","_monsterinsights_sitenote_category":0,"footnotes":""},"class_list":["post-4118","page","type-page","status-publish","hentry"],"aioseo_notices":[],"_links":{"self":[{"href":"https:\/\/mondoagit.com\/de\/wp-json\/wp\/v2\/pages\/4118","targetHints":{"allow":["GET"]}}],"collection":[{"href":"https:\/\/mondoagit.com\/de\/wp-json\/wp\/v2\/pages"}],"about":[{"href":"https:\/\/mondoagit.com\/de\/wp-json\/wp\/v2\/types\/page"}],"author":[{"embeddable":true,"href":"https:\/\/mondoagit.com\/de\/wp-json\/wp\/v2\/users\/6"}],"replies":[{"embeddable":true,"href":"https:\/\/mondoagit.com\/de\/wp-json\/wp\/v2\/comments?post=4118"}],"version-history":[{"count":4,"href":"https:\/\/mondoagit.com\/de\/wp-json\/wp\/v2\/pages\/4118\/revisions"}],"predecessor-version":[{"id":6162,"href":"https:\/\/mondoagit.com\/de\/wp-json\/wp\/v2\/pages\/4118\/revisions\/6162"}],"up":[{"embeddable":true,"href":"https:\/\/mondoagit.com\/de\/wp-json\/wp\/v2\/pages\/4090"}],"wp:attachment":[{"href":"https:\/\/mondoagit.com\/de\/wp-json\/wp\/v2\/media?parent=4118"}],"curies":[{"name":"wp","href":"https:\/\/api.w.org\/{rel}","templated":true}]}}