{"id":4134,"date":"2021-12-15T12:59:44","date_gmt":"2021-12-15T11:59:44","guid":{"rendered":"http:\/\/temp.mondoagit.com\/uebersetzer\/uebersetzung-von-texten\/arabisch-uebersetzer\/"},"modified":"2022-01-20T09:16:54","modified_gmt":"2022-01-20T08:16:54","slug":"arabisch-uebersetzer","status":"publish","type":"page","link":"https:\/\/mondoagit.com\/de\/uebersetzer\/uebersetzung-von-texten\/arabisch-uebersetzer\/","title":{"rendered":"Arabisch \u00dcbersetzer"},"content":{"rendered":"<p>[et_pb_section fb_built=&#8220;1&#8243; admin_label=&#8220;Fun Fact Section&#8220; _builder_version=&#8220;4.6.3&#8243; background_color=&#8220;#ffb141&#8243; min_height=&#8220;200px&#8220; custom_margin=&#8220;|||&#8220; custom_padding=&#8220;||||false|false&#8220; global_colors_info=&#8220;{}&#8220;][et_pb_row _builder_version=&#8220;4.6.3&#8243; _module_preset=&#8220;default&#8220; global_colors_info=&#8220;{}&#8220;][et_pb_column type=&#8220;4_4&#8243; _builder_version=&#8220;4.6.3&#8243; _module_preset=&#8220;default&#8220; global_colors_info=&#8220;{}&#8220;][et_pb_text _builder_version=&#8220;4.6.3&#8243; _module_preset=&#8220;default&#8220; text_text_color=&#8220;#ffffff&#8220; header_text_color=&#8220;#ffffff&#8220; header_2_text_color=&#8220;#ffffff&#8220; header_3_text_color=&#8220;#ffffff&#8220; text_orientation=&#8220;center&#8220; global_colors_info=&#8220;{}&#8220;]<\/p>\n<h2 class=\"call-to-action-1-text\"><strong>Sie w\u00fcnschen einen unverbindlichen Kostenvoranschlag?<\/strong><\/h2>\n<p>&nbsp;[\/et_pb_text][et_pb_button button_url=&#8220;http:\/\/mondoagit.com\/de\/ueber-uns\/kontakt\/&#8220; button_text=&#8220;Jetzt kostenlos anfordern&#8220; button_alignment=&#8220;center&#8220; _builder_version=&#8220;4.14.0&#8243; _module_preset=&#8220;default&#8220; custom_button=&#8220;on&#8220; button_text_color=&#8220;#ffffff&#8220; hover_enabled=&#8220;0&#8243; global_colors_info=&#8220;{}&#8220; sticky_enabled=&#8220;0&#8243;][\/et_pb_button][\/et_pb_column][\/et_pb_row][\/et_pb_section][et_pb_section fb_built=&#8220;1&#8243; admin_label=&#8220;Feature Section&#8220; _builder_version=&#8220;4.6.3&#8243; custom_margin=&#8220;|||&#8220; custom_padding=&#8220;||||false|false&#8220; locked=&#8220;off&#8220; global_colors_info=&#8220;{}&#8220;][et_pb_row _builder_version=&#8220;4.6.3&#8243; _module_preset=&#8220;default&#8220; custom_padding=&#8220;0px|||||&#8220; global_colors_info=&#8220;{}&#8220;][et_pb_column type=&#8220;4_4&#8243; _builder_version=&#8220;4.6.3&#8243; _module_preset=&#8220;default&#8220; global_colors_info=&#8220;{}&#8220;][et_pb_text admin_label=&#8220;Subtitle&#8220; _builder_version=&#8220;4.11.1&#8243; text_font=&#8220;Montserrat||||&#8220; text_text_color=&#8220;#747d88&#8243; text_font_size=&#8220;16px&#8220; text_line_height=&#8220;1.8em&#8220; header_font=&#8220;||||||||&#8220; module_alignment=&#8220;left&#8220; custom_margin=&#8220;|||&#8220; custom_padding=&#8220;||||false|false&#8220; animation_style=&#8220;slide&#8220; animation_direction=&#8220;bottom&#8220; animation_delay=&#8220;100ms&#8220; animation_intensity_slide=&#8220;4%&#8220; locked=&#8220;off&#8220; global_colors_info=&#8220;{}&#8220;]<\/p>\n<h2>Arabisch \u00dcbersetzer<\/h2>\n<p>[\/et_pb_text][\/et_pb_column][\/et_pb_row][et_pb_row _builder_version=&#8220;4.6.3&#8243; _module_preset=&#8220;default&#8220; custom_padding=&#8220;0px|||||&#8220; global_colors_info=&#8220;{}&#8220;][et_pb_column type=&#8220;4_4&#8243; _builder_version=&#8220;4.6.3&#8243; _module_preset=&#8220;default&#8220; global_colors_info=&#8220;{}&#8220;][et_pb_text admin_label=&#8220;Subtitle&#8220; _builder_version=&#8220;4.6.3&#8243; text_font=&#8220;Montserrat||||&#8220; text_text_color=&#8220;#747d88&#8243; text_font_size=&#8220;16px&#8220; text_line_height=&#8220;1.8em&#8220; header_font=&#8220;||||||||&#8220; module_alignment=&#8220;left&#8220; custom_margin=&#8220;|||&#8220; custom_padding=&#8220;||0px||false|false&#8220; animation_style=&#8220;slide&#8220; animation_direction=&#8220;bottom&#8220; animation_delay=&#8220;100ms&#8220; animation_intensity_slide=&#8220;4%&#8220; locked=&#8220;off&#8220; global_colors_info=&#8220;{}&#8220;]<\/p>\n<p>Von unseren verschiedenen \u00dcbersetzungsb\u00fcros aus, die sich in wichtigen St\u00e4dten befinden, bieten wir von Mondo Agit hochwertige <strong>Arabisch &#8211; Deutsch<\/strong> und <strong>Deutsch &#8211; Arabisch<\/strong> \u00dcbersetzungen an.<\/p>\n<p>Unser Schwerpunkt sind \u00dcbersetzungen ins und aus dem Arabischen von Texten aus dem wissenschaftlichen, wirtschaftlichen, rechtlichen und technischen Fachgebiet (<a href=\"http:\/\/mondoagit.com\/de\/uebersetzer\/fachuebersetzungen\/\">Fach\u00fcbersetzungen<\/a>). Dank unseres Dienstes f\u00fcr <a href=\"http:\/\/mondoagit.com\/de\/uebersetzer\/beglaubigte-uebersetzungen\/beeidigter-uebersetzer-arabisch\/\">beglaubigte arabische \u00dcbersetzungen<\/a> k\u00f6nnen Sie vor jeder Beh\u00f6rde, Institution usw. problemlos nachweisen, dass die vorgelegte \u00dcbersetzung dem Original voll und ganz entspricht.<\/p>\n<p>[\/et_pb_text][\/et_pb_column][\/et_pb_row][\/et_pb_section][et_pb_section fb_built=&#8220;1&#8243; admin_label=&#8220;Feature Section&#8220; _builder_version=&#8220;4.6.3&#8243; custom_margin=&#8220;|||&#8220; custom_padding=&#8220;||||false|false&#8220; locked=&#8220;off&#8220; global_colors_info=&#8220;{}&#8220;][et_pb_row _builder_version=&#8220;4.6.3&#8243; _module_preset=&#8220;default&#8220; custom_padding=&#8220;0px|||||&#8220; global_colors_info=&#8220;{}&#8220;][et_pb_column type=&#8220;4_4&#8243; _builder_version=&#8220;4.6.3&#8243; _module_preset=&#8220;default&#8220; global_colors_info=&#8220;{}&#8220;][et_pb_text admin_label=&#8220;Subtitle&#8220; _builder_version=&#8220;4.11.1&#8243; text_font=&#8220;Montserrat||||&#8220; text_text_color=&#8220;#747d88&#8243; text_font_size=&#8220;16px&#8220; text_line_height=&#8220;1.8em&#8220; header_font=&#8220;||||||||&#8220; module_alignment=&#8220;left&#8220; custom_margin=&#8220;|||&#8220; custom_padding=&#8220;||||false|false&#8220; animation_style=&#8220;slide&#8220; animation_direction=&#8220;bottom&#8220; animation_delay=&#8220;100ms&#8220; animation_intensity_slide=&#8220;4%&#8220; locked=&#8220;off&#8220; global_colors_info=&#8220;{}&#8220;]Jede \u00dcbersetzung durchl\u00e4uft zwei Phasen:<\/p>\n<p><img loading=\"lazy\" decoding=\"async\" class=\"wp-image-2669 alignnone size-full\" style=\"float: right;\" src=\"http:\/\/mondoagit.com\/wp-content\/uploads\/2021\/10\/arabic.png\" alt=\"\" width=\"500\" height=\"220\" srcset=\"http:\/\/mondoagit.com\/wp-content\/uploads\/2021\/10\/arabic.png 500w, http:\/\/mondoagit.com\/wp-content\/uploads\/2021\/10\/arabic-480x211.png 480w\" sizes=\"(min-width: 0px) and (max-width: 480px) 480px, (min-width: 481px) 500px, 100vw\" \/><\/p>\n<p>I. Die \u00dcbersetzung<br \/>\nUnsere erfahrenen und bestens ausgebildeten \u00dcbersetzer f\u00fcr Arabisch \u00fcbersetzen ausschlie\u00dflich in ihre <strong>Muttersprache<\/strong> und nur Texte aus ihren Spezialgebieten. Unsere Fachleute arbeiten mit den neusten <strong>Technologien<\/strong> aus unserer Branche und liefern beste Ergebnisse.<\/p>\n<p>II. Das Korrekturlesen und die Bearbeitung<br \/>\nAlle \u00dcbersetzungen werden von kundigen Muttersprachlern <strong>Korrektur gelesen<\/strong>, um eine tadellose \u00dcbersetzung gew\u00e4hrleisten zu k\u00f6nnen.[\/et_pb_text][\/et_pb_column][\/et_pb_row][et_pb_row _builder_version=&#8220;4.6.3&#8243; _module_preset=&#8220;default&#8220; custom_padding=&#8220;0px|||||&#8220; global_colors_info=&#8220;{}&#8220;][et_pb_column type=&#8220;4_4&#8243; _builder_version=&#8220;4.6.3&#8243; _module_preset=&#8220;default&#8220; global_colors_info=&#8220;{}&#8220;][et_pb_text admin_label=&#8220;Subtitle&#8220; _builder_version=&#8220;4.6.3&#8243; text_font=&#8220;Montserrat||||&#8220; text_text_color=&#8220;#747d88&#8243; text_font_size=&#8220;16px&#8220; text_line_height=&#8220;1.8em&#8220; header_font=&#8220;||||||||&#8220; module_alignment=&#8220;left&#8220; custom_margin=&#8220;|||&#8220; custom_padding=&#8220;||||false|false&#8220; animation_style=&#8220;slide&#8220; animation_direction=&#8220;bottom&#8220; animation_delay=&#8220;100ms&#8220; animation_intensity_slide=&#8220;4%&#8220; locked=&#8220;off&#8220; global_colors_info=&#8220;{}&#8220;]<\/p>\n<p>Wir arbeiten stets nach unseren <a href=\"http:\/\/mondoagit.com\/de\/ueber-uns\/prinzipien\/\">Prinzipien<\/a>. Kurze Lieferfristen und gute Preise machen uns zu Ihrer besten Wahl.<\/p>\n<p>Sollten Sie weitere Informationen w\u00fcnschen oder die Dienste unserer Arabisch \u00dcbersetzer in Anspruch nehmen wollen, setzen Sie sich einfach mit uns in <a href=\"http:\/\/mondoagit.com\/de\/ueber-uns\/kontakt\/\">Kontakt<\/a> oder fordern Sie einen kostenlosen und unverbindlichen <a href=\"http:\/\/mondoagit.com\/de\/ueber-uns\/kontakt\/\">Kostenvoranschlag<\/a> an.<\/p>\n<p>[\/et_pb_text][\/et_pb_column][\/et_pb_row][et_pb_row _builder_version=&#8220;4.6.3&#8243; _module_preset=&#8220;default&#8220; custom_padding=&#8220;0px|||||&#8220; global_colors_info=&#8220;{}&#8220;][et_pb_column type=&#8220;4_4&#8243; _builder_version=&#8220;4.6.3&#8243; _module_preset=&#8220;default&#8220; global_colors_info=&#8220;{}&#8220;][et_pb_accordion _builder_version=&#8220;4.11.1&#8243; _module_preset=&#8220;default&#8220; global_colors_info=&#8220;{}&#8220;][et_pb_accordion_item title=&#8220;-&#8220; _builder_version=&#8220;4.6.3&#8243; _module_preset=&#8220;default&#8220; custom_css_main_element=&#8220;display: none; &#8220; global_colors_info=&#8220;{}&#8220; open=&#8220;off&#8220;]&nbsp;[\/et_pb_accordion_item][et_pb_accordion_item title=&#8220;Kurze Einf\u00fchrung in die Sprache (weiterlesen)&#8220; open=&#8220;on&#8220; _builder_version=&#8220;4.11.1&#8243; _module_preset=&#8220;default&#8220; global_colors_info=&#8220;{}&#8220;]Die arabische Sprache ist ebenso wie Aram\u00e4isch und Hebr\u00e4isch eine semitische Sprache. Arabisch wird in drei Klassen unterteilt, in das Klassische Arabisch, in das moderne Standardarabisch und in das umgangssprachliche Arabisch. Das klassische Arabisch ist die Form, die im Koran verwendet wird und die weder in Konversationen noch in profanen Texten verwendet wird. Somit wird das klassische Arabisch ausschlie\u00dflich zum Lesen und Vortragen religi\u00f6ser Texte des Islam erlernt.<\/p>\n<p>Es herrscht eine Diglossiesituation mit dem modernen Standardarabisch und dem umgangssprachlichen Arabisch vor. Nat\u00fcrlich sind weder das moderne Arabisch noch das umgangssprachliche Arabisch statische Sprachen; beide durchlebten gro\u00dfe Ver\u00e4nderungen und tun dies noch immer. Die ersten schriftlichen Zeugnisse des Arabischen werden auf den Beginn des 4. Jahrhundert v. Chr. datiert. Aber erst zu Beginn des 7. Jahrhunderts wurde Arabisch aufgrund des Korans zu der Mehrheitssprache, die sie heute ist.<\/p>\n<p>Heutzutage ist die arabische Sprache die einzige, die in zwanzig L\u00e4ndern Amtssprache und in mindestens sechs weiteren Nebenamtssprache ist. Au\u00dferdem ist sie eine Amtssprache der UNO (Organisation der Vereinten Nationen). Mit ungef\u00e4hr 180 Millionen Sprechern ist sie eine der weltweit am h\u00e4ufigsten gesprochenen Sprachen.<\/p>\n<p>Bez\u00fcglich der Schrift nutzt das Arabische ein eigenes Schriftsystem, in dem von links nach rechts geschrieben wird und bei dem die Buchstaben untereinander verbunden werden. Auf diese Weise kann jeder Buchstabe auf bis zu vier verschiedene Schreibweisen realisiert werden; abh\u00e4ngig von der isolierten Stellung, der Stellung am Anfang, in der Mitte oder am Ende des Wortes. Abgesehen von einigen Ausnahmen, entspricht jedes Graphem einem Phonem. Ein weiteres Merkmal der arabischen Sprache ist die Abwesenheit von Gro\u00dfbuchstaben.<\/p>\n<p>Das Arabische verf\u00fcgt \u00fcber zwei Genera; Maskulinum und Femininum sowie drei Numeri; Singular, Dual und Plural. Die arabische Sprache verf\u00fcgt \u00fcber eine Deklination von drei F\u00e4llen; Nominativ, Genitiv und Akkusativ sowie eine bestimmte und eine unbestimmte Form f\u00fcr jeden dieser F\u00e4lle.[\/et_pb_accordion_item][\/et_pb_accordion][\/et_pb_column][\/et_pb_row][\/et_pb_section][et_pb_section fb_built=&#8220;1&#8243; _builder_version=&#8220;4.6.3&#8243; _module_preset=&#8220;default&#8220; locked=&#8220;off&#8220; global_colors_info=&#8220;{}&#8220;][et_pb_row use_custom_gutter=&#8220;on&#8220; _builder_version=&#8220;4.6.3&#8243; _module_preset=&#8220;default&#8220; width=&#8220;100%&#8220; max_width=&#8220;1200px&#8220; module_alignment=&#8220;center&#8220; global_colors_info=&#8220;{}&#8220;][et_pb_column type=&#8220;4_4&#8243; _builder_version=&#8220;4.6.3&#8243; _module_preset=&#8220;default&#8220; global_colors_info=&#8220;{}&#8220;][et_pb_text admin_label=&#8220;Title&#8220; _builder_version=&#8220;4.6.3&#8243; text_font=&#8220;Montserrat||||||||&#8220; text_text_color=&#8220;#747d88&#8243; text_font_size=&#8220;16px&#8220; text_line_height=&#8220;1.9em&#8220; header_font=&#8220;||||||||&#8220; header_text_align=&#8220;left&#8220; header_2_font=&#8220;Montserrat|700||on|||||&#8220; header_2_font_size=&#8220;42px&#8220; header_2_line_height=&#8220;1.3em&#8220; text_orientation=&#8220;center&#8220; max_width=&#8220;1400px&#8220; module_alignment=&#8220;center&#8220; animation_style=&#8220;slide&#8220; animation_direction=&#8220;bottom&#8220; animation_intensity_slide=&#8220;4%&#8220; locked=&#8220;off&#8220; global_colors_info=&#8220;{}&#8220;]<\/p>\n<h2 style=\"text-align: center;\">Unsere zufriedenen Kunden:<\/h2>\n<p>[\/et_pb_text][et_pb_gallery gallery_ids=&#8220;2582,2576,2579,2588&#8243; gallery_orderby=&#8220;rand&#8220; orientation=&#8220;portrait&#8220; show_title_and_caption=&#8220;off&#8220; show_pagination=&#8220;off&#8220; _builder_version=&#8220;4.6.3&#8243; _module_preset=&#8220;default&#8220; width=&#8220;100%&#8220; max_width=&#8220;80%&#8220; module_alignment=&#8220;center&#8220; global_colors_info=&#8220;{}&#8220;][\/et_pb_gallery][et_pb_gallery gallery_ids=&#8220;2591,2600,2603,2606&#8243; gallery_orderby=&#8220;rand&#8220; orientation=&#8220;portrait&#8220; show_title_and_caption=&#8220;off&#8220; show_pagination=&#8220;off&#8220; _builder_version=&#8220;4.6.3&#8243; _module_preset=&#8220;default&#8220; width=&#8220;100%&#8220; max_width=&#8220;80%&#8220; module_alignment=&#8220;center&#8220; global_colors_info=&#8220;{}&#8220;][\/et_pb_gallery][\/et_pb_column][\/et_pb_row][\/et_pb_section]<\/p>\n","protected":false},"excerpt":{"rendered":"<p>Sie w\u00fcnschen einen unverbindlichen Kostenvoranschlag? &nbsp;Arabisch \u00dcbersetzerVon unseren verschiedenen \u00dcbersetzungsb\u00fcros aus, die sich in wichtigen St\u00e4dten befinden, bieten wir von Mondo Agit hochwertige Arabisch &#8211; Deutsch und Deutsch &#8211; Arabisch \u00dcbersetzungen an. Unser Schwerpunkt sind \u00dcbersetzungen ins und aus dem Arabischen von Texten aus dem wissenschaftlichen, wirtschaftlichen, rechtlichen und technischen Fachgebiet (Fach\u00fcbersetzungen). Dank unseres Dienstes [&hellip;]<\/p>\n","protected":false},"author":6,"featured_media":0,"parent":4126,"menu_order":0,"comment_status":"closed","ping_status":"closed","template":"","meta":{"_et_pb_use_builder":"on","_et_pb_old_content":"","_et_gb_content_width":"","om_disable_all_campaigns":false,"_monsterinsights_skip_tracking":false,"_monsterinsights_sitenote_active":false,"_monsterinsights_sitenote_note":"","_monsterinsights_sitenote_category":0,"footnotes":""},"class_list":["post-4134","page","type-page","status-publish","hentry"],"aioseo_notices":[],"_links":{"self":[{"href":"https:\/\/mondoagit.com\/de\/wp-json\/wp\/v2\/pages\/4134","targetHints":{"allow":["GET"]}}],"collection":[{"href":"https:\/\/mondoagit.com\/de\/wp-json\/wp\/v2\/pages"}],"about":[{"href":"https:\/\/mondoagit.com\/de\/wp-json\/wp\/v2\/types\/page"}],"author":[{"embeddable":true,"href":"https:\/\/mondoagit.com\/de\/wp-json\/wp\/v2\/users\/6"}],"replies":[{"embeddable":true,"href":"https:\/\/mondoagit.com\/de\/wp-json\/wp\/v2\/comments?post=4134"}],"version-history":[{"count":4,"href":"https:\/\/mondoagit.com\/de\/wp-json\/wp\/v2\/pages\/4134\/revisions"}],"predecessor-version":[{"id":6272,"href":"https:\/\/mondoagit.com\/de\/wp-json\/wp\/v2\/pages\/4134\/revisions\/6272"}],"up":[{"embeddable":true,"href":"https:\/\/mondoagit.com\/de\/wp-json\/wp\/v2\/pages\/4126"}],"wp:attachment":[{"href":"https:\/\/mondoagit.com\/de\/wp-json\/wp\/v2\/media?parent=4134"}],"curies":[{"name":"wp","href":"https:\/\/api.w.org\/{rel}","templated":true}]}}