{"id":4150,"date":"2021-12-15T13:18:03","date_gmt":"2021-12-15T12:18:03","guid":{"rendered":"http:\/\/temp.mondoagit.com\/uebersetzer\/uebersetzung-von-texten\/chinesisch-uebersetzer\/"},"modified":"2022-01-20T09:43:34","modified_gmt":"2022-01-20T08:43:34","slug":"chinesisch-uebersetzer","status":"publish","type":"page","link":"https:\/\/mondoagit.com\/de\/uebersetzer\/uebersetzung-von-texten\/chinesisch-uebersetzer\/","title":{"rendered":"Chinesisch \u00dcbersetzer"},"content":{"rendered":"<p>[et_pb_section fb_built=&#8220;1&#8243; admin_label=&#8220;Fun Fact Section&#8220; _builder_version=&#8220;4.6.3&#8243; background_color=&#8220;#ffb141&#8243; min_height=&#8220;200px&#8220; custom_margin=&#8220;|||&#8220; custom_padding=&#8220;||||false|false&#8220; global_colors_info=&#8220;{}&#8220;][et_pb_row _builder_version=&#8220;4.6.3&#8243; _module_preset=&#8220;default&#8220; global_colors_info=&#8220;{}&#8220;][et_pb_column type=&#8220;4_4&#8243; _builder_version=&#8220;4.6.3&#8243; _module_preset=&#8220;default&#8220; global_colors_info=&#8220;{}&#8220;][et_pb_text _builder_version=&#8220;4.6.3&#8243; _module_preset=&#8220;default&#8220; text_text_color=&#8220;#ffffff&#8220; header_text_color=&#8220;#ffffff&#8220; header_2_text_color=&#8220;#ffffff&#8220; header_3_text_color=&#8220;#ffffff&#8220; text_orientation=&#8220;center&#8220; global_colors_info=&#8220;{}&#8220;]<\/p>\n<h2 class=\"call-to-action-1-text\"><strong>Sie w\u00fcnschen einen unverbindlichen Kostenvoranschlag?<\/strong><\/h2>\n<p>&nbsp;[\/et_pb_text][et_pb_button button_url=&#8220;http:\/\/mondoagit.com\/de\/ueber-uns\/kontakt\/&#8220; button_text=&#8220;Jetzt kostenlos anfordern&#8220; button_alignment=&#8220;center&#8220; _builder_version=&#8220;4.14.0&#8243; _module_preset=&#8220;default&#8220; custom_button=&#8220;on&#8220; button_text_color=&#8220;#ffffff&#8220; hover_enabled=&#8220;0&#8243; global_colors_info=&#8220;{}&#8220; sticky_enabled=&#8220;0&#8243;][\/et_pb_button][\/et_pb_column][\/et_pb_row][\/et_pb_section][et_pb_section fb_built=&#8220;1&#8243; admin_label=&#8220;Feature Section&#8220; _builder_version=&#8220;4.6.3&#8243; min_height=&#8220;298px&#8220; custom_margin=&#8220;|||&#8220; custom_padding=&#8220;||54px||false|false&#8220; locked=&#8220;off&#8220; global_colors_info=&#8220;{}&#8220;][et_pb_row _builder_version=&#8220;4.6.3&#8243; _module_preset=&#8220;default&#8220; custom_padding=&#8220;0px|||||&#8220; global_colors_info=&#8220;{}&#8220;][et_pb_column type=&#8220;4_4&#8243; _builder_version=&#8220;4.6.3&#8243; _module_preset=&#8220;default&#8220; global_colors_info=&#8220;{}&#8220;][et_pb_text admin_label=&#8220;Subtitle&#8220; _builder_version=&#8220;4.11.1&#8243; text_font=&#8220;Montserrat||||&#8220; text_text_color=&#8220;#747d88&#8243; text_font_size=&#8220;16px&#8220; text_line_height=&#8220;1.8em&#8220; header_font=&#8220;||||||||&#8220; module_alignment=&#8220;left&#8220; custom_margin=&#8220;|||&#8220; custom_padding=&#8220;0px||||false|false&#8220; animation_style=&#8220;slide&#8220; animation_direction=&#8220;bottom&#8220; animation_delay=&#8220;100ms&#8220; animation_intensity_slide=&#8220;4%&#8220; locked=&#8220;off&#8220; global_colors_info=&#8220;{}&#8220;]<\/p>\n<h2>Chinesisch \u00dcbersetzer<\/h2>\n<p>[\/et_pb_text][\/et_pb_column][\/et_pb_row][et_pb_row _builder_version=&#8220;4.6.3&#8243; _module_preset=&#8220;default&#8220; custom_padding=&#8220;0px|||||&#8220; global_colors_info=&#8220;{}&#8220;][et_pb_column type=&#8220;4_4&#8243; _builder_version=&#8220;4.6.3&#8243; _module_preset=&#8220;default&#8220; global_colors_info=&#8220;{}&#8220;][et_pb_text admin_label=&#8220;Subtitle&#8220; _builder_version=&#8220;4.11.1&#8243; text_font=&#8220;Montserrat||||&#8220; text_text_color=&#8220;#747d88&#8243; text_font_size=&#8220;16px&#8220; text_line_height=&#8220;1.8em&#8220; header_font=&#8220;||||||||&#8220; module_alignment=&#8220;left&#8220; custom_margin=&#8220;|||&#8220; custom_padding=&#8220;1px||0px||false|false&#8220; animation_style=&#8220;slide&#8220; animation_direction=&#8220;bottom&#8220; animation_delay=&#8220;100ms&#8220; animation_intensity_slide=&#8220;4%&#8220; locked=&#8220;off&#8220; global_colors_info=&#8220;{}&#8220;]<\/p>\n<p>Von unseren verschiedenen \u00dcbersetzungsb\u00fcros aus, die sich in wichtigen St\u00e4dten befinden, bieten wir von Mondo Agit hochwertige <strong>Chinesisch &#8211; Deutsch<\/strong> und <strong>Deutsch &#8211; Chinesisch<\/strong> \u00dcbersetzungen an.<\/p>\n<p>Unser Schwerpunkt sind \u00dcbersetzungen ins und aus dem Chinesischen von Texten aus dem wissenschaftlichen, wirtschaftlichen, rechtlichen und technischen Fachgebiet (<a href=\"http:\/\/mondoagit.com\/de\/uebersetzer\/fachuebersetzungen\/\">Fach\u00fcbersetzungen<\/a>). Dank unseres Dienstes f\u00fcr <a href=\"http:\/\/mondoagit.com\/de\/uebersetzer\/beglaubigte-uebersetzungen\/beeidigter-uebersetzer-chinesisch\/\">beglaubigte chinesische \u00dcbersetzungen<\/a> k\u00f6nnen Sie vor jeder Beh\u00f6rde, Institution usw. problemlos nachweisen, dass die vorgelegte \u00dcbersetzung dem Original voll und ganz entspricht.<\/p>\n<p>[\/et_pb_text][\/et_pb_column][\/et_pb_row][\/et_pb_section][et_pb_section fb_built=&#8220;1&#8243; admin_label=&#8220;Feature Section&#8220; _builder_version=&#8220;4.6.3&#8243; custom_margin=&#8220;|||&#8220; custom_padding=&#8220;||||false|false&#8220; locked=&#8220;off&#8220; global_colors_info=&#8220;{}&#8220;][et_pb_row _builder_version=&#8220;4.6.3&#8243; _module_preset=&#8220;default&#8220; custom_padding=&#8220;0px|||||&#8220; global_colors_info=&#8220;{}&#8220;][et_pb_column type=&#8220;4_4&#8243; _builder_version=&#8220;4.6.3&#8243; _module_preset=&#8220;default&#8220; global_colors_info=&#8220;{}&#8220;][et_pb_text admin_label=&#8220;Subtitle&#8220; _builder_version=&#8220;4.11.1&#8243; text_font=&#8220;Montserrat||||&#8220; text_text_color=&#8220;#747d88&#8243; text_font_size=&#8220;16px&#8220; text_line_height=&#8220;1.8em&#8220; header_font=&#8220;||||||||&#8220; module_alignment=&#8220;left&#8220; custom_margin=&#8220;|||&#8220; custom_padding=&#8220;||||false|false&#8220; animation_style=&#8220;slide&#8220; animation_direction=&#8220;bottom&#8220; animation_delay=&#8220;100ms&#8220; animation_intensity_slide=&#8220;4%&#8220; locked=&#8220;off&#8220; global_colors_info=&#8220;{}&#8220;]Jede \u00dcbersetzung durchl\u00e4uft zwei Phasen:<\/p>\n<p><img loading=\"lazy\" decoding=\"async\" class=\"wp-image-2645 alignnone size-full\" style=\"float: right;\" src=\"http:\/\/mondoagit.com\/wp-content\/uploads\/2021\/06\/chinese.png\" alt=\"\" width=\"500\" height=\"220\" srcset=\"http:\/\/mondoagit.com\/wp-content\/uploads\/2021\/06\/chinese.png 500w, http:\/\/mondoagit.com\/wp-content\/uploads\/2021\/06\/chinese-480x211.png 480w\" sizes=\"(min-width: 0px) and (max-width: 480px) 480px, (min-width: 481px) 500px, 100vw\" \/><\/p>\n<p>I. Die \u00dcbersetzung<br \/>\nUnsere erfahrenen und bestens ausgebildeten \u00dcbersetzer f\u00fcr Chinesisch \u00fcbersetzen ausschlie\u00dflich in ihre <strong>Muttersprache<\/strong> und nur Texte aus ihren Spezialgebieten. Unsere Fachleute arbeiten mit den neusten <strong>Technologien<\/strong> aus unserer Branche und liefern beste Ergebnisse.<\/p>\n<p>II. Das Korrekturlesen und die Bearbeitung<br \/>\nAlle \u00dcbersetzungen werden von kundigen Muttersprachlern <strong>Korrektur gelesen<\/strong>, um eine tadellose \u00dcbersetzung gew\u00e4hrleisten zu k\u00f6nnen.[\/et_pb_text][\/et_pb_column][\/et_pb_row][et_pb_row _builder_version=&#8220;4.6.3&#8243; _module_preset=&#8220;default&#8220; custom_padding=&#8220;0px|||||&#8220; global_colors_info=&#8220;{}&#8220;][et_pb_column type=&#8220;4_4&#8243; _builder_version=&#8220;4.6.3&#8243; _module_preset=&#8220;default&#8220; global_colors_info=&#8220;{}&#8220;][et_pb_text admin_label=&#8220;Subtitle&#8220; _builder_version=&#8220;4.6.3&#8243; text_font=&#8220;Montserrat||||&#8220; text_text_color=&#8220;#747d88&#8243; text_font_size=&#8220;16px&#8220; text_line_height=&#8220;1.8em&#8220; header_font=&#8220;||||||||&#8220; module_alignment=&#8220;left&#8220; custom_margin=&#8220;|||&#8220; custom_padding=&#8220;||||false|false&#8220; animation_style=&#8220;slide&#8220; animation_direction=&#8220;bottom&#8220; animation_delay=&#8220;100ms&#8220; animation_intensity_slide=&#8220;4%&#8220; locked=&#8220;off&#8220; global_colors_info=&#8220;{}&#8220;]<\/p>\n<p>Wir arbeiten stets nach unseren <a href=\"http:\/\/mondoagit.com\/de\/ueber-uns\/prinzipien\/\">Prinzipien<\/a>. Kurze Lieferfristen und gute Preise machen uns zu Ihrer besten Wahl.<\/p>\n<p>Sollten Sie weitere Informationen w\u00fcnschen oder die Dienste unserer Chinesisch \u00dcbersetzer in Anspruch nehmen wollen, setzen Sie sich einfach mit uns in <a href=\"http:\/\/mondoagit.com\/de\/ueber-uns\/kontakt\/\">Kontakt<\/a> oder fordern Sie einen kostenlosen und unverbindlichen <a href=\"http:\/\/mondoagit.com\/de\/ueber-uns\/kontakt\/\">Kostenvoranschlag<\/a> an.<\/p>\n<p>[\/et_pb_text][\/et_pb_column][\/et_pb_row][et_pb_row _builder_version=&#8220;4.6.3&#8243; _module_preset=&#8220;default&#8220; custom_padding=&#8220;0px|||||&#8220; global_colors_info=&#8220;{}&#8220;][et_pb_column type=&#8220;4_4&#8243; _builder_version=&#8220;4.6.3&#8243; _module_preset=&#8220;default&#8220; global_colors_info=&#8220;{}&#8220;][et_pb_accordion _builder_version=&#8220;4.11.1&#8243; _module_preset=&#8220;default&#8220; global_colors_info=&#8220;{}&#8220;][et_pb_accordion_item title=&#8220;-&#8220; _builder_version=&#8220;4.6.3&#8243; _module_preset=&#8220;default&#8220; custom_css_main_element=&#8220;display: none; &#8220; global_colors_info=&#8220;{}&#8220; open=&#8220;off&#8220;]&nbsp;[\/et_pb_accordion_item][et_pb_accordion_item title=&#8220;Kurze Einf\u00fchrung in die Sprache (weiterlesen)&#8220; open=&#8220;on&#8220; _builder_version=&#8220;4.11.1&#8243; _module_preset=&#8220;default&#8220; global_colors_info=&#8220;{}&#8220;]Die chinesische Sprache kann einerseits als alleinstehende Sprache oder aber auch als ganze Sprachfamilie betrachtet werden. Im zweiten Falle ist diese Familie in einem der zwei Zweige der sinotibetischen Sprachen anzusiedeln.<\/p>\n<p>Die Geschichte der chinesischen Sprache besteht aus mehreren Etappen. In der ersten gab es das altert\u00fcmliche Chinesisch, welches zwischen dem 14. und 15. Jahrhundert v. Chr. einzuordnen ist. Dieses archaische Chinesisch ist die Sprache, in der die fr\u00fchen Orakelspr\u00fcche auf Schildkr\u00f6tenpanzern und Tierknochen geschrieben wurden.<\/p>\n<p>Das klassische Chinesisch gilt als die zweite Phase, die zwischen dem 11. Jahrhundert v. Chr. und dem 8. Jahrhundert n. Chr. stattfand. Diese Epoche bedeutete das Goldende Zeitalter der chinesischen Sprache und Literatur. Aus dieser Zeit stammen die Werke bedeutender chinesischer Philosophen wie Konfuzius, Menzius oder Lao-Tse (auch Laozi).<\/p>\n<p>Das moderne Chinesisch stellt die letzte Phase der Entwicklung dar. Im Wesentlichen hat es das Vokabular und die Morphologie des klassischen Chinesisch bewahrt, aber an den Gebrauch der modernen Gesellschaft angepasst.<\/p>\n<p>Heutzutage wird chinesisch von 1,2 Milliarden Menschen gesprochen. Allein die nordchinesischen Dialekte (allgemein: Mandarin) werden von 885 Millionen Menschen gesprochen; somit ist dies die Sprache mit der weltweit h\u00f6chsten Sprecherzahl.<\/p>\n<p>Das auf dem Dialekt Pekings basierende Standardmandarin ist die genormte Form des gesprochenen Chinesisch. Dies ist die Amtssprache der Volksrepublik China und Taiwans. Au\u00dferdem ist es eine der Amtssprachen Singapurs.<\/p>\n<p>Das Mandarin hat eine weitaus weniger komplexe Grammatik als die des Englischen, da es weder einen Unterschied im Genus noch im Numerus gibt. Auch das Verb wird nicht durch F\u00e4lle und grammatikalische Zeiten modifiziert.<\/p>\n<p>Die chinesische Schrift basiert auf der Kalligraphie &#8222;k\u01ceish\u016b&#8220;. Nach der einstigen G\u00fcltigkeit anderer Kalligraphien wie der &#8222;xi\u01ceozhu\u00e0nsh\u016b&#8220; oder der &#8222;l\u00ecsh&#8220; handelt es sich hierbei um die endg\u00fcltige Kalligraphie.[\/et_pb_accordion_item][\/et_pb_accordion][\/et_pb_column][\/et_pb_row][\/et_pb_section][et_pb_section fb_built=&#8220;1&#8243; _builder_version=&#8220;4.6.3&#8243; _module_preset=&#8220;default&#8220; locked=&#8220;off&#8220; global_colors_info=&#8220;{}&#8220;][et_pb_row use_custom_gutter=&#8220;on&#8220; _builder_version=&#8220;4.6.3&#8243; _module_preset=&#8220;default&#8220; width=&#8220;100%&#8220; max_width=&#8220;1200px&#8220; module_alignment=&#8220;center&#8220; global_colors_info=&#8220;{}&#8220;][et_pb_column type=&#8220;4_4&#8243; _builder_version=&#8220;4.6.3&#8243; _module_preset=&#8220;default&#8220; global_colors_info=&#8220;{}&#8220;][et_pb_text admin_label=&#8220;Title&#8220; _builder_version=&#8220;4.6.3&#8243; text_font=&#8220;Montserrat||||||||&#8220; text_text_color=&#8220;#747d88&#8243; text_font_size=&#8220;16px&#8220; text_line_height=&#8220;1.9em&#8220; header_font=&#8220;||||||||&#8220; header_text_align=&#8220;left&#8220; header_2_font=&#8220;Montserrat|700||on|||||&#8220; header_2_font_size=&#8220;42px&#8220; header_2_line_height=&#8220;1.3em&#8220; text_orientation=&#8220;center&#8220; max_width=&#8220;1400px&#8220; module_alignment=&#8220;center&#8220; animation_style=&#8220;slide&#8220; animation_direction=&#8220;bottom&#8220; animation_intensity_slide=&#8220;4%&#8220; locked=&#8220;off&#8220; global_colors_info=&#8220;{}&#8220;]<\/p>\n<h2 style=\"text-align: center;\">Unsere zufriedenen Kunden:<\/h2>\n<p>[\/et_pb_text][et_pb_gallery gallery_ids=&#8220;2582,2576,2579,2588&#8243; gallery_orderby=&#8220;rand&#8220; orientation=&#8220;portrait&#8220; show_title_and_caption=&#8220;off&#8220; show_pagination=&#8220;off&#8220; _builder_version=&#8220;4.6.3&#8243; _module_preset=&#8220;default&#8220; width=&#8220;100%&#8220; max_width=&#8220;80%&#8220; module_alignment=&#8220;center&#8220; global_colors_info=&#8220;{}&#8220;][\/et_pb_gallery][et_pb_gallery gallery_ids=&#8220;2591,2600,2603,2606&#8243; gallery_orderby=&#8220;rand&#8220; orientation=&#8220;portrait&#8220; show_title_and_caption=&#8220;off&#8220; show_pagination=&#8220;off&#8220; _builder_version=&#8220;4.6.3&#8243; _module_preset=&#8220;default&#8220; width=&#8220;100%&#8220; max_width=&#8220;80%&#8220; module_alignment=&#8220;center&#8220; global_colors_info=&#8220;{}&#8220;][\/et_pb_gallery][\/et_pb_column][\/et_pb_row][\/et_pb_section]<\/p>\n","protected":false},"excerpt":{"rendered":"<p>Sie w\u00fcnschen einen unverbindlichen Kostenvoranschlag? &nbsp;Chinesisch \u00dcbersetzerVon unseren verschiedenen \u00dcbersetzungsb\u00fcros aus, die sich in wichtigen St\u00e4dten befinden, bieten wir von Mondo Agit hochwertige Chinesisch &#8211; Deutsch und Deutsch &#8211; Chinesisch \u00dcbersetzungen an. Unser Schwerpunkt sind \u00dcbersetzungen ins und aus dem Chinesischen von Texten aus dem wissenschaftlichen, wirtschaftlichen, rechtlichen und technischen Fachgebiet (Fach\u00fcbersetzungen). Dank unseres Dienstes [&hellip;]<\/p>\n","protected":false},"author":6,"featured_media":0,"parent":4126,"menu_order":0,"comment_status":"closed","ping_status":"closed","template":"","meta":{"_et_pb_use_builder":"on","_et_pb_old_content":"","_et_gb_content_width":"","om_disable_all_campaigns":false,"_monsterinsights_skip_tracking":false,"_monsterinsights_sitenote_active":false,"_monsterinsights_sitenote_note":"","_monsterinsights_sitenote_category":0,"footnotes":""},"class_list":["post-4150","page","type-page","status-publish","hentry"],"aioseo_notices":[],"_links":{"self":[{"href":"https:\/\/mondoagit.com\/de\/wp-json\/wp\/v2\/pages\/4150","targetHints":{"allow":["GET"]}}],"collection":[{"href":"https:\/\/mondoagit.com\/de\/wp-json\/wp\/v2\/pages"}],"about":[{"href":"https:\/\/mondoagit.com\/de\/wp-json\/wp\/v2\/types\/page"}],"author":[{"embeddable":true,"href":"https:\/\/mondoagit.com\/de\/wp-json\/wp\/v2\/users\/6"}],"replies":[{"embeddable":true,"href":"https:\/\/mondoagit.com\/de\/wp-json\/wp\/v2\/comments?post=4150"}],"version-history":[{"count":4,"href":"https:\/\/mondoagit.com\/de\/wp-json\/wp\/v2\/pages\/4150\/revisions"}],"predecessor-version":[{"id":6278,"href":"https:\/\/mondoagit.com\/de\/wp-json\/wp\/v2\/pages\/4150\/revisions\/6278"}],"up":[{"embeddable":true,"href":"https:\/\/mondoagit.com\/de\/wp-json\/wp\/v2\/pages\/4126"}],"wp:attachment":[{"href":"https:\/\/mondoagit.com\/de\/wp-json\/wp\/v2\/media?parent=4150"}],"curies":[{"name":"wp","href":"https:\/\/api.w.org\/{rel}","templated":true}]}}