{"id":4226,"date":"2021-12-16T13:26:27","date_gmt":"2021-12-16T12:26:27","guid":{"rendered":"http:\/\/temp.mondoagit.com\/uebersetzer\/fachuebersetzungen\/"},"modified":"2022-01-20T12:26:27","modified_gmt":"2022-01-20T11:26:27","slug":"fachuebersetzungen","status":"publish","type":"page","link":"https:\/\/mondoagit.com\/de\/uebersetzer\/fachuebersetzungen\/","title":{"rendered":"Fach\u00fcbersetzungen"},"content":{"rendered":"<p>[et_pb_section fb_built=&#8220;1&#8243; admin_label=&#8220;Fun Fact Section&#8220; _builder_version=&#8220;4.6.3&#8243; background_color=&#8220;#ffb141&#8243; min_height=&#8220;200px&#8220; custom_margin=&#8220;|||&#8220; custom_padding=&#8220;||||false|false&#8220; global_colors_info=&#8220;{}&#8220;][et_pb_row _builder_version=&#8220;4.6.3&#8243; _module_preset=&#8220;default&#8220; global_colors_info=&#8220;{}&#8220;][et_pb_column type=&#8220;4_4&#8243; _builder_version=&#8220;4.6.3&#8243; _module_preset=&#8220;default&#8220; global_colors_info=&#8220;{}&#8220;][et_pb_text _builder_version=&#8220;4.6.3&#8243; _module_preset=&#8220;default&#8220; text_text_color=&#8220;#ffffff&#8220; header_text_color=&#8220;#ffffff&#8220; header_2_text_color=&#8220;#ffffff&#8220; header_3_text_color=&#8220;#ffffff&#8220; text_orientation=&#8220;center&#8220; global_colors_info=&#8220;{}&#8220;]<\/p>\n<h2 class=\"call-to-action-1-text\"><strong>Sie w\u00fcnschen einen unverbindlichen Kostenvoranschlag?<\/strong><\/h2>\n<p><strong><\/strong><\/p>\n<p>[\/et_pb_text][et_pb_button button_url=&#8220;http:\/\/mondoagit.com\/de\/ueber-uns\/kontakt\/&#8220; button_text=&#8220;Jetzt kostenlos anfordern&#8220; button_alignment=&#8220;center&#8220; _builder_version=&#8220;4.14.0&#8243; _module_preset=&#8220;default&#8220; custom_button=&#8220;on&#8220; button_text_color=&#8220;#ffffff&#8220; hover_enabled=&#8220;0&#8243; global_colors_info=&#8220;{}&#8220; sticky_enabled=&#8220;0&#8243;][\/et_pb_button][\/et_pb_column][\/et_pb_row][\/et_pb_section][et_pb_section fb_built=&#8220;1&#8243; admin_label=&#8220;Feature Section&#8220; _builder_version=&#8220;4.6.3&#8243; custom_margin=&#8220;|||&#8220; custom_padding=&#8220;109px||2px|||&#8220; locked=&#8220;off&#8220; global_colors_info=&#8220;{}&#8220;][et_pb_row _builder_version=&#8220;4.6.3&#8243; _module_preset=&#8220;default&#8220; custom_padding=&#8220;0px|||||&#8220; global_colors_info=&#8220;{}&#8220;][et_pb_column type=&#8220;4_4&#8243; _builder_version=&#8220;4.6.3&#8243; _module_preset=&#8220;default&#8220; global_colors_info=&#8220;{}&#8220;][et_pb_text admin_label=&#8220;Subtitle&#8220; _builder_version=&#8220;4.11.1&#8243; text_font=&#8220;Montserrat||||&#8220; text_text_color=&#8220;#747d88&#8243; text_font_size=&#8220;16px&#8220; text_line_height=&#8220;1.8em&#8220; header_font=&#8220;||||||||&#8220; module_alignment=&#8220;left&#8220; custom_margin=&#8220;|||&#8220; custom_padding=&#8220;||||false|false&#8220; animation_style=&#8220;slide&#8220; animation_direction=&#8220;bottom&#8220; animation_delay=&#8220;100ms&#8220; animation_intensity_slide=&#8220;4%&#8220; locked=&#8220;off&#8220; global_colors_info=&#8220;{}&#8220;]<\/p>\n<h2>Unsere \u00dcbersetzungsagentur bietet Ihnen folgende Fach\u00fcbersetzungen:<\/h2>\n<p>[\/et_pb_text][\/et_pb_column][\/et_pb_row][et_pb_row column_structure=&#8220;3_5,2_5&#8243; _builder_version=&#8220;4.6.3&#8243; _module_preset=&#8220;default&#8220; global_colors_info=&#8220;{}&#8220;][et_pb_column type=&#8220;3_5&#8243; _builder_version=&#8220;4.6.3&#8243; _module_preset=&#8220;default&#8220; global_colors_info=&#8220;{}&#8220;][et_pb_text admin_label=&#8220;Subtitle&#8220; _builder_version=&#8220;4.11.1&#8243; text_font=&#8220;Montserrat||||&#8220; text_text_color=&#8220;#747d88&#8243; text_font_size=&#8220;16px&#8220; text_line_height=&#8220;1.8em&#8220; header_font=&#8220;||||||||&#8220; max_width=&#8220;700px&#8220; module_alignment=&#8220;left&#8220; custom_margin=&#8220;|||&#8220; custom_padding=&#8220;||20px|&#8220; animation_style=&#8220;slide&#8220; animation_direction=&#8220;bottom&#8220; animation_delay=&#8220;100ms&#8220; animation_intensity_slide=&#8220;4%&#8220; locked=&#8220;off&#8220; global_colors_info=&#8220;{}&#8220;]<\/p>\n<p>Verschiedene Themenbereiche:<\/p>\n<ol>\n<li><a href=\"http:\/\/mondoagit.com\/de\/uebersetzer\/fachuebersetzungen\/wissenschaftliche-uebersetzung\/\">Wissenschaft<\/a><\/li>\n<li><a href=\"http:\/\/mondoagit.com\/de\/uebersetzer\/fachuebersetzungen\/wirtschaftliche-uebersetzung\/\">Wirtschaft<\/a><\/li>\n<li><a href=\"http:\/\/mondoagit.com\/de\/uebersetzer\/fachuebersetzungen\/juristische-uebersetzung\/\">Recht<\/a><\/li>\n<li><a href=\"http:\/\/mondoagit.com\/de\/uebersetzer\/fachuebersetzungen\/technische-uebersetzung\/\">Technik<\/a><\/li>\n<li>Andere Gebiete<\/li>\n<\/ol>\n<p>1. Biologie, Chemie, Ern\u00e4hrung, Geographie, Geologie, Genetik, Medizin, \u00d6kologie, Optik, Pharma, Physik, Psychologie, Umwelt, Veterin\u00e4rmedizin\u2026<\/p>\n<p>2. allgemeine Wirtschaft, Bankwesen, Betriebswirtschaft, Bilanzen, B\u00f6rse, Buchhaltung, Finanzen, Handel, Management, Marketing, Versicherungen, Vertrieb&#8230;<\/p>\n<p>3. allgemein Recht, Arbeitsrecht, Urheberecht, Gesellschaftsrecht, Handelsrecht, Patentrecht, Satzungen, Steuern, Steuerrecht, Urkunden, Vertr\u00e4ge, Vollm\u00e4chte, Zertifikate, Zivilrecht&#8230;<\/p>\n<p>4. Architektur, Bauwesen, Computer, Elektrizit\u00e4t, Elektronik, Energie, erneuerbare Energien, Hardware, Informatik, Internet, Landwirtschaft, Kraftfahrzeuge, Luftfahrt, Mechanik, Metallindustrie, Multimedia, Netze, \u00d6lindustrie, OS, Programmierung, Robotik, SAP, Software\u2026<\/p>\n<p>5. Gastronomie, Geschichte, Journalismus, Kosmetik, Kultur, Kunst, Literatur, Medien, Musik, Philosophie, P\u00e4dagogik, Reisen, Religion, Soziologie, Tourismus, Videospiele, Werbung&#8230;<\/p>\n<p>[\/et_pb_text][\/et_pb_column][et_pb_column type=&#8220;2_5&#8243; _builder_version=&#8220;4.6.3&#8243; _module_preset=&#8220;default&#8220; global_colors_info=&#8220;{}&#8220;][et_pb_text admin_label=&#8220;Subtitle&#8220; _builder_version=&#8220;4.11.1&#8243; text_font=&#8220;Montserrat||||&#8220; text_text_color=&#8220;#747d88&#8243; text_font_size=&#8220;16px&#8220; text_line_height=&#8220;1.8em&#8220; header_font=&#8220;||||||||&#8220; max_width=&#8220;700px&#8220; module_alignment=&#8220;left&#8220; custom_margin=&#8220;|||&#8220; custom_padding=&#8220;||20px|&#8220; animation_style=&#8220;slide&#8220; animation_direction=&#8220;bottom&#8220; animation_delay=&#8220;100ms&#8220; animation_intensity_slide=&#8220;4%&#8220; locked=&#8220;off&#8220; global_colors_info=&#8220;{}&#8220;]<\/p>\n<p>Beispiele verschiedener Dokumenttypen:<\/p>\n<ul>\n<li><a href=\"http:\/\/mondoagit.com\/de\/uebersetzer\/fachuebersetzungen\/wissenschaftliche-uebersetzung\/\">Wissenschaftliche \u00dcbersetzung<\/a><\/li>\n<li><a href=\"http:\/\/mondoagit.com\/de\/uebersetzer\/fachuebersetzungen\/uebersetzung-von-jahresabschluessen\/\">\u00dcbersetzung von Jahresabschl\u00fcssen<\/a><\/li>\n<li><a href=\"http:\/\/mondoagit.com\/de\/uebersetzer\/fachuebersetzungen\/uebersetzung-von-vertraegen\/\">\u00dcbersetzung von Vertr\u00e4gen<\/a><\/li>\n<li><a href=\"http:\/\/mondoagit.com\/de\/uebersetzer\/fachuebersetzungen\/uebersetzung-von-dokumenten\/\">\u00dcbersetzung von Dokumenten<\/a><\/li>\n<li><a href=\"http:\/\/mondoagit.com\/de\/uebersetzer\/fachuebersetzungen\/uebersetzung-amtlicher-dokumente\/\">\u00dcbersetzung amtlicher Dokumente<\/a><\/li>\n<li><a href=\"http:\/\/mondoagit.com\/de\/uebersetzer\/fachuebersetzungen\/uebersetzung-von-gebrauchsanleitungen\/\">\u00dcbersetzung von Gebrauchsanleitungen<\/a><\/li>\n<li><a href=\"http:\/\/mondoagit.com\/de\/uebersetzer\/fachuebersetzungen\/uebersetzung-von-patenten\/\">\u00dcbersetzung von Patenten<\/a><\/li>\n<li><a href=\"http:\/\/mondoagit.com\/de\/uebersetzer\/fachuebersetzungen\/wirtschaftliche-uebersetzung\/\">Wirtschaftliche \u00dcbersetzung<\/a><\/li>\n<li><a href=\"http:\/\/mondoagit.com\/de\/uebersetzer\/fachuebersetzungen\/juristische-uebersetzung\/\">Juristische \u00dcbersetzung<\/a><\/li>\n<li><a href=\"http:\/\/mondoagit.com\/de\/uebersetzer\/fachuebersetzungen\/uebersetzung-medizinischer-texte\/\">\u00dcbersetzung medizinischer Texte<\/a><\/li>\n<li><a href=\"http:\/\/mondoagit.com\/de\/uebersetzer\/fachuebersetzungen\/uebersetzung-von-werbetexten\/\">\u00dcbersetzung von Werbetexten<\/a><\/li>\n<li><a href=\"http:\/\/mondoagit.com\/de\/uebersetzer\/fachuebersetzungen\/technische-uebersetzung\/\">Technische \u00dcbersetzung<\/a><\/li>\n<\/ul>\n<p>[\/et_pb_text][\/et_pb_column][\/et_pb_row][et_pb_row _builder_version=&#8220;4.6.3&#8243; _module_preset=&#8220;default&#8220; custom_padding=&#8220;0px|||||&#8220; global_colors_info=&#8220;{}&#8220;][et_pb_column type=&#8220;4_4&#8243; _builder_version=&#8220;4.6.3&#8243; _module_preset=&#8220;default&#8220; global_colors_info=&#8220;{}&#8220;][et_pb_text admin_label=&#8220;Subtitle&#8220; _builder_version=&#8220;4.11.1&#8243; text_font=&#8220;Montserrat||||&#8220; text_text_color=&#8220;#747d88&#8243; text_font_size=&#8220;16px&#8220; text_line_height=&#8220;1.8em&#8220; header_font=&#8220;||||||||&#8220; module_alignment=&#8220;left&#8220; custom_margin=&#8220;|||&#8220; custom_padding=&#8220;||0px||false|false&#8220; animation_style=&#8220;slide&#8220; animation_direction=&#8220;bottom&#8220; animation_delay=&#8220;100ms&#8220; animation_intensity_slide=&#8220;4%&#8220; locked=&#8220;off&#8220; global_colors_info=&#8220;{}&#8220;]<\/p>\n<p>Wir bieten unseren Fach\u00fcbersetzungsdienst auch f\u00fcr <a href=\"http:\/\/mondoagit.com\/de\/uebersetzer\/express-uebersetzung\/\">dringende<\/a> und f\u00fcr <a href=\"http:\/\/mondoagit.com\/de\/uebersetzer\/beglaubigte-uebersetzungen\/\">beglaubigte \u00dcbersetzungen<\/a> in allen Weltsprachen an.<\/p>\n<p>[\/et_pb_text][\/et_pb_column][\/et_pb_row][\/et_pb_section]<\/p>\n","protected":false},"excerpt":{"rendered":"<p>Sie w\u00fcnschen einen unverbindlichen Kostenvoranschlag? Unsere \u00dcbersetzungsagentur bietet Ihnen folgende Fach\u00fcbersetzungen:Verschiedene Themenbereiche: Wissenschaft Wirtschaft Recht Technik Andere Gebiete 1. Biologie, Chemie, Ern\u00e4hrung, Geographie, Geologie, Genetik, Medizin, \u00d6kologie, Optik, Pharma, Physik, Psychologie, Umwelt, Veterin\u00e4rmedizin\u2026 2. allgemeine Wirtschaft, Bankwesen, Betriebswirtschaft, Bilanzen, B\u00f6rse, Buchhaltung, Finanzen, Handel, Management, Marketing, Versicherungen, Vertrieb&#8230; 3. allgemein Recht, Arbeitsrecht, Urheberecht, Gesellschaftsrecht, Handelsrecht, Patentrecht, [&hellip;]<\/p>\n","protected":false},"author":6,"featured_media":0,"parent":4086,"menu_order":0,"comment_status":"closed","ping_status":"closed","template":"","meta":{"_et_pb_use_builder":"on","_et_pb_old_content":"","_et_gb_content_width":"","om_disable_all_campaigns":false,"_monsterinsights_skip_tracking":false,"_monsterinsights_sitenote_active":false,"_monsterinsights_sitenote_note":"","_monsterinsights_sitenote_category":0,"footnotes":""},"class_list":["post-4226","page","type-page","status-publish","hentry"],"aioseo_notices":[],"_links":{"self":[{"href":"https:\/\/mondoagit.com\/de\/wp-json\/wp\/v2\/pages\/4226","targetHints":{"allow":["GET"]}}],"collection":[{"href":"https:\/\/mondoagit.com\/de\/wp-json\/wp\/v2\/pages"}],"about":[{"href":"https:\/\/mondoagit.com\/de\/wp-json\/wp\/v2\/types\/page"}],"author":[{"embeddable":true,"href":"https:\/\/mondoagit.com\/de\/wp-json\/wp\/v2\/users\/6"}],"replies":[{"embeddable":true,"href":"https:\/\/mondoagit.com\/de\/wp-json\/wp\/v2\/comments?post=4226"}],"version-history":[{"count":3,"href":"https:\/\/mondoagit.com\/de\/wp-json\/wp\/v2\/pages\/4226\/revisions"}],"predecessor-version":[{"id":6330,"href":"https:\/\/mondoagit.com\/de\/wp-json\/wp\/v2\/pages\/4226\/revisions\/6330"}],"up":[{"embeddable":true,"href":"https:\/\/mondoagit.com\/de\/wp-json\/wp\/v2\/pages\/4086"}],"wp:attachment":[{"href":"https:\/\/mondoagit.com\/de\/wp-json\/wp\/v2\/media?parent=4226"}],"curies":[{"name":"wp","href":"https:\/\/api.w.org\/{rel}","templated":true}]}}