{"id":4237,"date":"2021-12-16T13:40:13","date_gmt":"2021-12-16T12:40:13","guid":{"rendered":"http:\/\/temp.mondoagit.com\/uebersetzer\/fachuebersetzungen\/uebersetzung-von-jahresabschluessen\/"},"modified":"2022-01-21T10:22:21","modified_gmt":"2022-01-21T09:22:21","slug":"uebersetzung-von-jahresabschluessen","status":"publish","type":"page","link":"https:\/\/mondoagit.com\/de\/uebersetzer\/fachuebersetzungen\/uebersetzung-von-jahresabschluessen\/","title":{"rendered":"\u00dcbersetzung von Jahresabschl\u00fcssen"},"content":{"rendered":"<p>[et_pb_section fb_built=&#8220;1&#8243; admin_label=&#8220;Fun Fact Section&#8220; _builder_version=&#8220;4.6.3&#8243; background_color=&#8220;#ffb141&#8243; min_height=&#8220;200px&#8220; custom_margin=&#8220;|||&#8220; custom_padding=&#8220;||||false|false&#8220; global_colors_info=&#8220;{}&#8220;][et_pb_row _builder_version=&#8220;4.6.3&#8243; _module_preset=&#8220;default&#8220; global_colors_info=&#8220;{}&#8220;][et_pb_column type=&#8220;4_4&#8243; _builder_version=&#8220;4.6.3&#8243; _module_preset=&#8220;default&#8220; global_colors_info=&#8220;{}&#8220;][et_pb_text _builder_version=&#8220;4.6.3&#8243; _module_preset=&#8220;default&#8220; text_text_color=&#8220;#ffffff&#8220; header_text_color=&#8220;#ffffff&#8220; header_2_text_color=&#8220;#ffffff&#8220; header_3_text_color=&#8220;#ffffff&#8220; text_orientation=&#8220;center&#8220; global_colors_info=&#8220;{}&#8220;]<\/p>\n<h2 class=\"call-to-action-1-text\"><strong>Sie w\u00fcnschen einen unverbindlichen Kostenvoranschlag?<\/strong><\/h2>\n<p>&nbsp;[\/et_pb_text][et_pb_button button_url=&#8220;http:\/\/mondoagit.com\/de\/ueber-uns\/kontakt\/&#8220; button_text=&#8220;Jetzt kostenlos anfordern&#8220; button_alignment=&#8220;center&#8220; _builder_version=&#8220;4.14.0&#8243; _module_preset=&#8220;default&#8220; custom_button=&#8220;on&#8220; button_text_color=&#8220;#ffffff&#8220; hover_enabled=&#8220;0&#8243; global_colors_info=&#8220;{}&#8220; sticky_enabled=&#8220;0&#8243;][\/et_pb_button][\/et_pb_column][\/et_pb_row][\/et_pb_section][et_pb_section fb_built=&#8220;1&#8243; admin_label=&#8220;Feature Section&#8220; _builder_version=&#8220;4.6.3&#8243; custom_margin=&#8220;|||&#8220; custom_padding=&#8220;109px||2px|||&#8220; locked=&#8220;off&#8220; global_colors_info=&#8220;{}&#8220;][et_pb_row _builder_version=&#8220;4.6.3&#8243; _module_preset=&#8220;default&#8220; custom_padding=&#8220;0px|||||&#8220; global_colors_info=&#8220;{}&#8220;][et_pb_column type=&#8220;4_4&#8243; _builder_version=&#8220;4.6.3&#8243; _module_preset=&#8220;default&#8220; global_colors_info=&#8220;{}&#8220;][et_pb_text admin_label=&#8220;Subtitle&#8220; _builder_version=&#8220;4.11.1&#8243; text_font=&#8220;Montserrat||||&#8220; text_text_color=&#8220;#747d88&#8243; text_font_size=&#8220;16px&#8220; text_line_height=&#8220;1.8em&#8220; header_font=&#8220;||||||||&#8220; module_alignment=&#8220;left&#8220; custom_margin=&#8220;|||&#8220; custom_padding=&#8220;||||false|false&#8220; animation_style=&#8220;slide&#8220; animation_direction=&#8220;bottom&#8220; animation_delay=&#8220;100ms&#8220; animation_intensity_slide=&#8220;4%&#8220; locked=&#8220;off&#8220; global_colors_info=&#8220;{}&#8220;]<\/p>\n<h2>\u00dcbersetzung von Jahresabschl\u00fcssen<\/h2>\n<p>[\/et_pb_text][\/et_pb_column][\/et_pb_row][et_pb_row _builder_version=&#8220;4.6.3&#8243; _module_preset=&#8220;default&#8220; custom_padding=&#8220;0px|||||&#8220; global_colors_info=&#8220;{}&#8220;][et_pb_column type=&#8220;4_4&#8243; _builder_version=&#8220;4.6.3&#8243; _module_preset=&#8220;default&#8220; global_colors_info=&#8220;{}&#8220;][et_pb_text admin_label=&#8220;Subtitle&#8220; _builder_version=&#8220;4.11.1&#8243; text_font=&#8220;Montserrat||||&#8220; text_text_color=&#8220;#747d88&#8243; text_font_size=&#8220;16px&#8220; text_line_height=&#8220;1.8em&#8220; header_font=&#8220;||||||||&#8220; module_alignment=&#8220;left&#8220; custom_margin=&#8220;|||&#8220; custom_padding=&#8220;||0px||false|false&#8220; animation_style=&#8220;slide&#8220; animation_direction=&#8220;bottom&#8220; animation_delay=&#8220;100ms&#8220; animation_intensity_slide=&#8220;4%&#8220; locked=&#8220;off&#8220; global_colors_info=&#8220;{}&#8220;]<\/p>\n<p class=\"bodytext\">Der \u00dcbersetzungsservice von Mondo Agit bietet Ihnen herausragende <strong>\u00dcbersetzungen von Jahresabschl\u00fcssen<\/strong>.<\/p>\n<p>Durch unsere erfahrenen \u00dcbersetzern, die neben ihrem Spezialwissen auch eine breit gef\u00e4cherte Bildung haben, bietet unsere \u00dcbersetzung von Jahresabschl\u00fcssen eine <strong>sehr hohe Qualit\u00e4t<\/strong>.<\/p>\n<p>Mondo Agit bietet die M\u00f6glichkeit \u00dcbersetzungen zu beglaubigen. <a href=\"http:\/\/mondoagit.com\/de\/uebersetzer\/beglaubigte-uebersetzungen\/\">Beglaubigte \u00dcbersetzungen<\/a> werden dazu ben\u00f6tigt, amtlich zu best\u00e4tigen, dass der Zieltext dem Ausgangtext voll und ganz entspricht.<\/p>\n<p>Die \u00dcbersetzung von Jahresabschl\u00fcssen wird bei Mondo Agit selbstverst\u00e4ndlich von muttersprachlichen \u00dcbersetzern, die Spezialisten des jeweiligen Themas sind, \u00fcbersetzt und im Anschluss nochmals von Experten Korrektur gelesen. Somit garantieren wir ein <strong>bestm\u00f6gliches Endprodukt<\/strong>.<\/p>\n<p>Unsere \u00dcbersetzer st\u00fctzen sich bei ihrer Arbeit auf die neusten <strong>\u00dcbersetzungstechnologien<\/strong>.<\/p>\n<p><img loading=\"lazy\" decoding=\"async\" class=\"wp-image-1189 alignnone size-full\" style=\"display: block; margin-left: auto; margin-right: auto;\" src=\"http:\/\/mondoagit.com\/wp-content\/uploads\/2021\/10\/traduccion_financiera-1.jpg\" alt=\"\" width=\"448\" height=\"298\" \/><\/p>\n<p class=\"bodytext\">Jahresabschl\u00fcsse helfen Unternehmen, die Ver\u00e4nderungen des vergangen Jahres zu erkennen, und beschreiben die aktuelle wirtschaftliche Situation des Unternehmens. Diese Informationen sind besonders f\u00fcr \u00f6ffentliche Verwaltung, die Aktion\u00e4re, die Gl\u00e4ubiger und die Eigent\u00fcmer des Unternehmens wichtig.<\/p>\n<p>Die \u00dcbersetzung von Jahresabschl\u00fcssen besteht aus zwei unumg\u00e4nglichen Teilen:<\/p>\n<ul>\n<li>Lesen und Erfassen des Textes. Indem der \u00dcbersetzer sich intensiv in die Fachterminologie einarbeitet, ist ein vollst\u00e4ndiges Verst\u00e4ndnis des Textes garantiert.<\/li>\n<li>Erstellung des Endtextes. Um diesen zweiten Teil der \u00dcbersetzung in hoher Qualit\u00e4t liefern zu k\u00f6nnen, ist es unabdingbar, dass der \u00dcbersetzter eine gro\u00dfe Kenntnis der Zielsprache hat und bis ins Detail die technischen Termini kennt. Deshalb ist es sehr wichtig, als \u00dcbersetzter Muttersprachler oder bilinguale \u00dcbersetzter zu engagieren. Mondo Agit arbeitet, um die hohe Qualit\u00e4t der \u00dcbersetzungen zu garantieren, ausschlie\u00dflich mit Muttersprachlern.<\/li>\n<\/ul>\n<p class=\"bodytext\">Sobald der Jahresabschluss \u00fcbersetzt ist, beginnt die \u00dcberarbeitung und Korrektur durch muttersprachliche Lektoren oder \u00dcbersetzer.<\/p>\n<p>[\/et_pb_text][\/et_pb_column][\/et_pb_row][\/et_pb_section][et_pb_section fb_built=&#8220;1&#8243; _builder_version=&#8220;4.6.3&#8243; _module_preset=&#8220;default&#8220; locked=&#8220;off&#8220; global_colors_info=&#8220;{}&#8220;][et_pb_row use_custom_gutter=&#8220;on&#8220; _builder_version=&#8220;4.6.3&#8243; _module_preset=&#8220;default&#8220; width=&#8220;100%&#8220; max_width=&#8220;1200px&#8220; module_alignment=&#8220;center&#8220; global_colors_info=&#8220;{}&#8220;][et_pb_column type=&#8220;4_4&#8243; _builder_version=&#8220;4.6.3&#8243; _module_preset=&#8220;default&#8220; global_colors_info=&#8220;{}&#8220;][et_pb_text admin_label=&#8220;Title&#8220; _builder_version=&#8220;4.6.3&#8243; text_font=&#8220;Montserrat||||||||&#8220; text_text_color=&#8220;#747d88&#8243; text_font_size=&#8220;16px&#8220; text_line_height=&#8220;1.9em&#8220; header_font=&#8220;||||||||&#8220; header_text_align=&#8220;left&#8220; header_2_font=&#8220;Montserrat|700||on|||||&#8220; header_2_font_size=&#8220;42px&#8220; header_2_line_height=&#8220;1.3em&#8220; text_orientation=&#8220;center&#8220; max_width=&#8220;1400px&#8220; module_alignment=&#8220;center&#8220; animation_style=&#8220;slide&#8220; animation_direction=&#8220;bottom&#8220; animation_intensity_slide=&#8220;4%&#8220; locked=&#8220;off&#8220; global_colors_info=&#8220;{}&#8220;]<\/p>\n<h2 style=\"text-align: center;\">Unsere zufriedenen Kunden:<\/h2>\n<p>[\/et_pb_text][et_pb_gallery gallery_ids=&#8220;2582,2576,2579,2588&#8243; gallery_orderby=&#8220;rand&#8220; orientation=&#8220;portrait&#8220; show_title_and_caption=&#8220;off&#8220; show_pagination=&#8220;off&#8220; _builder_version=&#8220;4.6.3&#8243; _module_preset=&#8220;default&#8220; width=&#8220;100%&#8220; max_width=&#8220;80%&#8220; module_alignment=&#8220;center&#8220; global_colors_info=&#8220;{}&#8220;][\/et_pb_gallery][et_pb_gallery gallery_ids=&#8220;2591,2600,2603,2606&#8243; gallery_orderby=&#8220;rand&#8220; orientation=&#8220;portrait&#8220; show_title_and_caption=&#8220;off&#8220; show_pagination=&#8220;off&#8220; _builder_version=&#8220;4.6.3&#8243; _module_preset=&#8220;default&#8220; width=&#8220;100%&#8220; max_width=&#8220;80%&#8220; module_alignment=&#8220;center&#8220; global_colors_info=&#8220;{}&#8220;][\/et_pb_gallery][\/et_pb_column][\/et_pb_row][\/et_pb_section]<\/p>\n","protected":false},"excerpt":{"rendered":"<p>Sie w\u00fcnschen einen unverbindlichen Kostenvoranschlag? &nbsp;\u00dcbersetzung von Jahresabschl\u00fcssenDer \u00dcbersetzungsservice von Mondo Agit bietet Ihnen herausragende \u00dcbersetzungen von Jahresabschl\u00fcssen. Durch unsere erfahrenen \u00dcbersetzern, die neben ihrem Spezialwissen auch eine breit gef\u00e4cherte Bildung haben, bietet unsere \u00dcbersetzung von Jahresabschl\u00fcssen eine sehr hohe Qualit\u00e4t. Mondo Agit bietet die M\u00f6glichkeit \u00dcbersetzungen zu beglaubigen. Beglaubigte \u00dcbersetzungen werden dazu ben\u00f6tigt, amtlich [&hellip;]<\/p>\n","protected":false},"author":6,"featured_media":0,"parent":4226,"menu_order":0,"comment_status":"closed","ping_status":"closed","template":"","meta":{"_et_pb_use_builder":"on","_et_pb_old_content":"","_et_gb_content_width":"","om_disable_all_campaigns":false,"_monsterinsights_skip_tracking":false,"_monsterinsights_sitenote_active":false,"_monsterinsights_sitenote_note":"","_monsterinsights_sitenote_category":0,"footnotes":""},"class_list":["post-4237","page","type-page","status-publish","hentry"],"aioseo_notices":[],"_links":{"self":[{"href":"https:\/\/mondoagit.com\/de\/wp-json\/wp\/v2\/pages\/4237","targetHints":{"allow":["GET"]}}],"collection":[{"href":"https:\/\/mondoagit.com\/de\/wp-json\/wp\/v2\/pages"}],"about":[{"href":"https:\/\/mondoagit.com\/de\/wp-json\/wp\/v2\/types\/page"}],"author":[{"embeddable":true,"href":"https:\/\/mondoagit.com\/de\/wp-json\/wp\/v2\/users\/6"}],"replies":[{"embeddable":true,"href":"https:\/\/mondoagit.com\/de\/wp-json\/wp\/v2\/comments?post=4237"}],"version-history":[{"count":4,"href":"https:\/\/mondoagit.com\/de\/wp-json\/wp\/v2\/pages\/4237\/revisions"}],"predecessor-version":[{"id":6355,"href":"https:\/\/mondoagit.com\/de\/wp-json\/wp\/v2\/pages\/4237\/revisions\/6355"}],"up":[{"embeddable":true,"href":"https:\/\/mondoagit.com\/de\/wp-json\/wp\/v2\/pages\/4226"}],"wp:attachment":[{"href":"https:\/\/mondoagit.com\/de\/wp-json\/wp\/v2\/media?parent=4237"}],"curies":[{"name":"wp","href":"https:\/\/api.w.org\/{rel}","templated":true}]}}