{"id":5610,"date":"2022-01-12T22:49:18","date_gmt":"2022-01-12T21:49:18","guid":{"rendered":"http:\/\/temp.mondoagit.com\/uebersetzer\/beglaubigte-uebersetzungen\/beeidigter-uebersetzer-deutsch\/"},"modified":"2022-01-25T13:03:29","modified_gmt":"2022-01-25T12:03:29","slug":"beeidigter-uebersetzer-deutsch","status":"publish","type":"page","link":"https:\/\/mondoagit.com\/de\/uebersetzer\/beglaubigte-uebersetzungen\/beeidigter-uebersetzer-deutsch\/","title":{"rendered":"Beeidigter \u00dcbersetzer Deutsch"},"content":{"rendered":"<p>[et_pb_section fb_built=&#8220;1&#8243; admin_label=&#8220;Fun Fact Section&#8220; _builder_version=&#8220;4.6.3&#8243; background_color=&#8220;#ffb141&#8243; min_height=&#8220;200px&#8220; custom_margin=&#8220;|||&#8220; custom_padding=&#8220;||||false|false&#8220; global_colors_info=&#8220;{}&#8220;][et_pb_row _builder_version=&#8220;4.6.3&#8243; _module_preset=&#8220;default&#8220; global_colors_info=&#8220;{}&#8220;][et_pb_column type=&#8220;4_4&#8243; _builder_version=&#8220;4.6.3&#8243; _module_preset=&#8220;default&#8220; global_colors_info=&#8220;{}&#8220;][et_pb_text _builder_version=&#8220;4.6.3&#8243; _module_preset=&#8220;default&#8220; text_text_color=&#8220;#ffffff&#8220; header_text_color=&#8220;#ffffff&#8220; header_2_text_color=&#8220;#ffffff&#8220; header_3_text_color=&#8220;#ffffff&#8220; text_orientation=&#8220;center&#8220; global_colors_info=&#8220;{}&#8220;]<\/p>\n<h2 class=\"call-to-action-1-text\"><strong>Sie w\u00fcnschen einen unverbindlichen Kostenvoranschlag?<br \/>\n<\/strong><\/h2>\n<p>&nbsp;[\/et_pb_text][et_pb_button button_url=&#8220;http:\/\/mondoagit.com\/de\/ueber-uns\/kontakt\/&#8220; button_text=&#8220;Jetzt kostenlos anfordern&#8220; button_alignment=&#8220;center&#8220; _builder_version=&#8220;4.14.0&#8243; _module_preset=&#8220;default&#8220; custom_button=&#8220;on&#8220; button_text_color=&#8220;#ffffff&#8220; global_colors_info=&#8220;{}&#8220;][\/et_pb_button][\/et_pb_column][\/et_pb_row][\/et_pb_section][et_pb_section fb_built=&#8220;1&#8243; admin_label=&#8220;Feature Section&#8220; _builder_version=&#8220;4.6.3&#8243; min_height=&#8220;298px&#8220; custom_margin=&#8220;|||&#8220; custom_padding=&#8220;||25px||false|false&#8220; locked=&#8220;off&#8220; global_colors_info=&#8220;{}&#8220;][et_pb_row _builder_version=&#8220;4.6.3&#8243; _module_preset=&#8220;default&#8220; custom_padding=&#8220;0px|||||&#8220; global_colors_info=&#8220;{}&#8220;][et_pb_column type=&#8220;4_4&#8243; _builder_version=&#8220;4.6.3&#8243; _module_preset=&#8220;default&#8220; global_colors_info=&#8220;{}&#8220;][et_pb_text admin_label=&#8220;Subtitle&#8220; _builder_version=&#8220;4.11.1&#8243; text_font=&#8220;Montserrat||||&#8220; text_text_color=&#8220;#747d88&#8243; text_font_size=&#8220;16px&#8220; text_line_height=&#8220;1.8em&#8220; header_font=&#8220;||||||||&#8220; module_alignment=&#8220;left&#8220; custom_margin=&#8220;|||&#8220; custom_padding=&#8220;||||false|false&#8220; animation_style=&#8220;slide&#8220; animation_direction=&#8220;bottom&#8220; animation_delay=&#8220;100ms&#8220; animation_intensity_slide=&#8220;4%&#8220; locked=&#8220;off&#8220; global_colors_info=&#8220;{}&#8220;]<\/p>\n<h2>Beeidigter \u00dcbersetzer f\u00fcr Deutsch<\/h2>\n<p>[\/et_pb_text][\/et_pb_column][\/et_pb_row][et_pb_row _builder_version=&#8220;4.6.3&#8243; _module_preset=&#8220;default&#8220; custom_padding=&#8220;0px|||||&#8220; global_colors_info=&#8220;{}&#8220;][et_pb_column type=&#8220;4_4&#8243; _builder_version=&#8220;4.6.3&#8243; _module_preset=&#8220;default&#8220; global_colors_info=&#8220;{}&#8220;][et_pb_text admin_label=&#8220;Subtitle&#8220; _builder_version=&#8220;4.11.1&#8243; text_font=&#8220;Montserrat||||&#8220; text_text_color=&#8220;#747d88&#8243; text_font_size=&#8220;16px&#8220; text_line_height=&#8220;1.8em&#8220; header_font=&#8220;||||||||&#8220; module_alignment=&#8220;left&#8220; custom_margin=&#8220;|||&#8220; custom_padding=&#8220;||0px||false|false&#8220; animation_style=&#8220;slide&#8220; animation_direction=&#8220;bottom&#8220; animation_delay=&#8220;100ms&#8220; animation_intensity_slide=&#8220;4%&#8220; locked=&#8220;off&#8220; global_colors_info=&#8220;{}&#8220;]Zu den \u00dcbersetzungsdiensten von Mondo Agit geh\u00f6rt selbstverst\u00e4ndlich die beeidigte oder beglaubigte \u00dcbersetzung f\u00fcr <strong>Deutsch<\/strong>. Die beglaubigte \u00dcbersetzung wird ben\u00f6tigt, um nachzuweisen, dass der Inhalt der \u00dcbersetzung dem des Ausgangstextes entspricht, und wird meist bei rechtlich relevanten Dokumenten angefordert.<\/p>\n<p>Dank unseres Serviceangebotes f\u00fcr <strong>vereidigte \u00dcbersetzungen<\/strong>, erhalten Sie die vereidigte \u00dcbersetzung ihrer Dokumente auf schnellstem Weg. Unser Angebot umfasst beglaubigte \u00dcbersetzungen von deutschen Texten jeder Art.[\/et_pb_text][\/et_pb_column][\/et_pb_row][\/et_pb_section][et_pb_section fb_built=&#8220;1&#8243; admin_label=&#8220;Feature Section&#8220; _builder_version=&#8220;4.11.1&#8243; custom_margin=&#8220;|||&#8220; custom_padding=&#8220;40px||30px||false|false&#8220; locked=&#8220;off&#8220; global_colors_info=&#8220;{}&#8220;][et_pb_row _builder_version=&#8220;4.6.3&#8243; _module_preset=&#8220;default&#8220; custom_padding=&#8220;0px|||||&#8220; global_colors_info=&#8220;{}&#8220;][et_pb_column type=&#8220;4_4&#8243; _builder_version=&#8220;4.6.3&#8243; _module_preset=&#8220;default&#8220; global_colors_info=&#8220;{}&#8220;][et_pb_text admin_label=&#8220;Subtitle&#8220; _builder_version=&#8220;4.11.1&#8243; text_font=&#8220;Montserrat||||&#8220; text_text_color=&#8220;#747d88&#8243; text_font_size=&#8220;16px&#8220; text_line_height=&#8220;1.8em&#8220; header_font=&#8220;||||||||&#8220; module_alignment=&#8220;left&#8220; custom_margin=&#8220;|||&#8220; custom_padding=&#8220;||||false|false&#8220; animation_style=&#8220;slide&#8220; animation_direction=&#8220;bottom&#8220; animation_delay=&#8220;100ms&#8220; animation_intensity_slide=&#8220;4%&#8220; locked=&#8220;off&#8220; global_colors_info=&#8220;{}&#8220;]<\/p>\n<p>Hier k\u00f6nnen Sie den ben\u00f6tigten Dienst ausw\u00e4hlen:<\/p>\n<p>[\/et_pb_text][\/et_pb_column][\/et_pb_row][et_pb_row column_structure=&#8220;1_3,1_3,1_3&#8243; _builder_version=&#8220;4.6.3&#8243; _module_preset=&#8220;default&#8220; global_colors_info=&#8220;{}&#8220;][et_pb_column type=&#8220;1_3&#8243; _builder_version=&#8220;4.6.3&#8243; _module_preset=&#8220;default&#8220; global_colors_info=&#8220;{}&#8220;][et_pb_text admin_label=&#8220;Subtitle&#8220; _builder_version=&#8220;4.11.1&#8243; text_font=&#8220;Montserrat||||&#8220; text_text_color=&#8220;#747d88&#8243; text_font_size=&#8220;16px&#8220; text_line_height=&#8220;1.8em&#8220; header_font=&#8220;||||||||&#8220; max_width=&#8220;700px&#8220; module_alignment=&#8220;left&#8220; custom_margin=&#8220;|||&#8220; custom_padding=&#8220;||20px|&#8220; animation_style=&#8220;slide&#8220; animation_direction=&#8220;bottom&#8220; animation_delay=&#8220;100ms&#8220; animation_intensity_slide=&#8220;4%&#8220; locked=&#8220;off&#8220; global_colors_info=&#8220;{}&#8220;]<\/p>\n<p><a href=\"http:\/\/mondoagit.com\/de\/uebersetzer\/fachuebersetzungen\/juristische-uebersetzung\/beglaubigte-uebersetzung-von-dokumenten\/\">Beglaubigte \u00dcbersetzung von Dokumenten<\/a><br \/><a href=\"http:\/\/mondoagit.com\/de\/uebersetzer\/fachuebersetzungen\/juristische-uebersetzung\/uebersetzung-von-aufenthaltserlaubnissen\/\">\u00dcbersetzung von Aufenthaltserlaubnissen<\/a><br \/><a href=\"http:\/\/mondoagit.com\/de\/uebersetzer\/fachuebersetzungen\/juristische-uebersetzung\/uebersetzung-von-diplomen\/\">\u00dcbersetzung von Diplomen<\/a><br \/><a href=\"http:\/\/mondoagit.com\/de\/uebersetzer\/fachuebersetzungen\/juristische-uebersetzung\/uebersetzung-von-fuehrerscheinen\/\">\u00dcbersetzung von F\u00fchrerscheinen<\/a><br \/><a href=\"http:\/\/mondoagit.com\/de\/uebersetzer\/fachuebersetzungen\/juristische-uebersetzung\/uebersetzung-von-geburtsurkunden\/\">\u00dcbersetzung von Geburtsurkunden<\/a><\/p>\n<p>[\/et_pb_text][\/et_pb_column][et_pb_column type=&#8220;1_3&#8243; _builder_version=&#8220;4.6.3&#8243; _module_preset=&#8220;default&#8220; global_colors_info=&#8220;{}&#8220;][et_pb_text admin_label=&#8220;Subtitle&#8220; _builder_version=&#8220;4.11.1&#8243; text_font=&#8220;Montserrat||||&#8220; text_text_color=&#8220;#747d88&#8243; text_font_size=&#8220;16px&#8220; text_line_height=&#8220;1.8em&#8220; header_font=&#8220;||||||||&#8220; max_width=&#8220;700px&#8220; module_alignment=&#8220;left&#8220; custom_margin=&#8220;|||&#8220; custom_padding=&#8220;||20px|&#8220; animation_style=&#8220;slide&#8220; animation_direction=&#8220;bottom&#8220; animation_delay=&#8220;100ms&#8220; animation_intensity_slide=&#8220;4%&#8220; locked=&#8220;off&#8220; global_colors_info=&#8220;{}&#8220;]<\/p>\n<p><a href=\"http:\/\/mondoagit.com\/de\/uebersetzer\/fachuebersetzungen\/juristische-uebersetzung\/uebersetzung-von-gerichtsurteilen\/\">\u00dcbersetzung von Gerichtsurteilen<\/a><br \/><a href=\"http:\/\/mondoagit.com\/de\/uebersetzer\/fachuebersetzungen\/juristische-uebersetzung\/uebersetzung-von-heiratsurkunden\/\">\u00dcbersetzung von Heiratsurkunden<\/a><br \/><a href=\"http:\/\/mondoagit.com\/de\/uebersetzer\/fachuebersetzungen\/juristische-uebersetzung\/uebersetzung-von-notariellen-urkunden\/\">\u00dcbersetzung von notariellen Urkunden<\/a><br \/><a href=\"http:\/\/mondoagit.com\/de\/uebersetzer\/fachuebersetzungen\/juristische-uebersetzung\/uebersetzung-von-fuehrungszeugnissen\/\">\u00dcbersetzung von F\u00fchrungszeugnissen<\/a><br \/><a href=\"http:\/\/mondoagit.com\/de\/uebersetzer\/fachuebersetzungen\/juristische-uebersetzung\/uebersetzung-von-scheidungsurkunden\/\">\u00dcbersetzung von Scheidungsurkunden<\/a><\/p>\n<p>[\/et_pb_text][\/et_pb_column][et_pb_column type=&#8220;1_3&#8243; _builder_version=&#8220;4.6.3&#8243; _module_preset=&#8220;default&#8220; global_colors_info=&#8220;{}&#8220;][et_pb_text admin_label=&#8220;Subtitle&#8220; _builder_version=&#8220;4.11.1&#8243; text_font=&#8220;Montserrat||||&#8220; text_text_color=&#8220;#747d88&#8243; text_font_size=&#8220;16px&#8220; text_line_height=&#8220;1.8em&#8220; header_font=&#8220;||||||||&#8220; max_width=&#8220;700px&#8220; module_alignment=&#8220;left&#8220; custom_margin=&#8220;|||&#8220; custom_padding=&#8220;||20px|&#8220; animation_style=&#8220;slide&#8220; animation_direction=&#8220;bottom&#8220; animation_delay=&#8220;100ms&#8220; animation_intensity_slide=&#8220;4%&#8220; locked=&#8220;off&#8220; global_colors_info=&#8220;{}&#8220;]<\/p>\n<p><a href=\"http:\/\/mondoagit.com\/de\/uebersetzer\/fachuebersetzungen\/juristische-uebersetzung\/uebersetzung-von-sterbeurkunden\/\">\u00dcbersetzung von Sterbeurkunden<\/a><br \/><a href=\"http:\/\/mondoagit.com\/de\/uebersetzer\/fachuebersetzungen\/juristische-uebersetzung\/uebersetzung-von-testamenten\/\">\u00dcbersetzung von Testamenten<\/a><br \/><a href=\"http:\/\/mondoagit.com\/de\/uebersetzer\/fachuebersetzungen\/juristische-uebersetzung\/uebersetzung-von-urkunden\/\">\u00dcbersetzung von Urkunden<\/a><br \/><a href=\"http:\/\/mondoagit.com\/de\/uebersetzer\/fachuebersetzungen\/juristische-uebersetzung\/uebersetzung-von-zeugnissen\/\">\u00dcbersetzung von Zeugnissen<\/a><\/p>\n<p>[\/et_pb_text][\/et_pb_column][\/et_pb_row][\/et_pb_section][et_pb_section fb_built=&#8220;1&#8243; admin_label=&#8220;Feature Section&#8220; _builder_version=&#8220;4.6.3&#8243; custom_margin=&#8220;|||&#8220; custom_padding=&#8220;||2px||false|false&#8220; locked=&#8220;off&#8220; global_colors_info=&#8220;{}&#8220;][et_pb_row _builder_version=&#8220;4.6.3&#8243; _module_preset=&#8220;default&#8220; custom_padding=&#8220;0px|||||&#8220; global_colors_info=&#8220;{}&#8220;][et_pb_column type=&#8220;4_4&#8243; _builder_version=&#8220;4.6.3&#8243; _module_preset=&#8220;default&#8220; global_colors_info=&#8220;{}&#8220;][et_pb_text admin_label=&#8220;Subtitle&#8220; _builder_version=&#8220;4.14.0&#8243; text_font=&#8220;Montserrat||||&#8220; text_text_color=&#8220;#747d88&#8243; text_font_size=&#8220;16px&#8220; text_line_height=&#8220;1.8em&#8220; header_font=&#8220;||||||||&#8220; module_alignment=&#8220;left&#8220; custom_margin=&#8220;|||&#8220; custom_padding=&#8220;||||false|false&#8220; animation_style=&#8220;slide&#8220; animation_direction=&#8220;bottom&#8220; animation_delay=&#8220;100ms&#8220; animation_intensity_slide=&#8220;4%&#8220; hover_enabled=&#8220;0&#8243; locked=&#8220;off&#8220; global_colors_info=&#8220;{}&#8220; sticky_enabled=&#8220;0&#8243;]<\/p>\n<p><img loading=\"lazy\" decoding=\"async\" src=\"http:\/\/mondoagit.com\/wp-content\/uploads\/2021\/10\/interpretacion-jurada.jpg\" width=\"500\" height=\"289\" alt=\"\" class=\"wp-image-2927 alignnone size-full\" style=\"float: right;\" srcset=\"http:\/\/mondoagit.com\/wp-content\/uploads\/2021\/10\/interpretacion-jurada.jpg 500w, http:\/\/mondoagit.com\/wp-content\/uploads\/2021\/10\/interpretacion-jurada-480x277.jpg 480w\" sizes=\"(min-width: 0px) and (max-width: 480px) 480px, (min-width: 481px) 500px, 100vw\" \/>In der Regel werden Dokumente beglaubigt, die einen notariellen, gerichtlichen (z. B. Gerichtsurteile) oder amtlichen (z. B. Dokumente vom Einwohnermeldeamt oder Heiratsurkunden und F\u00fchrungszeugnisse) Charakter haben.<\/p>\n<p>Unsere beeidigten \u00dcbersetzer sind <strong>Profis<\/strong>, die ausschlie\u00dflich in ihren Fachgebieten arbeiten und vom Staat f\u00fcr die \u00dcbersetzung und Beglaubigung von Dokumenten bevollm\u00e4chtigt sind.<\/p>\n<p>Zus\u00e4tzliche Informationen \u00fcber die <a href=\"http:\/\/mondoagit.com\/de\/uebersetzer\/beglaubigte-uebersetzungen\/\">rechtliche Anerkenntnis und G\u00fcltigkeit der beglaubigten \u00dcbersetzungen<\/a>.<\/p>\n<p>F\u00fcr Dokumente, die nicht beglaubigt werden m\u00fcssen, bieten wir ebenfalls <a href=\"http:\/\/mondoagit.com\/de\/uebersetzer\/uebersetzung-von-texten\/deutsch-uebersetzer\/\">\u00dcbersetzungsdienste f\u00fcr Deutsch<\/a> an.<\/p>\n<p>Alle \u00dcbersetzungen werden getreu unseren <a href=\"http:\/\/mondoagit.com\/de\/ueber-uns\/prinzipien\/\">Prinzipien<\/a> durchgef\u00fchrt. Unsere wettbewerbsf\u00e4higen Preise und Lieferfristen machen uns zu Ihrer besten Wahl.<\/p>\n<p>Wenn Sie einen beeidigten \u00dcbersetzer f\u00fcr Deutsch ben\u00f6tigen, setzen Sie sich mit uns in Verbindung oder fordern Sie einen kostenlosen und unverbindlichen <a href=\"http:\/\/mondoagit.com\/de\/ueber-uns\/kontakt\/\">Kostenvoranschlag<\/a> an.<\/p>\n<p><em>Anmerkung: Alle uns zugesendeten Dokumente werden vertraulich behandelt und bleiben Eigentum ihrer jeweiligen Besitzer.<\/em><\/p>\n<p>[\/et_pb_text][\/et_pb_column][\/et_pb_row][\/et_pb_section][et_pb_section fb_built=&#8220;1&#8243; _builder_version=&#8220;4.6.3&#8243; _module_preset=&#8220;default&#8220; locked=&#8220;off&#8220; global_colors_info=&#8220;{}&#8220;][et_pb_row use_custom_gutter=&#8220;on&#8220; _builder_version=&#8220;4.6.3&#8243; _module_preset=&#8220;default&#8220; width=&#8220;100%&#8220; max_width=&#8220;1200px&#8220; module_alignment=&#8220;center&#8220; global_colors_info=&#8220;{}&#8220;][et_pb_column type=&#8220;4_4&#8243; _builder_version=&#8220;4.6.3&#8243; _module_preset=&#8220;default&#8220; global_colors_info=&#8220;{}&#8220;][et_pb_text admin_label=&#8220;Title&#8220; _builder_version=&#8220;4.6.3&#8243; text_font=&#8220;Montserrat||||||||&#8220; text_text_color=&#8220;#747d88&#8243; text_font_size=&#8220;16px&#8220; text_line_height=&#8220;1.9em&#8220; header_font=&#8220;||||||||&#8220; header_text_align=&#8220;left&#8220; header_2_font=&#8220;Montserrat|700||on|||||&#8220; header_2_font_size=&#8220;42px&#8220; header_2_line_height=&#8220;1.3em&#8220; text_orientation=&#8220;center&#8220; max_width=&#8220;1400px&#8220; module_alignment=&#8220;center&#8220; animation_style=&#8220;slide&#8220; animation_direction=&#8220;bottom&#8220; animation_intensity_slide=&#8220;4%&#8220; locked=&#8220;off&#8220; global_colors_info=&#8220;{}&#8220;]<\/p>\n<h2 style=\"text-align: center;\">Unsere zufriedenen Kunden:<\/h2>\n<p>[\/et_pb_text][et_pb_gallery gallery_ids=&#8220;2582,2576,2579,2588&#8243; gallery_orderby=&#8220;rand&#8220; orientation=&#8220;portrait&#8220; show_title_and_caption=&#8220;off&#8220; show_pagination=&#8220;off&#8220; _builder_version=&#8220;4.6.3&#8243; _module_preset=&#8220;default&#8220; width=&#8220;100%&#8220; max_width=&#8220;80%&#8220; module_alignment=&#8220;center&#8220; global_colors_info=&#8220;{}&#8220;][\/et_pb_gallery][et_pb_gallery gallery_ids=&#8220;2591,2600,2603,2606&#8243; gallery_orderby=&#8220;rand&#8220; orientation=&#8220;portrait&#8220; show_title_and_caption=&#8220;off&#8220; show_pagination=&#8220;off&#8220; _builder_version=&#8220;4.6.3&#8243; _module_preset=&#8220;default&#8220; width=&#8220;100%&#8220; max_width=&#8220;80%&#8220; module_alignment=&#8220;center&#8220; global_colors_info=&#8220;{}&#8220;][\/et_pb_gallery][\/et_pb_column][\/et_pb_row][\/et_pb_section]<\/p>\n","protected":false},"excerpt":{"rendered":"<p>Sie w\u00fcnschen einen unverbindlichen Kostenvoranschlag? &nbsp;Beeidigter \u00dcbersetzer f\u00fcr DeutschZu den \u00dcbersetzungsdiensten von Mondo Agit geh\u00f6rt selbstverst\u00e4ndlich die beeidigte oder beglaubigte \u00dcbersetzung f\u00fcr Deutsch. Die beglaubigte \u00dcbersetzung wird ben\u00f6tigt, um nachzuweisen, dass der Inhalt der \u00dcbersetzung dem des Ausgangstextes entspricht, und wird meist bei rechtlich relevanten Dokumenten angefordert. Dank unseres Serviceangebotes f\u00fcr vereidigte \u00dcbersetzungen, erhalten Sie [&hellip;]<\/p>\n","protected":false},"author":1,"featured_media":0,"parent":5607,"menu_order":0,"comment_status":"closed","ping_status":"closed","template":"","meta":{"_et_pb_use_builder":"on","_et_pb_old_content":"","_et_gb_content_width":"","om_disable_all_campaigns":false,"_monsterinsights_skip_tracking":false,"_monsterinsights_sitenote_active":false,"_monsterinsights_sitenote_note":"","_monsterinsights_sitenote_category":0,"footnotes":""},"class_list":["post-5610","page","type-page","status-publish","hentry"],"aioseo_notices":[],"_links":{"self":[{"href":"https:\/\/mondoagit.com\/de\/wp-json\/wp\/v2\/pages\/5610","targetHints":{"allow":["GET"]}}],"collection":[{"href":"https:\/\/mondoagit.com\/de\/wp-json\/wp\/v2\/pages"}],"about":[{"href":"https:\/\/mondoagit.com\/de\/wp-json\/wp\/v2\/types\/page"}],"author":[{"embeddable":true,"href":"https:\/\/mondoagit.com\/de\/wp-json\/wp\/v2\/users\/1"}],"replies":[{"embeddable":true,"href":"https:\/\/mondoagit.com\/de\/wp-json\/wp\/v2\/comments?post=5610"}],"version-history":[{"count":6,"href":"https:\/\/mondoagit.com\/de\/wp-json\/wp\/v2\/pages\/5610\/revisions"}],"predecessor-version":[{"id":6551,"href":"https:\/\/mondoagit.com\/de\/wp-json\/wp\/v2\/pages\/5610\/revisions\/6551"}],"up":[{"embeddable":true,"href":"https:\/\/mondoagit.com\/de\/wp-json\/wp\/v2\/pages\/5607"}],"wp:attachment":[{"href":"https:\/\/mondoagit.com\/de\/wp-json\/wp\/v2\/media?parent=5610"}],"curies":[{"name":"wp","href":"https:\/\/api.w.org\/{rel}","templated":true}]}}