{"id":5829,"date":"2022-01-13T15:03:28","date_gmt":"2022-01-13T14:03:28","guid":{"rendered":"http:\/\/temp.mondoagit.com\/weitere-dienste\/beglaubigte-uebersetzungen\/"},"modified":"2025-08-26T16:22:54","modified_gmt":"2025-08-26T14:22:54","slug":"beglaubigte-uebersetzungen","status":"publish","type":"page","link":"https:\/\/mondoagit.com\/de\/weitere-dienste\/beglaubigte-uebersetzungen\/","title":{"rendered":"Beglaubigte \u00dcbersetzungen"},"content":{"rendered":"<p>[et_pb_section fb_built=&#8220;1&#8243; admin_label=&#8220;Fun Fact Section&#8220; _builder_version=&#8220;4.16&#8243; background_color=&#8220;#ffb141&#8243; min_height=&#8220;200px&#8220; custom_margin=&#8220;|||&#8220; custom_padding=&#8220;||||false|false&#8220; global_colors_info=&#8220;{}&#8220;][et_pb_row _builder_version=&#8220;4.16&#8243; _module_preset=&#8220;default&#8220; global_colors_info=&#8220;{}&#8220;][et_pb_column type=&#8220;4_4&#8243; _builder_version=&#8220;4.16&#8243; _module_preset=&#8220;default&#8220; global_colors_info=&#8220;{}&#8220;][et_pb_text _builder_version=&#8220;4.16&#8243; _module_preset=&#8220;default&#8220; text_text_color=&#8220;#ffffff&#8220; header_text_color=&#8220;#ffffff&#8220; header_2_text_color=&#8220;#ffffff&#8220; header_3_text_color=&#8220;#ffffff&#8220; text_orientation=&#8220;center&#8220; global_colors_info=&#8220;{}&#8220;]<\/p>\n<h2 class=\"call-to-action-1-text\"><strong>Sie w\u00fcnschen einen unverbindlichen Kostenvoranschlag?<\/strong><\/h2>\n<p><strong><\/strong><\/p>\n<p>[\/et_pb_text][et_pb_button button_url=&#8220;http:\/\/mondoagit.com\/de\/ueber-uns\/kontakt\/&#8220; button_text=&#8220;Jetzt kostenlos anfordern&#8220; button_alignment=&#8220;center&#8220; _builder_version=&#8220;4.27.4&#8243; _module_preset=&#8220;default&#8220; custom_button=&#8220;on&#8220; button_text_color=&#8220;#ffffff&#8220; hover_enabled=&#8220;0&#8243; global_colors_info=&#8220;{}&#8220; sticky_enabled=&#8220;0&#8243;][\/et_pb_button][\/et_pb_column][\/et_pb_row][\/et_pb_section][et_pb_section fb_built=&#8220;1&#8243; admin_label=&#8220;Service Section&#8220; _builder_version=&#8220;4.16&#8243; custom_margin=&#8220;|||&#8220; custom_padding=&#8220;74px||52px|||&#8220; global_colors_info=&#8220;{}&#8220;][et_pb_row _builder_version=&#8220;4.16&#8243; _module_preset=&#8220;default&#8220; global_colors_info=&#8220;{}&#8220;][et_pb_column type=&#8220;4_4&#8243; _builder_version=&#8220;4.16&#8243; _module_preset=&#8220;default&#8220; global_colors_info=&#8220;{}&#8220;][et_pb_text admin_label=&#8220;Subtitle&#8220; _builder_version=&#8220;4.16&#8243; text_font=&#8220;Montserrat||||&#8220; text_text_color=&#8220;#747d88&#8243; text_font_size=&#8220;16px&#8220; text_line_height=&#8220;1.8em&#8220; header_font=&#8220;||||||||&#8220; module_alignment=&#8220;left&#8220; custom_margin=&#8220;|||&#8220; custom_padding=&#8220;||||false|false&#8220; animation_style=&#8220;slide&#8220; animation_direction=&#8220;bottom&#8220; animation_delay=&#8220;100ms&#8220; animation_intensity_slide=&#8220;4%&#8220; locked=&#8220;off&#8220; global_colors_info=&#8220;{}&#8220;]<\/p>\n<h1>Beglaubigte \u00dcbersetzungen<\/h1>\n<p>[\/et_pb_text][et_pb_text admin_label=&#8220;Subtitle&#8220; _builder_version=&#8220;4.16&#8243; text_font=&#8220;Montserrat||||&#8220; text_text_color=&#8220;#747d88&#8243; text_font_size=&#8220;16px&#8220; text_line_height=&#8220;1.8em&#8220; header_font=&#8220;||||||||&#8220; module_alignment=&#8220;left&#8220; custom_margin=&#8220;|||&#8220; custom_padding=&#8220;||||false|false&#8220; animation_style=&#8220;slide&#8220; animation_direction=&#8220;bottom&#8220; animation_delay=&#8220;100ms&#8220; animation_intensity_slide=&#8220;4%&#8220; locked=&#8220;off&#8220; global_colors_info=&#8220;{}&#8220;]<\/p>\n<p><img loading=\"lazy\" decoding=\"async\" class=\"wp-image-2699 alignright size-full\" src=\"http:\/\/mondoagit.com\/wp-content\/uploads\/2021\/10\/MAEC.jpg\" alt=\"\" width=\"400\" height=\"266\" \/><span style=\"font-size: 16px;\">Mondo Agit bietet sowohl beglaubigte \u00dcbersetzungen in alle europ\u00e4ischen als auch in eine Vielzahl an nichteurop\u00e4ischen Amtssprachen an.<\/span><\/p>\n<p><span style=\"font-size: 16px;\">Eine\u00a0<\/span><b style=\"font-size: 16px;\">beglaubigte<\/b><span style=\"font-size: 16px;\">\u00a0oder\u00a0<\/span><b style=\"font-size: 16px;\">beeidigte \u00dcbersetzung<\/b><span style=\"font-size: 16px;\"> ist eine \u00dcbersetzung, die von einem vereidigten \u00dcbersetzer angefertigt wird. Sie dient zur Best\u00e4tigung, dass der Inhalt des \u00fcbersetzten Dokuments dem Original voll und ganz entspricht.<\/span><\/p>\n<p><span style=\"font-size: 16px;\">Eine solche \u00dcbersetzung wird \u00fcblicherweise bei allen amtlichen und rechtlichen Vorg\u00e4ngen ben\u00f6tigt. Genauer gesagt, wenn Dokumente Unternehmen, Institutionen oder den Beh\u00f6rden eines Landes vorgelegt werden m\u00fcssen, in dem die Sprache, in der die Dokumente verfasst sind, nicht der jeweiligen Amtsprache entspricht.<\/span><\/p>\n<p><span style=\"font-size: 16px;\">Beglaubigte \u00dcbersetzungen werden in der Regel von den folgenden Dokumenten angefertigt:<\/span><\/p>\n<ul>\n<li>Gerichtsurteile, polizeiliche Anzeigen und F\u00fchrungszeugnisse, Heiratsurkunden, Arbeitszeugnisse, Referenzen, Vertr\u00e4ge<\/li>\n<li>Schul-, Ausbildungs- oder Universit\u00e4tszeugnisse<\/li>\n<li>notarielle Dokumente<\/li>\n<li>weitere gerichtliche Dokumente<\/li>\n<li>Der beeidigte \u00dcbersetzer garantiert rechtsverbindlich, dass der Inhalt in der beglaubigten \u00dcbersetzung getreu dem Originaldokument wiedergeben wird und best\u00e4tigt dies mit seinem Siegel.<\/li>\n<\/ul>\n<p><span style=\"font-size: 16px;\">Bevor die Beeidigung offiziell vollzogen wird, muss der Anw\u00e4rter eine vom Gericht durchgef\u00fchrte Pr\u00fcfung bestehen.<\/span><\/p>\n<p><span style=\"font-size: 16px;\">Vereidigte \u00dcbersetzer gibt es in fast allen L\u00e4ndern. Ein \u00dcbersetzer kann in einem oder mehreren L\u00e4ndern beeidigt sein und eine oder mehrere Sprachenkombinationen abdecken.<\/span><\/p>\n<p><span style=\"font-size: 16px;\">Hier k\u00f6nnen Sie den ben\u00f6tigten Dienst ausw\u00e4hlen:<\/span><\/p>\n<ul>\n<li>Beglaubigte \u00dcbersetzung Arabisch<\/li>\n<li>Beglaubigte \u00dcbersetzung Bulgarisch<\/li>\n<li>Beglaubigte \u00dcbersetzung Chinesisch<\/li>\n<li>Beglaubigte \u00dcbersetzung Deutsch<\/li>\n<li>Beglaubigte \u00dcbersetzung Englisch<\/li>\n<li>Beglaubigte \u00dcbersetzung Franz\u00f6sisch<\/li>\n<li>Beglaubigte \u00dcbersetzung Griechisch<\/li>\n<li>Beglaubigte \u00dcbersetzung Italienisch<\/li>\n<li>Beglaubigte \u00dcbersetzung Japanisch<\/li>\n<li>Beglaubigte \u00dcbersetzung Niederl\u00e4ndisch<\/li>\n<li>Beglaubigte \u00dcbersetzung Polnisch<\/li>\n<li>Beglaubigte \u00dcbersetzung Portugiesisch<\/li>\n<li>Beglaubigte \u00dcbersetzung Rum\u00e4nisch<\/li>\n<li>Beglaubigte \u00dcbersetzung Russisch<\/li>\n<li>Beglaubigte \u00dcbersetzung Spanisch<\/li>\n<li>Beglaubigte \u00dcbersetzung Tschechisch<\/li>\n<li>Beglaubigte \u00dcbersetzung T\u00fcrkisch<\/li>\n<li>Beglaubigte \u00dcbersetzung Ungarisch<\/li>\n<\/ul>\n<p>[\/et_pb_text][\/et_pb_column][\/et_pb_row][et_pb_row _builder_version=&#8220;4.16&#8243; _module_preset=&#8220;default&#8220; global_colors_info=&#8220;{}&#8220;][et_pb_column type=&#8220;4_4&#8243; _builder_version=&#8220;4.16&#8243; _module_preset=&#8220;default&#8220; global_colors_info=&#8220;{}&#8220;][et_pb_text admin_label=&#8220;Subtitle&#8220; _builder_version=&#8220;4.16&#8243; text_font=&#8220;Montserrat||||&#8220; text_text_color=&#8220;#747d88&#8243; text_font_size=&#8220;16px&#8220; text_line_height=&#8220;1.8em&#8220; header_font=&#8220;||||||||&#8220; module_alignment=&#8220;left&#8220; custom_margin=&#8220;|||&#8220; custom_padding=&#8220;||||false|false&#8220; animation_style=&#8220;slide&#8220; animation_direction=&#8220;bottom&#8220; animation_delay=&#8220;100ms&#8220; animation_intensity_slide=&#8220;4%&#8220; locked=&#8220;off&#8220; global_colors_info=&#8220;{}&#8220;]<\/p>\n<h2>Anerkennung von vereidigten \u00dcbersetzungen<\/h2>\n<p>[\/et_pb_text][et_pb_text admin_label=&#8220;Subtitle&#8220; _builder_version=&#8220;4.16&#8243; text_font=&#8220;Montserrat||||&#8220; text_text_color=&#8220;#747d88&#8243; text_font_size=&#8220;16px&#8220; text_line_height=&#8220;1.8em&#8220; header_font=&#8220;||||||||&#8220; module_alignment=&#8220;left&#8220; custom_margin=&#8220;|||&#8220; custom_padding=&#8220;|0px|||false|false&#8220; animation_style=&#8220;slide&#8220; animation_direction=&#8220;bottom&#8220; animation_delay=&#8220;100ms&#8220; animation_intensity_slide=&#8220;4%&#8220; locked=&#8220;off&#8220; global_colors_info=&#8220;{}&#8220;]<\/p>\n<p>Trotz staatlicher Pr\u00fcfung sind beeidigte \u00dcbersetzer nicht in allen L\u00e4ndern gleicherma\u00dfen anerkannt. So kann es sein, dass ein vereidigter \u00dcbersetzer mit der Sprachenkombination Deutsch-Spanisch ein Dokument f\u00fcr ein spanisches Gericht \u00fcbersetzen kann, dieses aber in Argentinien nicht anerkannt wird.<\/p>\n<p>Ob eine beglaubigte \u00dcbersetzung anerkannt wird, h\u00e4ngt davon ab, ob die jeweiligen L\u00e4nder ein Abkommen miteinander unterschrieben haben und dadurch die Arbeit des vereidigten \u00dcbersetzers auch im jeweils anderen Land anerkannt wird.<\/p>\n<p>Mondo Agit garantiert, dass die eingesetzten vereidigten \u00dcbersetzer befugt sind, den jeweiligen Auftrag durchzuf\u00fchren und das \u00fcbersetzte Dokument zweckm\u00e4\u00dfig einsetzbar ist. Sollte der Kunde den Zweck nicht n\u00e4her spezifizieren, f\u00fcr den das Dokument ben\u00f6tigt wird, f\u00fchrt ein beeidigter \u00dcbersetzer den Auftrag aus, der in dem Land ans\u00e4ssig ist, in dem sich die Niederlassung von Mondo Agit befindet. Die Agentur kann nicht garantieren, dass die beglaubigte \u00dcbersetzung in anderen L\u00e4ndern g\u00fcltig ist.<\/p>\n<p>Wir fertigen beglaubigte \u00dcbersetzungen f\u00fcr eine gro\u00dfe Anzahl an Sprachen und L\u00e4nder an. Dazu geh\u00f6ren: Belgien, Deutschland, Frankreich, Gro\u00dfbritannien, Italien, \u00d6sterreich, Portugal, Schweiz und Spanien.<\/p>\n<p>Des Weiteren haben wir auch Kontakte zu beeidigten \u00dcbersetzern in anderen L\u00e4ndern, beispielsweise in Brasilien und verschiedenen arabischen L\u00e4ndern.<\/p>\n<p>Sollten Sie eine beglaubigte \u00dcbersetzung f\u00fcr ein anderes Land ben\u00f6tigen, senden Sie uns Ihre Anfrage, wir werden in jedem Fall versuchen, einen geeigneten beeidigten \u00dcbersetzer f\u00fcr Sie zu finden.<\/p>\n<p>[\/et_pb_text][\/et_pb_column][\/et_pb_row][\/et_pb_section][et_pb_section fb_built=&#8220;1&#8243; admin_label=&#8220;Contact Form Section&#8220; _builder_version=&#8220;4.16&#8243; background_color=&#8220;rgba(0,0,0,0)&#8220; background_image=&#8220;http:\/\/mondoagit.com\/wp-content\/uploads\/2021\/06\/bench.jpg&#8220; custom_padding=&#8220;37px||8px||false|false&#8220; animation_style=&#8220;zoom&#8220; animation_direction=&#8220;bottom&#8220; animation_intensity_zoom=&#8220;10%&#8220; saved_tabs=&#8220;all&#8220; global_colors_info=&#8220;{}&#8220;][et_pb_row admin_label=&#8220;Service Section Title&#8220; _builder_version=&#8220;4.16&#8243; width=&#8220;90%&#8220; custom_margin=&#8220;||40px|&#8220; animation_style=&#8220;fade&#8220; locked=&#8220;off&#8220; global_colors_info=&#8220;{}&#8220;][et_pb_column type=&#8220;4_4&#8243; _builder_version=&#8220;4.16&#8243; custom_padding=&#8220;|||&#8220; global_colors_info=&#8220;{}&#8220; custom_padding__hover=&#8220;|||&#8220;][et_pb_text admin_label=&#8220;Title&#8220; _builder_version=&#8220;4.16&#8243; text_font=&#8220;Montserrat||||||||&#8220; text_text_color=&#8220;#747d88&#8243; text_font_size=&#8220;16px&#8220; text_line_height=&#8220;1.9em&#8220; header_font=&#8220;||||||||&#8220; header_2_font=&#8220;Montserrat|700||on|||||&#8220; header_2_font_size=&#8220;42px&#8220; header_2_line_height=&#8220;1.3em&#8220; background_size=&#8220;initial&#8220; background_position=&#8220;top_left&#8220; background_repeat=&#8220;repeat&#8220; text_orientation=&#8220;center&#8220; max_width=&#8220;800px&#8220; module_alignment=&#8220;center&#8220; animation_style=&#8220;slide&#8220; animation_direction=&#8220;bottom&#8220; animation_intensity_slide=&#8220;4%&#8220; global_colors_info=&#8220;{}&#8220;]<\/p>\n<h2><span style=\"color: #fff;\">In allen Sprachen, immer und \u00fcberall verf\u00fcgbar<\/span><\/h2>\n<p>[\/et_pb_text][et_pb_button button_url=&#8220;http:\/\/mondoagit.com\/de\/ueber-uns\/kontakt\/&#8220; button_text=&#8220;Kontakt&#8220; button_alignment=&#8220;center&#8220; _builder_version=&#8220;4.16&#8243; _module_preset=&#8220;default&#8220; custom_button=&#8220;on&#8220; button_text_color=&#8220;#ffffff&#8220; global_colors_info=&#8220;{}&#8220;][\/et_pb_button][\/et_pb_column][\/et_pb_row][\/et_pb_section][et_pb_section fb_built=&#8220;1&#8243; _builder_version=&#8220;4.16&#8243; _module_preset=&#8220;default&#8220; locked=&#8220;off&#8220; global_colors_info=&#8220;{}&#8220;][et_pb_row use_custom_gutter=&#8220;on&#8220; _builder_version=&#8220;4.16&#8243; _module_preset=&#8220;default&#8220; width=&#8220;100%&#8220; max_width=&#8220;1200px&#8220; module_alignment=&#8220;center&#8220; global_colors_info=&#8220;{}&#8220;][et_pb_column type=&#8220;4_4&#8243; _builder_version=&#8220;4.16&#8243; _module_preset=&#8220;default&#8220; global_colors_info=&#8220;{}&#8220;][et_pb_text admin_label=&#8220;Title&#8220; _builder_version=&#8220;4.16&#8243; text_font=&#8220;Montserrat||||||||&#8220; text_text_color=&#8220;#747d88&#8243; text_font_size=&#8220;16px&#8220; text_line_height=&#8220;1.9em&#8220; header_font=&#8220;||||||||&#8220; header_text_align=&#8220;left&#8220; header_2_font=&#8220;Montserrat|700||on|||||&#8220; header_2_font_size=&#8220;42px&#8220; header_2_line_height=&#8220;1.3em&#8220; text_orientation=&#8220;center&#8220; max_width=&#8220;1400px&#8220; module_alignment=&#8220;center&#8220; animation_style=&#8220;slide&#8220; animation_direction=&#8220;bottom&#8220; animation_intensity_slide=&#8220;4%&#8220; locked=&#8220;off&#8220; global_colors_info=&#8220;{}&#8220;]<\/p>\n<h2 style=\"text-align: center;\">Unsere zufriedenen Kunden:<\/h2>\n<p>[\/et_pb_text][et_pb_gallery gallery_ids=&#8220;2582,2576,2579,2588&#8243; gallery_orderby=&#8220;rand&#8220; orientation=&#8220;portrait&#8220; show_title_and_caption=&#8220;off&#8220; show_pagination=&#8220;off&#8220; _builder_version=&#8220;4.16&#8243; _module_preset=&#8220;default&#8220; width=&#8220;100%&#8220; max_width=&#8220;80%&#8220; module_alignment=&#8220;center&#8220; global_colors_info=&#8220;{}&#8220;][\/et_pb_gallery][et_pb_gallery gallery_ids=&#8220;2591,2600,2603,2606&#8243; gallery_orderby=&#8220;rand&#8220; orientation=&#8220;portrait&#8220; show_title_and_caption=&#8220;off&#8220; show_pagination=&#8220;off&#8220; _builder_version=&#8220;4.16&#8243; _module_preset=&#8220;default&#8220; width=&#8220;100%&#8220; max_width=&#8220;80%&#8220; module_alignment=&#8220;center&#8220; global_colors_info=&#8220;{}&#8220;][\/et_pb_gallery][\/et_pb_column][\/et_pb_row][\/et_pb_section]<\/p>\n","protected":false},"excerpt":{"rendered":"<p>Sie w\u00fcnschen einen unverbindlichen Kostenvoranschlag? Beglaubigte \u00dcbersetzungenMondo Agit bietet sowohl beglaubigte \u00dcbersetzungen in alle europ\u00e4ischen als auch in eine Vielzahl an nichteurop\u00e4ischen Amtssprachen an. Eine\u00a0beglaubigte\u00a0oder\u00a0beeidigte \u00dcbersetzung ist eine \u00dcbersetzung, die von einem vereidigten \u00dcbersetzer angefertigt wird. Sie dient zur Best\u00e4tigung, dass der Inhalt des \u00fcbersetzten Dokuments dem Original voll und ganz entspricht. Eine solche \u00dcbersetzung [&hellip;]<\/p>\n","protected":false},"author":1,"featured_media":0,"parent":4052,"menu_order":0,"comment_status":"closed","ping_status":"closed","template":"","meta":{"_et_pb_use_builder":"on","_et_pb_old_content":"","_et_gb_content_width":"","om_disable_all_campaigns":false,"_monsterinsights_skip_tracking":false,"_monsterinsights_sitenote_active":false,"_monsterinsights_sitenote_note":"","_monsterinsights_sitenote_category":0,"footnotes":""},"class_list":["post-5829","page","type-page","status-publish","hentry"],"aioseo_notices":[],"_links":{"self":[{"href":"https:\/\/mondoagit.com\/de\/wp-json\/wp\/v2\/pages\/5829","targetHints":{"allow":["GET"]}}],"collection":[{"href":"https:\/\/mondoagit.com\/de\/wp-json\/wp\/v2\/pages"}],"about":[{"href":"https:\/\/mondoagit.com\/de\/wp-json\/wp\/v2\/types\/page"}],"author":[{"embeddable":true,"href":"https:\/\/mondoagit.com\/de\/wp-json\/wp\/v2\/users\/1"}],"replies":[{"embeddable":true,"href":"https:\/\/mondoagit.com\/de\/wp-json\/wp\/v2\/comments?post=5829"}],"version-history":[{"count":9,"href":"https:\/\/mondoagit.com\/de\/wp-json\/wp\/v2\/pages\/5829\/revisions"}],"predecessor-version":[{"id":6690,"href":"https:\/\/mondoagit.com\/de\/wp-json\/wp\/v2\/pages\/5829\/revisions\/6690"}],"up":[{"embeddable":true,"href":"https:\/\/mondoagit.com\/de\/wp-json\/wp\/v2\/pages\/4052"}],"wp:attachment":[{"href":"https:\/\/mondoagit.com\/de\/wp-json\/wp\/v2\/media?parent=5829"}],"curies":[{"name":"wp","href":"https:\/\/api.w.org\/{rel}","templated":true}]}}