{"id":5914,"date":"2022-01-14T12:00:58","date_gmt":"2022-01-14T11:00:58","guid":{"rendered":"http:\/\/temp.mondoagit.com\/ueber-uns\/niederlassungen-in-europa\/uebersetzungsbuero-in-genua\/"},"modified":"2022-01-17T10:51:46","modified_gmt":"2022-01-17T09:51:46","slug":"uebersetzungsbuero-in-genua","status":"publish","type":"page","link":"https:\/\/mondoagit.com\/de\/ueber-uns\/niederlassungen-in-europa\/uebersetzungsbuero-in-genua\/","title":{"rendered":"\u00dcbersetzungsb\u00fcro in Genua"},"content":{"rendered":"<p>[et_pb_section fb_built=&#8220;1&#8243; admin_label=&#8220;Fun Fact Section&#8220; _builder_version=&#8220;4.6.3&#8243; background_color=&#8220;#ffb141&#8243; min_height=&#8220;200px&#8220; custom_margin=&#8220;|||&#8220; custom_padding=&#8220;||||false|false&#8220; global_colors_info=&#8220;{}&#8220;][et_pb_row _builder_version=&#8220;4.6.3&#8243; _module_preset=&#8220;default&#8220; global_colors_info=&#8220;{}&#8220;][et_pb_column type=&#8220;4_4&#8243; _builder_version=&#8220;4.6.3&#8243; _module_preset=&#8220;default&#8220; global_colors_info=&#8220;{}&#8220;][et_pb_text _builder_version=&#8220;4.6.3&#8243; _module_preset=&#8220;default&#8220; text_text_color=&#8220;#ffffff&#8220; header_text_color=&#8220;#ffffff&#8220; header_2_text_color=&#8220;#ffffff&#8220; header_3_text_color=&#8220;#ffffff&#8220; text_orientation=&#8220;center&#8220; global_colors_info=&#8220;{}&#8220;]<\/p>\n<h2 class=\"call-to-action-1-text\"><strong>Sie w\u00fcnschen einen unverbindlichen Kostenvoranschlag?<\/strong><\/h2>\n<p><strong><\/strong><\/p>\n<p>[\/et_pb_text][et_pb_button button_url=&#8220;http:\/\/mondoagit.com\/de\/ueber-uns\/kontakt\/&#8220; button_text=&#8220;Jetzt kostenlos anfordern&#8220; button_alignment=&#8220;center&#8220; _builder_version=&#8220;4.14.0&#8243; _module_preset=&#8220;default&#8220; custom_button=&#8220;on&#8220; button_text_color=&#8220;#ffffff&#8220; hover_enabled=&#8220;0&#8243; global_colors_info=&#8220;{}&#8220; sticky_enabled=&#8220;0&#8243;][\/et_pb_button][\/et_pb_column][\/et_pb_row][\/et_pb_section][et_pb_section fb_built=&#8220;1&#8243; admin_label=&#8220;Feature Section&#8220; _builder_version=&#8220;4.6.3&#8243; custom_margin=&#8220;|||&#8220; custom_padding=&#8220;||||false|false&#8220; locked=&#8220;off&#8220; global_colors_info=&#8220;{}&#8220;][et_pb_row _builder_version=&#8220;4.6.3&#8243; _module_preset=&#8220;default&#8220; custom_padding=&#8220;0px|||||&#8220; global_colors_info=&#8220;{}&#8220;][et_pb_column type=&#8220;4_4&#8243; _builder_version=&#8220;4.6.3&#8243; _module_preset=&#8220;default&#8220; global_colors_info=&#8220;{}&#8220;][et_pb_text admin_label=&#8220;Subtitle&#8220; _builder_version=&#8220;4.14.0&#8243; text_font=&#8220;Montserrat||||&#8220; text_text_color=&#8220;#747d88&#8243; text_font_size=&#8220;16px&#8220; text_line_height=&#8220;1.8em&#8220; header_font=&#8220;||||||||&#8220; module_alignment=&#8220;left&#8220; custom_margin=&#8220;|||&#8220; custom_padding=&#8220;||||false|false&#8220; animation_style=&#8220;slide&#8220; animation_direction=&#8220;bottom&#8220; animation_delay=&#8220;100ms&#8220; animation_intensity_slide=&#8220;4%&#8220; locked=&#8220;off&#8220; global_colors_info=&#8220;{}&#8220;]<\/p>\n<h2>\u00dcbersetzungsb\u00fcro in Genua<\/h2>\n<p>[\/et_pb_text][et_pb_text admin_label=&#8220;Subtitle&#8220; _builder_version=&#8220;4.14.0&#8243; text_font=&#8220;Montserrat||||&#8220; text_text_color=&#8220;#747d88&#8243; text_font_size=&#8220;16px&#8220; text_line_height=&#8220;1.8em&#8220; header_font=&#8220;||||||||&#8220; module_alignment=&#8220;left&#8220; custom_margin=&#8220;|||&#8220; custom_padding=&#8220;||||false|false&#8220; animation_style=&#8220;slide&#8220; animation_direction=&#8220;bottom&#8220; animation_delay=&#8220;100ms&#8220; animation_intensity_slide=&#8220;4%&#8220; locked=&#8220;off&#8220; global_colors_info=&#8220;{}&#8220;]<\/p>\n<p>Suchen Sie einen \u00dcbersetzungsb\u00fcro in Genua? So haben Sie mit Mondo Agit ein motiviertes und kompetentes Linguisten-Team gefunden.<\/p>\n<p>Dank unseres gro\u00dfen Netzwerkes von qualifizierten \u00dcbersetzern und Dolmetschern k\u00f6nnen wir Ihnen ein breites Spektrum an Diensten in verschiedensten Sprachen und Fachgebiete anbieten.<br \/>In unserem \u00dcbersetzungsb\u00fcro in Genua vermitteln wir folgende Dienstleistungen:<\/p>\n<ul>\n<li><a href=\"http:\/\/mondoagit.com\/de\/uebersetzer\/uebersetzung-von-texten\/\">\u00dcbersetzung<\/a><\/li>\n<li><a href=\"http:\/\/mondoagit.com\/de\/dolmetscher\/\">Dolmetschen<\/a><\/li>\n<li><a href=\"http:\/\/mondoagit.com\/de\/weitere-dienste\/lektorat\/\">Korrekturlesen<\/a><\/li>\n<li><a href=\"http:\/\/mondoagit.com\/de\/uebersetzer\/uebersetzung-von-webseiten\/\">\u00dcbersetzung von Websites (Lokalisierung)<\/a><\/li>\n<li><a href=\"http:\/\/mondoagit.com\/de\/weitere-dienste\/untertitelung\/\">Untertitelung<\/a><\/li>\n<li><a href=\"http:\/\/mondoagit.com\/de\/weitere-dienste\/transkriptionsdienste\/\">Transkription<\/a><\/li>\n<\/ul>\n<p>Des Weiteren bieten wir auch <a href=\"http:\/\/mondoagit.com\/de\/uebersetzer\/beglaubigte-uebersetzungen\/\">beeidigte \u00dcbersetzungen<\/a> in zahlreichen Sprachen und L\u00e4ndern an.<\/p>\n<p>Unsere Dolmetscher und \u00dcbersetzer sind qualifizierte Experten mit einem umfangreichen Erfahrungsschatz, die in ihren jeweiligen Fachgebieten arbeiten. Gegebenenfalls kann das Treffen oder das Projekt auch per Telefon oder pers\u00f6nlich mit dem Mondo Agit Team vorbereitet werden.<\/p>\n<p>Mondo Agit bleibt seinen <a href=\"http:\/\/mondoagit.com\/de\/ueber-uns\/prinzipien\/\">Prinzipien<\/a> treu. H\u00f6chste Qualit\u00e4t zu \u00e4u\u00dferst wettbewerbsf\u00e4higen Preisen macht uns zu Ihrer ersten Wahl.<\/p>\n<p><em>Alle an unsere Agentur gesandten Dokumente werden streng vertraulich behandelt und bleiben zu jeder Zeit Eigentum des Besitzers.<\/em><\/p>\n<p>[\/et_pb_text][\/et_pb_column][\/et_pb_row][\/et_pb_section]<\/p>\n","protected":false},"excerpt":{"rendered":"<p>Sie w\u00fcnschen einen unverbindlichen Kostenvoranschlag? \u00dcbersetzungsb\u00fcro in GenuaSuchen Sie einen \u00dcbersetzungsb\u00fcro in Genua? So haben Sie mit Mondo Agit ein motiviertes und kompetentes Linguisten-Team gefunden. Dank unseres gro\u00dfen Netzwerkes von qualifizierten \u00dcbersetzern und Dolmetschern k\u00f6nnen wir Ihnen ein breites Spektrum an Diensten in verschiedensten Sprachen und Fachgebiete anbieten.In unserem \u00dcbersetzungsb\u00fcro in Genua vermitteln wir folgende [&hellip;]<\/p>\n","protected":false},"author":6,"featured_media":0,"parent":4885,"menu_order":0,"comment_status":"closed","ping_status":"closed","template":"","meta":{"_et_pb_use_builder":"on","_et_pb_old_content":"","_et_gb_content_width":"","om_disable_all_campaigns":false,"_monsterinsights_skip_tracking":false,"_monsterinsights_sitenote_active":false,"_monsterinsights_sitenote_note":"","_monsterinsights_sitenote_category":0,"footnotes":""},"class_list":["post-5914","page","type-page","status-publish","hentry"],"aioseo_notices":[],"_links":{"self":[{"href":"https:\/\/mondoagit.com\/de\/wp-json\/wp\/v2\/pages\/5914","targetHints":{"allow":["GET"]}}],"collection":[{"href":"https:\/\/mondoagit.com\/de\/wp-json\/wp\/v2\/pages"}],"about":[{"href":"https:\/\/mondoagit.com\/de\/wp-json\/wp\/v2\/types\/page"}],"author":[{"embeddable":true,"href":"https:\/\/mondoagit.com\/de\/wp-json\/wp\/v2\/users\/6"}],"replies":[{"embeddable":true,"href":"https:\/\/mondoagit.com\/de\/wp-json\/wp\/v2\/comments?post=5914"}],"version-history":[{"count":3,"href":"https:\/\/mondoagit.com\/de\/wp-json\/wp\/v2\/pages\/5914\/revisions"}],"predecessor-version":[{"id":5988,"href":"https:\/\/mondoagit.com\/de\/wp-json\/wp\/v2\/pages\/5914\/revisions\/5988"}],"up":[{"embeddable":true,"href":"https:\/\/mondoagit.com\/de\/wp-json\/wp\/v2\/pages\/4885"}],"wp:attachment":[{"href":"https:\/\/mondoagit.com\/de\/wp-json\/wp\/v2\/media?parent=5914"}],"curies":[{"name":"wp","href":"https:\/\/api.w.org\/{rel}","templated":true}]}}