{"id":3158,"date":"2021-11-26T11:40:36","date_gmt":"2021-11-26T10:40:36","guid":{"rendered":"http:\/\/temp.mondoagit.com\/interpreti-nelle-citta\/interprete-in-germania\/interprete-a-lipsia\/"},"modified":"2022-01-04T12:45:51","modified_gmt":"2022-01-04T11:45:51","slug":"interprete-a-lipsia","status":"publish","type":"page","link":"https:\/\/mondoagit.com\/it\/interprete\/interpreti-nelle-citta\/interprete-in-germania\/interprete-a-lipsia\/","title":{"rendered":"Interprete a Lipsia"},"content":{"rendered":"<p>[et_pb_section fb_built=&#8221;1&#8243; admin_label=&#8221;Fun Fact Section&#8221; _builder_version=&#8221;4.6.3&#8243; background_color=&#8221;#ffb141&#8243; min_height=&#8221;200px&#8221; custom_margin=&#8221;|||&#8221; custom_padding=&#8221;||||false|false&#8221; global_colors_info=&#8221;{}&#8221;][et_pb_row _builder_version=&#8221;4.6.3&#8243; _module_preset=&#8221;default&#8221; global_colors_info=&#8221;{}&#8221;][et_pb_column type=&#8221;4_4&#8243; _builder_version=&#8221;4.6.3&#8243; _module_preset=&#8221;default&#8221; global_colors_info=&#8221;{}&#8221;][et_pb_text _builder_version=&#8221;4.6.3&#8243; _module_preset=&#8221;default&#8221; text_text_color=&#8221;#ffffff&#8221; header_text_color=&#8221;#ffffff&#8221; header_2_text_color=&#8221;#ffffff&#8221; header_3_text_color=&#8221;#ffffff&#8221; text_orientation=&#8221;center&#8221; global_colors_info=&#8221;{}&#8221;]<\/p>\n<h2 class=\"call-to-action-1-text\"><strong>Avete bisogno di un preventivo gratuito e non vincolante?<\/strong><\/h2>\n<p>&nbsp;<br \/>\n[\/et_pb_text][et_pb_button button_url=&#8221;http:\/\/mondoagit.com\/it\/agenzia-di-traduzioni-mondo-agit\/contatti\/&#8221; button_text=&#8221;Richiedere preventivo&#8221; button_alignment=&#8221;center&#8221; _builder_version=&#8221;4.14.0&#8243; _module_preset=&#8221;default&#8221; custom_button=&#8221;on&#8221; button_text_color=&#8221;#ffffff&#8221; hover_enabled=&#8221;0&#8243; global_colors_info=&#8221;{}&#8221; sticky_enabled=&#8221;0&#8243;][\/et_pb_button][\/et_pb_column][\/et_pb_row][\/et_pb_section][et_pb_section fb_built=&#8221;1&#8243; admin_label=&#8221;Feature Section&#8221; _builder_version=&#8221;4.6.3&#8243; custom_margin=&#8221;|||&#8221; custom_padding=&#8221;65px||34px|||&#8221; global_colors_info=&#8221;{}&#8221;][et_pb_row _builder_version=&#8221;4.6.3&#8243; _module_preset=&#8221;default&#8221; custom_padding=&#8221;0px|||||&#8221; global_colors_info=&#8221;{}&#8221;][et_pb_column type=&#8221;4_4&#8243; _builder_version=&#8221;4.6.3&#8243; _module_preset=&#8221;default&#8221; global_colors_info=&#8221;{}&#8221;][et_pb_text admin_label=&#8221;Subtitle&#8221; _builder_version=&#8221;4.11.1&#8243; text_font=&#8221;Montserrat||||&#8221; text_text_color=&#8221;#747d88&#8243; text_font_size=&#8221;16px&#8221; text_line_height=&#8221;1.8em&#8221; header_font=&#8221;||||||||&#8221; module_alignment=&#8221;left&#8221; custom_margin=&#8221;|||&#8221; custom_padding=&#8221;||||false|false&#8221; animation_style=&#8221;slide&#8221; animation_direction=&#8221;bottom&#8221; animation_delay=&#8221;100ms&#8221; animation_intensity_slide=&#8221;4%&#8221; locked=&#8221;off&#8221; global_colors_info=&#8221;{}&#8221;]<\/p>\n<h1>Interprete a Lipsia<\/h1>\n<p>[\/et_pb_text][et_pb_text admin_label=&#8221;Subtitle&#8221; _builder_version=&#8221;4.14.0&#8243; text_font=&#8221;Montserrat||||&#8221; text_text_color=&#8221;#747d88&#8243; text_font_size=&#8221;16px&#8221; text_line_height=&#8221;1.8em&#8221; header_font=&#8221;||||||||&#8221; module_alignment=&#8221;left&#8221; custom_margin=&#8221;|||&#8221; custom_padding=&#8221;||||false|false&#8221; animation_style=&#8221;slide&#8221; animation_direction=&#8221;bottom&#8221; animation_delay=&#8221;100ms&#8221; animation_intensity_slide=&#8221;4%&#8221; hover_enabled=&#8221;0&#8243; locked=&#8221;off&#8221; global_colors_info=&#8221;{}&#8221; sticky_enabled=&#8221;0&#8243;]<\/p>\n<p>Nel caso in cui abbiate bisogno di un <strong>Interprete a Lipsia<\/strong>, la nostra agenzia di traduzioni mette a vostra disposizione i propri interpreti professionisti presenti nelle pi\u00f9 importanti citt\u00e0 d\u2019Europa.<\/p>\n<p>Grazie alla nostra ampia rete di professionisti, possiamo offrirvi questo servizio di interpretariato in numerose lingue quali inglese, francese, italiano, spagnolo, portoghese e tedesco.<\/p>\n<p>Dai nostri uffici presenti in diverse citt\u00e1 europee (vedere <a href=\"http:\/\/mondoagit.com\/it\/agenzia-di-traduzioni-mondo-agit\/uffici-in-europa\/\">uffici in Europa<\/a>) offriamo diverse tipologie d\u2019interpretazione, fra cui interpretazione <a href=\"http:\/\/mondoagit.com\/it\/interprete\/interpretazione-simultanea\/\">simultanea<\/a>, <a href=\"http:\/\/mondoagit.com\/it\/interprete\/interpretazione-consecutiva\/\">consecutiva<\/a>, <a href=\"http:\/\/mondoagit.com\/it\/interprete\/interpretazione-trattativa\/\">trattativa<\/a> e <a href=\"http:\/\/mondoagit.com\/it\/interprete\/interpretazione-sussurrata\/\">sussurrata<\/a>.<\/p>\n<p>I nostri interpreti a Lipsia, professionisti avallati da una ampia esperienza e specializzati nelle rispettive aree di lavoro sulla documentazione ricevuta, se necessario prepareranno l\u2019incontro con il cliente, telefonicamente o di persona.<\/p>\n<p>Vi consigliamo l\u2019invio della <strong>documentazione<\/strong> relativa con una settimana o almeno due giorni di anticipo; in caso contrario il servizio di interpretariato non potr\u00e0 essere assicurato. Senza disporre di tempo sufficiente non \u00e8 possibile preparare una riunione o una presentazione, a maggior ragione un&#8217;interpretazione.<\/p>\n<p>In Mondo Agit ci basiamo sui nostri <a href=\"http:\/\/mondoagit.com\/it\/agenzia-di-traduzioni-mondo-agit\/principi\/\">principi<\/a>. Il nostro rapporto qualit\u00e0\/prezzo, altamente concorrenziale, ci rende la vostra miglior scelta. Metteteci alla prova: se cercate un interprete a Lipsia, contattateci.<\/p>\n<p>Per ulteriori informazioni <a href=\"http:\/\/mondoagit.com\/it\/agenzia-di-traduzioni-mondo-agit\/contatti\/\">contattateci<\/a> o inviate una richiesta di <a href=\"http:\/\/mondoagit.com\/it\/agenzia-di-traduzioni-mondo-agit\/contatti\/\">preventivo<\/a>.<\/p>\n<p><em>Nota: tutti i documenti inviati alla nostra agenzia di traduzione saranno trattati con riservatezza e apparterranno al rispettivo proprietario a partire dal momento della richiesta del preventivo per il servizio di interpretariato a Lipsia.<\/em><\/p>\n<p>[\/et_pb_text][\/et_pb_column][\/et_pb_row][et_pb_row _builder_version=&#8221;4.6.3&#8243; _module_preset=&#8221;default&#8221; custom_padding=&#8221;0px|||||&#8221; locked=&#8221;off&#8221; global_colors_info=&#8221;{}&#8221;][et_pb_column type=&#8221;4_4&#8243; _builder_version=&#8221;4.6.3&#8243; _module_preset=&#8221;default&#8221; global_colors_info=&#8221;{}&#8221;][et_pb_accordion _builder_version=&#8221;4.11.1&#8243; _module_preset=&#8221;default&#8221; global_colors_info=&#8221;{}&#8221;][et_pb_accordion_item title=&#8221;-&#8221; _builder_version=&#8221;4.6.3&#8243; _module_preset=&#8221;default&#8221; custom_css_main_element=&#8221;display: none; &#8221; global_colors_info=&#8221;{}&#8221; open=&#8221;on&#8221;]&nbsp;<br \/>\n[\/et_pb_accordion_item][et_pb_accordion_item title=&#8221;Breve descrizione della citt\u00e0 (ampliare)&#8221; open=&#8221;off&#8221; _builder_version=&#8221;4.11.1&#8243; _module_preset=&#8221;default&#8221; global_colors_info=&#8221;{}&#8221;]Lipsia si trova nello stato della Sassonia ed \u00e9 la principale citt\u00e1 dei cinque nuovi stati federali nati dopo la caduta del muro di Berlino. A Lipsia vivono pi\u00fa di 500.000 abitanti.<\/p>\n<p>Johann Sebastian Bach e F\u00e9lix Mendelssohn Bartholdy vissero qui per molti anni e per questo la citt\u00e1 gode di una lunga tradizione musicale.<\/p>\n<p><strong><span style=\"font-size: large;\">Cosa fare a Lipsia<\/span><\/strong><\/p>\n<p>&#8211; Un luogo interessante da visitare \u00e9 il monumento caratteristico della citt\u00e1, il &#8220;Monumento alla Battaglia dei Popoli&#8221;. \u00c9 il monumento pi\u00fa grande d\u2019Europa e commemora la battaglia di Lipsia.<\/p>\n<p>&#8211; Gli appassionati di cultura potranno visitare il &#8220;Museo delle Arti Plastiche&#8221;. Vi \u00e9 esposta una delle pi\u00fa importanti collezioni borghesi della Germania, tra cui Max Klinger. Nel centro della citt\u00e1 si trovano diverse gallerie. La galleria d\u2019arte contemporanea espone diverse collezioni d\u2019arte moderna e contemporanea.<\/p>\n<p>&#8211; Lipsia \u00e9 conosciuta anche come la capitale tedesca del cabaret, visitate pertanto il cabaret della citt\u00e1 o il teatro musical Frosch-Caf\u00e9.<\/p>\n<p>&#8211; Visitate il parco zoologico di Lipsia, uno dei pi\u00fa antichi al mondo e con la maggiore variet\u00e1 di specie. Qui si trova la pi\u00fa grande gabbia per scimmie, la cosiddetta &#8220;Pongoland&#8221;.<\/p>\n<p>&#8211; Se volete invece godervi l\u2019ambiente della citt\u00e1, nella via Gottschedestra\u00dfe, troverete la maggiorparte dei bar, caffetterie, pub e ristoranti. Provate la birra &#8220;Gosebier&#8221; (birra di frumento con sale e cilantro) che vanta una lunga tradizione di pi\u00fa di 250 anni. L\u2019unione di questa birra con il &#8220;Leipziger Allasch&#8221; (bevanda alcolica della regione) da origine all\u2019 &#8220;ombrello&#8221;. Pertanto, non stupitevi se vedete qualcuno dirigersi al bancone e chiedere un &#8220;ombrello&#8221;. Alcuni tra i piatti tradizionali della citt\u00e1 sono il &#8220;Leipziger Allerlei&#8221; (piatto di verdure) e il &#8220;Leipziger Lerche&#8221; (una specie di torta).<\/p>\n<p>&#8211; Se desiderate trascorrere un momento tranquillo, potete rilassarvi con un giro in gondola lungo i canali di Lipsia. Vi ritroverete immersi in una sorprendente atmosfera veneziana.<\/p>\n<p>&#8211; Per uscire la sera, rimanete semplicemente nella via Gottschedestra\u00dfe. Lungo questa via troverete musica per tutti i gusti. Vivamente consigliata \u00e9 la vecchia centrale della Posta nella piazza Augustusplatz, trasformata ormai da tempo in una discoteca, il cui slogan recita &#8220;Retro meets modern Lifestye&#8221; (il retr\u00f3 si unisce al moderno).[\/et_pb_accordion_item][\/et_pb_accordion][\/et_pb_column][\/et_pb_row][\/et_pb_section][et_pb_section fb_built=&#8221;1&#8243; _builder_version=&#8221;4.6.3&#8243; _module_preset=&#8221;default&#8221; locked=&#8221;off&#8221; global_colors_info=&#8221;{}&#8221;][et_pb_row use_custom_gutter=&#8221;on&#8221; _builder_version=&#8221;4.6.3&#8243; _module_preset=&#8221;default&#8221; width=&#8221;100%&#8221; max_width=&#8221;1200px&#8221; module_alignment=&#8221;center&#8221; global_colors_info=&#8221;{}&#8221;][et_pb_column type=&#8221;4_4&#8243; _builder_version=&#8221;4.6.3&#8243; _module_preset=&#8221;default&#8221; global_colors_info=&#8221;{}&#8221;][et_pb_text admin_label=&#8221;Title&#8221; _builder_version=&#8221;4.6.3&#8243; text_font=&#8221;Montserrat||||||||&#8221; text_text_color=&#8221;#747d88&#8243; text_font_size=&#8221;16px&#8221; text_line_height=&#8221;1.9em&#8221; header_font=&#8221;||||||||&#8221; header_text_align=&#8221;left&#8221; header_2_font=&#8221;Montserrat|700||on|||||&#8221; header_2_font_size=&#8221;42px&#8221; header_2_line_height=&#8221;1.3em&#8221; text_orientation=&#8221;center&#8221; max_width=&#8221;1400px&#8221; module_alignment=&#8221;center&#8221; animation_style=&#8221;slide&#8221; animation_direction=&#8221;bottom&#8221; animation_intensity_slide=&#8221;4%&#8221; locked=&#8221;off&#8221; global_colors_info=&#8221;{}&#8221;]<\/p>\n<h2 style=\"text-align: center;\">Alcuni dei nostri clienti soddisfatti:<\/h2>\n<p>[\/et_pb_text][et_pb_gallery gallery_ids=&#8221;2583,2577,2580,2589&#8243; gallery_orderby=&#8221;rand&#8221; orientation=&#8221;portrait&#8221; show_title_and_caption=&#8221;off&#8221; show_pagination=&#8221;off&#8221; _builder_version=&#8221;4.6.3&#8243; _module_preset=&#8221;default&#8221; width=&#8221;100%&#8221; max_width=&#8221;80%&#8221; module_alignment=&#8221;center&#8221; global_colors_info=&#8221;{}&#8221;][\/et_pb_gallery][et_pb_gallery gallery_ids=&#8221;2592,2601,2604,2607&#8243; gallery_orderby=&#8221;rand&#8221; orientation=&#8221;portrait&#8221; show_title_and_caption=&#8221;off&#8221; show_pagination=&#8221;off&#8221; _builder_version=&#8221;4.6.3&#8243; _module_preset=&#8221;default&#8221; width=&#8221;100%&#8221; max_width=&#8221;80%&#8221; module_alignment=&#8221;center&#8221; global_colors_info=&#8221;{}&#8221;][\/et_pb_gallery][\/et_pb_column][\/et_pb_row][\/et_pb_section]<\/p>\n","protected":false},"excerpt":{"rendered":"<p>Avete bisogno di un preventivo gratuito e non vincolante? &nbsp; Interprete a LipsiaNel caso in cui abbiate bisogno di un Interprete a Lipsia, la nostra agenzia di traduzioni mette a vostra disposizione i propri interpreti professionisti presenti nelle pi\u00f9 importanti citt\u00e0 d\u2019Europa. Grazie alla nostra ampia rete di professionisti, possiamo offrirvi questo servizio di interpretariato [&hellip;]<\/p>\n","protected":false},"author":6,"featured_media":0,"parent":3125,"menu_order":0,"comment_status":"closed","ping_status":"closed","template":"","meta":{"_et_pb_use_builder":"on","_et_pb_old_content":"","_et_gb_content_width":"","om_disable_all_campaigns":false,"_monsterinsights_skip_tracking":false,"_monsterinsights_sitenote_active":false,"_monsterinsights_sitenote_note":"","_monsterinsights_sitenote_category":0,"footnotes":""},"class_list":["post-3158","page","type-page","status-publish","hentry"],"aioseo_notices":[],"_links":{"self":[{"href":"https:\/\/mondoagit.com\/it\/wp-json\/wp\/v2\/pages\/3158","targetHints":{"allow":["GET"]}}],"collection":[{"href":"https:\/\/mondoagit.com\/it\/wp-json\/wp\/v2\/pages"}],"about":[{"href":"https:\/\/mondoagit.com\/it\/wp-json\/wp\/v2\/types\/page"}],"author":[{"embeddable":true,"href":"https:\/\/mondoagit.com\/it\/wp-json\/wp\/v2\/users\/6"}],"replies":[{"embeddable":true,"href":"https:\/\/mondoagit.com\/it\/wp-json\/wp\/v2\/comments?post=3158"}],"version-history":[{"count":4,"href":"https:\/\/mondoagit.com\/it\/wp-json\/wp\/v2\/pages\/3158\/revisions"}],"predecessor-version":[{"id":5100,"href":"https:\/\/mondoagit.com\/it\/wp-json\/wp\/v2\/pages\/3158\/revisions\/5100"}],"up":[{"embeddable":true,"href":"https:\/\/mondoagit.com\/it\/wp-json\/wp\/v2\/pages\/3125"}],"wp:attachment":[{"href":"https:\/\/mondoagit.com\/it\/wp-json\/wp\/v2\/media?parent=3158"}],"curies":[{"name":"wp","href":"https:\/\/api.w.org\/{rel}","templated":true}]}}