{"id":3210,"date":"2021-11-26T13:23:27","date_gmt":"2021-11-26T12:23:27","guid":{"rendered":"http:\/\/temp.mondoagit.com\/interpreti-nelle-citta\/interprete-in-spagna\/interprete-a-malaga\/"},"modified":"2022-01-05T12:59:14","modified_gmt":"2022-01-05T11:59:14","slug":"interprete-a-malaga","status":"publish","type":"page","link":"https:\/\/mondoagit.com\/it\/interprete\/interpreti-nelle-citta\/interprete-in-spagna\/interprete-a-malaga\/","title":{"rendered":"Interprete a Malaga"},"content":{"rendered":"<p>[et_pb_section fb_built=&#8221;1&#8243; admin_label=&#8221;Fun Fact Section&#8221; _builder_version=&#8221;4.6.3&#8243; background_color=&#8221;#ffb141&#8243; min_height=&#8221;200px&#8221; custom_margin=&#8221;|||&#8221; custom_padding=&#8221;||||false|false&#8221; global_colors_info=&#8221;{}&#8221;][et_pb_row _builder_version=&#8221;4.6.3&#8243; _module_preset=&#8221;default&#8221; global_colors_info=&#8221;{}&#8221;][et_pb_column type=&#8221;4_4&#8243; _builder_version=&#8221;4.6.3&#8243; _module_preset=&#8221;default&#8221; global_colors_info=&#8221;{}&#8221;][et_pb_text _builder_version=&#8221;4.6.3&#8243; _module_preset=&#8221;default&#8221; text_text_color=&#8221;#ffffff&#8221; header_text_color=&#8221;#ffffff&#8221; header_2_text_color=&#8221;#ffffff&#8221; header_3_text_color=&#8221;#ffffff&#8221; text_orientation=&#8221;center&#8221; global_colors_info=&#8221;{}&#8221;]<\/p>\n<h2 class=\"call-to-action-1-text\"><strong>Avete bisogno di un preventivo gratuito e non vincolante?<\/strong><\/h2>\n<p>&nbsp;<br \/>\n[\/et_pb_text][et_pb_button button_url=&#8221;http:\/\/mondoagit.com\/it\/agenzia-di-traduzioni-mondo-agit\/contatti\/&#8221; button_text=&#8221;Richiedere preventivo&#8221; button_alignment=&#8221;center&#8221; _builder_version=&#8221;4.14.0&#8243; _module_preset=&#8221;default&#8221; custom_button=&#8221;on&#8221; button_text_color=&#8221;#ffffff&#8221; hover_enabled=&#8221;0&#8243; global_colors_info=&#8221;{}&#8221; sticky_enabled=&#8221;0&#8243;][\/et_pb_button][\/et_pb_column][\/et_pb_row][\/et_pb_section][et_pb_section fb_built=&#8221;1&#8243; admin_label=&#8221;Feature Section&#8221; _builder_version=&#8221;4.6.3&#8243; custom_margin=&#8221;|||&#8221; custom_padding=&#8221;65px||34px|||&#8221; global_colors_info=&#8221;{}&#8221;][et_pb_row _builder_version=&#8221;4.11.1&#8243; _module_preset=&#8221;default&#8221; custom_padding=&#8221;0px|||||&#8221; global_colors_info=&#8221;{}&#8221;][et_pb_column type=&#8221;4_4&#8243; _builder_version=&#8221;4.11.1&#8243; _module_preset=&#8221;default&#8221; global_colors_info=&#8221;{}&#8221;][et_pb_text admin_label=&#8221;Subtitle&#8221; _builder_version=&#8221;4.11.1&#8243; text_font=&#8221;Montserrat||||&#8221; text_text_color=&#8221;#747d88&#8243; text_font_size=&#8221;16px&#8221; text_line_height=&#8221;1.8em&#8221; header_font=&#8221;||||||||&#8221; module_alignment=&#8221;left&#8221; custom_margin=&#8221;|||&#8221; custom_padding=&#8221;||||false|false&#8221; animation_style=&#8221;slide&#8221; animation_direction=&#8221;bottom&#8221; animation_delay=&#8221;100ms&#8221; animation_intensity_slide=&#8221;4%&#8221; locked=&#8221;off&#8221; global_colors_info=&#8221;{}&#8221;]<\/p>\n<h1>Interprete a Malaga<\/h1>\n<p>[\/et_pb_text][et_pb_text admin_label=&#8221;Subtitle&#8221; _builder_version=&#8221;4.11.1&#8243; text_font=&#8221;Montserrat||||&#8221; text_text_color=&#8221;#747d88&#8243; text_font_size=&#8221;16px&#8221; text_line_height=&#8221;1.8em&#8221; header_font=&#8221;||||||||&#8221; module_alignment=&#8221;left&#8221; custom_margin=&#8221;|||&#8221; custom_padding=&#8221;||||false|false&#8221; animation_style=&#8221;slide&#8221; animation_direction=&#8221;bottom&#8221; animation_delay=&#8221;100ms&#8221; animation_intensity_slide=&#8221;4%&#8221; locked=&#8221;off&#8221; global_colors_info=&#8221;{}&#8221;]<\/p>\n<p>Nel caso in cui abbiate bisogno di un Interprete a Malaga, la nostra agenzia di traduzioni mette a vostra disposizione i propri interpreti professionisti presenti nelle pi\u00f9 importanti citt\u00e0 d\u2019Europa.<\/p>\n<p>Grazie alla nostra ampia rete di professionisti, possiamo offrirvi questo servizio di interpretariato in numerose lingue quali inglese, francese, italiano, spagnolo, portoghese e tedesco.<\/p>\n<p>Dai nostri uffici presenti in diverse citt\u00e1 europee (vedere <a href=\"http:\/\/mondoagit.com\/it\/agenzia-di-traduzioni-mondo-agit\/uffici-in-europa\/\">uffici in Europa<\/a>) offriamo diverse tipologie d\u2019interpretazione, fra cui interpretazione <a href=\"http:\/\/mondoagit.com\/it\/interprete\/interpretazione-simultanea\/\">simultanea<\/a>, <a href=\"http:\/\/mondoagit.com\/it\/interprete\/interpretazione-consecutiva\/\">consecutiva<\/a>, <a href=\"http:\/\/mondoagit.com\/it\/interprete\/interpretazione-trattativa\/\">trattativa<\/a> e <a href=\"http:\/\/mondoagit.com\/it\/interprete\/interpretazione-sussurrata\/\">sussurrata<\/a>.<\/p>\n<p>I nostri interpreti a Malaga, professionisti avallati da una ampia esperienza e specializzati nelle rispettive aree di lavoro sulla documentazione ricevuta, se necessario prepareranno l\u2019incontro con il cliente, telefonicamente o di persona.<\/p>\n<p>Vi consigliamo l\u2019invio della <strong>documentazione<\/strong> relativa con una settimana o almeno due giorni di anticipo; in caso contrario il servizio di interpretariato non potr\u00e0 essere assicurato. Senza disporre di tempo sufficiente non \u00e8 possibile preparare una riunione o una presentazione, a maggior ragione un&#8217;interpretazione.<\/p>\n<p>In Mondo Agit ci basiamo sui nostri <a href=\"http:\/\/mondoagit.com\/it\/agenzia-di-traduzioni-mondo-agit\/principi\/\">principi<\/a>. Il nostro rapporto qualit\u00e0\/prezzo, altamente concorrenziale, ci rende la vostra miglior scelta. Metteteci alla prova: se cercate un interprete a Malaga, contattateci.<\/p>\n<p>Per ulteriori informazioni <a href=\"http:\/\/mondoagit.com\/it\/agenzia-di-traduzioni-mondo-agit\/contatti\/\">contattateci<\/a> o inviate una richiesta di <a href=\"http:\/\/mondoagit.com\/it\/agenzia-di-traduzioni-mondo-agit\/contatti\/\">preventivo<\/a>.<\/p>\n<p><em>Nota: tutti i documenti inviati alla nostra agenzia di traduzione saranno trattati con riservatezza e apparterranno al rispettivo proprietario a partire dal momento della richiesta del preventivo per il servizio di interpretariato a Malaga.<\/em><\/p>\n<p>[\/et_pb_text][\/et_pb_column][\/et_pb_row][et_pb_row _builder_version=&#8221;4.6.3&#8243; _module_preset=&#8221;default&#8221; custom_padding=&#8221;0px|||||&#8221; locked=&#8221;off&#8221; global_colors_info=&#8221;{}&#8221;][et_pb_column type=&#8221;4_4&#8243; _builder_version=&#8221;4.6.3&#8243; _module_preset=&#8221;default&#8221; global_colors_info=&#8221;{}&#8221;][et_pb_accordion _builder_version=&#8221;4.11.1&#8243; _module_preset=&#8221;default&#8221; global_colors_info=&#8221;{}&#8221;][et_pb_accordion_item title=&#8221;-&#8221; _builder_version=&#8221;4.6.3&#8243; _module_preset=&#8221;default&#8221; custom_css_main_element=&#8221;display: none; &#8221; global_colors_info=&#8221;{}&#8221; open=&#8221;on&#8221;]&nbsp;<br \/>\n[\/et_pb_accordion_item][et_pb_accordion_item title=&#8221;Breve descrizione della citt\u00e0 (ampliare)&#8221; open=&#8221;off&#8221; _builder_version=&#8221;4.11.1&#8243; _module_preset=&#8221;default&#8221; global_colors_info=&#8221;{}&#8221;]<\/p>\n<p>La citt\u00e0 di Malaga si trova situata in una privilegiata enclave storica.<\/p>\n<p>Il marMediterraneo ne bagna le coste, mentre i monti di Malaga la circondano formando una barriera montuosa che la difende dal freddo, cosicch\u00e9 il suo clima \u00e8 caratterizzato da temperature miti grazie al mare che funge da come regolatore termico. I mesi pi\u00f9 caldi sono luglio ed agosto, mentre i pi\u00f9 freddi sono solitamente dicembre e febbraio, con una temperatura media di 22,8 \u00baC di massima e 13 \u00baC di minima.<\/p>\n<p>Le precipitazioni a Malaga sono distribuite in modo abbastanza regolare nelle stagioni dell\u2019anno, dato che la maggior piovosit\u00e0 corrisponde all&#8217;autunno ed all&#8217;inverno.<\/p>\n<p><strong><span style=\"font-size: large;\">Cosa fare a Malaga?<\/span><\/strong><\/p>\n<p>&#8211; Fare una visita culturale al Museo Picasso che ospita la maggior parte delle opere del suo cittadino pi\u00f9 famoso. Il museo \u00e8 situato nel centro storico della citt\u00e0, in Plaza de la Merced.<\/p>\n<p>&#8211; Andare per tapas per il centro di Malaga. Nel centro storico troveremo i luoghi con pi\u00f9 fascino della citt\u00e0.<\/p>\n<p>&#8211; Se la vostra permanenza coincide con la \u201cFeria de Malaga\u201d, potete non fare un salto e divertirvi. La fiera di Malaga \u00e8 una delle pi\u00f9 importanti dell&#8217;Andalusia, e il fatto che si celebri a met\u00e0 agosto ne favorisce ancor pi\u00f9 la frequentazione. La birra ed il &#8220;rebujito&#8221;, bevanda a base di vino bianco e bibite gassate, circolano con festosit\u00e0 per tutta la fiera.<\/p>\n<p>&#8211; Assistere ad uno spettacolo nel Teatro Cervantes, la programmazione mensile del quale abbraccia generi tanto diversi come la lirica, la musica, il teatro e la danza. Ogni anno a maggio il Cervantes accoglie inoltre il Festival del Cinema di Malaga, uno dei pi\u00f9 importante del territorio nazionale.<\/p>\n<p>&#8211; Fare delle escursioni nei paesini della provincia di Malaga. Non si pu\u00f2 soggiornare a Malaga senza concedersi di visitare alcune delle localit\u00e0 della provincia di Malaga come Antequera, con la riserva naturale del Torcal ed i famosi &#8220;molletes&#8221; (panini bianchi arabi dalla forma ovale); Nerja, emblema della costa orientale della provincia, con le sue meravigliose grotte; i &#8220;burrotaxis&#8221; (carri trainati da asini) di Mijas Costa o il Chorro di Ardales (nella sierra) sono alcune delle attrazioni situate nei dintorni di Malaga (tutti a meno di 30 minuti di macchina) che non potete non visitare.<\/p>\n<p>&#8211; E, ovviamente, concedersi un bel bagno nelle calde spiagge di Malaga, il cui territorio comunale \u00e8 ricco di spiagge cittadine, semicittadine e isolate. Potrete sdraiarvi su spiaggie di sabbia dorata o nera e scogliere. Qualora le spiagge di Malaga vi sembrassero poche, sappiate che esiste la possibilit\u00e0 di recarsi ad altre spiagge come quelle di Marbella, Mijas o Nerjas in meno di un&#8217;ora.<\/p>\n<p>[\/et_pb_accordion_item][\/et_pb_accordion][\/et_pb_column][\/et_pb_row][\/et_pb_section][et_pb_section fb_built=&#8221;1&#8243; _builder_version=&#8221;4.6.3&#8243; _module_preset=&#8221;default&#8221; locked=&#8221;off&#8221; global_colors_info=&#8221;{}&#8221;][et_pb_row use_custom_gutter=&#8221;on&#8221; _builder_version=&#8221;4.6.3&#8243; _module_preset=&#8221;default&#8221; width=&#8221;100%&#8221; max_width=&#8221;1200px&#8221; module_alignment=&#8221;center&#8221; global_colors_info=&#8221;{}&#8221;][et_pb_column type=&#8221;4_4&#8243; _builder_version=&#8221;4.6.3&#8243; _module_preset=&#8221;default&#8221; global_colors_info=&#8221;{}&#8221;][et_pb_text admin_label=&#8221;Title&#8221; _builder_version=&#8221;4.6.3&#8243; text_font=&#8221;Montserrat||||||||&#8221; text_text_color=&#8221;#747d88&#8243; text_font_size=&#8221;16px&#8221; text_line_height=&#8221;1.9em&#8221; header_font=&#8221;||||||||&#8221; header_text_align=&#8221;left&#8221; header_2_font=&#8221;Montserrat|700||on|||||&#8221; header_2_font_size=&#8221;42px&#8221; header_2_line_height=&#8221;1.3em&#8221; text_orientation=&#8221;center&#8221; max_width=&#8221;1400px&#8221; module_alignment=&#8221;center&#8221; animation_style=&#8221;slide&#8221; animation_direction=&#8221;bottom&#8221; animation_intensity_slide=&#8221;4%&#8221; locked=&#8221;off&#8221; global_colors_info=&#8221;{}&#8221;]<\/p>\n<h2 style=\"text-align: center;\">Alcuni dei nostri clienti soddisfatti:<\/h2>\n<p>[\/et_pb_text][et_pb_gallery gallery_ids=&#8221;2583,2577,2580,2589&#8243; gallery_orderby=&#8221;rand&#8221; orientation=&#8221;portrait&#8221; show_title_and_caption=&#8221;off&#8221; show_pagination=&#8221;off&#8221; _builder_version=&#8221;4.6.3&#8243; _module_preset=&#8221;default&#8221; width=&#8221;100%&#8221; max_width=&#8221;80%&#8221; module_alignment=&#8221;center&#8221; global_colors_info=&#8221;{}&#8221;][\/et_pb_gallery][et_pb_gallery gallery_ids=&#8221;2592,2601,2604,2607&#8243; gallery_orderby=&#8221;rand&#8221; orientation=&#8221;portrait&#8221; show_title_and_caption=&#8221;off&#8221; show_pagination=&#8221;off&#8221; _builder_version=&#8221;4.6.3&#8243; _module_preset=&#8221;default&#8221; width=&#8221;100%&#8221; max_width=&#8221;80%&#8221; module_alignment=&#8221;center&#8221; global_colors_info=&#8221;{}&#8221;][\/et_pb_gallery][\/et_pb_column][\/et_pb_row][\/et_pb_section]<\/p>\n","protected":false},"excerpt":{"rendered":"<p>Avete bisogno di un preventivo gratuito e non vincolante? &nbsp; Interprete a MalagaNel caso in cui abbiate bisogno di un Interprete a Malaga, la nostra agenzia di traduzioni mette a vostra disposizione i propri interpreti professionisti presenti nelle pi\u00f9 importanti citt\u00e0 d\u2019Europa. Grazie alla nostra ampia rete di professionisti, possiamo offrirvi questo servizio di interpretariato [&hellip;]<\/p>\n","protected":false},"author":6,"featured_media":0,"parent":3187,"menu_order":0,"comment_status":"closed","ping_status":"closed","template":"","meta":{"_et_pb_use_builder":"on","_et_pb_old_content":"","_et_gb_content_width":"","om_disable_all_campaigns":false,"_monsterinsights_skip_tracking":false,"_monsterinsights_sitenote_active":false,"_monsterinsights_sitenote_note":"","_monsterinsights_sitenote_category":0,"footnotes":""},"class_list":["post-3210","page","type-page","status-publish","hentry"],"aioseo_notices":[],"_links":{"self":[{"href":"https:\/\/mondoagit.com\/it\/wp-json\/wp\/v2\/pages\/3210","targetHints":{"allow":["GET"]}}],"collection":[{"href":"https:\/\/mondoagit.com\/it\/wp-json\/wp\/v2\/pages"}],"about":[{"href":"https:\/\/mondoagit.com\/it\/wp-json\/wp\/v2\/types\/page"}],"author":[{"embeddable":true,"href":"https:\/\/mondoagit.com\/it\/wp-json\/wp\/v2\/users\/6"}],"replies":[{"embeddable":true,"href":"https:\/\/mondoagit.com\/it\/wp-json\/wp\/v2\/comments?post=3210"}],"version-history":[{"count":4,"href":"https:\/\/mondoagit.com\/it\/wp-json\/wp\/v2\/pages\/3210\/revisions"}],"predecessor-version":[{"id":5188,"href":"https:\/\/mondoagit.com\/it\/wp-json\/wp\/v2\/pages\/3210\/revisions\/5188"}],"up":[{"embeddable":true,"href":"https:\/\/mondoagit.com\/it\/wp-json\/wp\/v2\/pages\/3187"}],"wp:attachment":[{"href":"https:\/\/mondoagit.com\/it\/wp-json\/wp\/v2\/media?parent=3210"}],"curies":[{"name":"wp","href":"https:\/\/api.w.org\/{rel}","templated":true}]}}