{"id":3246,"date":"2021-11-28T19:24:59","date_gmt":"2021-11-28T18:24:59","guid":{"rendered":"http:\/\/temp.mondoagit.com\/interpreti-nelle-citta\/interprete-in-francia\/interprete-a-marsiglia\/"},"modified":"2022-01-06T00:40:10","modified_gmt":"2022-01-05T23:40:10","slug":"interprete-a-marsiglia","status":"publish","type":"page","link":"https:\/\/mondoagit.com\/it\/interprete\/interpreti-nelle-citta\/interprete-in-francia\/interprete-a-marsiglia\/","title":{"rendered":"Interprete a Marsiglia"},"content":{"rendered":"<p>[et_pb_section fb_built=&#8221;1&#8243; admin_label=&#8221;Fun Fact Section&#8221; _builder_version=&#8221;4.6.3&#8243; background_color=&#8221;#ffb141&#8243; min_height=&#8221;200px&#8221; custom_margin=&#8221;|||&#8221; custom_padding=&#8221;||||false|false&#8221; global_colors_info=&#8221;{}&#8221;][et_pb_row _builder_version=&#8221;4.6.3&#8243; _module_preset=&#8221;default&#8221; global_colors_info=&#8221;{}&#8221;][et_pb_column type=&#8221;4_4&#8243; _builder_version=&#8221;4.6.3&#8243; _module_preset=&#8221;default&#8221; global_colors_info=&#8221;{}&#8221;][et_pb_text _builder_version=&#8221;4.6.3&#8243; _module_preset=&#8221;default&#8221; text_text_color=&#8221;#ffffff&#8221; header_text_color=&#8221;#ffffff&#8221; header_2_text_color=&#8221;#ffffff&#8221; header_3_text_color=&#8221;#ffffff&#8221; text_orientation=&#8221;center&#8221; global_colors_info=&#8221;{}&#8221;]<\/p>\n<h2 class=\"call-to-action-1-text\"><strong>Avete bisogno di un preventivo gratuito e non vincolante?<\/strong><\/h2>\n<p>&nbsp;<br \/>\n[\/et_pb_text][et_pb_button button_url=&#8221;http:\/\/mondoagit.com\/it\/agenzia-di-traduzioni-mondo-agit\/contatti\/&#8221; button_text=&#8221;Richiedere preventivo&#8221; button_alignment=&#8221;center&#8221; _builder_version=&#8221;4.14.0&#8243; _module_preset=&#8221;default&#8221; custom_button=&#8221;on&#8221; button_text_color=&#8221;#ffffff&#8221; hover_enabled=&#8221;0&#8243; global_colors_info=&#8221;{}&#8221; sticky_enabled=&#8221;0&#8243;][\/et_pb_button][\/et_pb_column][\/et_pb_row][\/et_pb_section][et_pb_section fb_built=&#8221;1&#8243; admin_label=&#8221;Feature Section&#8221; _builder_version=&#8221;4.6.3&#8243; custom_margin=&#8221;|||&#8221; custom_padding=&#8221;65px||34px|||&#8221; global_colors_info=&#8221;{}&#8221;][et_pb_row _builder_version=&#8221;4.11.1&#8243; _module_preset=&#8221;default&#8221; custom_padding=&#8221;0px|||||&#8221; global_colors_info=&#8221;{}&#8221;][et_pb_column type=&#8221;4_4&#8243; _builder_version=&#8221;4.11.1&#8243; _module_preset=&#8221;default&#8221; global_colors_info=&#8221;{}&#8221;][et_pb_text admin_label=&#8221;Subtitle&#8221; _builder_version=&#8221;4.11.1&#8243; text_font=&#8221;Montserrat||||&#8221; text_text_color=&#8221;#747d88&#8243; text_font_size=&#8221;16px&#8221; text_line_height=&#8221;1.8em&#8221; header_font=&#8221;||||||||&#8221; module_alignment=&#8221;left&#8221; custom_margin=&#8221;|||&#8221; custom_padding=&#8221;||||false|false&#8221; animation_style=&#8221;slide&#8221; animation_direction=&#8221;bottom&#8221; animation_delay=&#8221;100ms&#8221; animation_intensity_slide=&#8221;4%&#8221; locked=&#8221;off&#8221; global_colors_info=&#8221;{}&#8221;]<\/p>\n<h1>Interprete a Marsiglia<\/h1>\n<p>[\/et_pb_text][et_pb_text admin_label=&#8221;Subtitle&#8221; _builder_version=&#8221;4.11.1&#8243; text_font=&#8221;Montserrat||||&#8221; text_text_color=&#8221;#747d88&#8243; text_font_size=&#8221;16px&#8221; text_line_height=&#8221;1.8em&#8221; header_font=&#8221;||||||||&#8221; module_alignment=&#8221;left&#8221; custom_margin=&#8221;|||&#8221; custom_padding=&#8221;||||false|false&#8221; animation_style=&#8221;slide&#8221; animation_direction=&#8221;bottom&#8221; animation_delay=&#8221;100ms&#8221; animation_intensity_slide=&#8221;4%&#8221; locked=&#8221;off&#8221; global_colors_info=&#8221;{}&#8221;]<\/p>\n<p><img loading=\"lazy\" decoding=\"async\" src=\"http:\/\/mondoagit.com\/wp-content\/uploads\/2021\/10\/translator_marseille.jpg\" width=\"386\" height=\"289\" alt=\"\" class=\"wp-image-2880 alignnone size-full\" style=\"float: right;\" \/>Nel caso in cui abbiate bisogno di un <strong>Interprete a Marsiglia<\/strong>, la nostra agenzia di traduzioni mette a vostra disposizione i propri interpreti professionisti presenti nelle pi\u00f9 importanti citt\u00e0 d\u2019Europa.<\/p>\n<p>Grazie alla nostra ampia rete di professionisti, possiamo offrirvi questo servizio di interpretariato in numerose lingue quali inglese, francese, italiano, spagnolo, portoghese e tedesco.<\/p>\n<p>Dai nostri uffici presenti in diverse citt\u00e1 europee (vedere <a href=\"http:\/\/mondoagit.com\/it\/agenzia-di-traduzioni-mondo-agit\/uffici-in-europa\/\">uffici in Europa<\/a>) offriamo diverse tipologie d\u2019interpretazione, fra cui interpretazione <a href=\"http:\/\/mondoagit.com\/it\/interprete\/interpretazione-simultanea\/\">simultanea<\/a>, <a href=\"http:\/\/mondoagit.com\/it\/interprete\/interpretazione-consecutiva\/\">consecutiva<\/a>, <a href=\"http:\/\/mondoagit.com\/it\/interprete\/interpretazione-trattativa\/\">trattativa<\/a> e <a href=\"http:\/\/mondoagit.com\/it\/interprete\/interpretazione-sussurrata\/\">sussurrata<\/a>.<\/p>\n<p>I nostri interpreti a Marsiglia, professionisti avallati da una ampia esperienza e specializzati nelle rispettive aree di lavoro sulla documentazione ricevuta, se necessario prepareranno l\u2019incontro con il cliente, telefonicamente o di persona.<\/p>\n<p>Vi consigliamo l\u2019invio della <strong>documentazione<\/strong> relativa con una settimana o almeno due giorni di anticipo; in caso contrario il servizio di interpretariato non potr\u00e0 essere assicurato. Senza disporre di tempo sufficiente non \u00e8 possibile preparare una riunione o una presentazione, a maggior ragione un&#8217;interpretazione.<\/p>\n<p>In Mondo Agit ci basiamo sui nostri <a href=\"http:\/\/mondoagit.com\/it\/agenzia-di-traduzioni-mondo-agit\/principi\/\">principi<\/a>. Il nostro rapporto qualit\u00e0\/prezzo, altamente concorrenziale, ci rende la vostra miglior scelta. Metteteci alla prova: se cercate un interprete a Marsiglia, contattateci.<\/p>\n<p>Per ulteriori informazioni <a href=\"http:\/\/mondoagit.com\/it\/agenzia-di-traduzioni-mondo-agit\/contatti\/\">contattateci<\/a> o inviate una richiesta di <a href=\"http:\/\/mondoagit.com\/it\/agenzia-di-traduzioni-mondo-agit\/contatti\/\">preventivo<\/a>.<\/p>\n<p><em>Nota: tutti i documenti inviati alla nostra agenzia di traduzione saranno trattati con riservatezza e apparterranno al rispettivo proprietario a partire dal momento della richiesta del preventivo per il servizio di interpretariato a Marsiglia.<\/em><\/p>\n<p>[\/et_pb_text][\/et_pb_column][\/et_pb_row][et_pb_row _builder_version=&#8221;4.6.3&#8243; _module_preset=&#8221;default&#8221; custom_padding=&#8221;0px|||||&#8221; locked=&#8221;off&#8221; global_colors_info=&#8221;{}&#8221;][et_pb_column type=&#8221;4_4&#8243; _builder_version=&#8221;4.6.3&#8243; _module_preset=&#8221;default&#8221; global_colors_info=&#8221;{}&#8221;][et_pb_accordion _builder_version=&#8221;4.11.1&#8243; _module_preset=&#8221;default&#8221; global_colors_info=&#8221;{}&#8221;][et_pb_accordion_item title=&#8221;-&#8221; _builder_version=&#8221;4.6.3&#8243; _module_preset=&#8221;default&#8221; custom_css_main_element=&#8221;display: none; &#8221; global_colors_info=&#8221;{}&#8221; open=&#8221;off&#8221;]&nbsp;<br \/>\n[\/et_pb_accordion_item][et_pb_accordion_item title=&#8221;Breve descrizione della citt\u00e0 (ampliare)&#8221; open=&#8221;on&#8221; _builder_version=&#8221;4.11.1&#8243; _module_preset=&#8221;default&#8221; global_colors_info=&#8221;{}&#8221;]<\/p>\n<p>Situata sulla costa sud-ovest della Francia, nella bella regione Provenza-Alpi-Costa Azzurra (regioni della Francia), Marsiglia \u00e8 il pi\u00f9 grande porto commerciale della Francia e, dopo Parigi, la seconda citt\u00e0 per popolazione. Marsiglia \u00e8 stata scelta come Capitale Europea della Cultura per il 2013. Il suo clima mediterraneo e la sua posizione privilegiata ne fanno un posto fantastico da visitare.<\/p>\n<p><strong><span style=\"font-size: large;\">Cosa c\u2019\u00e8 da fare a Marsiglia?<\/span><\/strong><\/p>\n<p>Marsiglia \u00e8 interessante per tutti i gusti; il suo centro \u00e8 il fulcro dell\u2019offerta culturale e dell&#8217;intrattenimento.<\/p>\n<p>Il Vieux Port<br \/>\nIl porto di Marsiglia \u00e8 un incantevole baia circondata da numerosi caff\u00e8 e, poco oltre, dal mercato del pesce. Diversi negozi vendono oggetti da collezionismo e souvenir. Mentre in passato era il principale porto commerciale della Francia, oggi \u00e8 usato solo per brevi gite in barca e come porticciolo turistico.<\/p>\n<p>Vicino al Porto Vecchio si trova una delle principali attrazioni di Marsiglia, la Basilica di Notre Dame de la Garde (Nostra Signora della Guardia), situata nel punto pi\u00f9 alto della citt\u00e0. \u00c8 una splendida chiesa, eretta a 150 metri d\u2019altezza, con una bella statua della Madonna con il Bambin Ges\u00f9 in lamina d\u2019oro. Offre inoltre una fantastica vista panoramica sulla citt\u00e0.<\/p>\n<p>Se ti piacciono le gallerie d\u2019arte, ti consigliamo una visita al Museo delle Belle Arti, il pi\u00f9 antico della citt\u00e0. Ospita collezioni di dipinti, disegni e sculture dal XVI al XIX secolo e una delle sue principali attrazioni \u00e8 la sua collezione di opere di artisti provenzali.<\/p>\n<p>Se ti piacciono le gite fuori porta, non potrai perderti  le Calanques, delle strette e profonde insenature delineate da scogliere calcaree, di cui alcune terminano con una spiaggia, altre con un porticciolo, dove potrai praticare numerose attivit\u00e0, dall\u2019escursionismo alle immersioni subacquee, o semplicemente ammirare le Calanques dalla barca. Concediti una favolosa nuotata nelle bellissime acque smeraldine.<\/p>\n<p>Cibo<br \/>\nI due piatti tipici da non perdere il Bouillabaisse e il Ratatouille: il primo \u00e8 una zuppa di mare, mentre il secondo stufato di verdure. In alternativa potrai mangiare cucina internazionale nei numerosi ristoranti presenti in citt\u00e0.<\/p>\n<p>Vita notturna<br \/>\nMarsiglia \u00e8 ricca di numerosi club e bar e le migliori zone per uscire la sera sono il Porto Vecchio e Place Thiars. Marsiglia \u00e8 costellata da glaciers (gelaterie), non per niente \u00e8 famosa per i suoi gelati. Sono numerosi anche i locali dove poter ascoltare musica dal vivo. Non si corre certo il rischio di annoiarsi.<\/p>\n<p>Shopping<br \/>\nMolti negozi sono aperti dal luned\u00ec al sabato e nel centro della citt\u00e0 c&#8217;\u00e8 una ampia scelta, dai negozi di marchi famosi alle piccole boutique e souvenir provenzali. La Borsa centrale offre oltre 200 boutique. Se stai cercando regali da comprare e souvenir, il miglior posto dove andare \u00e8 tra il Porto Vecchio e Le Panier.<\/p>\n<p>[\/et_pb_accordion_item][\/et_pb_accordion][\/et_pb_column][\/et_pb_row][\/et_pb_section][et_pb_section fb_built=&#8221;1&#8243; _builder_version=&#8221;4.6.3&#8243; _module_preset=&#8221;default&#8221; locked=&#8221;off&#8221; global_colors_info=&#8221;{}&#8221;][et_pb_row use_custom_gutter=&#8221;on&#8221; _builder_version=&#8221;4.6.3&#8243; _module_preset=&#8221;default&#8221; width=&#8221;100%&#8221; max_width=&#8221;1200px&#8221; module_alignment=&#8221;center&#8221; global_colors_info=&#8221;{}&#8221;][et_pb_column type=&#8221;4_4&#8243; _builder_version=&#8221;4.6.3&#8243; _module_preset=&#8221;default&#8221; global_colors_info=&#8221;{}&#8221;][et_pb_text admin_label=&#8221;Title&#8221; _builder_version=&#8221;4.6.3&#8243; text_font=&#8221;Montserrat||||||||&#8221; text_text_color=&#8221;#747d88&#8243; text_font_size=&#8221;16px&#8221; text_line_height=&#8221;1.9em&#8221; header_font=&#8221;||||||||&#8221; header_text_align=&#8221;left&#8221; header_2_font=&#8221;Montserrat|700||on|||||&#8221; header_2_font_size=&#8221;42px&#8221; header_2_line_height=&#8221;1.3em&#8221; text_orientation=&#8221;center&#8221; max_width=&#8221;1400px&#8221; module_alignment=&#8221;center&#8221; animation_style=&#8221;slide&#8221; animation_direction=&#8221;bottom&#8221; animation_intensity_slide=&#8221;4%&#8221; locked=&#8221;off&#8221; global_colors_info=&#8221;{}&#8221;]<\/p>\n<h2 style=\"text-align: center;\">Alcuni dei nostri clienti soddisfatti:<\/h2>\n<p>[\/et_pb_text][et_pb_gallery gallery_ids=&#8221;2583,2577,2580,2589&#8243; gallery_orderby=&#8221;rand&#8221; orientation=&#8221;portrait&#8221; show_title_and_caption=&#8221;off&#8221; show_pagination=&#8221;off&#8221; _builder_version=&#8221;4.6.3&#8243; _module_preset=&#8221;default&#8221; width=&#8221;100%&#8221; max_width=&#8221;80%&#8221; module_alignment=&#8221;center&#8221; global_colors_info=&#8221;{}&#8221;][\/et_pb_gallery][et_pb_gallery gallery_ids=&#8221;2592,2601,2604,2607&#8243; gallery_orderby=&#8221;rand&#8221; orientation=&#8221;portrait&#8221; show_title_and_caption=&#8221;off&#8221; show_pagination=&#8221;off&#8221; _builder_version=&#8221;4.6.3&#8243; _module_preset=&#8221;default&#8221; width=&#8221;100%&#8221; max_width=&#8221;80%&#8221; module_alignment=&#8221;center&#8221; global_colors_info=&#8221;{}&#8221;][\/et_pb_gallery][\/et_pb_column][\/et_pb_row][\/et_pb_section]<\/p>\n","protected":false},"excerpt":{"rendered":"<p>Avete bisogno di un preventivo gratuito e non vincolante? &nbsp; Interprete a MarsigliaNel caso in cui abbiate bisogno di un Interprete a Marsiglia, la nostra agenzia di traduzioni mette a vostra disposizione i propri interpreti professionisti presenti nelle pi\u00f9 importanti citt\u00e0 d\u2019Europa. Grazie alla nostra ampia rete di professionisti, possiamo offrirvi questo servizio di interpretariato [&hellip;]<\/p>\n","protected":false},"author":6,"featured_media":0,"parent":3226,"menu_order":0,"comment_status":"closed","ping_status":"closed","template":"","meta":{"_et_pb_use_builder":"on","_et_pb_old_content":"","_et_gb_content_width":"","om_disable_all_campaigns":false,"_monsterinsights_skip_tracking":false,"_monsterinsights_sitenote_active":false,"_monsterinsights_sitenote_note":"","_monsterinsights_sitenote_category":0,"footnotes":""},"class_list":["post-3246","page","type-page","status-publish","hentry"],"aioseo_notices":[],"_links":{"self":[{"href":"https:\/\/mondoagit.com\/it\/wp-json\/wp\/v2\/pages\/3246","targetHints":{"allow":["GET"]}}],"collection":[{"href":"https:\/\/mondoagit.com\/it\/wp-json\/wp\/v2\/pages"}],"about":[{"href":"https:\/\/mondoagit.com\/it\/wp-json\/wp\/v2\/types\/page"}],"author":[{"embeddable":true,"href":"https:\/\/mondoagit.com\/it\/wp-json\/wp\/v2\/users\/6"}],"replies":[{"embeddable":true,"href":"https:\/\/mondoagit.com\/it\/wp-json\/wp\/v2\/comments?post=3246"}],"version-history":[{"count":4,"href":"https:\/\/mondoagit.com\/it\/wp-json\/wp\/v2\/pages\/3246\/revisions"}],"predecessor-version":[{"id":5240,"href":"https:\/\/mondoagit.com\/it\/wp-json\/wp\/v2\/pages\/3246\/revisions\/5240"}],"up":[{"embeddable":true,"href":"https:\/\/mondoagit.com\/it\/wp-json\/wp\/v2\/pages\/3226"}],"wp:attachment":[{"href":"https:\/\/mondoagit.com\/it\/wp-json\/wp\/v2\/media?parent=3246"}],"curies":[{"name":"wp","href":"https:\/\/api.w.org\/{rel}","templated":true}]}}