{"id":3306,"date":"2021-11-29T00:06:43","date_gmt":"2021-11-28T23:06:43","guid":{"rendered":"http:\/\/temp.mondoagit.com\/interpreti-nelle-citta\/interprete-in-portogallo\/interprete-a-lisbona\/"},"modified":"2022-01-07T13:48:01","modified_gmt":"2022-01-07T12:48:01","slug":"interprete-a-lisbona","status":"publish","type":"page","link":"https:\/\/mondoagit.com\/it\/interprete\/interpreti-nelle-citta\/interprete-in-portogallo\/interprete-a-lisbona\/","title":{"rendered":"Interprete a Lisbona"},"content":{"rendered":"<p>[et_pb_section fb_built=&#8221;1&#8243; admin_label=&#8221;Fun Fact Section&#8221; _builder_version=&#8221;4.6.3&#8243; background_color=&#8221;#ffb141&#8243; min_height=&#8221;200px&#8221; custom_margin=&#8221;|||&#8221; custom_padding=&#8221;||||false|false&#8221; global_colors_info=&#8221;{}&#8221;][et_pb_row _builder_version=&#8221;4.6.3&#8243; _module_preset=&#8221;default&#8221; global_colors_info=&#8221;{}&#8221;][et_pb_column type=&#8221;4_4&#8243; _builder_version=&#8221;4.6.3&#8243; _module_preset=&#8221;default&#8221; global_colors_info=&#8221;{}&#8221;][et_pb_text _builder_version=&#8221;4.6.3&#8243; _module_preset=&#8221;default&#8221; text_text_color=&#8221;#ffffff&#8221; header_text_color=&#8221;#ffffff&#8221; header_2_text_color=&#8221;#ffffff&#8221; header_3_text_color=&#8221;#ffffff&#8221; text_orientation=&#8221;center&#8221; global_colors_info=&#8221;{}&#8221;]<\/p>\n<h2 class=\"call-to-action-1-text\"><strong>Avete bisogno di un preventivo gratuito e non vincolante?<\/h2>\n<p>[\/et_pb_text][et_pb_button button_url=&#8221;http:\/\/mondoagit.com\/it\/agenzia-di-traduzioni-mondo-agit\/contatti\/&#8221; button_text=&#8221;Richiedere preventivo&#8221; button_alignment=&#8221;center&#8221; _builder_version=&#8221;4.14.0&#8243; _module_preset=&#8221;default&#8221; custom_button=&#8221;on&#8221; button_text_color=&#8221;#ffffff&#8221; global_colors_info=&#8221;{}&#8221;][\/et_pb_button][\/et_pb_column][\/et_pb_row][\/et_pb_section][et_pb_section fb_built=&#8221;1&#8243; admin_label=&#8221;Feature Section&#8221; _builder_version=&#8221;4.6.3&#8243; custom_margin=&#8221;|||&#8221; custom_padding=&#8221;65px||34px|||&#8221; global_colors_info=&#8221;{}&#8221;][et_pb_row _builder_version=&#8221;4.11.1&#8243; _module_preset=&#8221;default&#8221; custom_padding=&#8221;0px|||||&#8221; global_colors_info=&#8221;{}&#8221;][et_pb_column type=&#8221;4_4&#8243; _builder_version=&#8221;4.11.1&#8243; _module_preset=&#8221;default&#8221; global_colors_info=&#8221;{}&#8221;][et_pb_text admin_label=&#8221;Subtitle&#8221; _builder_version=&#8221;4.11.1&#8243; text_font=&#8221;Montserrat||||&#8221; text_text_color=&#8221;#747d88&#8243; text_font_size=&#8221;16px&#8221; text_line_height=&#8221;1.8em&#8221; header_font=&#8221;||||||||&#8221; module_alignment=&#8221;left&#8221; custom_margin=&#8221;|||&#8221; custom_padding=&#8221;||||false|false&#8221; animation_style=&#8221;slide&#8221; animation_direction=&#8221;bottom&#8221; animation_delay=&#8221;100ms&#8221; animation_intensity_slide=&#8221;4%&#8221; locked=&#8221;off&#8221; global_colors_info=&#8221;{}&#8221;]<\/p>\n<h1>Interprete a Lisbona<\/h1>\n<p>[\/et_pb_text][et_pb_text admin_label=&#8221;Subtitle&#8221; _builder_version=&#8221;4.14.0&#8243; text_font=&#8221;Montserrat||||&#8221; text_text_color=&#8221;#747d88&#8243; text_font_size=&#8221;16px&#8221; text_line_height=&#8221;1.8em&#8221; header_font=&#8221;||||||||&#8221; module_alignment=&#8221;left&#8221; custom_margin=&#8221;|||&#8221; custom_padding=&#8221;||||false|false&#8221; animation_style=&#8221;slide&#8221; animation_direction=&#8221;bottom&#8221; animation_delay=&#8221;100ms&#8221; animation_intensity_slide=&#8221;4%&#8221; hover_enabled=&#8221;0&#8243; locked=&#8221;off&#8221; global_colors_info=&#8221;{}&#8221; sticky_enabled=&#8221;0&#8243;]<\/p>\n<p><img loading=\"lazy\" decoding=\"async\" class=\"wp-image-2916 alignnone size-full\" style=\"float: right;\" src=\"http:\/\/mondoagit.com\/wp-content\/uploads\/2021\/10\/Lisboa.png\" alt=\"\" width=\"197\" height=\"296\" \/>Nel caso in cui abbiate bisogno di un <strong>Interprete a Lisbona<\/strong>, la nostra agenzia di traduzioni mette a vostra disposizione i propri interpreti professionisti presenti nelle pi\u00f9 importanti citt\u00e0 d\u2019Europa.<\/p>\n<p>Grazie alla nostra ampia rete di professionisti, possiamo offrirvi questo servizio di interpretariato in numerose lingue quali inglese, francese, italiano, spagnolo, portoghese e tedesco.<\/p>\n<p>Dai nostri uffici presenti in diverse citt\u00e1 europee (vedere <a href=\"http:\/\/mondoagit.com\/it\/agenzia-di-traduzioni-mondo-agit\/uffici-in-europa\/\">uffici in Europa<\/a>) offriamo diverse tipologie d\u2019interpretazione, fra cui interpretazione <a href=\"http:\/\/mondoagit.com\/it\/interprete\/interpretazione-simultanea\/\">simultanea<\/a>, <a href=\"http:\/\/mondoagit.com\/it\/interprete\/interpretazione-consecutiva\/\">consecutiva<\/a>, <a href=\"http:\/\/mondoagit.com\/it\/interprete\/interpretazione-trattativa\/\">trattativa<\/a> e <a href=\"http:\/\/mondoagit.com\/it\/interprete\/interpretazione-sussurrata\/\">sussurrata<\/a>.<\/p>\n<p>I nostri interpreti a Lisbona, professionisti avallati da una ampia esperienza e specializzati nelle rispettive aree di lavoro sulla documentazione ricevuta, se necessario prepareranno l\u2019incontro con il cliente, telefonicamente o di persona.<\/p>\n<p>Vi consigliamo l\u2019invio della <strong>documentazione<\/strong> relativa con una settimana o almeno due giorni di anticipo; in caso contrario il servizio di interpretariato non potr\u00e0 essere assicurato. Senza disporre di tempo sufficiente non \u00e8 possibile preparare una riunione o una presentazione, a maggior ragione un&#8217;interpretazione.<\/p>\n<p>In Mondo Agit ci basiamo sui nostri <a href=\"http:\/\/mondoagit.com\/it\/agenzia-di-traduzioni-mondo-agit\/principi\/\">principi<\/a>. Il nostro rapporto qualit\u00e0\/prezzo, altamente concorrenziale, ci rende la vostra miglior scelta. Metteteci alla prova: se cercate un interprete a Lisbona, contattateci.<\/p>\n<p>Per ulteriori informazioni <a href=\"http:\/\/mondoagit.com\/it\/agenzia-di-traduzioni-mondo-agit\/contatti\/\">contattateci<\/a> o inviate una richiesta di <a href=\"http:\/\/mondoagit.com\/it\/agenzia-di-traduzioni-mondo-agit\/contatti\/\">preventivo<\/a>.<\/p>\n<p><em>Nota: tutti i documenti inviati alla nostra agenzia di traduzione saranno trattati con riservatezza e apparterranno al rispettivo proprietario a partire dal momento della richiesta del preventivo per il servizio di interpretariato a Lisbona.<\/em><\/p>\n<p>[\/et_pb_text][\/et_pb_column][\/et_pb_row][et_pb_row _builder_version=&#8221;4.6.3&#8243; _module_preset=&#8221;default&#8221; custom_padding=&#8221;0px|||||&#8221; locked=&#8221;off&#8221; global_colors_info=&#8221;{}&#8221;][et_pb_column type=&#8221;4_4&#8243; _builder_version=&#8221;4.6.3&#8243; _module_preset=&#8221;default&#8221; global_colors_info=&#8221;{}&#8221;][et_pb_accordion _builder_version=&#8221;4.11.1&#8243; _module_preset=&#8221;default&#8221; global_colors_info=&#8221;{}&#8221;][et_pb_accordion_item title=&#8221;-&#8221; _builder_version=&#8221;4.6.3&#8243; _module_preset=&#8221;default&#8221; custom_css_main_element=&#8221;display: none; &#8221; global_colors_info=&#8221;{}&#8221; open=&#8221;on&#8221;][\/et_pb_accordion_item][et_pb_accordion_item title=&#8221;Breve descrizione della citt\u00e0 (ampliare)&#8221; open=&#8221;off&#8221; _builder_version=&#8221;4.11.1&#8243; _module_preset=&#8221;default&#8221; global_colors_info=&#8221;{}&#8221;]Lisbona, capitale del Portogallo, \u00e8 la citt\u00e0 pi\u00f9 grande del Paese e una delle pi\u00f9 visitate d&#8217;Europa. Il fascino di Lisbona risiede nel clima, i monumenti, la storia ed il paesaggio verde e rigoglioso.<br \/>\nSituata su sette colline accanto a un fiume, Lisbona vi stupir\u00e0 per la sua offerta culturale, l&#8217;atmosfera rilassata, il bel tempo, le correnti di tendenza e la vita notturna.<\/p>\n<p>Lisbona \u00e8 anche simbolo dell&#8217;epoca delle scoperte geografiche, che ne costitu\u00ec l&#8217;et\u00e0 dell&#8217;oro. E\u2019 dalle spiagge di Bel\u00e9m, infatti, che le navi di Vasco de Gama partirono alla scoperta della rotta per l&#8217;India; in ricordo di ci\u00f2 venne eretto nel 1960 il moderno \u201cPedr\u00e3o dos Descobrimentos\u201d (Monumento delle Scoperte), in omaggio ai pi\u00f9 importanti navigatori portoghesi.<\/p>\n<p><strong><span style=\"font-size: large;\">Cosa fare a Lisbona<\/span><\/strong><\/p>\n<p>&#8211; Passeggiare lungo gli ampi viali alberati, impreziositi da palazzi in stile liberty, marciapiedi a mosaico e caff\u00e8 con dehors.<br \/>\n&#8211; Tra una passeggiata e l&#8217;altra visitare la Torre di Bel\u00e9m, monumento dichiarato Patrimonio dell&#8217;Umanit\u00e0, e divenuta uno dei simboli dell&#8217;epoca delle grandi scoperte; il suo stile mescola sapientemente elementi gotici, bizantini e manuelini. Non perdetevi inoltre il castello di S\u00e3o Jorge e la Cattedrale di Santa Maria Major.<br \/>\n&#8211; Addentrarsi nelle vie strette del quartiere del Bairro Alto, uno dei pochi salvatisi dopo il terremoto del 1755, lasciandosi alle spalle le strade affollate di negozi e turisti che regnano nel Rossio e facendo sosta nelle buie taverne dove alla sera si canta il fado, canzone popolare di Lisbona e caratteristica della nobile cultura portoghese, che ne rispecchia l&#8217;animo autentico, profondo e malinconico.<br \/>\n&#8211; Lasciarsi conquistare dall&#8217;Alfama, il quartiere vecchio e centro storico della citt\u00e0, che ben rispecchia il misto di culture che hanno plasmato la citt\u00e0: fenici, iberi, romani e musulmani, che contribuirono alla sua diversit\u00e0 culturale.<br \/>\n&#8211; Lasciarsi conquistare dalla zona del Chiado, altra zona leggendaria e nota per le sue associazioni culturali e le statue di personaggi letterari, primo fra tutti il &#8220;poeta di Lisbona&#8221;, vale a dire Fernando Pessoa.<br \/>\n&#8211; Non perdetevi l&#8217;immancabile gita al mare, attraversando Cascois ed Estoril per raggiungere il magnifico litorale, dove le onde dell&#8217;Atlantico si frangono contro l&#8217;imponenza della scogliera.<br \/>\n&#8211; Assaporare la cucina locale, economica e deliziosa, e dalle porzioni alquanto generose. Il pasto tradizionale comprende sardinhas assadas (sardine alla brace) e past\u00e9is de bacalhau (crocchette di merluzzo). Il cibo si pu\u00f2 annaffiare con i buoni vini portoghesi o con il porto, la bevanda divenuta sinonimo del Portogallo. Non dimenticate anche le past\u00e8is de nata, le paste alla crema pi\u00f9 tipiche di Lisbona.[\/et_pb_accordion_item][\/et_pb_accordion][\/et_pb_column][\/et_pb_row][\/et_pb_section][et_pb_section fb_built=&#8221;1&#8243; _builder_version=&#8221;4.6.3&#8243; _module_preset=&#8221;default&#8221; locked=&#8221;off&#8221; global_colors_info=&#8221;{}&#8221;][et_pb_row use_custom_gutter=&#8221;on&#8221; _builder_version=&#8221;4.6.3&#8243; _module_preset=&#8221;default&#8221; width=&#8221;100%&#8221; max_width=&#8221;1200px&#8221; module_alignment=&#8221;center&#8221; global_colors_info=&#8221;{}&#8221;][et_pb_column type=&#8221;4_4&#8243; _builder_version=&#8221;4.6.3&#8243; _module_preset=&#8221;default&#8221; global_colors_info=&#8221;{}&#8221;][et_pb_text admin_label=&#8221;Title&#8221; _builder_version=&#8221;4.6.3&#8243; text_font=&#8221;Montserrat||||||||&#8221; text_text_color=&#8221;#747d88&#8243; text_font_size=&#8221;16px&#8221; text_line_height=&#8221;1.9em&#8221; header_font=&#8221;||||||||&#8221; header_text_align=&#8221;left&#8221; header_2_font=&#8221;Montserrat|700||on|||||&#8221; header_2_font_size=&#8221;42px&#8221; header_2_line_height=&#8221;1.3em&#8221; text_orientation=&#8221;center&#8221; max_width=&#8221;1400px&#8221; module_alignment=&#8221;center&#8221; animation_style=&#8221;slide&#8221; animation_direction=&#8221;bottom&#8221; animation_intensity_slide=&#8221;4%&#8221; locked=&#8221;off&#8221; global_colors_info=&#8221;{}&#8221;]<\/p>\n<h2 style=\"text-align: center;\">Alcuni dei nostri clienti soddisfatti:<\/h2>\n<p>[\/et_pb_text][et_pb_gallery gallery_ids=&#8221;2583,2577,2580,2589&#8243; gallery_orderby=&#8221;rand&#8221; orientation=&#8221;portrait&#8221; show_title_and_caption=&#8221;off&#8221; show_pagination=&#8221;off&#8221; _builder_version=&#8221;4.6.3&#8243; _module_preset=&#8221;default&#8221; width=&#8221;100%&#8221; max_width=&#8221;80%&#8221; module_alignment=&#8221;center&#8221; global_colors_info=&#8221;{}&#8221;][\/et_pb_gallery][et_pb_gallery gallery_ids=&#8221;2592,2601,2604,2607&#8243; gallery_orderby=&#8221;rand&#8221; orientation=&#8221;portrait&#8221; show_title_and_caption=&#8221;off&#8221; show_pagination=&#8221;off&#8221; _builder_version=&#8221;4.6.3&#8243; _module_preset=&#8221;default&#8221; width=&#8221;100%&#8221; max_width=&#8221;80%&#8221; module_alignment=&#8221;center&#8221; global_colors_info=&#8221;{}&#8221;][\/et_pb_gallery][\/et_pb_column][\/et_pb_row][\/et_pb_section]<\/p>\n","protected":false},"excerpt":{"rendered":"<p>Avete bisogno di un preventivo gratuito e non vincolante? Interprete a LisbonaNel caso in cui abbiate bisogno di un Interprete a Lisbona, la nostra agenzia di traduzioni mette a vostra disposizione i propri interpreti professionisti presenti nelle pi\u00f9 importanti citt\u00e0 d\u2019Europa. Grazie alla nostra ampia rete di professionisti, possiamo offrirvi questo servizio di interpretariato in [&hellip;]<\/p>\n","protected":false},"author":6,"featured_media":0,"parent":3302,"menu_order":0,"comment_status":"closed","ping_status":"closed","template":"","meta":{"_et_pb_use_builder":"on","_et_pb_old_content":"","_et_gb_content_width":"","om_disable_all_campaigns":false,"_monsterinsights_skip_tracking":false,"_monsterinsights_sitenote_active":false,"_monsterinsights_sitenote_note":"","_monsterinsights_sitenote_category":0,"footnotes":""},"class_list":["post-3306","page","type-page","status-publish","hentry"],"aioseo_notices":[],"_links":{"self":[{"href":"https:\/\/mondoagit.com\/it\/wp-json\/wp\/v2\/pages\/3306","targetHints":{"allow":["GET"]}}],"collection":[{"href":"https:\/\/mondoagit.com\/it\/wp-json\/wp\/v2\/pages"}],"about":[{"href":"https:\/\/mondoagit.com\/it\/wp-json\/wp\/v2\/types\/page"}],"author":[{"embeddable":true,"href":"https:\/\/mondoagit.com\/it\/wp-json\/wp\/v2\/users\/6"}],"replies":[{"embeddable":true,"href":"https:\/\/mondoagit.com\/it\/wp-json\/wp\/v2\/comments?post=3306"}],"version-history":[{"count":5,"href":"https:\/\/mondoagit.com\/it\/wp-json\/wp\/v2\/pages\/3306\/revisions"}],"predecessor-version":[{"id":5315,"href":"https:\/\/mondoagit.com\/it\/wp-json\/wp\/v2\/pages\/3306\/revisions\/5315"}],"up":[{"embeddable":true,"href":"https:\/\/mondoagit.com\/it\/wp-json\/wp\/v2\/pages\/3302"}],"wp:attachment":[{"href":"https:\/\/mondoagit.com\/it\/wp-json\/wp\/v2\/media?parent=3306"}],"curies":[{"name":"wp","href":"https:\/\/api.w.org\/{rel}","templated":true}]}}