{"id":3310,"date":"2021-11-29T00:11:06","date_gmt":"2021-11-28T23:11:06","guid":{"rendered":"http:\/\/temp.mondoagit.com\/interpreti-nelle-citta\/interprete-in-portogallo\/interprete-a-maia\/"},"modified":"2022-01-07T13:49:48","modified_gmt":"2022-01-07T12:49:48","slug":"interprete-a-maia","status":"publish","type":"page","link":"https:\/\/mondoagit.com\/it\/interprete\/interpreti-nelle-citta\/interprete-in-portogallo\/interprete-a-maia\/","title":{"rendered":"Interprete a Maia"},"content":{"rendered":"<p>[et_pb_section fb_built=&#8221;1&#8243; admin_label=&#8221;Fun Fact Section&#8221; _builder_version=&#8221;4.6.3&#8243; background_color=&#8221;#ffb141&#8243; min_height=&#8221;200px&#8221; custom_margin=&#8221;|||&#8221; custom_padding=&#8221;||||false|false&#8221; global_colors_info=&#8221;{}&#8221;][et_pb_row _builder_version=&#8221;4.6.3&#8243; _module_preset=&#8221;default&#8221; global_colors_info=&#8221;{}&#8221;][et_pb_column type=&#8221;4_4&#8243; _builder_version=&#8221;4.6.3&#8243; _module_preset=&#8221;default&#8221; global_colors_info=&#8221;{}&#8221;][et_pb_text _builder_version=&#8221;4.6.3&#8243; _module_preset=&#8221;default&#8221; text_text_color=&#8221;#ffffff&#8221; header_text_color=&#8221;#ffffff&#8221; header_2_text_color=&#8221;#ffffff&#8221; header_3_text_color=&#8221;#ffffff&#8221; text_orientation=&#8221;center&#8221; global_colors_info=&#8221;{}&#8221;]<\/p>\n<h2 class=\"call-to-action-1-text\"><strong>Avete bisogno di un preventivo gratuito e non vincolante?<\/strong><\/h2>\n<p>[\/et_pb_text][et_pb_button button_url=&#8221;http:\/\/mondoagit.com\/it\/agenzia-di-traduzioni-mondo-agit\/contatti\/&#8221; button_text=&#8221;Richiedere preventivo&#8221; button_alignment=&#8221;center&#8221; _builder_version=&#8221;4.14.0&#8243; _module_preset=&#8221;default&#8221; custom_button=&#8221;on&#8221; button_text_color=&#8221;#ffffff&#8221; hover_enabled=&#8221;0&#8243; global_colors_info=&#8221;{}&#8221; sticky_enabled=&#8221;0&#8243;][\/et_pb_button][\/et_pb_column][\/et_pb_row][\/et_pb_section][et_pb_section fb_built=&#8221;1&#8243; admin_label=&#8221;Feature Section&#8221; _builder_version=&#8221;4.6.3&#8243; custom_margin=&#8221;|||&#8221; custom_padding=&#8221;65px||34px|||&#8221; global_colors_info=&#8221;{}&#8221;][et_pb_row _builder_version=&#8221;4.11.1&#8243; _module_preset=&#8221;default&#8221; custom_padding=&#8221;0px|||||&#8221; global_colors_info=&#8221;{}&#8221;][et_pb_column type=&#8221;4_4&#8243; _builder_version=&#8221;4.11.1&#8243; _module_preset=&#8221;default&#8221; global_colors_info=&#8221;{}&#8221;][et_pb_text admin_label=&#8221;Subtitle&#8221; _builder_version=&#8221;4.11.1&#8243; text_font=&#8221;Montserrat||||&#8221; text_text_color=&#8221;#747d88&#8243; text_font_size=&#8221;16px&#8221; text_line_height=&#8221;1.8em&#8221; header_font=&#8221;||||||||&#8221; module_alignment=&#8221;left&#8221; custom_margin=&#8221;|||&#8221; custom_padding=&#8221;||||false|false&#8221; animation_style=&#8221;slide&#8221; animation_direction=&#8221;bottom&#8221; animation_delay=&#8221;100ms&#8221; animation_intensity_slide=&#8221;4%&#8221; locked=&#8221;off&#8221; global_colors_info=&#8221;{}&#8221;]<\/p>\n<h1>Interprete a Maia<\/h1>\n<p>[\/et_pb_text][et_pb_text admin_label=&#8221;Subtitle&#8221; _builder_version=&#8221;4.11.1&#8243; text_font=&#8221;Montserrat||||&#8221; text_text_color=&#8221;#747d88&#8243; text_font_size=&#8221;16px&#8221; text_line_height=&#8221;1.8em&#8221; header_font=&#8221;||||||||&#8221; module_alignment=&#8221;left&#8221; custom_margin=&#8221;|||&#8221; custom_padding=&#8221;||||false|false&#8221; animation_style=&#8221;slide&#8221; animation_direction=&#8221;bottom&#8221; animation_delay=&#8221;100ms&#8221; animation_intensity_slide=&#8221;4%&#8221; locked=&#8221;off&#8221; global_colors_info=&#8221;{}&#8221;]<\/p>\n<p><img loading=\"lazy\" decoding=\"async\" src=\"http:\/\/mondoagit.com\/wp-content\/uploads\/2021\/10\/interprete.jpg\" width=\"404\" height=\"303\" alt=\"\" class=\"wp-image-1177 alignnone size-full\" style=\"float: right;\" \/>Nel caso in cui abbiate bisogno di un <strong>Interprete a Maia<\/strong>, la nostra agenzia di traduzioni mette a vostra disposizione i propri interpreti professionisti presenti nelle pi\u00f9 importanti citt\u00e0 d\u2019Europa.<\/p>\n<p>Grazie alla nostra ampia rete di professionisti, possiamo offrirvi questo servizio di interpretariato in numerose lingue quali inglese, francese, italiano, spagnolo, portoghese e tedesco.<\/p>\n<p>Dai nostri uffici presenti in diverse citt\u00e1 europee (vedere <a href=\"http:\/\/mondoagit.com\/it\/agenzia-di-traduzioni-mondo-agit\/uffici-in-europa\/\">uffici in Europa<\/a>) offriamo diverse tipologie d\u2019interpretazione, fra cui interpretazione <a href=\"http:\/\/mondoagit.com\/it\/interprete\/interpretazione-simultanea\/\">simultanea<\/a>, <a href=\"http:\/\/mondoagit.com\/it\/interprete\/interpretazione-consecutiva\/\">consecutiva<\/a>, <a href=\"http:\/\/mondoagit.com\/it\/interprete\/interpretazione-trattativa\/\">trattativa<\/a> e <a href=\"http:\/\/mondoagit.com\/it\/interprete\/interpretazione-sussurrata\/\">sussurrata<\/a>.<\/p>\n<p>I nostri interpreti a Maia, professionisti avallati da una ampia esperienza e specializzati nelle rispettive aree di lavoro sulla documentazione ricevuta, se necessario prepareranno l\u2019incontro con il cliente, telefonicamente o di persona.<\/p>\n<p>Vi consigliamo l\u2019invio della <strong>documentazione<\/strong> relativa con una settimana o almeno due giorni di anticipo; in caso contrario il servizio di interpretariato non potr\u00e0 essere assicurato. Senza disporre di tempo sufficiente non \u00e8 possibile preparare una riunione o una presentazione, a maggior ragione un&#8217;interpretazione.<\/p>\n<p>In Mondo Agit ci basiamo sui nostri <a href=\"http:\/\/mondoagit.com\/it\/agenzia-di-traduzioni-mondo-agit\/principi\/\">principi<\/a>. Il nostro rapporto qualit\u00e0\/prezzo, altamente concorrenziale, ci rende la vostra miglior scelta. Metteteci alla prova: se cercate un interprete a Maia, contattateci.<\/p>\n<p>Per ulteriori informazioni <a href=\"http:\/\/mondoagit.com\/it\/agenzia-di-traduzioni-mondo-agit\/contatti\/\">contattateci<\/a> o inviate una richiesta di <a href=\"http:\/\/mondoagit.com\/it\/agenzia-di-traduzioni-mondo-agit\/contatti\/\">preventivo<\/a>.<\/p>\n<p><em>Nota: tutti i documenti inviati alla nostra agenzia di traduzione saranno trattati con riservatezza e apparterranno al rispettivo proprietario a partire dal momento della richiesta del preventivo per il servizio di interpretariato a Maia.<\/em><\/p>\n<p>[\/et_pb_text][\/et_pb_column][\/et_pb_row][et_pb_row _builder_version=&#8221;4.6.3&#8243; _module_preset=&#8221;default&#8221; custom_padding=&#8221;0px|||||&#8221; locked=&#8221;off&#8221; global_colors_info=&#8221;{}&#8221;][et_pb_column type=&#8221;4_4&#8243; _builder_version=&#8221;4.6.3&#8243; _module_preset=&#8221;default&#8221; global_colors_info=&#8221;{}&#8221;][et_pb_accordion _builder_version=&#8221;4.11.1&#8243; _module_preset=&#8221;default&#8221; global_colors_info=&#8221;{}&#8221;][et_pb_accordion_item title=&#8221;-&#8221; open=&#8221;off&#8221; _builder_version=&#8221;4.6.3&#8243; _module_preset=&#8221;default&#8221; custom_css_main_element=&#8221;display: none; &#8221; global_colors_info=&#8221;{}&#8221;][\/et_pb_accordion_item][et_pb_accordion_item title=&#8221;Breve descrizione della citt\u00e0 (ampliare)&#8221; _builder_version=&#8221;4.11.1&#8243; _module_preset=&#8221;default&#8221; global_colors_info=&#8221;{}&#8221; open=&#8221;on&#8221;]<\/p>\n<p>Maia, quinto comune portoghese per importanza, situato nel distretto di Oporto (Distrito do Porto) nella regione di Grande Porto, \u00e9 una citt\u00e1 di particolare rilevanza per il Nord del Portogallo (Regi\u00e3o Norte).<br \/>\nLe peculiari condizioni geografiche e la presenza di terreni particolarmente fertili, hanno favorito fin dai secoli pi\u00fa remoti l\u2019insediamento umano in questa parte della penisola, tanto da essere considerata, grazie alla presenza di alcuni retaggi preistorici, strettamente legata alla formazione del Portogallo come nazione. Sembra infatti che il primo re del Portogallo, Alfonso Henr\u00edques, sia cresciuto proprio a Maia.<br \/>\nDato il suo sviluppo rapido e precoce, Maia riceve nel 1902 lo status di &#8220;vila&#8221; (piccola citt\u00e1) e di citt\u00e1 (cidade) nel 1986. Oggi Maia si trova alla fine di un percorso, intrapreso poco pi\u00f9 di 20 anni fa, che ha trasformato un comune prettamente rurale in un comune che, con i suoi 120.000 abitanti, una superficie di 83 km2 e 17 unit\u00e0 amministrative, gode di uno dei migliori indici di sviluppo e di qualit\u00e1 della vita di tutto il Portogallo e tra i primi dell&#8217; Unione Europea.<\/p>\n<p>Nota in passato per fornire i materiali necessari alla produzione delle vele destinate alle caravelle che nel XV secolo solcarono i mari alla scoperta del nuovo mondo, Maia \u00e9 oggi un fulcro cruciale a livello industriale grazie alla presenza di uno dei maggiori parchi industriali della regione di Porto.<\/p>\n<p><strong><span style=\"font-size: large;\">Cosa fare a Maia?<\/span><\/strong><\/p>\n<p>Come importante centro culturale, Maia offre diverse attivit\u00e1 legate alla musica, al teatro, alle arti e alle tradizioni locali. A seconda dei gusti e degli interessi, il visitatore potr\u00e0 scoprire una citt\u00e0 in grado di coniugare il proprio passato storico e rurale, alla scoperta di magnifiche chiese, musei, antiche case e cascine di campagna, casali di fine Medioevo e resti di ville romane ad un presente moderno, contemporaneo dove l\u2019architettura pi\u00fa recente trova la sua massima espressione.<\/p>\n<p>Da non perdere assolutamente:<\/p>\n<p>La chiesa di Santa Maria, monumento nazionale dal 1884 in stile romanico; la cappella di Nossa Senhora da Guadalupe, ricostruita nel 1633; la Chiesa conventuale di S. Salvador, un tempo monastero \u00e8 oggi una delle pi\u00f9 antiche diocesi di Oporto; la chiesa di S. Miguel da Maia \u00e8 uno dei pi\u00f9 bei templi di Grande Porto sia in termini architettonici che ornamentali.<\/p>\n<p>Uno dei simboli della citt\u00e1 \u00e9 senza dubbio la Torre Lidador, Torre Municipal de Servi\u00e7os, opera inaugurata nel 2001, che riassume in s\u00e9 il carattere dinamico della citt\u00e1 di Maia e dei suoi cittadini. Pensato inizialmente come sede degli uffici comunali, la Torre \u00e9 presto diventata determinante nel processo di sviluppo sostenibile del paese, una sorta di porta di accesso verso una nuova fase di progresso e di sviluppo. La sua imponenza a livello di dimensioni, 20 piani, la identifica non solo come punto di riferimento geografico per la citt\u00e1 ma per tutta la regione. Sinonimo di sviluppo, capacit\u00e1 di lavoro e spirito imprenditoriale ma soprattutto di trasparenza, apertura ed accessibilit\u00e1 della citt\u00e1 nei confronti dei suoi cittadini.<\/p>\n<p>La statua del Doutor Jos\u00e9 Vieira, protagonista importante della vita politica di Maia, insieme alla statua del Lidador, &#8220;il Combattente&#8221;, omaggio a Gon\u00e7alo Mendes da Maia che lott\u00f2 per l\u2019indipendenza del Portogallo; la statua del Visconde da Barreiros, grande benefattore della citt\u00e0.<\/p>\n<p>Una passeggiata nella piazza Doutor Jos\u00e9 Vieira da Carvalho, vecchia piazza del comune e attuale centro civico della citt\u00e0; la Plaza ej\u00e9rcito libertador, dove si accamparono gli eserciti liberali dopo lo sbarco a Pampelido nella notte dell\u2019 8 luglio 1832.<\/p>\n<p>Il Campa do Preto, luogo di culto pagano; il foro di Maia, con 13.000 m2 di superficie coperta \u00e8 uno dei maggiori centri culturali di tutta la regione del nord; lo Zoo di Maia, con pi\u00fa di 600 animali e 200 specie diverse.<\/p>\n<p>Il monumento alla comunit\u00e0 di Maia, edificio a forma di piramide eretto in omaggio alla citt\u00e0 e ai suoi cittadini. La piramide rappresenta il vigore con il quale la comunit\u00e0 si \u00e8 evoluta nelgi ultimi anni.<\/p>\n<p>Il monumento ao Triunfo das gentes da Maia, costituito da 3 pilastri in uno spazio circolare, trasmette la semplicit\u00e0 e allo stesso tempo la rettitudine dei cittadini di Maia. Le aperture simboleggiano il carattere lungimerante e il pluralismo di visioni tipico di questa citt\u00e0. I tre pilastri corrispondono ai tre principali valori sui cui si regge la citt\u00e0: la religione, il lavoro e la cultura popolare e rurale. In definitiva una celebrazione del trionfo della citt\u00e0.<\/p>\n<p>Una degustazione alla Quinta de Santa Cruz, area di 3 ettari, parte del percorso dei &#8220;vinhos verdes&#8221; il cui obiettivo \u00e8 stimolare lo svilppo del potenziale turistico della Denominazione di Origine dei &#8220;vinhos verdes&#8221;.<\/p>\n<p>Godetevi una vista mozzafiato da uno dei numerosi osservatori, tra cui il Monte De St. Cruz, il pi\u00f9 popolare.<\/p>\n<p>Lasciatevi sedurre dalla tipica gastronomia portoghese. Dal &#8220;bacalao al Lidador&#8221; e i &#8220;chicharrones&#8221; ai squisiti dolci come le &#8220;boronas de hinojo&#8221;, il p\u00e3o doce, la &#8220;aletr\u00eca&#8221; e le &#8220;torrijas&#8221;. Senza dimenticare ovviamente un buon &#8220;vinho verde&#8221;.<\/p>\n<p>[\/et_pb_accordion_item][\/et_pb_accordion][\/et_pb_column][\/et_pb_row][\/et_pb_section][et_pb_section fb_built=&#8221;1&#8243; _builder_version=&#8221;4.6.3&#8243; _module_preset=&#8221;default&#8221; locked=&#8221;off&#8221; global_colors_info=&#8221;{}&#8221;][et_pb_row use_custom_gutter=&#8221;on&#8221; _builder_version=&#8221;4.6.3&#8243; _module_preset=&#8221;default&#8221; width=&#8221;100%&#8221; max_width=&#8221;1200px&#8221; module_alignment=&#8221;center&#8221; global_colors_info=&#8221;{}&#8221;][et_pb_column type=&#8221;4_4&#8243; _builder_version=&#8221;4.6.3&#8243; _module_preset=&#8221;default&#8221; global_colors_info=&#8221;{}&#8221;][et_pb_text admin_label=&#8221;Title&#8221; _builder_version=&#8221;4.6.3&#8243; text_font=&#8221;Montserrat||||||||&#8221; text_text_color=&#8221;#747d88&#8243; text_font_size=&#8221;16px&#8221; text_line_height=&#8221;1.9em&#8221; header_font=&#8221;||||||||&#8221; header_text_align=&#8221;left&#8221; header_2_font=&#8221;Montserrat|700||on|||||&#8221; header_2_font_size=&#8221;42px&#8221; header_2_line_height=&#8221;1.3em&#8221; text_orientation=&#8221;center&#8221; max_width=&#8221;1400px&#8221; module_alignment=&#8221;center&#8221; animation_style=&#8221;slide&#8221; animation_direction=&#8221;bottom&#8221; animation_intensity_slide=&#8221;4%&#8221; locked=&#8221;off&#8221; global_colors_info=&#8221;{}&#8221;]<\/p>\n<h2 style=\"text-align: center;\">Alcuni dei nostri clienti soddisfatti:<\/h2>\n<p>[\/et_pb_text][et_pb_gallery gallery_ids=&#8221;2583,2577,2580,2589&#8243; gallery_orderby=&#8221;rand&#8221; orientation=&#8221;portrait&#8221; show_title_and_caption=&#8221;off&#8221; show_pagination=&#8221;off&#8221; _builder_version=&#8221;4.6.3&#8243; _module_preset=&#8221;default&#8221; width=&#8221;100%&#8221; max_width=&#8221;80%&#8221; module_alignment=&#8221;center&#8221; global_colors_info=&#8221;{}&#8221;][\/et_pb_gallery][et_pb_gallery gallery_ids=&#8221;2592,2601,2604,2607&#8243; gallery_orderby=&#8221;rand&#8221; orientation=&#8221;portrait&#8221; show_title_and_caption=&#8221;off&#8221; show_pagination=&#8221;off&#8221; _builder_version=&#8221;4.6.3&#8243; _module_preset=&#8221;default&#8221; width=&#8221;100%&#8221; max_width=&#8221;80%&#8221; module_alignment=&#8221;center&#8221; global_colors_info=&#8221;{}&#8221;][\/et_pb_gallery][\/et_pb_column][\/et_pb_row][\/et_pb_section]<\/p>\n","protected":false},"excerpt":{"rendered":"<p>Avete bisogno di un preventivo gratuito e non vincolante? Interprete a MaiaNel caso in cui abbiate bisogno di un Interprete a Maia, la nostra agenzia di traduzioni mette a vostra disposizione i propri interpreti professionisti presenti nelle pi\u00f9 importanti citt\u00e0 d\u2019Europa. Grazie alla nostra ampia rete di professionisti, possiamo offrirvi questo servizio di interpretariato in [&hellip;]<\/p>\n","protected":false},"author":6,"featured_media":0,"parent":3302,"menu_order":0,"comment_status":"closed","ping_status":"closed","template":"","meta":{"_et_pb_use_builder":"on","_et_pb_old_content":"","_et_gb_content_width":"","om_disable_all_campaigns":false,"_monsterinsights_skip_tracking":false,"_monsterinsights_sitenote_active":false,"_monsterinsights_sitenote_note":"","_monsterinsights_sitenote_category":0,"footnotes":""},"class_list":["post-3310","page","type-page","status-publish","hentry"],"aioseo_notices":[],"_links":{"self":[{"href":"https:\/\/mondoagit.com\/it\/wp-json\/wp\/v2\/pages\/3310","targetHints":{"allow":["GET"]}}],"collection":[{"href":"https:\/\/mondoagit.com\/it\/wp-json\/wp\/v2\/pages"}],"about":[{"href":"https:\/\/mondoagit.com\/it\/wp-json\/wp\/v2\/types\/page"}],"author":[{"embeddable":true,"href":"https:\/\/mondoagit.com\/it\/wp-json\/wp\/v2\/users\/6"}],"replies":[{"embeddable":true,"href":"https:\/\/mondoagit.com\/it\/wp-json\/wp\/v2\/comments?post=3310"}],"version-history":[{"count":4,"href":"https:\/\/mondoagit.com\/it\/wp-json\/wp\/v2\/pages\/3310\/revisions"}],"predecessor-version":[{"id":5316,"href":"https:\/\/mondoagit.com\/it\/wp-json\/wp\/v2\/pages\/3310\/revisions\/5316"}],"up":[{"embeddable":true,"href":"https:\/\/mondoagit.com\/it\/wp-json\/wp\/v2\/pages\/3302"}],"wp:attachment":[{"href":"https:\/\/mondoagit.com\/it\/wp-json\/wp\/v2\/media?parent=3310"}],"curies":[{"name":"wp","href":"https:\/\/api.w.org\/{rel}","templated":true}]}}