{"id":3354,"date":"2021-11-30T11:22:01","date_gmt":"2021-11-30T10:22:01","guid":{"rendered":"http:\/\/temp.mondoagit.com\/interpreti-nelle-citta\/interprete-in-regno-unito\/interprete-a-manchester\/"},"modified":"2022-01-08T17:07:01","modified_gmt":"2022-01-08T16:07:01","slug":"interprete-a-manchester","status":"publish","type":"page","link":"https:\/\/mondoagit.com\/it\/interprete\/interpreti-nelle-citta\/interprete-in-regno-unito\/interprete-a-manchester\/","title":{"rendered":"Interprete a Manchester"},"content":{"rendered":"<p>[et_pb_section fb_built=&#8221;1&#8243; admin_label=&#8221;Fun Fact Section&#8221; _builder_version=&#8221;4.6.3&#8243; background_color=&#8221;#ffb141&#8243; min_height=&#8221;200px&#8221; custom_margin=&#8221;|||&#8221; custom_padding=&#8221;||||false|false&#8221; global_colors_info=&#8221;{}&#8221;][et_pb_row _builder_version=&#8221;4.6.3&#8243; _module_preset=&#8221;default&#8221; global_colors_info=&#8221;{}&#8221;][et_pb_column type=&#8221;4_4&#8243; _builder_version=&#8221;4.6.3&#8243; _module_preset=&#8221;default&#8221; global_colors_info=&#8221;{}&#8221;][et_pb_text _builder_version=&#8221;4.6.3&#8243; _module_preset=&#8221;default&#8221; text_text_color=&#8221;#ffffff&#8221; header_text_color=&#8221;#ffffff&#8221; header_2_text_color=&#8221;#ffffff&#8221; header_3_text_color=&#8221;#ffffff&#8221; text_orientation=&#8221;center&#8221; global_colors_info=&#8221;{}&#8221;]<\/p>\n<h2 class=\"call-to-action-1-text\"><strong>Avete bisogno di un preventivo gratuito e non vincolante?<\/strong><\/h2>\n<p>[\/et_pb_text][et_pb_button button_url=&#8221;http:\/\/mondoagit.com\/it\/agenzia-di-traduzioni-mondo-agit\/contatti\/&#8221; button_text=&#8221;Richiedere preventivo&#8221; button_alignment=&#8221;center&#8221; _builder_version=&#8221;4.14.0&#8243; _module_preset=&#8221;default&#8221; custom_button=&#8221;on&#8221; button_text_color=&#8221;#ffffff&#8221; hover_enabled=&#8221;0&#8243; global_colors_info=&#8221;{}&#8221; sticky_enabled=&#8221;0&#8243;][\/et_pb_button][\/et_pb_column][\/et_pb_row][\/et_pb_section][et_pb_section fb_built=&#8221;1&#8243; admin_label=&#8221;Feature Section&#8221; _builder_version=&#8221;4.6.3&#8243; custom_margin=&#8221;|||&#8221; custom_padding=&#8221;65px||34px|||&#8221; global_colors_info=&#8221;{}&#8221;][et_pb_row _builder_version=&#8221;4.11.1&#8243; _module_preset=&#8221;default&#8221; custom_padding=&#8221;0px|||||&#8221; global_colors_info=&#8221;{}&#8221;][et_pb_column type=&#8221;4_4&#8243; _builder_version=&#8221;4.11.1&#8243; _module_preset=&#8221;default&#8221; global_colors_info=&#8221;{}&#8221;][et_pb_text admin_label=&#8221;Subtitle&#8221; _builder_version=&#8221;4.11.1&#8243; text_font=&#8221;Montserrat||||&#8221; text_text_color=&#8221;#747d88&#8243; text_font_size=&#8221;16px&#8221; text_line_height=&#8221;1.8em&#8221; header_font=&#8221;||||||||&#8221; module_alignment=&#8221;left&#8221; custom_margin=&#8221;|||&#8221; custom_padding=&#8221;||||false|false&#8221; animation_style=&#8221;slide&#8221; animation_direction=&#8221;bottom&#8221; animation_delay=&#8221;100ms&#8221; animation_intensity_slide=&#8221;4%&#8221; locked=&#8221;off&#8221; global_colors_info=&#8221;{}&#8221;]<\/p>\n<h1>Interprete a Manchester<\/h1>\n<p>[\/et_pb_text][et_pb_text admin_label=&#8221;Subtitle&#8221; _builder_version=&#8221;4.11.1&#8243; text_font=&#8221;Montserrat||||&#8221; text_text_color=&#8221;#747d88&#8243; text_font_size=&#8221;16px&#8221; text_line_height=&#8221;1.8em&#8221; header_font=&#8221;||||||||&#8221; module_alignment=&#8221;left&#8221; custom_margin=&#8221;|||&#8221; custom_padding=&#8221;||||false|false&#8221; animation_style=&#8221;slide&#8221; animation_direction=&#8221;bottom&#8221; animation_delay=&#8221;100ms&#8221; animation_intensity_slide=&#8221;4%&#8221; locked=&#8221;off&#8221; global_colors_info=&#8221;{}&#8221;]<\/p>\n<p>Nel caso in cui abbiate bisogno di un <strong>Interprete a Manchester<\/strong>, la nostra agenzia di traduzioni mette a vostra disposizione i propri interpreti professionisti presenti nelle pi\u00f9 importanti citt\u00e0 d\u2019Europa.<\/p>\n<p>Grazie alla nostra ampia rete di professionisti, possiamo offrirvi questo servizio di interpretariato in numerose lingue quali inglese, francese, italiano, spagnolo, portoghese e tedesco.<\/p>\n<p>Dai nostri uffici presenti in diverse citt\u00e1 europee (vedere <a href=\"http:\/\/mondoagit.com\/it\/agenzia-di-traduzioni-mondo-agit\/uffici-in-europa\/\">uffici in Europa<\/a>) offriamo diverse tipologie d\u2019interpretazione, fra cui interpretazione <a href=\"http:\/\/mondoagit.com\/it\/interprete\/interpretazione-simultanea\/\">simultanea<\/a>, <a href=\"http:\/\/mondoagit.com\/it\/interprete\/interpretazione-consecutiva\/\">consecutiva<\/a>, <a href=\"http:\/\/mondoagit.com\/it\/interprete\/interpretazione-trattativa\/\">trattativa<\/a> e <a href=\"http:\/\/mondoagit.com\/it\/interprete\/interpretazione-sussurrata\/\">sussurrata<\/a>.<\/p>\n<p>I nostri interpreti a Manchester, professionisti avallati da una ampia esperienza e specializzati nelle rispettive aree di lavoro sulla documentazione ricevuta, se necessario prepareranno l\u2019incontro con il cliente, telefonicamente o di persona.<\/p>\n<p>Vi consigliamo l\u2019invio della <strong>documentazione<\/strong> relativa con una settimana o almeno due giorni di anticipo; in caso contrario il servizio di interpretariato non potr\u00e0 essere assicurato. Senza disporre di tempo sufficiente non \u00e8 possibile preparare una riunione o una presentazione, a maggior ragione un&#8217;interpretazione.<\/p>\n<p>In Mondo Agit ci basiamo sui nostri <a href=\"http:\/\/mondoagit.com\/it\/agenzia-di-traduzioni-mondo-agit\/principi\/\">principi<\/a>. Il nostro rapporto qualit\u00e0\/prezzo, altamente concorrenziale, ci rende la vostra miglior scelta. Metteteci alla prova: se cercate un interprete a Manchester, contattateci.<\/p>\n<p>Per ulteriori informazioni <a href=\"http:\/\/mondoagit.com\/it\/agenzia-di-traduzioni-mondo-agit\/contatti\/\">contattateci<\/a> o inviate una richiesta di <a href=\"http:\/\/mondoagit.com\/it\/agenzia-di-traduzioni-mondo-agit\/contatti\/\">preventivo<\/a>.<\/p>\n<p><em>Nota: tutti i documenti inviati alla nostra agenzia di traduzione saranno trattati con riservatezza e apparterranno al rispettivo proprietario a partire dal momento della richiesta del preventivo per il servizio di interpretariato a Manchester.<\/em><\/p>\n<p>[\/et_pb_text][\/et_pb_column][\/et_pb_row][et_pb_row _builder_version=&#8221;4.6.3&#8243; _module_preset=&#8221;default&#8221; custom_padding=&#8221;0px|||||&#8221; locked=&#8221;off&#8221; global_colors_info=&#8221;{}&#8221;][et_pb_column type=&#8221;4_4&#8243; _builder_version=&#8221;4.6.3&#8243; _module_preset=&#8221;default&#8221; global_colors_info=&#8221;{}&#8221;][et_pb_accordion _builder_version=&#8221;4.11.1&#8243; _module_preset=&#8221;default&#8221; global_colors_info=&#8221;{}&#8221;][et_pb_accordion_item title=&#8221;-&#8221; _builder_version=&#8221;4.6.3&#8243; _module_preset=&#8221;default&#8221; custom_css_main_element=&#8221;display: none; &#8221; global_colors_info=&#8221;{}&#8221; open=&#8221;off&#8221;][\/et_pb_accordion_item][et_pb_accordion_item title=&#8221;Breve descrizione della citt\u00e0 (ampliare)&#8221; open=&#8221;on&#8221; _builder_version=&#8221;4.11.1&#8243; _module_preset=&#8221;default&#8221; global_colors_info=&#8221;{}&#8221;]<\/p>\n<p>Manchester, con una popolazione di 430.000 abitanti, \u00e8 la capitale regionale del dell&#8217;Inghilterra nord-orientale e rappresenta la regione economica pi\u00f9 importante del Regno Unito.<\/p>\n<p>Attualmente \u00e8 considerata la citt\u00e0 pi\u00f9 moderna e con maggior brio della Gran Bretagna; si \u00e8 spogliata definitivamente della vecchia immagine di citt\u00e0 industriale, reinventandosi come grande metropoli sempre al passo con le ultime tendenze, caratterizzata da un&#8217;architettura contemporanea, un panorama artistico e culturale d\u2019avanguardia, bar di design e, soprattutto, una proverbiale ospitalit\u00e0.<\/p>\n<p>La citt\u00e0 \u00e8 conosciuta principalmente per la sua maggiore squadra di calcio, il Manchester United, e per i numerosi gruppi musicali che vi si sono formati, come gli Oasis, i Take That e gli Happy Mondays, solo per citarne alcuni.<\/p>\n<p><strong><span style=\"font-size: large;\">Che cosa fare a Manchester?<\/span><\/strong><\/p>\n<p>&#8211; Percorrere la citt\u00e0 ammirando l&#8217;architettura neogotica del Town Hall; l&#8217;elegante Central Libray, dalla pianta circolare ed ispirata al Pantheon di Roma, \u00e8 la biblioteca municipale pi\u00f9 grande del mondo. E, come non citarlo, il magnifico Royal Exchange, che ospita il teatro circolare pi\u00f9 grande al mondo.<\/p>\n<p>&#8211; Visitare i numerosi musei che offre la citt\u00e0, tra cui il Lowry, la Manchester Art Gallery, l&#8217;Urbis ed il Museo di Storia di Manchester, che ospita una ricca collezione sull\u2019Antico Egitto. Nella citt\u00e0 si trova anche la biblioteca John Rylands, in cui si conserva il manoscritto pi\u00f9 antico dei Vangeli, parte del Vangelo secondo Giovanni.<\/p>\n<p>&#8211; Bere un caff\u00e8 nella zona di Castlefield e rilassarsi lungo il Bridgewater Canal, il primo canale costruito dall&#8217;uomo.<\/p>\n<p>&#8211; Fare acquisti nella zona di Urbis, in cui si trova la zona commerciale della citt\u00e0, costituita dai centri commerciali Triangle, Printworks e Arndale Centre.<\/p>\n<p>&#8211; Cedere ai piaceri della gola. Sono tipici di Manchester alcuni tra i pi\u00f9 conosciuti piatti del Regno Unito. \u00c8 una citt\u00e0 internazionale, perfetta per chi intende sperimentare sapori esotici e gusti orientali, ad esempio nella zona di Chinatown dove le antiche tradizioni si mescolano con gusti moderni, pietanze indiane al curry e molto altro.<\/p>\n<p>&#8211; Bevande. Manchester \u00e8 piena di pub e bar. La citt\u00e0 possiede alcuni dei bar pi\u00f9 esclusivi e in voga di tutte le citt\u00e0 del Regno Unito, come ad esempio il Tribeca e il Deansgate Locks ed i nuovi Lima e Buddha Lounge.<\/p>\n<p>&#8211; Ballare. Manchester \u00e8 senza ombra di dubbio una citt\u00e0 piena di vita. Vi sono talmente tante discoteche che \u00e8 addirittura difficile sceglierne una. Le migliori sono l\u2019Emporia, il Tangled e l\u2019Hacienda.<\/p>\n<p>[\/et_pb_accordion_item][\/et_pb_accordion][\/et_pb_column][\/et_pb_row][\/et_pb_section][et_pb_section fb_built=&#8221;1&#8243; _builder_version=&#8221;4.6.3&#8243; _module_preset=&#8221;default&#8221; locked=&#8221;off&#8221; global_colors_info=&#8221;{}&#8221;][et_pb_row use_custom_gutter=&#8221;on&#8221; _builder_version=&#8221;4.6.3&#8243; _module_preset=&#8221;default&#8221; width=&#8221;100%&#8221; max_width=&#8221;1200px&#8221; module_alignment=&#8221;center&#8221; global_colors_info=&#8221;{}&#8221;][et_pb_column type=&#8221;4_4&#8243; _builder_version=&#8221;4.6.3&#8243; _module_preset=&#8221;default&#8221; global_colors_info=&#8221;{}&#8221;][et_pb_text admin_label=&#8221;Title&#8221; _builder_version=&#8221;4.6.3&#8243; text_font=&#8221;Montserrat||||||||&#8221; text_text_color=&#8221;#747d88&#8243; text_font_size=&#8221;16px&#8221; text_line_height=&#8221;1.9em&#8221; header_font=&#8221;||||||||&#8221; header_text_align=&#8221;left&#8221; header_2_font=&#8221;Montserrat|700||on|||||&#8221; header_2_font_size=&#8221;42px&#8221; header_2_line_height=&#8221;1.3em&#8221; text_orientation=&#8221;center&#8221; max_width=&#8221;1400px&#8221; module_alignment=&#8221;center&#8221; animation_style=&#8221;slide&#8221; animation_direction=&#8221;bottom&#8221; animation_intensity_slide=&#8221;4%&#8221; locked=&#8221;off&#8221; global_colors_info=&#8221;{}&#8221;]<\/p>\n<h2 style=\"text-align: center;\">Alcuni dei nostri clienti soddisfatti:<\/h2>\n<p>[\/et_pb_text][et_pb_gallery gallery_ids=&#8221;2583,2577,2580,2589&#8243; gallery_orderby=&#8221;rand&#8221; orientation=&#8221;portrait&#8221; show_title_and_caption=&#8221;off&#8221; show_pagination=&#8221;off&#8221; _builder_version=&#8221;4.6.3&#8243; _module_preset=&#8221;default&#8221; width=&#8221;100%&#8221; max_width=&#8221;80%&#8221; module_alignment=&#8221;center&#8221; global_colors_info=&#8221;{}&#8221;][\/et_pb_gallery][et_pb_gallery gallery_ids=&#8221;2592,2601,2604,2607&#8243; gallery_orderby=&#8221;rand&#8221; orientation=&#8221;portrait&#8221; show_title_and_caption=&#8221;off&#8221; show_pagination=&#8221;off&#8221; _builder_version=&#8221;4.6.3&#8243; _module_preset=&#8221;default&#8221; width=&#8221;100%&#8221; max_width=&#8221;80%&#8221; module_alignment=&#8221;center&#8221; global_colors_info=&#8221;{}&#8221;][\/et_pb_gallery][\/et_pb_column][\/et_pb_row][\/et_pb_section]<\/p>\n","protected":false},"excerpt":{"rendered":"<p>Avete bisogno di un preventivo gratuito e non vincolante? Interprete a ManchesterNel caso in cui abbiate bisogno di un Interprete a Manchester, la nostra agenzia di traduzioni mette a vostra disposizione i propri interpreti professionisti presenti nelle pi\u00f9 importanti citt\u00e0 d\u2019Europa. Grazie alla nostra ampia rete di professionisti, possiamo offrirvi questo servizio di interpretariato in [&hellip;]<\/p>\n","protected":false},"author":6,"featured_media":0,"parent":3318,"menu_order":0,"comment_status":"closed","ping_status":"closed","template":"","meta":{"_et_pb_use_builder":"on","_et_pb_old_content":"","_et_gb_content_width":"","om_disable_all_campaigns":false,"_monsterinsights_skip_tracking":false,"_monsterinsights_sitenote_active":false,"_monsterinsights_sitenote_note":"","_monsterinsights_sitenote_category":0,"footnotes":""},"class_list":["post-3354","page","type-page","status-publish","hentry"],"aioseo_notices":[],"_links":{"self":[{"href":"https:\/\/mondoagit.com\/it\/wp-json\/wp\/v2\/pages\/3354","targetHints":{"allow":["GET"]}}],"collection":[{"href":"https:\/\/mondoagit.com\/it\/wp-json\/wp\/v2\/pages"}],"about":[{"href":"https:\/\/mondoagit.com\/it\/wp-json\/wp\/v2\/types\/page"}],"author":[{"embeddable":true,"href":"https:\/\/mondoagit.com\/it\/wp-json\/wp\/v2\/users\/6"}],"replies":[{"embeddable":true,"href":"https:\/\/mondoagit.com\/it\/wp-json\/wp\/v2\/comments?post=3354"}],"version-history":[{"count":4,"href":"https:\/\/mondoagit.com\/it\/wp-json\/wp\/v2\/pages\/3354\/revisions"}],"predecessor-version":[{"id":5340,"href":"https:\/\/mondoagit.com\/it\/wp-json\/wp\/v2\/pages\/3354\/revisions\/5340"}],"up":[{"embeddable":true,"href":"https:\/\/mondoagit.com\/it\/wp-json\/wp\/v2\/pages\/3318"}],"wp:attachment":[{"href":"https:\/\/mondoagit.com\/it\/wp-json\/wp\/v2\/media?parent=3354"}],"curies":[{"name":"wp","href":"https:\/\/api.w.org\/{rel}","templated":true}]}}