{"id":3577,"date":"2021-12-05T20:10:31","date_gmt":"2021-12-05T19:10:31","guid":{"rendered":"http:\/\/temp.mondoagit.com\/tariffe-mondo-agit\/modalita-di-pagamento\/"},"modified":"2022-01-18T12:35:34","modified_gmt":"2022-01-18T11:35:34","slug":"modalita-di-pagamento","status":"publish","type":"page","link":"https:\/\/mondoagit.com\/it\/tariffe-mondo-agit\/modalita-di-pagamento\/","title":{"rendered":"Modalit\u00e0 di pagamento"},"content":{"rendered":"<p>[et_pb_section fb_built=&#8221;1&#8243; admin_label=&#8221;Fun Fact Section&#8221; _builder_version=&#8221;4.6.3&#8243; background_color=&#8221;#ffb141&#8243; min_height=&#8221;200px&#8221; custom_margin=&#8221;|||&#8221; custom_padding=&#8221;||||false|false&#8221; global_colors_info=&#8221;{}&#8221;][et_pb_row _builder_version=&#8221;4.6.3&#8243; _module_preset=&#8221;default&#8221; global_colors_info=&#8221;{}&#8221;][et_pb_column type=&#8221;4_4&#8243; _builder_version=&#8221;4.6.3&#8243; _module_preset=&#8221;default&#8221; global_colors_info=&#8221;{}&#8221;][et_pb_text _builder_version=&#8221;4.6.3&#8243; _module_preset=&#8221;default&#8221; text_text_color=&#8221;#ffffff&#8221; header_text_color=&#8221;#ffffff&#8221; header_2_text_color=&#8221;#ffffff&#8221; header_3_text_color=&#8221;#ffffff&#8221; text_orientation=&#8221;center&#8221; global_colors_info=&#8221;{}&#8221;]<\/p>\n<h2 class=\"call-to-action-1-text\"><strong>Avete bisogno di un preventivo gratuito e non vincolante?<\/strong><\/h2>\n<p><strong><\/strong><\/p>\n<p>[\/et_pb_text][et_pb_button button_url=&#8221;http:\/\/mondoagit.com\/it\/agenzia-di-traduzioni-mondo-agit\/contatti\/&#8221; button_text=&#8221;Richiedere preventivo&#8221; button_alignment=&#8221;center&#8221; _builder_version=&#8221;4.14.0&#8243; _module_preset=&#8221;default&#8221; custom_button=&#8221;on&#8221; button_text_color=&#8221;#ffffff&#8221; hover_enabled=&#8221;0&#8243; global_colors_info=&#8221;{}&#8221; sticky_enabled=&#8221;0&#8243;][\/et_pb_button][\/et_pb_column][\/et_pb_row][\/et_pb_section][et_pb_section fb_built=&#8221;1&#8243; admin_label=&#8221;Feature Section&#8221; _builder_version=&#8221;4.6.3&#8243; custom_margin=&#8221;|||&#8221; custom_padding=&#8221;109px||2px|||&#8221; locked=&#8221;off&#8221; global_colors_info=&#8221;{}&#8221;][et_pb_row _builder_version=&#8221;4.6.3&#8243; _module_preset=&#8221;default&#8221; custom_padding=&#8221;0px|||||&#8221; global_colors_info=&#8221;{}&#8221;][et_pb_column type=&#8221;4_4&#8243; _builder_version=&#8221;4.6.3&#8243; _module_preset=&#8221;default&#8221; global_colors_info=&#8221;{}&#8221;][et_pb_text admin_label=&#8221;Subtitle&#8221; _builder_version=&#8221;4.11.1&#8243; text_font=&#8221;Montserrat||||&#8221; text_text_color=&#8221;#747d88&#8243; text_font_size=&#8221;16px&#8221; text_line_height=&#8221;1.8em&#8221; header_font=&#8221;||||||||&#8221; module_alignment=&#8221;left&#8221; custom_margin=&#8221;|||&#8221; custom_padding=&#8221;||||false|false&#8221; animation_style=&#8221;slide&#8221; animation_direction=&#8221;bottom&#8221; animation_delay=&#8221;100ms&#8221; animation_intensity_slide=&#8221;4%&#8221; locked=&#8221;off&#8221; global_colors_info=&#8221;{}&#8221;]<\/p>\n<h2>Acquistare servizi di traduzione o interpretariato<\/h2>\n<p>[\/et_pb_text][\/et_pb_column][\/et_pb_row][et_pb_row _builder_version=&#8221;4.6.3&#8243; _module_preset=&#8221;default&#8221; custom_padding=&#8221;0px|||||&#8221; global_colors_info=&#8221;{}&#8221;][et_pb_column type=&#8221;4_4&#8243; _builder_version=&#8221;4.6.3&#8243; _module_preset=&#8221;default&#8221; global_colors_info=&#8221;{}&#8221;][et_pb_text admin_label=&#8221;Subtitle&#8221; _builder_version=&#8221;4.11.1&#8243; text_font=&#8221;Montserrat||||&#8221; text_text_color=&#8221;#747d88&#8243; text_font_size=&#8221;16px&#8221; text_line_height=&#8221;1.8em&#8221; header_font=&#8221;||||||||&#8221; module_alignment=&#8221;left&#8221; custom_margin=&#8221;|||&#8221; custom_padding=&#8221;||0px||false|false&#8221; animation_style=&#8221;slide&#8221; animation_direction=&#8221;bottom&#8221; animation_delay=&#8221;100ms&#8221; animation_intensity_slide=&#8221;4%&#8221; locked=&#8221;off&#8221; global_colors_info=&#8221;{}&#8221;]<\/p>\n<p><img loading=\"lazy\" decoding=\"async\" src=\"http:\/\/mondoagit.com\/wp-content\/uploads\/2021\/10\/Verified_Visa.jpg\" alt=\"\" class=\"wp-image-2898 aligncenter size-full\" style=\"float: right;\" width=\"265\" height=\"122\" \/>Per usufruire di servizi di traduzione o interpretariato \u00e8 possibile utilizzare una delle seguenti possibilit\u00e0:<\/p>\n<p>1. <strong>Bonifico bancario.<\/strong><\/p>\n<p>2.<strong> Carta di credito o di debito.<\/strong><\/p>\n<p>Mediante il POS virtuale di Mondo Agit \u00e8 possibile effettuare pagamenti con carte Visa, Visa Electron, MasterCard, Maestro, Euro6000 e China Union Pay.<\/p>\n<p>Per pagare con carte di credito di debito sar\u00e0 sufficiente comunicarcelo in sede di emissione del preventivo, dopodich\u00e9 si ricever\u00e0 un link su cui cliccare per procedere con il pagamento.<\/p>\n<p>3. <strong>Contanti.<\/strong><\/p>\n<p>Per questa modalit\u00e0 di pagamento \u00e8 possibile recarsi presso uno dei <a href=\"http:\/\/mondoagit.com\/it\/agenzia-di-traduzioni-mondo-agit\/contatti\/\">nostri uffici<\/a>, negli <a href=\"http:\/\/mondoagit.com\/it\/agenzia-di-traduzioni-mondo-agit\/orario-di-apertura\/\">orari di apertura<\/a> (su appuntamento e nel rispetto della normativa vigente in materia di pagamenti in contanti).<\/p>\n<p>[\/et_pb_text][\/et_pb_column][\/et_pb_row][\/et_pb_section]<\/p>\n","protected":false},"excerpt":{"rendered":"<p>Avete bisogno di un preventivo gratuito e non vincolante? Acquistare servizi di traduzione o interpretariatoPer usufruire di servizi di traduzione o interpretariato \u00e8 possibile utilizzare una delle seguenti possibilit\u00e0: 1. Bonifico bancario. 2. Carta di credito o di debito. Mediante il POS virtuale di Mondo Agit \u00e8 possibile effettuare pagamenti con carte Visa, Visa Electron, [&hellip;]<\/p>\n","protected":false},"author":1,"featured_media":0,"parent":3571,"menu_order":0,"comment_status":"closed","ping_status":"closed","template":"","meta":{"_et_pb_use_builder":"on","_et_pb_old_content":"","_et_gb_content_width":"","om_disable_all_campaigns":false,"_monsterinsights_skip_tracking":false,"_monsterinsights_sitenote_active":false,"_monsterinsights_sitenote_note":"","_monsterinsights_sitenote_category":0,"footnotes":""},"class_list":["post-3577","page","type-page","status-publish","hentry"],"aioseo_notices":[],"_links":{"self":[{"href":"https:\/\/mondoagit.com\/it\/wp-json\/wp\/v2\/pages\/3577","targetHints":{"allow":["GET"]}}],"collection":[{"href":"https:\/\/mondoagit.com\/it\/wp-json\/wp\/v2\/pages"}],"about":[{"href":"https:\/\/mondoagit.com\/it\/wp-json\/wp\/v2\/types\/page"}],"author":[{"embeddable":true,"href":"https:\/\/mondoagit.com\/it\/wp-json\/wp\/v2\/users\/1"}],"replies":[{"embeddable":true,"href":"https:\/\/mondoagit.com\/it\/wp-json\/wp\/v2\/comments?post=3577"}],"version-history":[{"count":3,"href":"https:\/\/mondoagit.com\/it\/wp-json\/wp\/v2\/pages\/3577\/revisions"}],"predecessor-version":[{"id":6090,"href":"https:\/\/mondoagit.com\/it\/wp-json\/wp\/v2\/pages\/3577\/revisions\/6090"}],"up":[{"embeddable":true,"href":"https:\/\/mondoagit.com\/it\/wp-json\/wp\/v2\/pages\/3571"}],"wp:attachment":[{"href":"https:\/\/mondoagit.com\/it\/wp-json\/wp\/v2\/media?parent=3577"}],"curies":[{"name":"wp","href":"https:\/\/api.w.org\/{rel}","templated":true}]}}