{"id":3590,"date":"2021-12-05T20:39:44","date_gmt":"2021-12-05T19:39:44","guid":{"rendered":"http:\/\/temp.mondoagit.com\/agenzia-di-traduzioni-mondo-agit\/anniversario-principi-e-riflessioni\/"},"modified":"2022-01-10T09:08:21","modified_gmt":"2022-01-10T08:08:21","slug":"anniversario-principi-e-riflessioni","status":"publish","type":"page","link":"https:\/\/mondoagit.com\/it\/agenzia-di-traduzioni-mondo-agit\/anniversario-principi-e-riflessioni\/","title":{"rendered":"Anniversario: principi e riflessioni"},"content":{"rendered":"<p>[et_pb_section fb_built=&#8221;1&#8243; admin_label=&#8221;Feature Section&#8221; _builder_version=&#8221;4.6.3&#8243; custom_margin=&#8221;|||&#8221; custom_padding=&#8221;109px||2px|||&#8221; locked=&#8221;off&#8221; global_colors_info=&#8221;{}&#8221;][et_pb_row _builder_version=&#8221;4.6.3&#8243; _module_preset=&#8221;default&#8221; custom_padding=&#8221;0px|||||&#8221; global_colors_info=&#8221;{}&#8221;][et_pb_column type=&#8221;4_4&#8243; _builder_version=&#8221;4.6.3&#8243; _module_preset=&#8221;default&#8221; global_colors_info=&#8221;{}&#8221;][et_pb_text admin_label=&#8221;Subtitle&#8221; _builder_version=&#8221;4.11.1&#8243; text_font=&#8221;Montserrat||||&#8221; text_text_color=&#8221;#747d88&#8243; text_font_size=&#8221;16px&#8221; text_line_height=&#8221;1.8em&#8221; header_font=&#8221;||||||||&#8221; module_alignment=&#8221;left&#8221; custom_margin=&#8221;|||&#8221; custom_padding=&#8221;||||false|false&#8221; animation_style=&#8221;slide&#8221; animation_direction=&#8221;bottom&#8221; animation_delay=&#8221;100ms&#8221; animation_intensity_slide=&#8221;4%&#8221; locked=&#8221;off&#8221; global_colors_info=&#8221;{}&#8221;]<\/p>\n<h2>Anniversario: principi e riflessioni<\/h2>\n<p>[\/et_pb_text][\/et_pb_column][\/et_pb_row][et_pb_row _builder_version=&#8221;4.6.3&#8243; _module_preset=&#8221;default&#8221; custom_padding=&#8221;0px|||||&#8221; global_colors_info=&#8221;{}&#8221;][et_pb_column type=&#8221;4_4&#8243; _builder_version=&#8221;4.6.3&#8243; _module_preset=&#8221;default&#8221; global_colors_info=&#8221;{}&#8221;][et_pb_text admin_label=&#8221;Subtitle&#8221; _builder_version=&#8221;4.11.1&#8243; text_font=&#8221;Montserrat||||&#8221; text_text_color=&#8221;#747d88&#8243; text_font_size=&#8221;16px&#8221; text_line_height=&#8221;1.8em&#8221; header_font=&#8221;||||||||&#8221; module_alignment=&#8221;left&#8221; custom_margin=&#8221;|||&#8221; custom_padding=&#8221;||0px||false|false&#8221; animation_style=&#8221;slide&#8221; animation_direction=&#8221;bottom&#8221; animation_delay=&#8221;100ms&#8221; animation_intensity_slide=&#8221;4%&#8221; locked=&#8221;off&#8221; global_colors_info=&#8221;{}&#8221;]<strong>7 luglio 2010<\/strong><\/p>\n<p>Ben cinque anni fa nasceva Mondo Agit (in precedenza denominata Mondo Services). Sin da luglio 2005 abbiamo trascorso anni di grandi esperienze, in cui abbiamo imparato molte cose, conosciuto gente, affrontato problemi, trovato soluzioni e vissuto momenti buoni e meno buoni. Vogliamo comunque ringraziare tutti coloro che ci hanno accompagnato e che hanno reso possibile questa esperienza; speriamo che possano essere al nostro fianco per lungo tempo ancora.<\/p>\n<p>L\u2019agenzia Mondo Agit ha iniziato la propria attivit\u00e0 offrendo solo servizi di traduzione, che successivamente ha allargato all\u2019interpretariato, quindi alla localizzazione di pagine web e di software ed infine, un paio d\u2019anni fa, alla sottotitolazione e alla trascrizione.<\/p>\n<p>Ora che sta per iniziare il sesto anno di vita di Mondo Agit, abbiamo deciso che \u00e8 giunto il momento di rivedere i principi su cui \u00e8 stata fondata la nostra azienda. Dopo un\u2019attenta riflessione e revisione, tenuto conto di questi cinque anni di numerose buone esperienze, siamo giunti alla conclusione che non intendiamo eliminare n\u00e9 cambiare nessuno dei principi che ci hanno guidato fino ad oggi. Vogliamo invece portare alcune riflessioni e condividerle con tutti i nostri clienti, soci ed amici.<\/p>\n<p><strong>Le riflessioni<\/strong><\/p>\n<p>1. Ci\u00f2 che \u00e8 <strong>buono<\/strong> per il cliente \u00e8 buono per noi. La nostra preoccupazione consiste semplicemente nel dare al cliente ci\u00f2 di cui ha bisogno. Mano a mano che cresce il cliente, il fornitore cresce con lui; la nostra esperienza vanta numerosi esempi che lo attestano.<\/p>\n<p>2. <strong>Fiducia<\/strong> e, per ottenerla, il desiderio di mettere le cose in chiaro. Non vogliamo ingannare nessuno, seguiamo delle norme ben definite che ci consentono di formulare la miglior offerta sin dal principio, senza che il cliente debba contrattare per ottenerla, anche se ci\u00f2 non vuol dire che non siamo in grado di adattarci alle necessit\u00e0 del cliente.<\/p>\n<p>3. <strong>Equilibrio<\/strong> tra chi acquista e chi vende. Riteniamo che n\u00e9 il fornitore debba trovarsi al di sopra del cliente, n\u00e9 che questi sia in posizione di superiorit\u00e0 rispetto al fornitore. N\u00e9 l\u2019azienda deve sfruttare i propri collaboratori, n\u00e9 essi devono potersi approfittare dell\u2019agenzia.<\/p>\n<p>Siamo certi che, svolgendo un buon lavoro e rimanendo fedeli ai nostri principi, i nostri clienti continueranno a contare su di noi, e che offrendo un trattamento cordiale e condizioni eque e ben definite, i nostri collaboratori vorranno continuare a lavorare con noi.<\/p>\n<p>Pertanto non si tratta di cercare delle scorciatoie, che alla fine dei conti \u00e8 quanto avviene nel caso di un rapporto squilibrato, ma un rapporto sostenibile, duraturo e, in definitiva, positivo per tutti.<\/p>\n<p>4. <strong>Trasparenza<\/strong>. Non teniamo segreti i nostri prezzi, n\u00e9 nascondiamo sorprese nelle lettere piccole. Tutte le informazioni sono a disposizione di coloro che sono interessati a conoscerle.<br \/>\nI nostri clienti, collaboratori e persino concorrenti possono accedere senza problemi a tutte le informazioni di interesse pubblicate sulla nostra pagina web.<\/p>\n<p>5. Fare ci\u00f2 che \u00e8 <strong>corretto<\/strong> e non agire in mala fede. Ricerchiamo soluzioni che possano beneficiare la collettivit\u00e0, come ad esempio la nostra iniziativa di traduzioni Mondo Lingua. Non si tratta di regalare, quanto di scambiare, di essere sinceri e non ingannare il prossimo, in sostanza di cercare un equilibrio. Lottiamo per essere competitivi, ma cercando di non danneggiare gli altri e considerandoci parte costituente della societ\u00e0.<br \/>\nIl miglior accordo \u00e8 senza ombra di dubbio quello in cui entrambe le parti ricevono un vantaggio.<\/p>\n<p>Per questi motivi, tornando ai nostri <strong>principi fondamentali<\/strong>:<\/p>\n<p>Vogliamo offrire la miglior <strong>qualit\u00e0<\/strong> possibile grazie alla nostra professionalit\u00e0 e facendo in modo che il cliente ci conosca e possa cos\u00ec avere fiducia in noi.<\/p>\n<p>Vogliamo offrire il miglior <strong>servizio<\/strong> possibile e pertanto conoscere a fondo e aiutare i nostri clienti.<\/p>\n<p>Vogliamo essere pi\u00f9 <strong>veloci<\/strong> ed <strong>affidabili<\/strong>, in quanto siamo consci del fatto che il minimo ritardo pu\u00f2 comportare la perdita di un\u2019opportunit\u00e0 per il cliente.<\/p>\n<p>Vogliamo essere <strong>flessibili<\/strong>; in caso contrario non saremmo in grado di risolvere nuovi problemi e pertanto non avremmo raggiunto uno dei nostri obiettivi, l\u2019essere competenti e poter essere annoverati tra i migliori.<\/p>\n<p>In definitiva, Mondo Agit prende molte seriamente il proprio lavoro. Sappiamo che il cliente ha bisogno di noi, cos\u00ec come noi di lui.[\/et_pb_text][\/et_pb_column][\/et_pb_row][\/et_pb_section]<\/p>\n","protected":false},"excerpt":{"rendered":"<p>Anniversario: principi e riflessioni7 luglio 2010 Ben cinque anni fa nasceva Mondo Agit (in precedenza denominata Mondo Services). Sin da luglio 2005 abbiamo trascorso anni di grandi esperienze, in cui abbiamo imparato molte cose, conosciuto gente, affrontato problemi, trovato soluzioni e vissuto momenti buoni e meno buoni. Vogliamo comunque ringraziare tutti coloro che ci hanno [&hellip;]<\/p>\n","protected":false},"author":1,"featured_media":0,"parent":3586,"menu_order":0,"comment_status":"closed","ping_status":"closed","template":"","meta":{"_et_pb_use_builder":"on","_et_pb_old_content":"","_et_gb_content_width":"","om_disable_all_campaigns":false,"_monsterinsights_skip_tracking":false,"_monsterinsights_sitenote_active":false,"_monsterinsights_sitenote_note":"","_monsterinsights_sitenote_category":0,"footnotes":""},"class_list":["post-3590","page","type-page","status-publish","hentry"],"aioseo_notices":[],"_links":{"self":[{"href":"https:\/\/mondoagit.com\/it\/wp-json\/wp\/v2\/pages\/3590","targetHints":{"allow":["GET"]}}],"collection":[{"href":"https:\/\/mondoagit.com\/it\/wp-json\/wp\/v2\/pages"}],"about":[{"href":"https:\/\/mondoagit.com\/it\/wp-json\/wp\/v2\/types\/page"}],"author":[{"embeddable":true,"href":"https:\/\/mondoagit.com\/it\/wp-json\/wp\/v2\/users\/1"}],"replies":[{"embeddable":true,"href":"https:\/\/mondoagit.com\/it\/wp-json\/wp\/v2\/comments?post=3590"}],"version-history":[{"count":4,"href":"https:\/\/mondoagit.com\/it\/wp-json\/wp\/v2\/pages\/3590\/revisions"}],"predecessor-version":[{"id":5375,"href":"https:\/\/mondoagit.com\/it\/wp-json\/wp\/v2\/pages\/3590\/revisions\/5375"}],"up":[{"embeddable":true,"href":"https:\/\/mondoagit.com\/it\/wp-json\/wp\/v2\/pages\/3586"}],"wp:attachment":[{"href":"https:\/\/mondoagit.com\/it\/wp-json\/wp\/v2\/media?parent=3590"}],"curies":[{"name":"wp","href":"https:\/\/api.w.org\/{rel}","templated":true}]}}