{"id":5459,"date":"2022-01-12T09:20:29","date_gmt":"2022-01-12T08:20:29","guid":{"rendered":"http:\/\/temp.mondoagit.com\/traduttore\/traduttore-giurato\/"},"modified":"2022-01-24T10:07:49","modified_gmt":"2022-01-24T09:07:49","slug":"traduttore-giurato","status":"publish","type":"page","link":"https:\/\/mondoagit.com\/it\/traduttore\/traduttore-giurato\/","title":{"rendered":"Traduttore giurato"},"content":{"rendered":"<p>[et_pb_section fb_built=&#8221;1&#8243; admin_label=&#8221;Fun Fact Section&#8221; _builder_version=&#8221;4.6.3&#8243; background_color=&#8221;#ffb141&#8243; min_height=&#8221;200px&#8221; custom_margin=&#8221;|||&#8221; custom_padding=&#8221;||||false|false&#8221; global_colors_info=&#8221;{}&#8221;][et_pb_row _builder_version=&#8221;4.6.3&#8243; _module_preset=&#8221;default&#8221; global_colors_info=&#8221;{}&#8221;][et_pb_column type=&#8221;4_4&#8243; _builder_version=&#8221;4.6.3&#8243; _module_preset=&#8221;default&#8221; global_colors_info=&#8221;{}&#8221;][et_pb_text _builder_version=&#8221;4.6.3&#8243; _module_preset=&#8221;default&#8221; text_text_color=&#8221;#ffffff&#8221; header_text_color=&#8221;#ffffff&#8221; header_2_text_color=&#8221;#ffffff&#8221; header_3_text_color=&#8221;#ffffff&#8221; text_orientation=&#8221;center&#8221; global_colors_info=&#8221;{}&#8221;]<\/p>\n<h2 class=\"call-to-action-1-text\"><strong>Avete bisogno di un preventivo gratuito e non vincolante?<\/strong><\/h2>\n<p>&nbsp;[\/et_pb_text][et_pb_button button_url=&#8221;http:\/\/mondoagit.com\/it\/agenzia-di-traduzioni-mondo-agit\/contatti\/&#8221; button_text=&#8221;Richiedere preventivo&#8221; button_alignment=&#8221;center&#8221; _builder_version=&#8221;4.14.0&#8243; _module_preset=&#8221;default&#8221; custom_button=&#8221;on&#8221; button_text_color=&#8221;#ffffff&#8221; hover_enabled=&#8221;0&#8243; global_colors_info=&#8221;{}&#8221; sticky_enabled=&#8221;0&#8243;][\/et_pb_button][\/et_pb_column][\/et_pb_row][\/et_pb_section][et_pb_section fb_built=&#8221;1&#8243; admin_label=&#8221;Feature Section&#8221; _builder_version=&#8221;4.6.3&#8243; custom_margin=&#8221;|||&#8221; custom_padding=&#8221;109px||2px|||&#8221; locked=&#8221;off&#8221; global_colors_info=&#8221;{}&#8221;][et_pb_row _builder_version=&#8221;4.6.3&#8243; _module_preset=&#8221;default&#8221; custom_padding=&#8221;0px|||||&#8221; global_colors_info=&#8221;{}&#8221;][et_pb_column type=&#8221;4_4&#8243; _builder_version=&#8221;4.6.3&#8243; _module_preset=&#8221;default&#8221; global_colors_info=&#8221;{}&#8221;][et_pb_text admin_label=&#8221;Subtitle&#8221; _builder_version=&#8221;4.6.3&#8243; text_font=&#8221;Montserrat||||&#8221; text_text_color=&#8221;#747d88&#8243; text_font_size=&#8221;16px&#8221; text_line_height=&#8221;1.8em&#8221; header_font=&#8221;||||||||&#8221; module_alignment=&#8221;left&#8221; custom_margin=&#8221;|||&#8221; custom_padding=&#8221;||||false|false&#8221; animation_style=&#8221;slide&#8221; animation_direction=&#8221;bottom&#8221; animation_delay=&#8221;100ms&#8221; animation_intensity_slide=&#8221;4%&#8221; locked=&#8221;off&#8221; global_colors_info=&#8221;{}&#8221;]<\/p>\n<h2>Traduzioni giurate<\/h2>\n<p>[\/et_pb_text][\/et_pb_column][\/et_pb_row][et_pb_row _builder_version=&#8221;4.6.3&#8243; _module_preset=&#8221;default&#8221; global_colors_info=&#8221;{}&#8221; column_structure=&#8221;1_3,1_3,1_3&#8243;][et_pb_column type=&#8221;1_3&#8243; _builder_version=&#8221;4.6.3&#8243; _module_preset=&#8221;default&#8221; global_colors_info=&#8221;{}&#8221;][et_pb_text admin_label=&#8221;Subtitle&#8221; _builder_version=&#8221;4.11.1&#8243; text_font=&#8221;Montserrat||||&#8221; text_text_color=&#8221;#747d88&#8243; text_font_size=&#8221;16px&#8221; text_line_height=&#8221;1.8em&#8221; header_font=&#8221;||||||||&#8221; max_width=&#8221;700px&#8221; module_alignment=&#8221;left&#8221; custom_margin=&#8221;|||&#8221; custom_padding=&#8221;||20px|&#8221; animation_style=&#8221;slide&#8221; animation_direction=&#8221;bottom&#8221; animation_delay=&#8221;100ms&#8221; animation_intensity_slide=&#8221;4%&#8221; locked=&#8221;off&#8221; global_colors_info=&#8221;{}&#8221;]<\/p>\n<p>Mondo Agit offre <strong>traduzioni giurate<\/strong> in tutte le lingue ufficiali d&#8217;Europa, oltre che in una vasta scelta di lingue non europee. In abbinamento alla traduzione asseverata offriamo anche il servizio di <a href=\"http:\/\/mondoagit.com\/it\/servizi-linguistici\/legalizzazione-di-documenti\/\">legalizzacione di documenti<\/a>.<\/p>\n<p>Una <strong>traduzione giurata<\/strong> o <strong>asseverata<\/strong> \u00e8 una traduzione realizzata da un traduttore appositamente abilitato, che certifica la corrispondenza del documento tradotto con l\u2019originale.<\/p>\n<p>Questo tipo di traduzione \u00e8 richiesto in tutti gli adempimenti ufficiali e legali, ad esempio nei casi in cui sia necessario presentare dei documenti <strong>alle autorit\u00e0<\/strong> di Paesi in cui la lingua nella quale sono stati redatti non \u00e8 riconosciuta a livello ufficiale, ma pu\u00f2 essere necessario anche nei confronti di <strong>aziende<\/strong> e <strong>istituzioni<\/strong>.<\/p>\n<p>[\/et_pb_text][\/et_pb_column][et_pb_column type=&#8221;1_3&#8243; _builder_version=&#8221;4.6.3&#8243; _module_preset=&#8221;default&#8221; global_colors_info=&#8221;{}&#8221;][et_pb_text admin_label=&#8221;Subtitle&#8221; _builder_version=&#8221;4.11.1&#8243; text_font=&#8221;Montserrat||||&#8221; text_text_color=&#8221;#747d88&#8243; text_font_size=&#8221;16px&#8221; text_line_height=&#8221;1.8em&#8221; header_font=&#8221;||||||||&#8221; max_width=&#8221;700px&#8221; module_alignment=&#8221;left&#8221; custom_margin=&#8221;|||&#8221; custom_padding=&#8221;||20px|&#8221; animation_style=&#8221;slide&#8221; animation_direction=&#8221;bottom&#8221; animation_delay=&#8221;100ms&#8221; animation_intensity_slide=&#8221;4%&#8221; locked=&#8221;off&#8221; global_colors_info=&#8221;{}&#8221;]\u00c8 importante sapere che una traduzione <strong>giurata<\/strong> non corrisponde ad una traduzione <strong>legalizzata<\/strong>; l\u2019asseverazione \u00e8 infatti la fase che precede la legalizzazione, che in genere si svolge presso il Ministero degli Affari Esteri o l\u2019ambasciata o consolato del Paese di destinazione dei documenti.<\/p>\n<p>Generalmente si effettuano traduzioni giurate di:<\/p>\n<p>-documenti <strong>amministrativi<\/strong>: pubblici (certificati di residenza, penali, matrimoniali, denunce, ecc.), privati (contratti di lavoro, referenze, contratti, ecc.) ed accademici (esami sostenuti, titoli di studio, ecc.)<\/p>\n<p>-documenti <strong>notarili<\/strong><\/p>\n<p>-documenti <strong>giudiziari<\/strong> (sentenze, risoluzioni, verdetti ecc.)[\/et_pb_text][\/et_pb_column][et_pb_column type=&#8221;1_3&#8243; _builder_version=&#8221;4.6.3&#8243; _module_preset=&#8221;default&#8221; global_colors_info=&#8221;{}&#8221;][et_pb_text admin_label=&#8221;Subtitle&#8221; _builder_version=&#8221;4.11.1&#8243; text_font=&#8221;Montserrat||||&#8221; text_text_color=&#8221;#747d88&#8243; text_font_size=&#8221;16px&#8221; text_line_height=&#8221;1.8em&#8221; header_font=&#8221;||||||||&#8221; max_width=&#8221;700px&#8221; module_alignment=&#8221;left&#8221; custom_margin=&#8221;|||&#8221; custom_padding=&#8221;||20px|&#8221; animation_style=&#8221;slide&#8221; animation_direction=&#8221;bottom&#8221; animation_delay=&#8221;100ms&#8221; animation_intensity_slide=&#8221;4%&#8221; locked=&#8221;off&#8221; global_colors_info=&#8221;{}&#8221;]Il lavoro del traduttore giurato consiste, pertanto, nel certificare e garantire che la traduzione svolta rispecchia fedelmente all&#8217;originale.<\/p>\n<p>Praticamente tutti i Paesi prevedono traduttori giurati o ufficiali, i quali possono essere abilitati in uno o pi\u00f9 Paesi e in una o pi\u00f9 lingue. Generalmente per diventare traduttore giurato si deve sostenere un esame nel Paese e nella lingua in cui si viene abilitati.[\/et_pb_text][\/et_pb_column][\/et_pb_row][\/et_pb_section][et_pb_section fb_built=&#8221;1&#8243; admin_label=&#8221;Feature Section&#8221; _builder_version=&#8221;4.11.1&#8243; custom_margin=&#8221;|||&#8221; custom_padding=&#8221;40px||6px||false|false&#8221; locked=&#8221;off&#8221; global_colors_info=&#8221;{}&#8221;][et_pb_row _builder_version=&#8221;4.11.1&#8243; _module_preset=&#8221;default&#8221; width=&#8221;100%&#8221; custom_padding=&#8221;0px|||||&#8221; global_colors_info=&#8221;{}&#8221;][et_pb_column type=&#8221;4_4&#8243; _builder_version=&#8221;4.6.3&#8243; _module_preset=&#8221;default&#8221; global_colors_info=&#8221;{}&#8221;][et_pb_text admin_label=&#8221;Subtitle&#8221; _builder_version=&#8221;4.11.1&#8243; text_font=&#8221;Montserrat||||&#8221; text_text_color=&#8221;#747d88&#8243; text_font_size=&#8221;16px&#8221; text_line_height=&#8221;1.8em&#8221; header_font=&#8221;||||||||&#8221; width=&#8221;100%&#8221; module_alignment=&#8221;left&#8221; custom_margin=&#8221;|||&#8221; custom_padding=&#8221;||||false|false&#8221; animation_style=&#8221;slide&#8221; animation_direction=&#8221;bottom&#8221; animation_delay=&#8221;100ms&#8221; animation_intensity_slide=&#8221;4%&#8221; locked=&#8221;off&#8221; global_colors_info=&#8221;{}&#8221;]Qui potete selezionare il servizio di traduzione giurata di interesse:[\/et_pb_text][\/et_pb_column][\/et_pb_row][et_pb_row column_structure=&#8221;1_3,1_3,1_3&#8243; _builder_version=&#8221;4.6.3&#8243; _module_preset=&#8221;default&#8221; global_colors_info=&#8221;{}&#8221;][et_pb_column type=&#8221;1_3&#8243; _builder_version=&#8221;4.6.3&#8243; _module_preset=&#8221;default&#8221; global_colors_info=&#8221;{}&#8221;][et_pb_text admin_label=&#8221;Subtitle&#8221; _builder_version=&#8221;4.11.1&#8243; text_font=&#8221;Montserrat||||&#8221; text_text_color=&#8221;#747d88&#8243; text_font_size=&#8221;16px&#8221; text_line_height=&#8221;1.8em&#8221; header_font=&#8221;||||||||&#8221; max_width=&#8221;700px&#8221; module_alignment=&#8221;left&#8221; custom_margin=&#8221;|||&#8221; custom_padding=&#8221;||20px|&#8221; animation_style=&#8221;slide&#8221; animation_direction=&#8221;bottom&#8221; animation_delay=&#8221;100ms&#8221; animation_intensity_slide=&#8221;4%&#8221; hover_enabled=&#8221;0&#8243; locked=&#8221;off&#8221; global_colors_info=&#8221;{}&#8221; sticky_enabled=&#8221;0&#8243;]<\/p>\n<ul>\n<li><a href=\"http:\/\/mondoagit.com\/it\/traduttore\/traduttore-giurato\/traduzione-giurata-arabo\/\">Traduzione giurata arabo<\/a><\/li>\n<li><a href=\"http:\/\/mondoagit.com\/it\/traduttore\/traduttore-giurato\/traduzione-giurata-bulgaro\/\">Tradzione giurata bulgaro<\/a><\/li>\n<li><a href=\"http:\/\/mondoagit.com\/it\/traduttore\/traduttore-giurato\/traduzione-giurata-ceco\/\">Traduzione giurata ceco<\/a><\/li>\n<li><a href=\"http:\/\/mondoagit.com\/it\/traduttore\/traduttore-giurato\/traduzione-giurata-cinese\/\">Traduzione giurata cinese<\/a><\/li>\n<li><a href=\"http:\/\/mondoagit.com\/it\/traduttore\/traduttore-giurato\/traduzione-giurata-francese\/\">Traduzione giurata francese<\/a><\/li>\n<li><a href=\"http:\/\/mondoagit.com\/it\/traduttore\/traduttore-giurato\/traduzione-giurata-giapponese\/\">Traduzione giurata giapponese<\/a><\/li>\n<\/ul>\n<p>[\/et_pb_text][\/et_pb_column][et_pb_column type=&#8221;1_3&#8243; _builder_version=&#8221;4.6.3&#8243; _module_preset=&#8221;default&#8221; global_colors_info=&#8221;{}&#8221;][et_pb_text admin_label=&#8221;Subtitle&#8221; _builder_version=&#8221;4.6.3&#8243; text_font=&#8221;Montserrat||||&#8221; text_text_color=&#8221;#747d88&#8243; text_font_size=&#8221;16px&#8221; text_line_height=&#8221;1.8em&#8221; header_font=&#8221;||||||||&#8221; max_width=&#8221;700px&#8221; module_alignment=&#8221;left&#8221; custom_margin=&#8221;|||&#8221; custom_padding=&#8221;||20px|&#8221; animation_style=&#8221;slide&#8221; animation_direction=&#8221;bottom&#8221; animation_delay=&#8221;100ms&#8221; animation_intensity_slide=&#8221;4%&#8221; locked=&#8221;off&#8221; global_colors_info=&#8221;{}&#8221;]<\/p>\n<ul>\n<li><a href=\"http:\/\/mondoagit.com\/it\/traduttore\/traduttore-giurato\/traduzione-giurata-greco\/\">Traduzione giurata greco<\/a><\/li>\n<li><a href=\"http:\/\/mondoagit.com\/it\/traduttore\/traduttore-giurato\/traduzione-giurata-inglese\/\">Traduzione giurata inglese<\/a><\/li>\n<li><a href=\"http:\/\/mondoagit.com\/it\/traduttore\/traduttore-giurato\/traduzione-giurata-italiano\/\">Traduzione giurata italiano<\/a><\/li>\n<li><a href=\"http:\/\/mondoagit.com\/it\/traduttore\/traduttore-giurato\/traduzione-giurata-olandese\/\">Traduzione giurata olandese<\/a><\/li>\n<li><a href=\"http:\/\/mondoagit.com\/it\/traduttore\/traduttore-giurato\/traduzione-giurata-polacco\/\">Traduzione giurata polacco<\/a><\/li>\n<li><a href=\"http:\/\/mondoagit.com\/it\/traduttore\/traduttore-giurato\/traduzione-giurata-portoghese\/\">Traduzione giurata portoghese<\/a><\/li>\n<\/ul>\n<p>[\/et_pb_text][\/et_pb_column][et_pb_column type=&#8221;1_3&#8243; _builder_version=&#8221;4.6.3&#8243; _module_preset=&#8221;default&#8221; global_colors_info=&#8221;{}&#8221;][et_pb_text admin_label=&#8221;Subtitle&#8221; _builder_version=&#8221;4.6.3&#8243; text_font=&#8221;Montserrat||||&#8221; text_text_color=&#8221;#747d88&#8243; text_font_size=&#8221;16px&#8221; text_line_height=&#8221;1.8em&#8221; header_font=&#8221;||||||||&#8221; max_width=&#8221;700px&#8221; module_alignment=&#8221;left&#8221; custom_margin=&#8221;|||&#8221; custom_padding=&#8221;||20px|&#8221; animation_style=&#8221;slide&#8221; animation_direction=&#8221;bottom&#8221; animation_delay=&#8221;100ms&#8221; animation_intensity_slide=&#8221;4%&#8221; locked=&#8221;off&#8221; global_colors_info=&#8221;{}&#8221;]<\/p>\n<ul>\n<li><a href=\"http:\/\/mondoagit.com\/it\/traduttore\/traduttore-giurato\/traduzione-giurata-rumeno\/\">Traduzione giurata rumeno<\/a><\/li>\n<li><a href=\"http:\/\/mondoagit.com\/it\/traduttore\/traduttore-giurato\/traduzione-giurata-russo\/\">Traduzione giurata russo<\/a><\/li>\n<li><a href=\"http:\/\/mondoagit.com\/it\/traduttore\/traduttore-giurato\/traduzione-giurata-spagnolo\/\">Traduzione giurata spagnolo<\/a><\/li>\n<li><a href=\"http:\/\/mondoagit.com\/it\/traduttore\/traduttore-giurato\/traduzione-giurata-tedesco\/\">Traduzione giurata tedesco<\/a><\/li>\n<li><a href=\"http:\/\/mondoagit.com\/it\/traduttore\/traduttore-giurato\/traduzione-giurata-ungherese\/\">Traduzione giurata ungherese<\/a><\/li>\n<\/ul>\n<p>[\/et_pb_text][\/et_pb_column][\/et_pb_row][\/et_pb_section][et_pb_section fb_built=&#8221;1&#8243; admin_label=&#8221;Feature Section&#8221; _builder_version=&#8221;4.6.3&#8243; min_height=&#8221;298px&#8221; custom_margin=&#8221;|||&#8221; custom_padding=&#8221;||54px||false|false&#8221; locked=&#8221;off&#8221; global_colors_info=&#8221;{}&#8221;][et_pb_row _builder_version=&#8221;4.6.3&#8243; _module_preset=&#8221;default&#8221; custom_padding=&#8221;0px|||||&#8221; global_colors_info=&#8221;{}&#8221;][et_pb_column type=&#8221;4_4&#8243; _builder_version=&#8221;4.6.3&#8243; _module_preset=&#8221;default&#8221; global_colors_info=&#8221;{}&#8221;][et_pb_text admin_label=&#8221;Subtitle&#8221; _builder_version=&#8221;4.11.1&#8243; text_font=&#8221;Montserrat||||&#8221; text_text_color=&#8221;#747d88&#8243; text_font_size=&#8221;16px&#8221; text_line_height=&#8221;1.8em&#8221; header_font=&#8221;||||||||&#8221; module_alignment=&#8221;left&#8221; custom_margin=&#8221;|||&#8221; custom_padding=&#8221;||||false|false&#8221; animation_style=&#8221;slide&#8221; animation_direction=&#8221;bottom&#8221; animation_delay=&#8221;100ms&#8221; animation_intensity_slide=&#8221;4%&#8221; locked=&#8221;off&#8221; global_colors_info=&#8221;{}&#8221;]<\/p>\n<h2>Riconoscimento ed omologazione delle traduzioni giurate<\/h2>\n<p>[\/et_pb_text][\/et_pb_column][\/et_pb_row][et_pb_row _builder_version=&#8221;4.6.3&#8243; _module_preset=&#8221;default&#8221; custom_padding=&#8221;0px|||||&#8221; global_colors_info=&#8221;{}&#8221;][et_pb_column type=&#8221;4_4&#8243; _builder_version=&#8221;4.6.3&#8243; _module_preset=&#8221;default&#8221; global_colors_info=&#8221;{}&#8221;][et_pb_text admin_label=&#8221;Subtitle&#8221; _builder_version=&#8221;4.11.1&#8243; text_font=&#8221;Montserrat||||&#8221; text_text_color=&#8221;#747d88&#8243; text_font_size=&#8221;16px&#8221; text_line_height=&#8221;1.8em&#8221; header_font=&#8221;||||||||&#8221; module_alignment=&#8221;left&#8221; custom_margin=&#8221;|||&#8221; custom_padding=&#8221;||0px||false|false&#8221; animation_style=&#8221;slide&#8221; animation_direction=&#8221;bottom&#8221; animation_delay=&#8221;100ms&#8221; animation_intensity_slide=&#8221;4%&#8221; locked=&#8221;off&#8221; global_colors_info=&#8221;{}&#8221;]<\/p>\n<p>Purtroppo i traduttori giurati non sempre sono riconosciuti allo stesso modo in tutti i Paesi. Pertanto la traduzione svolta da un traduttore giuridico di portoghese abilitato in Spagna non potr\u00e0 essere accettata da parte di un ente ufficiale brasiliano e, viceversa, la traduzione realizzata da un traduttore giurato (e ufficiale) di spagnolo abilitato in Brasile non verr\u00e0 accettata da un ente ufficiale spagnolo.<\/p>\n<p>Generalmente, l\u2019accettazione o meno di una traduzione giuridica in un Paese diverso da quello in cui \u00e8 abilitato il professionista che l\u2019ha eseguita dipende dall\u2019eventuale esistenza di una convenzione tra il Paese in cui egli \u00e8 abilitato come traduttore giurato e quello in cui verranno utilizzati i documenti tradotti.<\/p>\n<p>Per questo servizio <strong>Mondo Agit<\/strong> si avvale di <strong>traduttori abilitati<\/strong> allo svolgimento di traduzioni qualificate nel Paese dove ha <a href=\"http:\/\/mondoagit.com\/it\/agenzia-di-traduzioni-mondo-agit\/uffici-in-europa\/\">sede l&#8217;ufficio di Mondo Agit<\/a> a cui si \u00e8 rivolto il cliente. Su richiesta del cliente Mondo Agit provveder\u00e0 a verificare la fattibilit\u00e0 ed i costi di una traduzione giuridica presso uno Stato estero. Mondo Agit non garantisce in alcun modo l&#8217;accettazione del documento da parte dell&#8217;ente di destinazione dello stesso; sar\u00e0 responsabilit\u00e0 del cliente determinare le procedure necessarie a tal fine, ad esempio relativamente a particolari procedure di autenticazione o legalizzazione da parte dei consolati dei documenti originali o delle traduzioni asseverate.<\/p>\n<p>Attualmente realizziamo traduzioni giuridiche in molte lingue e per diversi Paesi, tra cui: <strong>Germania, Austria, Belgio, Spagna, Francia, Portogallo, Olanda, Italia, Regno Unito e Svizzera<\/strong>.<br \/>Abbiamo anche contatti con altri Paesi, in particolar modo Brasile e alcuni Paesi arabi.<\/p>\n<p>Non esiti a contattarci nel caso in cui avesse bisogno di una traduzione giuridica per un altro Paese.<\/p>\n<p>Per maggiori informazioni <a href=\"http:\/\/mondoagit.com\/it\/agenzia-di-traduzioni-mondo-agit\/contatti\/\">contattateci<\/a>.<\/p>\n<p>[\/et_pb_text][\/et_pb_column][\/et_pb_row][\/et_pb_section]<\/p>\n","protected":false},"excerpt":{"rendered":"<p>Avete bisogno di un preventivo gratuito e non vincolante? &nbsp;Traduzioni giurateMondo Agit offre traduzioni giurate in tutte le lingue ufficiali d&#8217;Europa, oltre che in una vasta scelta di lingue non europee. In abbinamento alla traduzione asseverata offriamo anche il servizio di legalizzacione di documenti. Una traduzione giurata o asseverata \u00e8 una traduzione realizzata da un [&hellip;]<\/p>\n","protected":false},"author":1,"featured_media":0,"parent":3365,"menu_order":0,"comment_status":"closed","ping_status":"closed","template":"","meta":{"_et_pb_use_builder":"on","_et_pb_old_content":"","_et_gb_content_width":"","om_disable_all_campaigns":false,"_monsterinsights_skip_tracking":false,"_monsterinsights_sitenote_active":false,"_monsterinsights_sitenote_note":"","_monsterinsights_sitenote_category":0,"footnotes":""},"class_list":["post-5459","page","type-page","status-publish","hentry"],"aioseo_notices":[],"_links":{"self":[{"href":"https:\/\/mondoagit.com\/it\/wp-json\/wp\/v2\/pages\/5459","targetHints":{"allow":["GET"]}}],"collection":[{"href":"https:\/\/mondoagit.com\/it\/wp-json\/wp\/v2\/pages"}],"about":[{"href":"https:\/\/mondoagit.com\/it\/wp-json\/wp\/v2\/types\/page"}],"author":[{"embeddable":true,"href":"https:\/\/mondoagit.com\/it\/wp-json\/wp\/v2\/users\/1"}],"replies":[{"embeddable":true,"href":"https:\/\/mondoagit.com\/it\/wp-json\/wp\/v2\/comments?post=5459"}],"version-history":[{"count":5,"href":"https:\/\/mondoagit.com\/it\/wp-json\/wp\/v2\/pages\/5459\/revisions"}],"predecessor-version":[{"id":6417,"href":"https:\/\/mondoagit.com\/it\/wp-json\/wp\/v2\/pages\/5459\/revisions\/6417"}],"up":[{"embeddable":true,"href":"https:\/\/mondoagit.com\/it\/wp-json\/wp\/v2\/pages\/3365"}],"wp:attachment":[{"href":"https:\/\/mondoagit.com\/it\/wp-json\/wp\/v2\/media?parent=5459"}],"curies":[{"name":"wp","href":"https:\/\/api.w.org\/{rel}","templated":true}]}}